{"id":1465221,"date":"2023-03-18T16:52:07","date_gmt":"2023-03-18T15:52:07","guid":{"rendered":"https:\/\/staging-wp-int.laboklin.com\/products\/allergy\/allergen-specific-immunotherapy\/asit-pharmacy-denmark\/"},"modified":"2026-02-12T13:01:20","modified_gmt":"2026-02-12T12:01:20","slug":"asit-pharmacy-sweden","status":"publish","type":"page","link":"https:\/\/laboklin.com\/se\/asit-pharmacy-sweden\/","title":{"rendered":"ASIT \/ Pharmacy Sweden"},"content":{"rendered":"<div class=\"wpb-content-wrapper\"><p>[vc_row][vc_column width=&#8221;1\/4&#8243;]<style type=\"text\/css\" data-type=\"the7_shortcodes-inline-css\">#default-btn-f86ece34a46752d592b1b52ce92081af.ico-right-side > i {\n  margin-right: 0px;\n  margin-left: 8px;\n}\n#default-btn-f86ece34a46752d592b1b52ce92081af > i {\n  margin-right: 8px;\n}<\/style><a href=\"https:\/\/laboklin.com\/wp-content\/uploads\/2026\/02\/Order_form_ASIT_Nextmune_DK_FI_NO_SE.pdf\" class=\"default-btn-shortcode dt-btn dt-btn-m link-hover-off full-width-btn btn-inline-left  vc_custom_1770897675650\" target=\"_blank\" id=\"default-btn-f86ece34a46752d592b1b52ce92081af\" rel=\"noopener\"><span>Order form<br \/>\n(For DK, NO, SE and FI only)<\/span><\/a>[\/vc_column][vc_column width=&#8221;3\/4&#8243;][vc_column_text css=&#8221;&#8221;]<\/p>\n<h3>S\u00e5 h\u00e4r best\u00e4ller ni er ASIT (allergen-specifik immunterapi) via LABOKLIN<\/h3>\n<ul>\n<li>Veterin\u00e4ren ans\u00f6ker om licens hos L\u00e4kemedelsverket. Beh\u00f6ver ni hj\u00e4lp eller information kontakta oss g\u00e4rna p\u00e5 <strong><a href=\"mailto:sverige@laboklin.com\">sverige@laboklin.com<\/a><\/strong><\/li>\n<li>Best\u00e4llningsformul\u00e4ret fylls i noggrant st\u00e4mplas och undertecknas av veterin\u00e4r<\/li>\n<li>Formul\u00e4ret skickas d\u00e4rp\u00e5 via e-mail till <strong><a href=\"mailto:allergie@laboklin.com\">allergie@laboklin.com<\/a><\/strong><\/li>\n<\/ul>\n<p>Det tar ca 3 veckor innan den best\u00e4llda ASIT levereras via Nextmune till det valda apoteket.<br \/>\nDen levererade ASIT faktureras fr\u00e5n apoteket<\/p>\n<p>Leverans \u00e4r m\u00f6jlig till f\u00f6ljande apotek:<\/p>\n<ul>\n<li style=\"list-style-type: none;\">\n<ul>\n<li>Djurfarmacia<\/li>\n<li>Apoex<\/li>\n<li>Vetapotek<\/li>\n<li>Djurapoteket<\/li>\n<li>Djurmedicin<\/li>\n<li>Cityapoteket<\/li>\n<li>Swevet<\/li>\n<li>Kronans<\/li>\n<\/ul>\n<\/li>\n<\/ul>\n<p>Kontakta g\u00e4rna <strong><a href=\"mailto:derma@laboklin.com\">derma@laboklin.com<\/a><\/strong> om ni har fr\u00e5gor till v\u00e5ra dermatologer eller <strong><a href=\"mailto:sverige@laboklin.com\">sverige@laboklin.com<\/a> <\/strong>om ni har fr\u00e5gor kring best\u00e4llningen<\/p>\n<p>&nbsp;<\/p>\n<p>V\u00e4nliga h\u00e4lsningar<\/p>\n<p>Ert LABOKLIN- team[\/vc_column_text][\/vc_column][\/vc_row][vc_row type=&#8221;vc_default&#8221; disable_element=&#8221;yes&#8221;][vc_column width=&#8221;1\/4&#8243;][\/vc_column][vc_column width=&#8221;3\/4&#8243;][vc_column_text]<\/p>\n<h3>S\u00e5 h\u00e4r best\u00e4ller ni er ASIT (allergen-specifik immunterapi)<\/h3>\n<ol>\n<li>Veterin\u00e4ren ans\u00f6ker om licens hos L\u00e4kemedelsverket. Ans\u00f6k f\u00f6r ett \u00e5r, ans\u00f6k om enskild licens.<\/li>\n<\/ol>\n<p>Beh\u00f6ver ni hj\u00e4lp eller information kontakta oss g\u00e4rna p\u00e5 sverige@laboklin.com<\/p>\n<ol start=\"2\">\n<li>Veterin\u00e4ren kontaktar i samband med licensans\u00f6kan, Djurfarmacia-apoteket Trollet med ASIT-best\u00e4llningen p\u00e5 e-mail apotekettrollet[at]djurfarmacia.se och anger\n<ul>\n<li>Veterin\u00e4rens namn<\/li>\n<li>Kliniknamn och adress<\/li>\n<li>Patientens djurslag och namn<\/li>\n<li>Djur\u00e4garans namn<\/li>\n<li>LABOKLINs laboratorienummer f\u00f6r det utf\u00f6rda allergitestet (report number)<\/li>\n<li>\u201dStarter Set\u201d eller \u201dRe-order Set\u201d, samt om enkelset eller dubbelset<\/li>\n<li>Meddela apoteket om best\u00e4llningen ska skickas till kliniken eller direkt till djur\u00e4garen.Ska best\u00e4llningen skickas till djur\u00e4garen beh\u00f6vs ett recept och dennes adress och mobilnummer.<\/li>\n<\/ul>\n<\/li>\n<\/ol>\n<p>D\u00e4refter tar det ca 3-4 veckor efter att apoteket best\u00e4llt ASIT. Den levererade ASIT faktureras fr\u00e5n apoteket (LABOKLINs pris och frakt samt apotekets avgift)<\/p>\n<p>Kontakta g\u00e4rna derma@laboklin.com om ni har fr\u00e5gor till v\u00e5ra dermatologer eller\u00a0sverige[at]laboklin.com\u00a0om ni har fr\u00e5gor kring best\u00e4llningen<\/p>\n<p>&nbsp;<\/p>\n<p>V\u00e4nliga h\u00e4lsningar<\/p>\n<p>Ert LABOKLIN- team[\/vc_column_text][\/vc_column][\/vc_row]<\/p>\n<\/div>","protected":false},"excerpt":{"rendered":"<p>[vc_row][vc_column width=&#8221;1\/4&#8243;][\/vc_column][vc_column width=&#8221;3\/4&#8243;][vc_column_text css=&#8221;&#8221;] S\u00e5 h\u00e4r best\u00e4ller ni er ASIT (allergen-specifik immunterapi) via LABOKLIN Veterin\u00e4ren ans\u00f6ker om licens hos L\u00e4kemedelsverket. Beh\u00f6ver ni hj\u00e4lp eller information kontakta oss g\u00e4rna p\u00e5 sverige@laboklin.com Best\u00e4llningsformul\u00e4ret fylls i noggrant st\u00e4mplas och undertecknas av veterin\u00e4r Formul\u00e4ret skickas d\u00e4rp\u00e5 via e-mail till allergie@laboklin.com Det tar ca 3 veckor innan den best\u00e4llda ASIT&hellip;<\/p>\n","protected":false},"author":11,"featured_media":0,"parent":0,"menu_order":2,"comment_status":"closed","ping_status":"closed","template":"","meta":{"_seopress_robots_primary_cat":"","_seopress_titles_title":"","_seopress_titles_desc":"","_seopress_robots_index":"","footnotes":""},"class_list":["post-1465221","page","type-page","status-publish","hentry","description-off"],"_links":{"self":[{"href":"https:\/\/laboklin.com\/se\/wp-json\/wp\/v2\/pages\/1465221","targetHints":{"allow":["GET"]}}],"collection":[{"href":"https:\/\/laboklin.com\/se\/wp-json\/wp\/v2\/pages"}],"about":[{"href":"https:\/\/laboklin.com\/se\/wp-json\/wp\/v2\/types\/page"}],"author":[{"embeddable":true,"href":"https:\/\/laboklin.com\/se\/wp-json\/wp\/v2\/users\/11"}],"replies":[{"embeddable":true,"href":"https:\/\/laboklin.com\/se\/wp-json\/wp\/v2\/comments?post=1465221"}],"version-history":[{"count":5,"href":"https:\/\/laboklin.com\/se\/wp-json\/wp\/v2\/pages\/1465221\/revisions"}],"predecessor-version":[{"id":1542415,"href":"https:\/\/laboklin.com\/se\/wp-json\/wp\/v2\/pages\/1465221\/revisions\/1542415"}],"wp:attachment":[{"href":"https:\/\/laboklin.com\/se\/wp-json\/wp\/v2\/media?parent=1465221"}],"curies":[{"name":"wp","href":"https:\/\/api.w.org\/{rel}","templated":true}]}}