{"id":1418935,"date":"2021-08-06T10:59:10","date_gmt":"2021-08-06T08:59:10","guid":{"rendered":"https:\/\/staging-wp-int.laboklin.com\/conditions-of-participation-and-competition-guidelines\/"},"modified":"2022-11-21T17:41:18","modified_gmt":"2022-11-21T16:41:18","slug":"conditions-of-participation-and-competition-guidelines","status":"publish","type":"page","link":"https:\/\/laboklin.com\/se\/terms-and-conditions\/conditions-of-participation-and-competition-guidelines\/","title":{"rendered":"Conditions of participation and competition guidelines"},"content":{"rendered":"<div class=\"wpb-content-wrapper\"><p>[vc_row][vc_column][vc_column_text]<\/p>\n<h3>Conditions of participation and competition guidelines<\/h3>\n<h4 class=\"csc-firstHeader\">LABOKLIN GmbH &amp; Co. KG<\/p>\n<div class=\"hr-thick\"><\/div>\n<\/h4>\n<h4>Conditions of participation:<\/h4>\n<p>Participation in competitions organised by Laboklin GmbH &amp; Co. KG, hereinafter referred to as the operator or organiser, is free of charge and is governed exclusively by these conditions of participation.<br \/>\nCompetitions on Facebook or Instagram are not connected to Facebook and are in no way sponsored, supported or organised by Facebook. The recipient of the information provided by the participant is not Facebook, but only Laboklin GmbH &amp; Co. KG as the operator of the official Facebook page.<\/p>\n<h4>Expiry of the competition:<\/h4>\n<p>The duration of the competitions extends to the period specified in the individual competition. Within this period, users will be given the opportunity to participate in the competition online.<\/p>\n<h4><em>Teilnahme:<\/em><\/h4>\n<p>Um am Gewinnspiel teilzunehmen werden f\u00fcr jedes Gewinnspiel die Vorgehensweisen deutlich gekennzeichnet. Die Teilnahem ist nur innerhalb des Teilnahmezeitraums m\u00f6glich. Nach Teilnahmeschluss eingehende Einsendungen werden bei der Auslosung nicht ber\u00fccksichtigt. Mit der Teilnahme am Gewinnspiel erkennt der Teilnehmer die hier aufgef\u00fchrten Teilnahmebedingungen ausdr\u00fccklich an.<br \/>\nPro Teilnehmer nimmt nur eine \u00fcbermittelte Anmeldung am Gewinnspiel teil. Es ist untersagt mehrere E-Mail-Adressen oder mehrere Facebook-, Instagram- oder Twitter-Profile zur Erh\u00f6hung der Gewinnchancen zu verwenden.<br \/>\nEbenso ist eine Teilnahme \u00fcber Gewinnspielfirmen, -vereine und automatisierte Dienste ausgeschlossen. Die Teilnahme an Gewinnspielen ist kostenlos.<em>\u00a0<\/em><\/p>\n<h4><em>Teilnahmeberechtigte:<\/em><\/h4>\n<p>Teilnahmeberechtigt sind nat\u00fcrliche Personen die das 16. Lebensjahr vollendet haben bzw. wie im jeweiligen Gewinnspiel angegeben. Die Teilnahme ist nicht auf Kunden des Veranstalters beschr\u00e4nkt und nicht vom Erwerb einer Ware oder Dienstleistung abh\u00e4ngig.<br \/>\nSollte ein Teilnehmer in seiner Gesch\u00e4ftsf\u00e4higkeit eingeschr\u00e4nkt sein, bedarf es der Einwilligung seines gesetzlichen Vertreters.<br \/>\nNicht teilnahmeberechtigt an Gewinnspielen sind alle an der Konzeption und Umsetzung der Gewinnspiele beteiligte Personen und Mitarbeiter des Betreibers<\/p>\n<p>sowie ihre Familienmitglieder.<br \/>\nZudem beh\u00e4lt sich der Betreiber vor, nach eigenem Ermessen Personen von der Teilnahme auszuschlie\u00dfen wenn berechtigte Gr\u00fcnde vorliegen, beispielsweise (a) bei Manipulationen im Zusammenhang mit Zugang zum oder Durchf\u00fchrung der Gewinnspiele, (b) bei Verst\u00f6\u00dfen gegen diese Teilnahmebedingungen, (c) bei unlauterem Handeln oder (d) bei falschen oder irref\u00fchrenden Angaben im Zusammenhang mit der Teilnahme an dem Gewinnspiel.<br \/>\nDie Ermittlung der Gewinner erfolgt nach Teilnahmeschluss im Rahmen einer auf dem Zufallsprinzip beruhenden Verlosung unter allen Teilnehmern. Sind die Gewinnspiele mit einer Aufgabe verkn\u00fcpft, kommen ausschlie\u00dflich diejenigen Teilnehmer in die Verlosung, welche die Aufgabe korrekt durchgef\u00fchrt haben.<br \/>\nDie Gewinner der Verlosung werden zeitnah \u00fcber eine gesonderte E-Mail bzw. per pers\u00f6nlicher Nachricht \u00fcber denn Gewinn informiert.<br \/>\nDie Aush\u00e4ndigung des Gewinns erfolgt ausschlie\u00dflich an den Gewinner oder an den gesetzlichen Vertreter des minderj\u00e4hrigen Gewinners. Ein Umtausch, oder eine Barauszahlung des Gewinns sind nicht m\u00f6glich. Eventuell f\u00fcr den Versand anfallende Kosten \u00fcbernimmt der Betreiber. Mit der Inanspruchnahme des Gewinns verbundene Zusatzkosten gehen zu Lasten des Gewinners. F\u00fcr eine etwaige Versteuerung des Gewinns ist der Gewinner selbst verantwortlich.<\/p>\n<h4><em>Beendigung der Gewinnspiele:<\/em><\/h4>\n<p>Der Veranstalter beh\u00e4lt sich ausdr\u00fccklich vor, das Gewinnspiel ohne vorherige Ank\u00fcndigung und ohne Mitteilung von Gr\u00fcnden zu beenden.<br \/>\nDies gilt insbesondere f\u00fcr jegliche Gr\u00fcnde, die einen planm\u00e4\u00dfigen Ablauf der Gewinnspiele st\u00f6ren oder verhindern w\u00fcrden.<\/p>\n<h4><em>Datenschutz:<\/em><\/h4>\n<p>F\u00fcr die Teilnahem am Gewinnspiel ist ggf. die Angabe von pers\u00f6nlichen Daten notwendig. Der Teilnehmer versichert, dass die von ihm gemachten Angaben zur Person, insbesondere Vor-, Nachname und E-Mail-Adresse wahrheitsgem\u00e4\u00df und richtig sind.<br \/>\nDer Veranstalter weist darauf hin, dass s\u00e4mtliche personenbezogenen Daten des Teilnehmers ohne Einverst\u00e4ndnis weder an Dritte weitergegeben noch diesen zur Nutzung \u00fcberlassen werden.<\/p>\n<h4><em>Gewinnspiel mit Fotoshooting:<\/em><\/h4>\n<p>Die Gewinner erkl\u00e4ren sich mit der Ver\u00f6ffentlichung ausgew\u00e4hlter Fotos nach Absprache mit den Fotografen einverstanden. Aufnahmen des \u201emaking of\u2019s\u201c d\u00fcrfen nach Absprache in sozialen Medien verwendet werden. Die Bereitstellung der im Gewinnspiel definierten Anzahl an Aufnahmen ist f\u00fcr die Gewinner kostenfrei, weitere Fotos k\u00f6nnen ggf. beim Fotografen k\u00e4uflich erworben werden.[\/vc_column_text][\/vc_column][\/vc_row]<\/p>\n<\/div>","protected":false},"excerpt":{"rendered":"<p>[vc_row][vc_column][vc_column_text] Conditions of participation and competition guidelines LABOKLIN GmbH &amp; Co. KG Conditions of participation: Participation in competitions organised by Laboklin GmbH &amp; Co. KG, hereinafter referred to as the operator or organiser, is free of charge and is governed exclusively by these conditions of participation. Competitions on Facebook or Instagram are not connected to&hellip;<\/p>\n","protected":false},"author":1,"featured_media":0,"parent":1431989,"menu_order":0,"comment_status":"closed","ping_status":"closed","template":"","meta":{"_seopress_robots_primary_cat":"","_seopress_titles_title":"","_seopress_titles_desc":"","_seopress_robots_index":"","footnotes":""},"class_list":["post-1418935","page","type-page","status-publish","hentry","description-off"],"_links":{"self":[{"href":"https:\/\/laboklin.com\/se\/wp-json\/wp\/v2\/pages\/1418935","targetHints":{"allow":["GET"]}}],"collection":[{"href":"https:\/\/laboklin.com\/se\/wp-json\/wp\/v2\/pages"}],"about":[{"href":"https:\/\/laboklin.com\/se\/wp-json\/wp\/v2\/types\/page"}],"author":[{"embeddable":true,"href":"https:\/\/laboklin.com\/se\/wp-json\/wp\/v2\/users\/1"}],"replies":[{"embeddable":true,"href":"https:\/\/laboklin.com\/se\/wp-json\/wp\/v2\/comments?post=1418935"}],"version-history":[{"count":0,"href":"https:\/\/laboklin.com\/se\/wp-json\/wp\/v2\/pages\/1418935\/revisions"}],"up":[{"embeddable":true,"href":"https:\/\/laboklin.com\/se\/wp-json\/wp\/v2\/pages\/1431989"}],"wp:attachment":[{"href":"https:\/\/laboklin.com\/se\/wp-json\/wp\/v2\/media?parent=1418935"}],"curies":[{"name":"wp","href":"https:\/\/api.w.org\/{rel}","templated":true}]}}