{"id":1465220,"date":"2023-03-18T16:52:07","date_gmt":"2023-03-18T15:52:07","guid":{"rendered":"https:\/\/staging-wp-int.laboklin.com\/products\/allergy\/allergen-specific-immunotherapy\/asit-pharmacy-denmark\/"},"modified":"2026-02-12T13:00:14","modified_gmt":"2026-02-12T12:00:14","slug":"asit-pharmacy-norway","status":"publish","type":"page","link":"https:\/\/laboklin.com\/no\/asit-pharmacy-norway\/","title":{"rendered":"ASIT \/ Pharmacy Norway"},"content":{"rendered":"<div class=\"wpb-content-wrapper\"><p>[vc_row][vc_column width=&raquo;1\/4&#8243;]<style type=\"text\/css\" data-type=\"the7_shortcodes-inline-css\">#default-btn-8b2ad9b5df6c4d1b9e877e41ae6c1fdf.ico-right-side > i {\n  margin-right: 0px;\n  margin-left: 8px;\n}\n#default-btn-8b2ad9b5df6c4d1b9e877e41ae6c1fdf > i {\n  margin-right: 8px;\n}<\/style><a href=\"https:\/\/laboklin.com\/wp-content\/uploads\/2026\/02\/Order_form_ASIT_Nextmune_DK_FI_NO_SE.pdf\" class=\"default-btn-shortcode dt-btn dt-btn-m link-hover-off full-width-btn btn-inline-left  vc_custom_1770897611818\" target=\"_blank\" id=\"default-btn-8b2ad9b5df6c4d1b9e877e41ae6c1fdf\" rel=\"noopener\"><span>Order form<br \/>\n(For DK, NO, SE and FI only)<\/span><\/a>[\/vc_column][vc_column width=&raquo;3\/4&#8243;][vc_column_text css=&raquo;&raquo;]<\/p>\n<h3>Slik bestiller du din ASIT (allergen-spesifikke immunoterapi) via LABOKLIN<\/h3>\n<p>Registreringsfritak s\u00f8kes. \u00d8nskes informasjon rundt s\u00f8knad om registreringsfritak (p\u00e5 ALTINN), skriv en mail til <strong><a href=\"mailto:norge@laboklin.com\">norge@laboklin.com<\/a><\/strong><\/p>\n<p>Bestillingsseddel utfylles komplett, stemples og underskrives, hvorp\u00e5 den sendes per epost til <strong><a href=\"mailto:allergie@laboklin.com\">allergie@laboklin.com<\/a><\/strong><\/p>\n<p>Etter 3 uker sendes den bestilte ASIT via Nextmune til apoteket, og evt. videre til klinikken.<\/p>\n<p>Levering er mulig til f\u00f8lgende apotek:<\/p>\n<ul>\n<li style=\"list-style-type: none;\">\n<ul>\n<li>VESO<\/li>\n<li>NMD<\/li>\n<li>Apotek1<\/li>\n<li>Alliance Healthcare<\/li>\n<\/ul>\n<\/li>\n<\/ul>\n<p>Ta gjerne kontakt med oss p\u00e5 <a href=\"mailto:norge@laboklin.com\"><strong>norge@laboklin.com<\/strong><\/a>, hvis du har sp\u00f8rsm\u00e5l til bestillingen din, eller <strong><a href=\"mailto:derma@laboklin.com\">derma@laboklin.com<\/a><\/strong>, hvis du har sp\u00f8rsm\u00e5l til v\u00e5re dermatologer.<\/p>\n<p>Med vennlig hilsen<\/p>\n<p>Ditt LABOKLIN Team[\/vc_column_text][\/vc_column][\/vc_row][vc_row type=&raquo;vc_default&raquo; disable_element=&raquo;yes&raquo;][vc_column width=&raquo;1\/4&#8243;][\/vc_column][vc_column width=&raquo;3\/4&#8243;][vc_column_text]<\/p>\n<h3>Slik bestiller du din ASIT (allergen-spesifikke immunoterapi)<\/h3>\n<p>Du sender\u00a0\u00abResept\/rekvisisjon for legemiddel uten markedsf\u00f8ringstillatelse\u00bb i tre eksemplarer til ditt apoteket (postadresse finner du lenger ned i mailen)<\/p>\n<p>\u00d8nsker du mal for registreringsfritak-skjemaet, skriv en mail til norge@laboklin.com<\/p>\n<p>F\u00f8r opp rapportnummer fra aktuelt allergipr\u00f8vesvar p\u00e5 skjemaet, i tillegg til om beskjed om det er ordre p\u00e5 et \u201dStarter-set\u201d eller et \u201dRe-order set\u201d.<\/p>\n<p><strong>Du kan bestille din ASIT-vaksine via:<\/strong><\/p>\n<p style=\"padding-left: 40px;\">VESO Apotek<br \/>\nDelitoppen 3<br \/>\nN-1540 Vestby<br \/>\nTelefon: +47 22961100<\/p>\n<p style=\"padding-left: 40px;\">Norsk Medisinaldepot AS<br \/>\nPostboks 183, Kalbakken<br \/>\nN-0903 Oslo<br \/>\nTelefon: +47 22720700<\/p>\n<p style=\"padding-left: 40px;\">Apothek 1\u00a0 Sk\u00e5rersletta<br \/>\nPostboks 243<br \/>\nN-1471 L\u00f8renskog<br \/>\nTelefon: +47 67909010<\/p>\n<p>Etter ca. 1 m\u00e5ned sender apoteket den bestilte ASIT til klinikken.<\/p>\n<p>Den leverte ASIT faktureres direkte fra apoteket (LABOKLINs pris og frakt pluss apotekets faste avgift)<\/p>\n<p>Ta gjerne kontakt med oss p\u00e5 norge@laboklin.com, hvis du har sp\u00f8rsm\u00e5l til bestillingen din, eller derma@laboklin.com, hvis du har sp\u00f8rsm\u00e5l til v\u00e5re dermatologer.<\/p>\n<p>Med vennlig hilsen<\/p>\n<p>Ditt LABOKLIN Team[\/vc_column_text][\/vc_column][\/vc_row]<\/p>\n<\/div>","protected":false},"excerpt":{"rendered":"<p>[vc_row][vc_column width=&raquo;1\/4&#8243;][\/vc_column][vc_column width=&raquo;3\/4&#8243;][vc_column_text css=&raquo;&raquo;] Slik bestiller du din ASIT (allergen-spesifikke immunoterapi) via LABOKLIN Registreringsfritak s\u00f8kes. \u00d8nskes informasjon rundt s\u00f8knad om registreringsfritak (p\u00e5 ALTINN), skriv en mail til norge@laboklin.com Bestillingsseddel utfylles komplett, stemples og underskrives, hvorp\u00e5 den sendes per epost til allergie@laboklin.com Etter 3 uker sendes den bestilte ASIT via Nextmune til apoteket, og evt. videre&hellip;<\/p>\n","protected":false},"author":11,"featured_media":0,"parent":0,"menu_order":2,"comment_status":"closed","ping_status":"closed","template":"","meta":{"_seopress_robots_primary_cat":"","_seopress_titles_title":"","_seopress_titles_desc":"","_seopress_robots_index":"","footnotes":""},"class_list":["post-1465220","page","type-page","status-publish","hentry","description-off"],"_links":{"self":[{"href":"https:\/\/laboklin.com\/no\/wp-json\/wp\/v2\/pages\/1465220","targetHints":{"allow":["GET"]}}],"collection":[{"href":"https:\/\/laboklin.com\/no\/wp-json\/wp\/v2\/pages"}],"about":[{"href":"https:\/\/laboklin.com\/no\/wp-json\/wp\/v2\/types\/page"}],"author":[{"embeddable":true,"href":"https:\/\/laboklin.com\/no\/wp-json\/wp\/v2\/users\/11"}],"replies":[{"embeddable":true,"href":"https:\/\/laboklin.com\/no\/wp-json\/wp\/v2\/comments?post=1465220"}],"version-history":[{"count":7,"href":"https:\/\/laboklin.com\/no\/wp-json\/wp\/v2\/pages\/1465220\/revisions"}],"predecessor-version":[{"id":1542414,"href":"https:\/\/laboklin.com\/no\/wp-json\/wp\/v2\/pages\/1465220\/revisions\/1542414"}],"wp:attachment":[{"href":"https:\/\/laboklin.com\/no\/wp-json\/wp\/v2\/media?parent=1465220"}],"curies":[{"name":"wp","href":"https:\/\/api.w.org\/{rel}","templated":true}]}}