{"id":1461023,"date":"2023-03-16T12:04:02","date_gmt":"2023-03-16T11:04:02","guid":{"rendered":"https:\/\/staging-wp-int.laboklin.com\/about-us\/accreditation\/"},"modified":"2026-02-03T17:11:28","modified_gmt":"2026-02-03T16:11:28","slug":"accreditamento","status":"publish","type":"page","link":"https:\/\/laboklin.com\/it\/about-us\/accreditamento\/","title":{"rendered":"Accreditamento"},"content":{"rendered":"<div class=\"wpb-content-wrapper\"><p>[vc_row type=&#8221;vc_default&#8221; css=&#8221;.vc_custom_1605619161750{margin-top: 30px !important;}&#8221;][vc_column][vc_column_text css=&#8221;&#8221;]<\/p>\n<h2><strong>Accreditamento<\/strong><\/h2>\n<p><strong>LABOKLIN \u00e8 un laboratorio accreditato secondo la norma DIN EN ISO 17025:2018.<\/strong><\/p>\n<p>Ci\u00f2 significa che le nostre analisi vengono condotte secondo una procedura affidabile e verificabile.<\/p>\n<p>Siamo sottoposti non solo a rigorosi audit interni giornalieri, ma anche a regolari controlli esterni sotto forma di confronti interlaboratorio.<\/p>\n<p>Ci impegniamo inoltre a rispettare protocolli di processo, test e formazione consolidati. Questi vengono regolarmente rivisti in loco da un ente di accreditamento. Questo garantisce che affidiate i vostri campioni a un laboratorio partner che si impegna a garantire la massima qualit\u00e0 possibile con competenza e dedizione.<\/p>\n<p>Nessun laboratorio pu\u00f2 fare tutto da solo&#8230;<\/p>\n<p>Come spesso accade, l&#8217;arte sta nel sapere su cosa concentrarsi. Laddove i test possono essere eseguiti meglio dai partner, collaboriamo con laboratori diagnostici specializzati a livello internazionale. Il nostro obiettivo primario rimane:\u00a0<strong>fornirvi risultati della massima qualit\u00e0 possibile.<\/strong>\u00a0Pertanto, in virt\u00f9 del nostro accreditamento, siamo tenuti a ottenere informazioni da tutti i partner in merito alla qualit\u00e0 del loro lavoro: il risultato \u00e8 quindi, nella sua dicitura, &#8220;come eseguito da noi&#8221;.<\/p>\n<p>LABOKLIN dispone di una delle pi\u00f9 ampie gamme di test veterinari interni accreditati in Europa. Poich\u00e9 l&#8217;accreditamento \u00e8 valido solo per test specifici e gli aggiornamenti vengono in genere effettuati al massimo una volta all&#8217;anno, \u00e8 possibile che una procedura di nuova istituzione non sia ancora soggetta a monitoraggio. Se, ad esempio, le normative per l&#8217;esportazione richiedono di conoscere lo stato di accreditamento di un pa[\/vc_column_text][\/vc_column][\/vc_row]<\/p>\n<\/div>","protected":false},"excerpt":{"rendered":"<p>[vc_row type=&#8221;vc_default&#8221; css=&#8221;.vc_custom_1605619161750{margin-top: 30px !important;}&#8221;][vc_column][vc_column_text css=&#8221;&#8221;] Accreditamento LABOKLIN \u00e8 un laboratorio accreditato secondo la norma DIN EN ISO 17025:2018. Ci\u00f2 significa che le nostre analisi vengono condotte secondo una procedura affidabile e verificabile. Siamo sottoposti non solo a rigorosi audit interni giornalieri, ma anche a regolari controlli esterni sotto forma di confronti interlaboratorio. Ci impegniamo&hellip;<\/p>\n","protected":false},"author":1,"featured_media":0,"parent":1376616,"menu_order":2,"comment_status":"closed","ping_status":"closed","template":"","meta":{"_seopress_robots_primary_cat":"","_seopress_titles_title":"%%post_title%% %%sitetitle%%","_seopress_titles_desc":"LABOKLIN is an accredited laboratory according to DIN EN ISO 17025:2018.","_seopress_robots_index":"","footnotes":""},"class_list":["post-1461023","page","type-page","status-publish","hentry","description-off"],"_links":{"self":[{"href":"https:\/\/laboklin.com\/it\/wp-json\/wp\/v2\/pages\/1461023","targetHints":{"allow":["GET"]}}],"collection":[{"href":"https:\/\/laboklin.com\/it\/wp-json\/wp\/v2\/pages"}],"about":[{"href":"https:\/\/laboklin.com\/it\/wp-json\/wp\/v2\/types\/page"}],"author":[{"embeddable":true,"href":"https:\/\/laboklin.com\/it\/wp-json\/wp\/v2\/users\/1"}],"replies":[{"embeddable":true,"href":"https:\/\/laboklin.com\/it\/wp-json\/wp\/v2\/comments?post=1461023"}],"version-history":[{"count":2,"href":"https:\/\/laboklin.com\/it\/wp-json\/wp\/v2\/pages\/1461023\/revisions"}],"predecessor-version":[{"id":1542036,"href":"https:\/\/laboklin.com\/it\/wp-json\/wp\/v2\/pages\/1461023\/revisions\/1542036"}],"up":[{"embeddable":true,"href":"https:\/\/laboklin.com\/it\/wp-json\/wp\/v2\/pages\/1376616"}],"wp:attachment":[{"href":"https:\/\/laboklin.com\/it\/wp-json\/wp\/v2\/media?parent=1461023"}],"curies":[{"name":"wp","href":"https:\/\/api.w.org\/{rel}","templated":true}]}}