{"id":1463380,"date":"2023-03-24T07:44:37","date_gmt":"2023-03-24T06:44:37","guid":{"rendered":"https:\/\/staging-wp-int.laboklin.com\/aktuelles\/laboklin-aktuell-birds-reptiles\/"},"modified":"2025-11-18T09:40:59","modified_gmt":"2025-11-18T08:40:59","slug":"laboklin-aktuell-oiseaux-reptiles","status":"publish","type":"page","link":"https:\/\/laboklin.com\/fr\/aktuelles\/laboklin-aktuell-oiseaux-reptiles\/","title":{"rendered":"LABOKLIN aktuell \u2013 oiseaux \/ reptiles"},"content":{"rendered":"<div class=\"wpb-content-wrapper\"><p>[vc_row][vc_column]<section class=\"items-grid wf-container\"><div class=\"wf-cell wf-1-2\"><article class=\"post-format-standard\"><div class=\"mini-post-img\"><a class=\"alignleft post-rollover layzr-bg\" href=\"https:\/\/laboklin.com\/fr\/la-determination-du-sexe-chez-les-serpents\/\" aria-label=\"Image article\"><img decoding=\"async\" class=\"preload-me lazy-load aspect\" src=\"data:image\/svg+xml,%3Csvg%20xmlns%3D&#39;http%3A%2F%2Fwww.w3.org%2F2000%2Fsvg&#39;%20viewBox%3D&#39;0%200%20100%2080&#39;%2F%3E\" data-src=\"https:\/\/laboklin.com\/wp-content\/uploads\/2025\/12\/Sexual_dimorphism_steppe_rat_snake--100x80.jpg\" data-srcset=\"https:\/\/laboklin.com\/wp-content\/uploads\/2025\/12\/Sexual_dimorphism_steppe_rat_snake--100x80.jpg 100w, https:\/\/laboklin.com\/wp-content\/uploads\/2025\/12\/Sexual_dimorphism_steppe_rat_snake--200x160.jpg 200w\" loading=\"eager\" style=\"--ratio: 100 \/ 80\" sizes=\"(max-width: 100px) 100vw, 100px\" width=\"100\" height=\"80\"  alt=\"Un dimorphisme sexuel chez la couleuvre des steppes (Elaphe dione), m\u00e2le en haut, femelle en bas\" \/><\/a><\/div><div class=\"post-content\"><a href=\"https:\/\/laboklin.com\/fr\/la-determination-du-sexe-chez-les-serpents\/\">La d\u00e9termination du sexe chez les serpents<\/a><p class=\"text-small\">D\u00e9termination g\u00e9n\u00e9tique du sexe chez les serpents : s\u00fbre, fiable, sans blessure<\/p><time class=\"text-secondary\" datetime=\"2025-11-17T12:27:37+01:00\">17. novembre 2025<\/time><\/div><\/article><\/div><div class=\"wf-cell wf-1-2\"><article class=\"post-format-standard\"><div class=\"mini-post-img\"><a class=\"alignleft post-rollover layzr-bg\" href=\"https:\/\/laboklin.com\/fr\/les-vitamines-dans-le-sang-des-oiseaux-et-des-reptiles\/\" aria-label=\"Image article\"><img decoding=\"async\" class=\"preload-me lazy-load aspect\" src=\"data:image\/svg+xml,%3Csvg%20xmlns%3D&#39;http%3A%2F%2Fwww.w3.org%2F2000%2Fsvg&#39;%20viewBox%3D&#39;0%200%20100%2080&#39;%2F%3E\" data-src=\"https:\/\/laboklin.com\/wp-content\/uploads\/2025\/10\/Scarlet_macaw-100x80.jpg\" data-srcset=\"https:\/\/laboklin.com\/wp-content\/uploads\/2025\/10\/Scarlet_macaw-100x80.jpg 100w, https:\/\/laboklin.com\/wp-content\/uploads\/2025\/10\/Scarlet_macaw-200x160.jpg 200w\" loading=\"eager\" style=\"--ratio: 100 \/ 80\" sizes=\"(max-width: 100px) 100vw, 100px\" width=\"100\" height=\"80\"  alt=\"Un ara macao se nourrissant de fruits de l&#039;amandier de plage (Terminalia catappa) au Costa Rica\" \/><\/a><\/div><div class=\"post-content\"><a href=\"https:\/\/laboklin.com\/fr\/les-vitamines-dans-le-sang-des-oiseaux-et-des-reptiles\/\">Les vitamines dans le sang des oiseaux et des reptiles<\/a><p class=\"text-small\">Une \u00e9levage et une alimentation inappropri\u00e9s sont parmi les principales raisons pour lesquelles les oiseaux et les reptiles sont amen\u00e9s chez le v\u00e9t\u00e9rinaire.<\/p><time class=\"text-secondary\" datetime=\"2025-07-21T10:25:17+02:00\">21. juillet 2025<\/time><\/div><\/article><\/div><div class=\"wf-cell wf-1-2\"><article class=\"post-format-standard\"><div class=\"mini-post-img\"><a class=\"alignleft post-rollover layzr-bg\" href=\"https:\/\/laboklin.com\/fr\/le-diagnostic-de-laboratoire-des-maladies-renales-chez-les-oiseaux-les-reptiles-les-amphibiens-et-les-poissons\/\" aria-label=\"Image article\"><img decoding=\"async\" class=\"preload-me lazy-load aspect\" src=\"data:image\/svg+xml,%3Csvg%20xmlns%3D&#39;http%3A%2F%2Fwww.w3.org%2F2000%2Fsvg&#39;%20viewBox%3D&#39;0%200%20100%2080&#39;%2F%3E\" data-src=\"https:\/\/laboklin.com\/wp-content\/uploads\/2025\/04\/Faeces_from_a_leopard_gecko-100x80.jpg\" data-srcset=\"https:\/\/laboklin.com\/wp-content\/uploads\/2025\/04\/Faeces_from_a_leopard_gecko-100x80.jpg 100w, https:\/\/laboklin.com\/wp-content\/uploads\/2025\/04\/Faeces_from_a_leopard_gecko-200x160.jpg 200w\" loading=\"eager\" style=\"--ratio: 100 \/ 80\" sizes=\"(max-width: 100px) 100vw, 100px\" width=\"100\" height=\"80\"  alt=\"Faeces from a leopard gecko (Eublepharis macularius)\nwith uric acid accumulations \" \/><\/a><\/div><div class=\"post-content\"><a href=\"https:\/\/laboklin.com\/fr\/le-diagnostic-de-laboratoire-des-maladies-renales-chez-les-oiseaux-les-reptiles-les-amphibiens-et-les-poissons\/\">Le diagnostic de laboratoire des maladies r\u00e9nales chez les oiseaux, les reptiles, les amphibiens et les poissons<\/a><p class=\"text-small\">Ce document traite du diagnostic en laboratoire des maladies r\u00e9nales chez les oiseaux, les reptiles, les amphibiens et les poissons, y compris les facteurs d&#039;influence et les param\u00e8tres appropri\u00e9s pour le diagnostic.<\/p><time class=\"text-secondary\" datetime=\"2025-04-28T12:12:23+02:00\">28. avril 2025<\/time><\/div><\/article><\/div><div class=\"wf-cell wf-1-2\"><article class=\"post-format-standard\"><div class=\"mini-post-img\"><a class=\"alignleft post-rollover layzr-bg\" href=\"https:\/\/laboklin.com\/fr\/thyroid-hormones-in-birds\/\" aria-label=\"Image article\"><img decoding=\"async\" class=\"preload-me lazy-load aspect\" src=\"data:image\/svg+xml,%3Csvg%20xmlns%3D&#39;http%3A%2F%2Fwww.w3.org%2F2000%2Fsvg&#39;%20viewBox%3D&#39;0%200%20100%2080&#39;%2F%3E\" data-src=\"https:\/\/laboklin.com\/wp-content\/uploads\/2025\/11\/Royal_python-100x80.jpg\" data-srcset=\"https:\/\/laboklin.com\/wp-content\/uploads\/2025\/11\/Royal_python-100x80.jpg 100w, https:\/\/laboklin.com\/wp-content\/uploads\/2025\/11\/Royal_python-200x160.jpg 200w\" loading=\"eager\" style=\"--ratio: 100 \/ 80\" sizes=\"(max-width: 100px) 100vw, 100px\" width=\"100\" height=\"80\"  alt=\"Royal python (Python regius) exhibiting respiratory symptoms and positive mycoplasma detection \" \/><\/a><\/div><div class=\"post-content\"><a href=\"https:\/\/laboklin.com\/fr\/thyroid-hormones-in-birds\/\">Thyroid Hormones in Birds and Reptiles<\/a><p class=\"text-small\">The diagnosis of thyroid hormone disorders plays a significant role in small animal medicine, especiall in dogs, cats, and guinea pigs. However, birds and reptiles can also exhibit thyroid disorders, often due to causes like thyroiditis or iodine deficiency.<\/p><time class=\"text-secondary\" datetime=\"2024-10-28T10:43:16+01:00\">28. octobre 2024<\/time><\/div><\/article><\/div><div class=\"wf-cell wf-1-2\"><article class=\"post-format-standard\"><div class=\"mini-post-img\"><a class=\"alignleft post-rollover layzr-bg\" href=\"https:\/\/laboklin.com\/fr\/infectious-diseases-in-birds-part-1\/\" aria-label=\"Image article\"><img decoding=\"async\" class=\"preload-me lazy-load aspect\" src=\"data:image\/svg+xml,%3Csvg%20xmlns%3D&#39;http%3A%2F%2Fwww.w3.org%2F2000%2Fsvg&#39;%20viewBox%3D&#39;0%200%20100%2080&#39;%2F%3E\" data-src=\"https:\/\/laboklin.com\/wp-content\/uploads\/2023\/03\/Titelbild_Infektionskrankheiten_Papagie-100x80.jpg\" data-srcset=\"https:\/\/laboklin.com\/wp-content\/uploads\/2023\/03\/Titelbild_Infektionskrankheiten_Papagie-100x80.jpg 100w, https:\/\/laboklin.com\/wp-content\/uploads\/2023\/03\/Titelbild_Infektionskrankheiten_Papagie-200x160.jpg 200w\" loading=\"eager\" style=\"--ratio: 100 \/ 80\" sizes=\"(max-width: 100px) 100vw, 100px\" width=\"100\" height=\"80\"  alt=\"\" \/><\/a><\/div><div class=\"post-content\"><a href=\"https:\/\/laboklin.com\/fr\/infectious-diseases-in-birds-part-1\/\">Infectious diseases in birds \u2013 part 1<\/a><p class=\"text-small\">Parrots, which include the popular budgerigars and cockatiels, are commonly kept pets.<\/p><time class=\"text-secondary\" datetime=\"2023-03-24T10:06:02+01:00\">24. mars 2023<\/time><\/div><\/article><\/div><div class=\"wf-cell wf-1-2\"><article class=\"post-format-standard\"><div class=\"mini-post-img\"><a class=\"alignleft post-rollover layzr-bg\" href=\"https:\/\/laboklin.com\/fr\/laboratory-diagnostics-in-chelonians\/\" aria-label=\"Image article\"><img decoding=\"async\" class=\"preload-me lazy-load aspect\" src=\"data:image\/svg+xml,%3Csvg%20xmlns%3D&#39;http%3A%2F%2Fwww.w3.org%2F2000%2Fsvg&#39;%20viewBox%3D&#39;0%200%20100%2080&#39;%2F%3E\" data-src=\"https:\/\/laboklin.com\/wp-content\/uploads\/2022\/08\/Fig1_Hermanns_tortoise-100x80.jpg\" data-srcset=\"https:\/\/laboklin.com\/wp-content\/uploads\/2022\/08\/Fig1_Hermanns_tortoise-100x80.jpg 100w, https:\/\/laboklin.com\/wp-content\/uploads\/2022\/08\/Fig1_Hermanns_tortoise-200x160.jpg 200w\" loading=\"eager\" style=\"--ratio: 100 \/ 80\" sizes=\"(max-width: 100px) 100vw, 100px\" width=\"100\" height=\"80\"  alt=\"Laboklin: Hermann\u2019s tortoise (Testudo hermanni) \" \/><\/a><\/div><div class=\"post-content\"><a href=\"https:\/\/laboklin.com\/fr\/laboratory-diagnostics-in-chelonians\/\">Laboratory diagnostics in chelonians<\/a><p class=\"text-small\">Turtles and tortoises are popular pets which can become very old when kept properly.<\/p><time class=\"text-secondary\" datetime=\"2022-08-19T10:00:25+02:00\">19. ao\u00fbt 2022<\/time><\/div><\/article><\/div><div class=\"wf-cell wf-1-2\"><article class=\"post-format-standard\"><div class=\"mini-post-img\"><a class=\"alignleft post-rollover layzr-bg\" href=\"https:\/\/laboklin.com\/fr\/infectious-diseases-in-reptiles-an-overview\/\" aria-label=\"Image article\"><img decoding=\"async\" class=\"preload-me lazy-load aspect\" src=\"data:image\/svg+xml,%3Csvg%20xmlns%3D&#39;http%3A%2F%2Fwww.w3.org%2F2000%2Fsvg&#39;%20viewBox%3D&#39;0%200%20100%2080&#39;%2F%3E\" data-src=\"https:\/\/laboklin.com\/wp-content\/uploads\/2021\/09\/Spornschildkroete-Centrochelys-sulcata-mit-Rhinits-100x80.jpg\" data-srcset=\"https:\/\/laboklin.com\/wp-content\/uploads\/2021\/09\/Spornschildkroete-Centrochelys-sulcata-mit-Rhinits-100x80.jpg 100w, https:\/\/laboklin.com\/wp-content\/uploads\/2021\/09\/Spornschildkroete-Centrochelys-sulcata-mit-Rhinits-200x160.jpg 200w\" loading=\"eager\" style=\"--ratio: 100 \/ 80\" sizes=\"(max-width: 100px) 100vw, 100px\" width=\"100\" height=\"80\"  alt=\"\" \/><\/a><\/div><div class=\"post-content\"><a href=\"https:\/\/laboklin.com\/fr\/infectious-diseases-in-reptiles-an-overview\/\">Infectious diseases in reptiles: an overview<\/a><p class=\"text-small\">In recent years, our understanding of infectious diseases in reptiles has grown immensely.<\/p><time class=\"text-secondary\" datetime=\"2021-09-13T10:12:23+02:00\">13. septembre 2021<\/time><\/div><\/article><\/div><div class=\"wf-cell wf-1-2\"><article class=\"post-format-standard\"><div class=\"mini-post-img\"><a class=\"alignleft post-rollover layzr-bg\" href=\"https:\/\/laboklin.com\/fr\/infectious-dermatoses-in-reptiles\/\" aria-label=\"Image article\"><img decoding=\"async\" class=\"preload-me lazy-load aspect\" src=\"data:image\/svg+xml,%3Csvg%20xmlns%3D&#39;http%3A%2F%2Fwww.w3.org%2F2000%2Fsvg&#39;%20viewBox%3D&#39;0%200%20100%2080&#39;%2F%3E\" data-src=\"https:\/\/laboklin.com\/wp-content\/uploads\/2021\/06\/Pantherchamaeleon-Furcifer-pardalis--100x80.jpg\" data-srcset=\"https:\/\/laboklin.com\/wp-content\/uploads\/2021\/06\/Pantherchamaeleon-Furcifer-pardalis--100x80.jpg 100w, https:\/\/laboklin.com\/wp-content\/uploads\/2021\/06\/Pantherchamaeleon-Furcifer-pardalis--200x160.jpg 200w\" loading=\"eager\" style=\"--ratio: 100 \/ 80\" sizes=\"(max-width: 100px) 100vw, 100px\" width=\"100\" height=\"80\"  alt=\"Laboklin: Panther chameleon (Furcifer pardalis), multiple papillomas. \" \/><\/a><\/div><div class=\"post-content\"><a href=\"https:\/\/laboklin.com\/fr\/infectious-dermatoses-in-reptiles\/\">Infectious dermatoses in reptiles<\/a><p class=\"text-small\">Pet reptiles are frequently presented to the practice for various types of skin lesions.<\/p><time class=\"text-secondary\" datetime=\"2021-06-08T11:09:26+02:00\">8. juin 2021<\/time><\/div><\/article><\/div><div class=\"wf-cell wf-1-2\"><article class=\"post-format-standard\"><div class=\"mini-post-img\"><a class=\"alignleft post-rollover layzr-bg\" href=\"https:\/\/laboklin.com\/fr\/haematology_of_reptiles\/\" aria-label=\"Image article\"><img decoding=\"async\" class=\"preload-me lazy-load aspect\" src=\"data:image\/svg+xml,%3Csvg%20xmlns%3D&#39;http%3A%2F%2Fwww.w3.org%2F2000%2Fsvg&#39;%20viewBox%3D&#39;0%200%20100%2080&#39;%2F%3E\" data-src=\"https:\/\/laboklin.com\/wp-content\/uploads\/2012\/04\/1-min-1-100x80.jpg\" data-srcset=\"https:\/\/laboklin.com\/wp-content\/uploads\/2012\/04\/1-min-1-100x80.jpg 100w, https:\/\/laboklin.com\/wp-content\/uploads\/2012\/04\/1-min-1-200x160.jpg 200w\" loading=\"eager\" style=\"--ratio: 100 \/ 80\" sizes=\"(max-width: 100px) 100vw, 100px\" width=\"100\" height=\"80\"  alt=\"\" \/><\/a><\/div><div class=\"post-content\"><a href=\"https:\/\/laboklin.com\/fr\/haematology_of_reptiles\/\">Take a Look at These Wild Slides \u2013 Haematology of Reptiles<\/a><p class=\"text-small\">Over the last few decades the popularity of reptiles as pets has increased.<\/p><time class=\"text-secondary\" datetime=\"2012-04-18T14:14:17+02:00\">18. avril 2012<\/time><\/div><\/article><\/div><\/section>[\/vc_column][\/vc_row]<\/p>\n<\/div>","protected":false},"excerpt":{"rendered":"<p>[vc_row][vc_column][\/vc_column][\/vc_row]<\/p>\n","protected":false},"author":1,"featured_media":0,"parent":1375239,"menu_order":0,"comment_status":"closed","ping_status":"closed","template":"","meta":{"_seopress_robots_primary_cat":"","_seopress_titles_title":"","_seopress_titles_desc":"","_seopress_robots_index":"","footnotes":""},"class_list":["post-1463380","page","type-page","status-publish","hentry","description-off"],"_links":{"self":[{"href":"https:\/\/laboklin.com\/fr\/wp-json\/wp\/v2\/pages\/1463380","targetHints":{"allow":["GET"]}}],"collection":[{"href":"https:\/\/laboklin.com\/fr\/wp-json\/wp\/v2\/pages"}],"about":[{"href":"https:\/\/laboklin.com\/fr\/wp-json\/wp\/v2\/types\/page"}],"author":[{"embeddable":true,"href":"https:\/\/laboklin.com\/fr\/wp-json\/wp\/v2\/users\/1"}],"replies":[{"embeddable":true,"href":"https:\/\/laboklin.com\/fr\/wp-json\/wp\/v2\/comments?post=1463380"}],"version-history":[{"count":4,"href":"https:\/\/laboklin.com\/fr\/wp-json\/wp\/v2\/pages\/1463380\/revisions"}],"predecessor-version":[{"id":1537124,"href":"https:\/\/laboklin.com\/fr\/wp-json\/wp\/v2\/pages\/1463380\/revisions\/1537124"}],"up":[{"embeddable":true,"href":"https:\/\/laboklin.com\/fr\/wp-json\/wp\/v2\/pages\/1375239"}],"wp:attachment":[{"href":"https:\/\/laboklin.com\/fr\/wp-json\/wp\/v2\/media?parent=1463380"}],"curies":[{"name":"wp","href":"https:\/\/api.w.org\/{rel}","templated":true}]}}