{"id":1428667,"date":"2020-07-06T16:30:20","date_gmt":"2020-07-06T14:30:20","guid":{"rendered":"https:\/\/staging-wp-int.laboklin.com\/specialist-information\/preanalytics\/sample-material-shipping-material\/"},"modified":"2026-03-18T12:46:01","modified_gmt":"2026-03-18T11:46:01","slug":"recipients-pour-echantillons-materiel-dexpedition","status":"publish","type":"page","link":"https:\/\/laboklin.com\/fr\/infotheque\/preanalytique\/recipients-pour-echantillons-materiel-dexpedition\/","title":{"rendered":"R\u00e9cipients pour \u00e9chantillons\/mat\u00e9riel d&rsquo;exp\u00e9dition"},"content":{"rendered":"<div class=\"wpb-content-wrapper\"><p>[vc_row type=\u00a0\u00bbvc_default\u00a0\u00bb content_placement=\u00a0\u00bbtop\u00a0\u00bb][vc_column][vc_column_text css=\u00a0\u00bb.vc_custom_1773833356093{margin-bottom: 20px !important;}\u00a0\u00bb]Les r\u00e9cipients suivants sont disponibles pour le <strong>pr\u00e9l\u00e8vement et le transport des \u00e9chantillons<\/strong> :[\/vc_column_text][vc_row_inner][vc_column_inner width=\u00a0\u00bb1\/2&Prime;][vc_column_text css=\u00a0\u00bb\u00a0\u00bb]<\/p>\n<h4>Tubes EDTA <span class=\"shortcode-tooltip\">*<span class=\"tooltip-c\"> On special request, <b><strong>small test tubes\u00a0<\/strong><\/b>(see each of the tubes shown on the right) are provided for collecting small amounts of EDTA blood, EDTA plasma, heparin blood, heparin plasma, citrate blood, citrate plasma and serum, e. g. from small mammals. If required, please <b><strong>order<\/strong><\/b>\u00a0these\u00a0<b><strong>small test tubes<\/strong><\/b>\u00a0by\u00a0<b><strong>e-mail\u00a0<\/strong><\/b>or\u00a0<b><strong>telephone only<\/strong><\/b>.<br \/>\nAt your express request (information by telephone or e-mail), we can also send you vacuum tubes for the examination of blood <\/span><\/span><\/h4>\n<p><strong>EB = sang EDTA :<\/strong> il peut \u00eatre envoy\u00e9 dans ce tube (+ r\u00e9cipient d&rsquo;exp\u00e9dition VG-BH, voir ci-dessous).<\/p>\n<p><strong>EP = plasma EDTA :<\/strong> le sang EDTA doit \u00eatre centrifug\u00e9, le surnageant transf\u00e9r\u00e9 dans un tube neutre (par ex. Eppendorf Cup) et ensuite marqu\u00e9 comme EP ou avec le code-barres appropri\u00e9.[\/vc_column_text][\/vc_column_inner][vc_column_inner width=\u00a0\u00bb1\/2&Prime; css=\u00a0\u00bb.vc_custom_1612517902553{margin-top: 1px !important;margin-right: 1px !important;margin-bottom: 1px !important;margin-left: 1px !important;}\u00a0\u00bb][vc_single_image image=\u00a0\u00bb1351383&Prime; img_size=\u00a0\u00bb200&#215;250&Prime; onclick=\u00a0\u00bblink_image\u00a0\u00bb css=\u00a0\u00bb.vc_custom_1612517945152{margin: 1px !important;}\u00a0\u00bb][\/vc_column_inner][\/vc_row_inner][vc_separator color=\u00a0\u00bbcustom\u00a0\u00bb align=\u00a0\u00bbalign_left\u00a0\u00bb el_width=\u00a0\u00bb90&Prime; css=\u00a0\u00bb.vc_custom_1612518696874{margin-bottom: 30px !important;}\u00a0\u00bb accent_color=\u00a0\u00bb#e51e1e\u00a0\u00bb][vc_row_inner][vc_column_inner width=\u00a0\u00bb1\/2&Prime;][vc_column_text css=\u00a0\u00bb\u00a0\u00bb]<\/p>\n<h4>Tubes h\u00e9parine <span class=\"shortcode-tooltip\">*<span class=\"tooltip-c\"> On special request, small test tubes (see each of the tubes shown on the left) are provided for collecting small amounts of EDTA blood, EDTA plasma, heparin blood, heparin plasma, citrate blood, citrate plasma and serum, e. g. from small mammals. If required, please order these small test tubes by e-mail or telephone only.At your express request (information by telephone or e-mail), we can also send you vacuum tubes for the examination of blood <\/span><\/span><\/h4>\n<p><strong>HB = sang h\u00e9parin\u00e9 :<\/strong> il peut \u00eatre envoy\u00e9 dans ce tube (+ r\u00e9cipient d&rsquo;exp\u00e9dition VG-BH, voir ci-dessous).<br \/>\n<strong>HP = plasma h\u00e9parin\u00e9 :<\/strong> le sang h\u00e9parin\u00e9 doit \u00eatre centrifug\u00e9 et le surnageant transf\u00e9r\u00e9 dans un tube neutre (par ex. Eppendorf Cup) et ensuite marqu\u00e9 comme HP.[\/vc_column_text][\/vc_column_inner][vc_column_inner width=\u00a0\u00bb1\/2&Prime;][vc_single_image image=\u00a0\u00bb1351393&Prime; img_size=\u00a0\u00bb200&#215;250&Prime; onclick=\u00a0\u00bblink_image\u00a0\u00bb][\/vc_column_inner][\/vc_row_inner][vc_separator color=\u00a0\u00bbcustom\u00a0\u00bb align=\u00a0\u00bbalign_left\u00a0\u00bb el_width=\u00a0\u00bb90&Prime; css=\u00a0\u00bb.vc_custom_1612518506170{margin-bottom: 30px !important;}\u00a0\u00bb accent_color=\u00a0\u00bb#e51e1e\u00a0\u00bb][vc_row_inner][vc_column_inner width=\u00a0\u00bb1\/2&Prime;][vc_column_text css=\u00a0\u00bb\u00a0\u00bb]<\/p>\n<h4>NaFB = sang fluorur\u00e9<\/h4>\n<p>Pour les \u00e9chantillons NaFB, veuillez veiller au marquage.[\/vc_column_text][\/vc_column_inner][vc_column_inner width=\u00a0\u00bb1\/2&Prime;][vc_single_image image=\u00a0\u00bb1351398&Prime; img_size=\u00a0\u00bb200&#215;250&Prime; onclick=\u00a0\u00bblink_image\u00a0\u00bb][\/vc_column_inner][\/vc_row_inner][vc_separator color=\u00a0\u00bbcustom\u00a0\u00bb align=\u00a0\u00bbalign_left\u00a0\u00bb el_width=\u00a0\u00bb90&Prime; css=\u00a0\u00bb.vc_custom_1612518506170{margin-bottom: 30px !important;}\u00a0\u00bb accent_color=\u00a0\u00bb#e51e1e\u00a0\u00bb][vc_row_inner][vc_column_inner width=\u00a0\u00bb1\/2&Prime;][vc_column_text css=\u00a0\u00bb\u00a0\u00bb]<\/p>\n<h4>S = S\u00e9rum <span class=\"shortcode-tooltip\">*<span class=\"tooltip-c\">On special request, small test tubes (see each of the tubes shown on the left) are provided for collecting small amounts of EDTA blood, EDTA plasma, heparin blood, heparin plasma, citrate blood, citrate plasma and serum, e. g. from small mammals. If required, please order these small test tubes by e-mail or telephone only.At your express request (information by telephone or e-mail), we can also send you vacuum tubes for the examination of blood<br \/>\n<\/span><\/span><\/h4>\n<p>Pour obtenir le s\u00e9rum, le sang coagul\u00e9 doit \u00eatre centrifug\u00e9 \u00e0 2000 g 30 minutes apr\u00e8s le pr\u00e9l\u00e8vement, puis le surnageant doit \u00eatre transf\u00e9r\u00e9 dans un tube \u00e0 s\u00e9rum neutre ou dans un deuxi\u00e8me tube \u00e0 s\u00e9rum (retirer les billes avant !) et ensuite \u00e9tiquet\u00e9 comme s\u00e9rum ou avec le code-barres appropri\u00e9.[\/vc_column_text][\/vc_column_inner][vc_column_inner width=\u00a0\u00bb1\/2&Prime;][vc_single_image image=\u00a0\u00bb1354910&Prime; img_size=\u00a0\u00bb200&#215;250&Prime; onclick=\u00a0\u00bblink_image\u00a0\u00bb][\/vc_column_inner][\/vc_row_inner][vc_separator color=\u00a0\u00bbcustom\u00a0\u00bb align=\u00a0\u00bbalign_left\u00a0\u00bb el_width=\u00a0\u00bb90&Prime; css=\u00a0\u00bb.vc_custom_1612518506170{margin-bottom: 30px !important;}\u00a0\u00bb accent_color=\u00a0\u00bb#e51e1e\u00a0\u00bb][vc_row_inner][vc_column_inner width=\u00a0\u00bb1\/2&Prime;][vc_column_text css=\u00a0\u00bb\u00a0\u00bb]<\/p>\n<h4>Tubes citrat\u00e9s <span class=\"shortcode-tooltip\">*<span class=\"tooltip-c\"> On special request, small test tubes (see each of the tubes shown on the left) are provided for collecting small amounts of EDTA blood, EDTA plasma, heparin blood, heparin plasma, citrate blood, citrate plasma and serum, e. g. from small mammals. If required, please order these small test tubes by e-mail or telephone only.At your express request (information by telephone or e-mail), we can also send you vacuum tubes for the examination of blood <\/span><\/span><\/h4>\n<p><strong>CB = sang citrat\u00e9<\/strong> : il peut \u00eatre exp\u00e9di\u00e9 dans ce tube (+ <strong>r\u00e9cipient d&rsquo;exp\u00e9dition VG-BH<\/strong>, voir ci-dessous).<br \/>\n<strong>CP = plasma citrat\u00e9<\/strong> : l&rsquo;\u00e9chantillon doit \u00eatre centrifug\u00e9, puis le surnageant doit \u00eatre transf\u00e9r\u00e9 dans un tube neutre (par exemple, un tube Eppendorf) et ensuite marqu\u00e9 comme CP.[\/vc_column_text][\/vc_column_inner][vc_column_inner width=\u00a0\u00bb1\/2&Prime;][vc_single_image image=\u00a0\u00bb1354920&Prime; img_size=\u00a0\u00bb200&#215;250&Prime; onclick=\u00a0\u00bblink_image\u00a0\u00bb][\/vc_column_inner][\/vc_row_inner][vc_separator color=\u00a0\u00bbcustom\u00a0\u00bb align=\u00a0\u00bbalign_left\u00a0\u00bb el_width=\u00a0\u00bb90&Prime; css=\u00a0\u00bb.vc_custom_1612518506170{margin-bottom: 30px !important;}\u00a0\u00bb accent_color=\u00a0\u00bb#e51e1e\u00a0\u00bb][vc_row_inner][vc_column_inner width=\u00a0\u00bb1\/2&Prime;][vc_column_text css=\u00a0\u00bb\u00a0\u00bb]<\/p>\n<h4>Salivette\u00ae<\/h4>\n<p>Pour le pr\u00e9l\u00e8vement d&rsquo;\u00e9chantillons de salive.[\/vc_column_text][\/vc_column_inner][vc_column_inner width=\u00a0\u00bb1\/2&Prime;][vc_single_image image=\u00a0\u00bb1354930&Prime; img_size=\u00a0\u00bb200&#215;250&Prime; onclick=\u00a0\u00bblink_image\u00a0\u00bb][\/vc_column_inner][\/vc_row_inner][vc_separator color=\u00a0\u00bbcustom\u00a0\u00bb align=\u00a0\u00bbalign_left\u00a0\u00bb el_width=\u00a0\u00bb90&Prime; css=\u00a0\u00bb.vc_custom_1612518506170{margin-bottom: 30px !important;}\u00a0\u00bb accent_color=\u00a0\u00bb#e51e1e\u00a0\u00bb][vc_row_inner][vc_column_inner width=\u00a0\u00bb1\/2&Prime;][vc_column_text css=\u00a0\u00bb\u00a0\u00bb]<\/p>\n<h4>Frottis sanguin<\/h4>\n<p>Les frottis sanguins doivent toujours \u00eatre envoy\u00e9s s\u00e9ch\u00e9s \u00e0 l&rsquo;air libre, non fix\u00e9s et non color\u00e9s. Les enveloppes de transport illustr\u00e9es (r\u00e9cipients d&rsquo;exp\u00e9dition) conviennent pour le transport. Les \u00e9chantillons doivent \u00eatre conserv\u00e9s \u00e0 temp\u00e9rature ambiante avant le transport (ils ne doivent pas \u00eatre r\u00e9frig\u00e9r\u00e9s).[\/vc_column_text][\/vc_column_inner][vc_column_inner width=\u00a0\u00bb1\/2&Prime;][vc_single_image image=\u00a0\u00bb1354939&Prime; img_size=\u00a0\u00bb200&#215;250&Prime; onclick=\u00a0\u00bblink_image\u00a0\u00bb][\/vc_column_inner][\/vc_row_inner][vc_separator color=\u00a0\u00bbcustom\u00a0\u00bb align=\u00a0\u00bbalign_left\u00a0\u00bb el_width=\u00a0\u00bb90&Prime; css=\u00a0\u00bb.vc_custom_1612518506170{margin-bottom: 30px !important;}\u00a0\u00bb accent_color=\u00a0\u00bb#e51e1e\u00a0\u00bb][vc_row_inner][vc_column_inner width=\u00a0\u00bb1\/2&Prime;][vc_column_text css=\u00a0\u00bb\u00a0\u00bb]<\/p>\n<h4>R\u00e9cipients d&rsquo;exp\u00e9dition pour tubes sanguins ou tubes d&rsquo;urine (SC-BU)<\/h4>\n<p>[\/vc_column_text][\/vc_column_inner][vc_column_inner width=\u00a0\u00bb1\/2&Prime;][vc_single_image image=\u00a0\u00bb1354949&Prime; img_size=\u00a0\u00bb200&#215;250&Prime; onclick=\u00a0\u00bblink_image\u00a0\u00bb][\/vc_column_inner][\/vc_row_inner][vc_separator color=\u00a0\u00bbcustom\u00a0\u00bb align=\u00a0\u00bbalign_left\u00a0\u00bb el_width=\u00a0\u00bb90&Prime; css=\u00a0\u00bb.vc_custom_1612518506170{margin-bottom: 30px !important;}\u00a0\u00bb accent_color=\u00a0\u00bb#e51e1e\u00a0\u00bb][vc_row_inner][vc_column_inner width=\u00a0\u00bb1\/2&Prime;][vc_column_text css=\u00a0\u00bb\u00a0\u00bb]<\/p>\n<h4>TM = \u00e9couvillon avec milieu de transport<\/h4>\n<p>(orange : \u00e9couvillon fin,<br \/>\nnoir : \u00e9couvillon \u00e9pais avec milieu Amies)[\/vc_column_text][\/vc_column_inner][vc_column_inner width=\u00a0\u00bb1\/2&Prime;][vc_single_image image=\u00a0\u00bb1354958&Prime; img_size=\u00a0\u00bb200&#215;250&Prime; onclick=\u00a0\u00bblink_image\u00a0\u00bb][\/vc_column_inner][\/vc_row_inner][vc_separator color=\u00a0\u00bbcustom\u00a0\u00bb align=\u00a0\u00bbalign_left\u00a0\u00bb el_width=\u00a0\u00bb90&Prime; css=\u00a0\u00bb.vc_custom_1612518506170{margin-bottom: 30px !important;}\u00a0\u00bb accent_color=\u00a0\u00bb#e51e1e\u00a0\u00bb][vc_row_inner][vc_column_inner width=\u00a0\u00bb1\/2&Prime;][vc_column_text css=\u00a0\u00bb\u00a0\u00bb]<\/p>\n<h4>A = \u00e9couvillon sans milieu de transport (\u00e9couvillon sec)<\/h4>\n<p>[\/vc_column_text][\/vc_column_inner][vc_column_inner width=\u00a0\u00bb1\/2&Prime;][vc_single_image image=\u00a0\u00bb1354968&Prime; img_size=\u00a0\u00bb200&#215;250&Prime; onclick=\u00a0\u00bblink_image\u00a0\u00bb][\/vc_column_inner][\/vc_row_inner][vc_separator color=\u00a0\u00bbcustom\u00a0\u00bb align=\u00a0\u00bbalign_left\u00a0\u00bb el_width=\u00a0\u00bb90&Prime; css=\u00a0\u00bb.vc_custom_1612518506170{margin-bottom: 30px !important;}\u00a0\u00bb accent_color=\u00a0\u00bb#e51e1e\u00a0\u00bb][vc_row_inner][vc_column_inner width=\u00a0\u00bb1\/2&Prime;][vc_column_text css=\u00a0\u00bb\u00a0\u00bb]<\/p>\n<h4>R\u00e9cipient d&rsquo;exp\u00e9dition pour \u00e9couvillons avec \/ sans milieu<\/h4>\n<p>[\/vc_column_text][\/vc_column_inner][vc_column_inner width=\u00a0\u00bb1\/2&Prime;][vc_single_image image=\u00a0\u00bb1354986&Prime; img_size=\u00a0\u00bb200&#215;250&Prime; onclick=\u00a0\u00bblink_image\u00a0\u00bb][\/vc_column_inner][\/vc_row_inner][vc_separator color=\u00a0\u00bbcustom\u00a0\u00bb align=\u00a0\u00bbalign_left\u00a0\u00bb el_width=\u00a0\u00bb90&Prime; css=\u00a0\u00bb.vc_custom_1612518506170{margin-bottom: 30px !important;}\u00a0\u00bb accent_color=\u00a0\u00bb#e51e1e\u00a0\u00bb][vc_row_inner][vc_column_inner width=\u00a0\u00bb1\/2&Prime;][vc_column_text css=\u00a0\u00bb\u00a0\u00bb]<\/p>\n<h4>R\u00e9cipient d\u2019urine<\/h4>\n<p>(r\u00e9cipient d&rsquo;exp\u00e9dition adapt\u00e9 VG-BH, voir ci-dessus)[\/vc_column_text][\/vc_column_inner][vc_column_inner width=\u00a0\u00bb1\/2&Prime;][vc_single_image image=\u00a0\u00bb1354997&Prime; img_size=\u00a0\u00bb200&#215;250&Prime; onclick=\u00a0\u00bblink_image\u00a0\u00bb][\/vc_column_inner][\/vc_row_inner][vc_separator color=\u00a0\u00bbcustom\u00a0\u00bb align=\u00a0\u00bbalign_left\u00a0\u00bb el_width=\u00a0\u00bb90&Prime; css=\u00a0\u00bb.vc_custom_1612518506170{margin-bottom: 30px !important;}\u00a0\u00bb accent_color=\u00a0\u00bb#e51e1e\u00a0\u00bb][vc_row_inner][vc_column_inner width=\u00a0\u00bb1\/2&Prime;][vc_column_text css=\u00a0\u00bb\u00a0\u00bb]<\/p>\n<h4>R\u00e9cipient pour histologie (r\u00e9cipient pour formol, y compris r\u00e9cipient d&rsquo;exp\u00e9dition)<\/h4>\n<p>[\/vc_column_text][\/vc_column_inner][vc_column_inner width=\u00a0\u00bb1\/2&Prime;][vc_single_image image=\u00a0\u00bb1355006&Prime; img_size=\u00a0\u00bb200&#215;250&Prime; onclick=\u00a0\u00bblink_image\u00a0\u00bb][\/vc_column_inner][\/vc_row_inner][vc_separator color=\u00a0\u00bbcustom\u00a0\u00bb align=\u00a0\u00bbalign_left\u00a0\u00bb el_width=\u00a0\u00bb90&Prime; css=\u00a0\u00bb.vc_custom_1612518506170{margin-bottom: 30px !important;}\u00a0\u00bb accent_color=\u00a0\u00bb#e51e1e\u00a0\u00bb][vc_row_inner][vc_column_inner width=\u00a0\u00bb1\/2&Prime;][vc_column_text css=\u00a0\u00bb\u00a0\u00bb]<\/p>\n<h4>Tubes \u00e0 mati\u00e8res f\u00e9cales, avec r\u00e9cipient d&rsquo;exp\u00e9dition<\/h4>\n<p>[\/vc_column_text][\/vc_column_inner][vc_column_inner width=\u00a0\u00bb1\/2&Prime;][vc_single_image image=\u00a0\u00bb1355016&Prime; img_size=\u00a0\u00bb200&#215;250&Prime; onclick=\u00a0\u00bblink_image\u00a0\u00bb][\/vc_column_inner][\/vc_row_inner][vc_separator color=\u00a0\u00bbcustom\u00a0\u00bb align=\u00a0\u00bbalign_left\u00a0\u00bb el_width=\u00a0\u00bb90&Prime; css=\u00a0\u00bb.vc_custom_1612524381415{margin-top: 30px !important;margin-bottom: 30px !important;}\u00a0\u00bb accent_color=\u00a0\u00bb#e51e1e\u00a0\u00bb][vc_row_inner][vc_column_inner width=\u00a0\u00bb1\/2&Prime;][vc_column_text css=\u00a0\u00bb\u00a0\u00bb]<\/p>\n<h4>Ensemble de flacons de culture sanguine (a\u00e9robie et an\u00e9robie)<\/h4>\n<p>(Frais suppl\u00e9mentaire)[\/vc_column_text][\/vc_column_inner][vc_column_inner width=\u00a0\u00bb1\/2&Prime;][vc_single_image image=\u00a0\u00bb1470443&Prime; img_size=\u00a0\u00bbmedium\u00a0\u00bb onclick=\u00a0\u00bblink_image\u00a0\u00bb][\/vc_column_inner][\/vc_row_inner][vc_separator color=\u00a0\u00bbcustom\u00a0\u00bb align=\u00a0\u00bbalign_left\u00a0\u00bb el_width=\u00a0\u00bb90&Prime; css=\u00a0\u00bb.vc_custom_1691047353583{margin-top: 30px !important;margin-bottom: 30px !important;}\u00a0\u00bb accent_color=\u00a0\u00bb#dd3333&Prime;][vc_row_inner][vc_column_inner width=\u00a0\u00bb1\/2&Prime;][vc_column_text css=\u00a0\u00bb\u00a0\u00bb]<\/p>\n<h4>Flacon de culture sanguine Peds Plus\u00ae<\/h4>\n<p>(Frais suppl\u00e9mentaire)[\/vc_column_text][\/vc_column_inner][vc_column_inner width=\u00a0\u00bb1\/2&Prime;][vc_single_image image=\u00a0\u00bb1470426&Prime; img_size=\u00a0\u00bbmedium\u00a0\u00bb onclick=\u00a0\u00bblink_image\u00a0\u00bb css=\u00a0\u00bb.vc_custom_1691053029470{margin-left: 20px !important;}\u00a0\u00bb][\/vc_column_inner][\/vc_row_inner][vc_separator color=\u00a0\u00bbcustom\u00a0\u00bb align=\u00a0\u00bbalign_left\u00a0\u00bb el_width=\u00a0\u00bb90&Prime; css=\u00a0\u00bb.vc_custom_1691047380807{margin-top: 30px !important;margin-bottom: 30px !important;}\u00a0\u00bb accent_color=\u00a0\u00bb#e51e1e\u00a0\u00bb][\/vc_column][\/vc_row][vc_row][vc_column][vc_column_text css=\u00a0\u00bb\u00a0\u00bb]<\/p>\n<blockquote><p><strong>En tant que client, vous pouvez commander le mat\u00e9riel d&rsquo;exp\u00e9dition de pr\u00e9f\u00e9rence via \u00ab MonLAB\u00bb ou via les formulaires de commande sp\u00e9ciaux pour le mat\u00e9riel d&rsquo;exp\u00e9dition.<\/strong><\/p><\/blockquote>\n<p>* Pour le pr\u00e9l\u00e8vement de petites quantit\u00e9s de sang EDTA, de plasma EDTA, de sang h\u00e9parin\u00e9, de plasma h\u00e9parin\u00e9, de sang citrat\u00e9, de plasma citrat\u00e9 et de s\u00e9rum, par exemple chez les petits mammif\u00e8res, de <strong>petits tubes<\/strong> (voir le tube illustr\u00e9 \u00e0 droite) sont disponible sur demande sp\u00e9ciale. Si n\u00e9cessaire, veuillez <strong>commander <\/strong>ces petits tubes sanguins exclusivement par <strong>e-mail<\/strong>.<\/p>\n<p>\u00c0 votre demande expresse (commande par e-mail), Laboklin peut \u00e9galement vous envoyer des tubes \u00e0 vide pour l&rsquo;analyse d&rsquo;\u00e9chantillons sanguins.[\/vc_column_text][\/vc_column][\/vc_row]<\/p>\n<\/div>","protected":false},"excerpt":{"rendered":"<p>[vc_row type=\u00a0\u00bbvc_default\u00a0\u00bb content_placement=\u00a0\u00bbtop\u00a0\u00bb][vc_column][vc_column_text css=\u00a0\u00bb.vc_custom_1773833356093{margin-bottom: 20px !important;}\u00a0\u00bb]Les r\u00e9cipients suivants sont disponibles pour le pr\u00e9l\u00e8vement et le transport des \u00e9chantillons :[\/vc_column_text][vc_row_inner][vc_column_inner width=\u00a0\u00bb1\/2&Prime;][vc_column_text css=\u00a0\u00bb\u00a0\u00bb] Tubes EDTA EB = sang EDTA : il peut \u00eatre envoy\u00e9 dans ce tube (+ r\u00e9cipient d&rsquo;exp\u00e9dition VG-BH, voir ci-dessous). EP = plasma EDTA : le sang EDTA doit \u00eatre centrifug\u00e9, le surnageant transf\u00e9r\u00e9&hellip;<\/p>\n","protected":false},"author":1,"featured_media":0,"parent":1383542,"menu_order":12,"comment_status":"closed","ping_status":"closed","template":"","meta":{"_seopress_robots_primary_cat":"","_seopress_titles_title":"","_seopress_titles_desc":"","_seopress_robots_index":"","footnotes":""},"class_list":["post-1428667","page","type-page","status-publish","hentry","description-off"],"_links":{"self":[{"href":"https:\/\/laboklin.com\/fr\/wp-json\/wp\/v2\/pages\/1428667","targetHints":{"allow":["GET"]}}],"collection":[{"href":"https:\/\/laboklin.com\/fr\/wp-json\/wp\/v2\/pages"}],"about":[{"href":"https:\/\/laboklin.com\/fr\/wp-json\/wp\/v2\/types\/page"}],"author":[{"embeddable":true,"href":"https:\/\/laboklin.com\/fr\/wp-json\/wp\/v2\/users\/1"}],"replies":[{"embeddable":true,"href":"https:\/\/laboklin.com\/fr\/wp-json\/wp\/v2\/comments?post=1428667"}],"version-history":[{"count":13,"href":"https:\/\/laboklin.com\/fr\/wp-json\/wp\/v2\/pages\/1428667\/revisions"}],"predecessor-version":[{"id":1543064,"href":"https:\/\/laboklin.com\/fr\/wp-json\/wp\/v2\/pages\/1428667\/revisions\/1543064"}],"up":[{"embeddable":true,"href":"https:\/\/laboklin.com\/fr\/wp-json\/wp\/v2\/pages\/1383542"}],"wp:attachment":[{"href":"https:\/\/laboklin.com\/fr\/wp-json\/wp\/v2\/media?parent=1428667"}],"curies":[{"name":"wp","href":"https:\/\/api.w.org\/{rel}","templated":true}]}}