{"id":1428486,"date":"2021-08-26T11:32:42","date_gmt":"2021-08-26T09:32:42","guid":{"rendered":"https:\/\/staging-wp-int.laboklin.com\/newsletter\/"},"modified":"2023-03-10T08:36:35","modified_gmt":"2023-03-10T07:36:35","slug":"newsletter","status":"publish","type":"page","link":"https:\/\/laboklin.com\/fr\/newsletter\/","title":{"rendered":"Newsletter"},"content":{"rendered":"<div class=\"wpb-content-wrapper\"><p>[vc_row type=\u00a0\u00bbvc_default\u00a0\u00bb bg_type=\u00a0\u00bbbg_color\u00a0\u00bb bg_color_value=\u00a0\u00bb#f7f9fa\u00a0\u00bb][vc_column width=\u00a0\u00bb1\/2&Prime;][vc_column_text css=\u00a0\u00bb.vc_custom_1678433467358{margin-top: 30px !important;}\u00a0\u00bb]<\/p>\n<h4>Pour vous inscrire en tant que v\u00e9t\u00e9rinaire afin de recevoir les informations sp\u00e9cialis\u00e9es du laboratoire par e-mail, veuillez vous connecter via<a href=\"https:\/\/app.laboklin.com\/login\"><strong> MyLab<\/strong><\/a> avec vos donn\u00e9es de connexion et veuillez compl\u00e9ter l&rsquo;inscription :<\/h4>\n<p>[\/vc_column_text][\/vc_column][vc_column width=\u00a0\u00bb1\/2&Prime; css=\u00a0\u00bb.vc_custom_1629977819193{margin-top: 30px !important;}\u00a0\u00bb][vc_single_image image=\u00a0\u00bb1310163&Prime; img_size=\u00a0\u00bblarge\u00a0\u00bb onclick=\u00a0\u00bbcustom_link\u00a0\u00bb img_link_target=\u00a0\u00bb_blank\u00a0\u00bb link=\u00a0\u00bbhttps:\/\/app.laboklin.com\/login\u00a0\u00bb css=\u00a0\u00bb.vc_custom_1678433511415{margin-bottom: 30px !important;}\u00a0\u00bb][\/vc_column][\/vc_row]<\/p>\n<\/div>","protected":false},"excerpt":{"rendered":"<p>[vc_row type=\u00a0\u00bbvc_default\u00a0\u00bb bg_type=\u00a0\u00bbbg_color\u00a0\u00bb bg_color_value=\u00a0\u00bb#f7f9fa\u00a0\u00bb][vc_column width=\u00a0\u00bb1\/2&Prime;][vc_column_text css=\u00a0\u00bb.vc_custom_1678433467358{margin-top: 30px !important;}\u00a0\u00bb] Pour vous inscrire en tant que v\u00e9t\u00e9rinaire afin de recevoir les informations sp\u00e9cialis\u00e9es du laboratoire par e-mail, veuillez vous connecter via MyLab avec vos donn\u00e9es de connexion et veuillez compl\u00e9ter l&rsquo;inscription : [\/vc_column_text][\/vc_column][vc_column width=\u00a0\u00bb1\/2&Prime; css=\u00a0\u00bb.vc_custom_1629977819193{margin-top: 30px !important;}\u00a0\u00bb][vc_single_image image=\u00a0\u00bb1310163&Prime; img_size=\u00a0\u00bblarge\u00a0\u00bb onclick=\u00a0\u00bbcustom_link\u00a0\u00bb img_link_target=\u00a0\u00bb_blank\u00a0\u00bb link=\u00a0\u00bbhttps:\/\/app.laboklin.com\/login\u00a0\u00bb css=\u00a0\u00bb.vc_custom_1678433511415{margin-bottom: 30px !important;}\u00a0\u00bb][\/vc_column][\/vc_row]<\/p>\n","protected":false},"author":1,"featured_media":0,"parent":0,"menu_order":12,"comment_status":"closed","ping_status":"closed","template":"","meta":{"_seopress_robots_primary_cat":"","_seopress_titles_title":"","_seopress_titles_desc":"","_seopress_robots_index":"","footnotes":""},"class_list":["post-1428486","page","type-page","status-publish","hentry","description-off"],"_links":{"self":[{"href":"https:\/\/laboklin.com\/fr\/wp-json\/wp\/v2\/pages\/1428486","targetHints":{"allow":["GET"]}}],"collection":[{"href":"https:\/\/laboklin.com\/fr\/wp-json\/wp\/v2\/pages"}],"about":[{"href":"https:\/\/laboklin.com\/fr\/wp-json\/wp\/v2\/types\/page"}],"author":[{"embeddable":true,"href":"https:\/\/laboklin.com\/fr\/wp-json\/wp\/v2\/users\/1"}],"replies":[{"embeddable":true,"href":"https:\/\/laboklin.com\/fr\/wp-json\/wp\/v2\/comments?post=1428486"}],"version-history":[{"count":4,"href":"https:\/\/laboklin.com\/fr\/wp-json\/wp\/v2\/pages\/1428486\/revisions"}],"predecessor-version":[{"id":1448215,"href":"https:\/\/laboklin.com\/fr\/wp-json\/wp\/v2\/pages\/1428486\/revisions\/1448215"}],"wp:attachment":[{"href":"https:\/\/laboklin.com\/fr\/wp-json\/wp\/v2\/media?parent=1428486"}],"curies":[{"name":"wp","href":"https:\/\/api.w.org\/{rel}","templated":true}]}}