{"id":1428282,"date":"2020-07-06T15:15:11","date_gmt":"2020-07-06T13:15:11","guid":{"rendered":"https:\/\/staging-wp-int.laboklin.com\/specialist-information\/preanalytics\/genetic-testing\/"},"modified":"2026-03-18T12:26:46","modified_gmt":"2026-03-18T11:26:46","slug":"analyses-genetiques","status":"publish","type":"page","link":"https:\/\/laboklin.com\/fr\/infotheque\/preanalytique\/analyses-genetiques\/","title":{"rendered":"Analyses g\u00e9n\u00e9tiques"},"content":{"rendered":"<div class=\"wpb-content-wrapper\"><p>[vc_row type=\u00a0\u00bbvc_default\u00a0\u00bb content_placement=\u00a0\u00bbtop\u00a0\u00bb][vc_column][vc_column_text css=\u00a0\u00bb\u00a0\u00bb]Les \u00e9chantillons de <strong>sang total EDTA (environ 1 ml) <\/strong>conviennent pour la d\u00e9tection g\u00e9n\u00e9tique mol\u00e9culaire des maladies h\u00e9r\u00e9ditaires, pour les analyses d&rsquo;ascendance ainsi que pour la d\u00e9termination g\u00e9n\u00e9tique de la couleur du pelage et du groupe sanguin. Pour les chiens et les chats, il est \u00e9galement possible d&rsquo;utiliser des frottis de la muqueuse buccale, appel\u00e9s frottis buccaux. <strong>Deux frottis buccaux<\/strong> (sans milieu de transport) doivent \u00eatre envoy\u00e9s par animal. Pour l&rsquo;\u00e9tablissement de profils ADN ou d&rsquo;expertises g\u00e9n\u00e9alogiques chez les chiens et les chats, nous recommandons toujours d&rsquo;envoyer un \u00e9chantillon de sang.<\/p>\n<p>Chez le cheval, environ 20 racines de poils provenant de la crini\u00e8re ou de la queue conviennent \u00e9galement pour tous les tests g\u00e9n\u00e9tiques afin d&rsquo;isoler l&rsquo;ADN.<\/p>\n<p>Le <strong>sang EDTA<\/strong> est le mat\u00e9riel d&rsquo;\u00e9chantillonnage le plus appropri\u00e9. Il est imp\u00e9ratif d&rsquo;utiliser l&rsquo;EDTA comme anticoagulant. L&rsquo;h\u00e9parine de lithium ou le citrate ne conviennent pas comme anticoagulants, car ils peuvent inhiber la PCR ult\u00e9rieure. Dans de tr\u00e8s rares cas, une h\u00e9molyse due au transport ou un stress extr\u00eame lors du pr\u00e9l\u00e8vement peuvent \u00e9galement emp\u00eacher l&rsquo;obtention d&rsquo;un r\u00e9sultat. La part des \u00e9chantillons sanguins non exploitables est toutefois extr\u00eamement faible (&lt; 1 %).<\/p>\n<p>Les <strong>frottis buccaux<\/strong> constituent un \u00e9chantillon bien adapt\u00e9 aux tests g\u00e9n\u00e9tiques chez les chiens et les chats, \u00e0 condition qu&rsquo;ils soient pr\u00e9lev\u00e9s correctement, selon les r\u00e8gles suivantes :<\/p>\n<ol>\n<li style=\"list-style-type: none;\">\n<ol>\n<li>L&rsquo;animal ne doit rien avoir mang\u00e9 environ 1 heure avant le pr\u00e9l\u00e8vement. Pour les chiots et les chatons, veillez \u00e0 ce qu&rsquo;ils n&rsquo;aient pas \u00e9t\u00e9 allait\u00e9s pendant au moins 2 heures, sinon les cellules maternelles pourraient fausser le r\u00e9sultat.<\/li>\n<li>Lors du pr\u00e9l\u00e8vement, il convient de frotter vigoureusement l&rsquo;int\u00e9rieur de la joue afin d&rsquo;obtenir suffisamment de cellules de la muqueuse buccale sur l&rsquo;\u00e9couvillon. Le test g\u00e9n\u00e9tique ne peut \u00eatre effectu\u00e9 que si une quantit\u00e9 suffisante de mat\u00e9riel g\u00e9n\u00e9tique adh\u00e8re \u00e0 l&rsquo;\u00e9couvillon. La salive seule ne suffit g\u00e9n\u00e9ralement pas pour le test. Attention, les \u00e9couvillons ne doivent pas contenir de sang !<\/li>\n<li>Afin d&#8217;emp\u00eacher la prolif\u00e9ration des bact\u00e9ries et des moisissures, les frottis doivent s\u00e9cher pendant environ 2 \u00e0 4 heures apr\u00e8s le pr\u00e9l\u00e8vement. Le plus simple est de ne pas fermer compl\u00e8tement les tubes pendant cette p\u00e9riode.<\/li>\n<\/ol>\n<\/li>\n<\/ol>\n<p>\u00c9tant donn\u00e9 que les frottis muqueux fournissent nettement moins de mat\u00e9riel cellulaire que les \u00e9chantillons sanguins, il n&rsquo;est pas toujours possible d&rsquo;isoler suffisamment d&rsquo;ADN \u00e0 partir des frottis buccaux pour r\u00e9aliser un test g\u00e9n\u00e9tique. C&rsquo;est le cas pour environ 5 % des frottis buccaux envoy\u00e9s. Nous recommandons d&rsquo;envoyer 2 frottis buccaux par animal afin de disposer de plus de mat\u00e9riel pour l&rsquo;analyse.<\/p>\n<p>Pour les chevaux, les racines des cheveux peuvent \u00eatre utilis\u00e9es pour effectuer des examens g\u00e9n\u00e9tiques. Pour ce faire, environ 20 cheveux de crini\u00e8re ou de queue tir\u00e9s sont n\u00e9cessaires. Si des \u00e9chantillons sont pr\u00e9lev\u00e9s sur divers animaux, les mains doivent \u00eatre nettoy\u00e9es \u00e0 fond apr\u00e8s chaque pr\u00e9l\u00e8vement \u2013 m\u00eame un seul poil d\u2019un animal diff\u00e9rent peut fausser le r\u00e9sultat.<\/p>\n<p>Les cheveux peuvent, par exemple, \u00eatre exp\u00e9di\u00e9s dans de petits sacs en plastique ou dans des enveloppes. Il est cependant absolument n\u00e9cessaire de s&rsquo;assurer que les poils sont plac\u00e9s dans une enveloppe ferm\u00e9e, s\u00e9par\u00e9e du formulaire de soumission, lorsqu&rsquo;ils sont envoy\u00e9s.<\/p>\n<p>En raison d&rsquo;un \u00e9ventuel chim\u00e9risme sanguin, il convient de ne pas envoyer d&rsquo;\u00e9chantillons sanguins provenant de bovins issus de gestations multiples, mais plut\u00f4t, lorsque le test le permet, des racines capillaires, du sperme ou des \u00e9chantillons de tissus. Le test de Zwick fait exception \u00e0 cette r\u00e8gle, car il n\u00e9cessite imp\u00e9rativement un \u00e9chantillon sanguin.<\/p>\n<p>Si vous souhaitez effectuer des tests g\u00e9n\u00e9tiques \u00e0 partir d&rsquo;\u00e9chantillons diff\u00e9rents de ceux mentionn\u00e9s ci-dessus, veuillez nous contacter avant d&rsquo;envoyer vos \u00e9chantillons.[\/vc_column_text][\/vc_column][\/vc_row]<\/p>\n<\/div>","protected":false},"excerpt":{"rendered":"<p>[vc_row type=\u00a0\u00bbvc_default\u00a0\u00bb content_placement=\u00a0\u00bbtop\u00a0\u00bb][vc_column][vc_column_text css=\u00a0\u00bb\u00a0\u00bb]Les \u00e9chantillons de sang total EDTA (environ 1 ml) conviennent pour la d\u00e9tection g\u00e9n\u00e9tique mol\u00e9culaire des maladies h\u00e9r\u00e9ditaires, pour les analyses d&rsquo;ascendance ainsi que pour la d\u00e9termination g\u00e9n\u00e9tique de la couleur du pelage et du groupe sanguin. Pour les chiens et les chats, il est \u00e9galement possible d&rsquo;utiliser des frottis de la&hellip;<\/p>\n","protected":false},"author":1,"featured_media":0,"parent":1383542,"menu_order":11,"comment_status":"closed","ping_status":"closed","template":"","meta":{"_seopress_robots_primary_cat":"","_seopress_titles_title":"","_seopress_titles_desc":"","_seopress_robots_index":"","footnotes":""},"class_list":["post-1428282","page","type-page","status-publish","hentry","description-off"],"_links":{"self":[{"href":"https:\/\/laboklin.com\/fr\/wp-json\/wp\/v2\/pages\/1428282","targetHints":{"allow":["GET"]}}],"collection":[{"href":"https:\/\/laboklin.com\/fr\/wp-json\/wp\/v2\/pages"}],"about":[{"href":"https:\/\/laboklin.com\/fr\/wp-json\/wp\/v2\/types\/page"}],"author":[{"embeddable":true,"href":"https:\/\/laboklin.com\/fr\/wp-json\/wp\/v2\/users\/1"}],"replies":[{"embeddable":true,"href":"https:\/\/laboklin.com\/fr\/wp-json\/wp\/v2\/comments?post=1428282"}],"version-history":[{"count":2,"href":"https:\/\/laboklin.com\/fr\/wp-json\/wp\/v2\/pages\/1428282\/revisions"}],"predecessor-version":[{"id":1543059,"href":"https:\/\/laboklin.com\/fr\/wp-json\/wp\/v2\/pages\/1428282\/revisions\/1543059"}],"up":[{"embeddable":true,"href":"https:\/\/laboklin.com\/fr\/wp-json\/wp\/v2\/pages\/1383542"}],"wp:attachment":[{"href":"https:\/\/laboklin.com\/fr\/wp-json\/wp\/v2\/media?parent=1428282"}],"curies":[{"name":"wp","href":"https:\/\/api.w.org\/{rel}","templated":true}]}}