{"id":1427730,"date":"2021-02-05T12:50:01","date_gmt":"2021-02-05T11:50:01","guid":{"rendered":"https:\/\/staging-wp-int.laboklin.com\/specialist-information\/preanalytics\/reordering-tests\/"},"modified":"2026-03-18T15:13:07","modified_gmt":"2026-03-18T14:13:07","slug":"demande-de-tests-complementaires","status":"publish","type":"page","link":"https:\/\/laboklin.com\/fr\/infotheque\/preanalytique\/demande-de-tests-complementaires\/","title":{"rendered":"Demande de tests compl\u00e9mentaires"},"content":{"rendered":"<div class=\"wpb-content-wrapper\"><p>[vc_row type=\u00a0\u00bbvc_default\u00a0\u00bb content_placement=\u00a0\u00bbtop\u00a0\u00bb][vc_column][vc_column_text css=\u00a0\u00bb\u00a0\u00bb]Vous pouvez demander des analyses compl\u00e9mentaires pour des \u00e9chantillons d\u00e9j\u00e0 envoy\u00e9s en indiquant le num\u00e9ro de r\u00e9sultat, \u00e0 condition que<\/p>\n<ul>\n<li>la demande soit effectu\u00e9e pendant la dur\u00e9e de conservation des \u00e9chantillons (voir ci-dessous)<\/li>\n<li>l&rsquo;\u00e9chantillon contienne une quantit\u00e9 suffisante de mat\u00e9riel<\/li>\n<li>l&rsquo;\u00e2ge maximal de l&rsquo;\u00e9chantillon, le cas \u00e9ch\u00e9ant, ne soit pas d\u00e9pass\u00e9 pour l&rsquo;analyse nouvellement demand\u00e9e (par exemple pour la morphologie ou la cytom\u00e9trie en flux). Les param\u00e8tres n\u00e9cessitant des conditions pr\u00e9-analytiques particuli\u00e8res (r\u00e9frig\u00e9ration ou cong\u00e9lation) ne peuvent g\u00e9n\u00e9ralement pas faire l&rsquo;objet d&rsquo;une demande suppl\u00e9mentaire.<\/li>\n<\/ul>\n<p>Les commandes suppl\u00e9mentaires peuvent \u00eatre pass\u00e9es<\/p>\n<ul>\n<li>par e-mail \u00e0 l&rsquo;adresse <a href=\"mailto:nachbestellung@laboklin.com\">nachbestellung@laboklin.com<\/a><\/li>\n<li>via \u00ab MonLAB\u00bb<\/li>\n<li>par t\u00e9l\u00e9phone (0971 \/ 7202-0) aupr\u00e8s du standard ou dans le cadre d&rsquo;une consultation sp\u00e9cialis\u00e9e<\/li>\n<li>par fax au +49 (0)971 \/ 68546<\/li>\n<li>par courrier postal<\/li>\n<\/ul>\n<p>La dur\u00e9e de conservation d\u00e9pend du type d&rsquo;\u00e9chantillon et de l&rsquo;objet de l&rsquo;envoi, c&rsquo;est-\u00e0-dire du type d&rsquo;analyse initialement demand\u00e9. Les d\u00e9lais indiqu\u00e9s ci-dessous s&rsquo;appliquent aux \u00e9chantillons analys\u00e9s \u00e0 Bad Kissingen (situation : d\u00e9cembre 2023).<\/p>\n<p>&nbsp;<\/p>\n<p><strong>Conservation apr\u00e8s des analyses de chimie clinique, des tests d&rsquo;allergie, des examens s\u00e9rologiques (d\u00e9tection d&rsquo;anticorps ; d\u00e9tection d&rsquo;antig\u00e8nes, \u00e0 l&rsquo;exception de ceux provenant des selles) :<\/strong><\/p>\n<p>s\u00e9rum, plasma h\u00e9parin\u00e9, plasma citrat\u00e9, plasma EDTA : 14 jours<\/p>\n<p>sang EDTA, sang h\u00e9parin\u00e9 : 7 jours<\/p>\n<p>urine : 7 jours<\/p>\n<p>calculs urinaires : 7 jours (dans la plupart des cas, toutefois, l&rsquo;\u00e9chantillon doit \u00eatre utilis\u00e9 dans son int\u00e9gralit\u00e9 pour l&rsquo;analyse)<\/p>\n<p>ponctions et LCR : 7 jours<\/p>\n<p>frottis sanguins : 14 jours<\/p>\n<p>&nbsp;<\/p>\n<p><strong>Conservation apr\u00e8s examen bact\u00e9riologique, mycologique et parasitologique (cultures, tous les examens de selles, y compris la recherche d&rsquo;antig\u00e8nes dans les selles), examens visant \u00e0 d\u00e9tecter une maldigestion :<\/strong><\/p>\n<p>Selles : 7 jours<\/p>\n<p>Peau\/poils, frottis, urine, lait : 14 jours<\/p>\n<p>\u00c9ruptions ponctu\u00e9es : 4 semaines<\/p>\n<p>Microbes isol\u00e9s : 7 jours<\/p>\n<p>&nbsp;<\/p>\n<p><strong>Conservation apr\u00e8s d\u00e9tection de l&rsquo;agent pathog\u00e8ne par PCR :<\/strong><\/p>\n<p>Quel que soit le type d&rsquo;\u00e9chantillon (sang, LCR, urine, frottis, tissu, plume, etc.) : 2 \u00e0 3 semaines<\/p>\n<p>ADN\/ARN extrait : 1 an<\/p>\n<p>Veuillez noter que l&rsquo;ADN\/ARN extrait convient exclusivement \u00e0 la demande ult\u00e9rieure d&rsquo;analyses compl\u00e9mentaires par PCR ou par des m\u00e9thodes g\u00e9n\u00e9tiques, mais pas aux analyses n\u00e9cessitant la culture de micro-organismes. Il n&rsquo;est donc pas possible de demander un test de r\u00e9sistance a posteriori si l&rsquo;\u00e9chantillon a \u00e9t\u00e9 envoy\u00e9 pour la d\u00e9tection de l&rsquo;agent pathog\u00e8ne par PCR.<\/p>\n<p>&nbsp;<\/p>\n<p><strong>Conservation apr\u00e8s examen histopathologique :<\/strong><\/p>\n<p>mat\u00e9riel humide (\u00e9chantillons de tissus) : 3 semaines<\/p>\n<p>lames de cytologie \/ \u00e9chantillons cytologiques : 3 semaines<\/p>\n<p>blocs de paraffine et coupes : 5 ans<\/p>\n<p><strong>Conservation apr\u00e8s d\u00e9pistage des maladies h\u00e9r\u00e9ditaires ou de la couleur du pelage \/ d\u00e9termination de la race et de l&rsquo;ascendance :<\/strong><\/p>\n<p>ADN extrait : au moins 5 ans<\/p>\n<p>&nbsp;<\/p>\n<p><strong>Conservation apr\u00e8s d\u00e9termination du sexe chez l&rsquo;oiseau :<\/strong><\/p>\n<p>ADN extrait : 1 an[\/vc_column_text][\/vc_column][\/vc_row]<\/p>\n<\/div>","protected":false},"excerpt":{"rendered":"<p>[vc_row type=\u00a0\u00bbvc_default\u00a0\u00bb content_placement=\u00a0\u00bbtop\u00a0\u00bb][vc_column][vc_column_text css=\u00a0\u00bb\u00a0\u00bb]Vous pouvez demander des analyses compl\u00e9mentaires pour des \u00e9chantillons d\u00e9j\u00e0 envoy\u00e9s en indiquant le num\u00e9ro de r\u00e9sultat, \u00e0 condition que la demande soit effectu\u00e9e pendant la dur\u00e9e de conservation des \u00e9chantillons (voir ci-dessous) l&rsquo;\u00e9chantillon contienne une quantit\u00e9 suffisante de mat\u00e9riel l&rsquo;\u00e2ge maximal de l&rsquo;\u00e9chantillon, le cas \u00e9ch\u00e9ant, ne soit pas d\u00e9pass\u00e9 pour&hellip;<\/p>\n","protected":false},"author":1,"featured_media":0,"parent":1383542,"menu_order":10,"comment_status":"closed","ping_status":"closed","template":"","meta":{"_seopress_robots_primary_cat":"","_seopress_titles_title":"","_seopress_titles_desc":"","_seopress_robots_index":"","footnotes":""},"class_list":["post-1427730","page","type-page","status-publish","hentry","description-off"],"_links":{"self":[{"href":"https:\/\/laboklin.com\/fr\/wp-json\/wp\/v2\/pages\/1427730","targetHints":{"allow":["GET"]}}],"collection":[{"href":"https:\/\/laboklin.com\/fr\/wp-json\/wp\/v2\/pages"}],"about":[{"href":"https:\/\/laboklin.com\/fr\/wp-json\/wp\/v2\/types\/page"}],"author":[{"embeddable":true,"href":"https:\/\/laboklin.com\/fr\/wp-json\/wp\/v2\/users\/1"}],"replies":[{"embeddable":true,"href":"https:\/\/laboklin.com\/fr\/wp-json\/wp\/v2\/comments?post=1427730"}],"version-history":[{"count":1,"href":"https:\/\/laboklin.com\/fr\/wp-json\/wp\/v2\/pages\/1427730\/revisions"}],"predecessor-version":[{"id":1543106,"href":"https:\/\/laboklin.com\/fr\/wp-json\/wp\/v2\/pages\/1427730\/revisions\/1543106"}],"up":[{"embeddable":true,"href":"https:\/\/laboklin.com\/fr\/wp-json\/wp\/v2\/pages\/1383542"}],"wp:attachment":[{"href":"https:\/\/laboklin.com\/fr\/wp-json\/wp\/v2\/media?parent=1427730"}],"curies":[{"name":"wp","href":"https:\/\/api.w.org\/{rel}","templated":true}]}}