{"id":1427352,"date":"2021-02-05T16:55:48","date_gmt":"2021-02-05T15:55:48","guid":{"rendered":"https:\/\/staging-wp-int.laboklin.com\/specialist-information\/preanalytics\/labelling\/"},"modified":"2026-03-18T14:56:44","modified_gmt":"2026-03-18T13:56:44","slug":"etiquetage","status":"publish","type":"page","link":"https:\/\/laboklin.com\/fr\/infotheque\/preanalytique\/etiquetage\/","title":{"rendered":"\u00c9tiquetage"},"content":{"rendered":"<div class=\"wpb-content-wrapper\"><p>[vc_row type=\u00a0\u00bbvc_default\u00a0\u00bb content_placement=\u00a0\u00bbtop\u00a0\u00bb][vc_column][vc_column_text css=\u00a0\u00bb.vc_custom_1773842141524{margin-top: 25px !important;}\u00a0\u00bb]<\/p>\n<h3>\u00c9tiquetage<\/h3>\n<p>Le nom de l&rsquo;animal ou du propri\u00e9taire doit \u00eatre clairement indiqu\u00e9 sur la demande et l&rsquo;\u00e9chantillon. Il est \u00e9galement possible d&rsquo;utiliser des codes-barres pour identifier l&rsquo;\u00e9chantillon et la demande sans risque de confusion ; ceux-ci sont automatiquement joints aux demandes lors de la commande.<\/p>\n<p>Pour les tests fonctionnels, indiquer \u00e9galement l&rsquo;heure du pr\u00e9l\u00e8vement.<\/p>\n<p>&nbsp;<\/p>\n<h3>\u00c9tiquettes \u00e0 code-barres :<\/h3>\n<p>Une feuille contient les \u00e9tiquettes pour 6 patients, dispos\u00e9es les unes sous les autres. Pour chaque patient, vous trouverez des \u00e9tiquettes destin\u00e9es \u00e0 votre carnet de laboratoire, \u00e0 la demande d&rsquo;analyse et au marquage des tubes ou flacons d&rsquo;\u00e9chantillons \u00e0 envoyer.<\/p>\n<p>Il existe une \u00e9tiquette pr\u00e9-imprim\u00e9e pour le s\u00e9rum et l&rsquo;EDTA ; pour les autres \u00e9tiquettes, le type de mat\u00e9riel doit \u00eatre indiqu\u00e9 \u00e0 la main.<\/p>\n<p>Veuillez coller le code-barres exactement sur l&rsquo;\u00e9tiquette du tube, de mani\u00e8re \u00e0 ce que le contenu reste visible \u00e0 travers les zones non recouvertes.<\/p>\n<p>&nbsp;<\/p>\n<p><img loading=\"lazy\" decoding=\"async\" class=\"alignnone size-full wp-image-1543084\" src=\"https:\/\/laboklin.com\/wp-content\/uploads\/2026\/03\/envoi_FR_Etiquetage.jpg\" alt=\"\" width=\"1000\" height=\"886\" srcset=\"https:\/\/laboklin.com\/wp-content\/uploads\/2026\/03\/envoi_FR_Etiquetage.jpg 1000w, https:\/\/laboklin.com\/wp-content\/uploads\/2026\/03\/envoi_FR_Etiquetage-300x266.jpg 300w, https:\/\/laboklin.com\/wp-content\/uploads\/2026\/03\/envoi_FR_Etiquetage-768x680.jpg 768w\" sizes=\"auto, (max-width: 1000px) 100vw, 1000px\" \/>[\/vc_column_text][\/vc_column][\/vc_row]<\/p>\n<\/div>","protected":false},"excerpt":{"rendered":"<p>[vc_row type=\u00a0\u00bbvc_default\u00a0\u00bb content_placement=\u00a0\u00bbtop\u00a0\u00bb][vc_column][vc_column_text css=\u00a0\u00bb.vc_custom_1773842141524{margin-top: 25px !important;}\u00a0\u00bb] \u00c9tiquetage Le nom de l&rsquo;animal ou du propri\u00e9taire doit \u00eatre clairement indiqu\u00e9 sur la demande et l&rsquo;\u00e9chantillon. Il est \u00e9galement possible d&rsquo;utiliser des codes-barres pour identifier l&rsquo;\u00e9chantillon et la demande sans risque de confusion ; ceux-ci sont automatiquement joints aux demandes lors de la commande. Pour les tests fonctionnels,&hellip;<\/p>\n","protected":false},"author":1,"featured_media":0,"parent":1383542,"menu_order":9,"comment_status":"closed","ping_status":"closed","template":"","meta":{"_seopress_robots_primary_cat":"","_seopress_titles_title":"","_seopress_titles_desc":"","_seopress_robots_index":"","footnotes":""},"class_list":["post-1427352","page","type-page","status-publish","hentry","description-off"],"_links":{"self":[{"href":"https:\/\/laboklin.com\/fr\/wp-json\/wp\/v2\/pages\/1427352","targetHints":{"allow":["GET"]}}],"collection":[{"href":"https:\/\/laboklin.com\/fr\/wp-json\/wp\/v2\/pages"}],"about":[{"href":"https:\/\/laboklin.com\/fr\/wp-json\/wp\/v2\/types\/page"}],"author":[{"embeddable":true,"href":"https:\/\/laboklin.com\/fr\/wp-json\/wp\/v2\/users\/1"}],"replies":[{"embeddable":true,"href":"https:\/\/laboklin.com\/fr\/wp-json\/wp\/v2\/comments?post=1427352"}],"version-history":[{"count":11,"href":"https:\/\/laboklin.com\/fr\/wp-json\/wp\/v2\/pages\/1427352\/revisions"}],"predecessor-version":[{"id":1543102,"href":"https:\/\/laboklin.com\/fr\/wp-json\/wp\/v2\/pages\/1427352\/revisions\/1543102"}],"up":[{"embeddable":true,"href":"https:\/\/laboklin.com\/fr\/wp-json\/wp\/v2\/pages\/1383542"}],"wp:attachment":[{"href":"https:\/\/laboklin.com\/fr\/wp-json\/wp\/v2\/media?parent=1427352"}],"curies":[{"name":"wp","href":"https:\/\/api.w.org\/{rel}","templated":true}]}}