{"id":1426578,"date":"2020-07-06T15:14:05","date_gmt":"2020-07-06T13:14:05","guid":{"rendered":"https:\/\/staging-wp-int.laboklin.com\/specialist-information\/preanalytics\/polymerase-chain-reaction-pcr\/"},"modified":"2026-03-18T12:18:34","modified_gmt":"2026-03-18T11:18:34","slug":"reaction-en-chaine-par-polymerase-pcr","status":"publish","type":"page","link":"https:\/\/laboklin.com\/fr\/infotheque\/preanalytique\/reaction-en-chaine-par-polymerase-pcr\/","title":{"rendered":"R\u00e9action en cha\u00eene par polym\u00e9rase (PCR)"},"content":{"rendered":"<div class=\"wpb-content-wrapper\"><p>[vc_row type=\u00a0\u00bbvc_default\u00a0\u00bb content_placement=\u00a0\u00bbtop\u00a0\u00bb][vc_column][vc_column_text css=\u00a0\u00bb\u00a0\u00bb]La PCR est une m\u00e9thode tr\u00e8s sensible et sp\u00e9cifique permettant la d\u00e9tection directe d&rsquo;agents infectieux. La PCR permet de multiplier et de d\u00e9tecter des segments g\u00e9n\u00e9tiques caract\u00e9ristiques des agents pathog\u00e8nes concern\u00e9s, y compris, le cas \u00e9ch\u00e9ant, ceux de germes qui ne sont plus capables de se multiplier.<\/p>\n<p>Le mat\u00e9riel \u00e0 envoyer pour la PCR d\u00e9pend essentiellement de l&rsquo;agent pathog\u00e8ne \u00e0 d\u00e9tecter et des sympt\u00f4mes ou de la question pos\u00e9e. Selon la propagation de l&rsquo;agent pathog\u00e8ne dans l&rsquo;organisme et son \u00e9limination, diff\u00e9rents types de mat\u00e9riel sont appropri\u00e9s.<\/p>\n<p>Les agents pathog\u00e8nes responsables d&rsquo;une vir\u00e9mie, d&rsquo;une parasit\u00e9mie ou d&rsquo;une bact\u00e9ri\u00e9mie peuvent \u00eatre d\u00e9tect\u00e9s directement dans un \u00e9chantillon de <strong>sang EDTA (EB)<\/strong> \u00e0 ce stade de l&rsquo;infection. L&rsquo;h\u00e9parine de lithium comme anticoagulant est moins appropri\u00e9e, car elle peut inhiber la PCR. <strong>Pour les \u00e9chantillons de sang, comme pour les autres \u00e9chantillons liquides, une quantit\u00e9 d&rsquo;au moins 0,2 ml est n\u00e9cessaire.<\/strong><\/p>\n<p>Contrairement \u00e0 l&rsquo;examen bact\u00e9riologique\/mycologique culturel, il est recommand\u00e9 d&rsquo;utiliser des <strong>\u00e9couvillons st\u00e9riles sans milieu de transport<\/strong> (frottis sans milieu (A), \u00e9couvillon sans milieu, \u00e9couvillon sec) pour les examens PCR. Lorsque la concentration en agents pathog\u00e8nes est faible, les frottis r\u00e9alis\u00e9s dans un milieu peuvent entra\u00eener des r\u00e9sultats faussement n\u00e9gatifs. Il y a quelques exceptions o\u00f9 un moyen de transport sp\u00e9cial est n\u00e9cessaire. Les \u00e9couvillons peuvent \u00eatre humidifi\u00e9s avec une solution saline physiologique pour le pr\u00e9l\u00e8vement d&rsquo;\u00e9chantillons. Les cytobrushes (\u00e9couvillons \u00e0 brosse) conviennent \u00e9galement aux tests PCR. Ils peuvent \u00eatre envoy\u00e9s dans un tube st\u00e9rile non rev\u00eatu.<\/p>\n<p>Pour d\u00e9tecter la pr\u00e9sence d&rsquo;agents pathog\u00e8nes dans les selles, il faut des \u00e9chantillons de la taille d&rsquo;une noisette environ. Pour certains agents pathog\u00e8nes (par exemple le coronavirus, Tritrichomonas foetus), nous recommandons de collecter des \u00e9chantillons de selles pendant 3 jours, car ces agents pathog\u00e8nes sont excr\u00e9t\u00e9s de mani\u00e8re intermittente dans les selles.<\/p>\n<p>Les autres \u00e9chantillons, tels que les biopsies cutan\u00e9es, les tissus organiques, l&rsquo;urine, le liquide synovial, le liquide c\u00e9phalo-rachidien, la moelle osseuse et les ponctions ganglionnaires, doivent \u00eatre envoy\u00e9s dans des tubes st\u00e9riles non rev\u00eatus pour les tests PCR. Les solutions de fixation telles que le formol ou autres peuvent entra\u00eener une d\u00e9gradation de l&rsquo;ADN, une inhibition de la PCR et donc des r\u00e9sultats faussement n\u00e9gatifs.<\/p>\n<p>En r\u00e8gle g\u00e9n\u00e9rale, les \u00e9chantillons ne doivent pas \u00eatre exp\u00e9di\u00e9s r\u00e9frig\u00e9r\u00e9s. Jusqu&rsquo;\u00e0 leur exp\u00e9dition, les \u00e9chantillons peuvent \u00eatre conserv\u00e9s au r\u00e9frig\u00e9rateur entre 2 et 8 \u00b0C. Il faut absolument \u00e9viter les cycles r\u00e9p\u00e9t\u00e9s de cong\u00e9lation\/d\u00e9cong\u00e9lation.<\/p>\n<p>Attention : il n&rsquo;est pas possible de r\u00e9aliser un antibiogramme apr\u00e8s un test PCR.[\/vc_column_text][\/vc_column][\/vc_row]<\/p>\n<\/div>","protected":false},"excerpt":{"rendered":"<p>[vc_row type=\u00a0\u00bbvc_default\u00a0\u00bb content_placement=\u00a0\u00bbtop\u00a0\u00bb][vc_column][vc_column_text css=\u00a0\u00bb\u00a0\u00bb]La PCR est une m\u00e9thode tr\u00e8s sensible et sp\u00e9cifique permettant la d\u00e9tection directe d&rsquo;agents infectieux. La PCR permet de multiplier et de d\u00e9tecter des segments g\u00e9n\u00e9tiques caract\u00e9ristiques des agents pathog\u00e8nes concern\u00e9s, y compris, le cas \u00e9ch\u00e9ant, ceux de germes qui ne sont plus capables de se multiplier. Le mat\u00e9riel \u00e0 envoyer pour&hellip;<\/p>\n","protected":false},"author":1,"featured_media":0,"parent":1383542,"menu_order":7,"comment_status":"closed","ping_status":"closed","template":"","meta":{"_seopress_robots_primary_cat":"","_seopress_titles_title":"","_seopress_titles_desc":"","_seopress_robots_index":"","footnotes":""},"class_list":["post-1426578","page","type-page","status-publish","hentry","description-off"],"_links":{"self":[{"href":"https:\/\/laboklin.com\/fr\/wp-json\/wp\/v2\/pages\/1426578","targetHints":{"allow":["GET"]}}],"collection":[{"href":"https:\/\/laboklin.com\/fr\/wp-json\/wp\/v2\/pages"}],"about":[{"href":"https:\/\/laboklin.com\/fr\/wp-json\/wp\/v2\/types\/page"}],"author":[{"embeddable":true,"href":"https:\/\/laboklin.com\/fr\/wp-json\/wp\/v2\/users\/1"}],"replies":[{"embeddable":true,"href":"https:\/\/laboklin.com\/fr\/wp-json\/wp\/v2\/comments?post=1426578"}],"version-history":[{"count":3,"href":"https:\/\/laboklin.com\/fr\/wp-json\/wp\/v2\/pages\/1426578\/revisions"}],"predecessor-version":[{"id":1543056,"href":"https:\/\/laboklin.com\/fr\/wp-json\/wp\/v2\/pages\/1426578\/revisions\/1543056"}],"up":[{"embeddable":true,"href":"https:\/\/laboklin.com\/fr\/wp-json\/wp\/v2\/pages\/1383542"}],"wp:attachment":[{"href":"https:\/\/laboklin.com\/fr\/wp-json\/wp\/v2\/media?parent=1426578"}],"curies":[{"name":"wp","href":"https:\/\/api.w.org\/{rel}","templated":true}]}}