{"id":1424124,"date":"2020-07-06T11:59:28","date_gmt":"2020-07-06T09:59:28","guid":{"rendered":"https:\/\/staging-wp-int.laboklin.com\/specialist-information\/preanalytics\/microbiology\/"},"modified":"2026-03-18T11:46:27","modified_gmt":"2026-03-18T10:46:27","slug":"microbiologie","status":"publish","type":"page","link":"https:\/\/laboklin.com\/fr\/infotheque\/preanalytique\/microbiologie\/","title":{"rendered":"Microbiologie"},"content":{"rendered":"<div class=\"wpb-content-wrapper\"><p>[vc_row][vc_column][vc_column_text css=\u00a0\u00bb\u00a0\u00bb]\u2013 Il est important que le pr\u00e9l\u00e8vement soit effectu\u00e9 dans des conditions aussi st\u00e9riles que possible afin d&rsquo;\u00e9viter toute contamination par la flore physiologique et\/ou ubiquitaire.<\/p>\n<p>\u2013 Les frottis destin\u00e9s \u00e0 la bact\u00e9riologie (germes a\u00e9robies et ana\u00e9robies) et \u00e0 la mycologie doivent \u00eatre envoy\u00e9s avec un milieu de transport (\u00e9couvillon dans le milieu, TM) afin de prot\u00e9ger les germes pendant le transport.<\/p>\n<p>\u2013 Pour plus d&rsquo;informations concernant les pr\u00e9l\u00e8vements sans milieu de transport, voir la rubrique Preanalytics: <a href=\"https:\/\/laboklin.com\/fr\/infotheque\/preanalytique\/polymerase-chain-reaction-pcr\/\">R\u00e9action en cha\u00eene de la polym\u00e9rase (PCR)<\/a><\/p>\n<p>\u2013 Si un examen culturel et un test PCR doivent \u00eatre effectu\u00e9s, veuillez envoyer deux pr\u00e9l\u00e8vements (un pr\u00e9l\u00e8vement avec milieu de transport et un pr\u00e9l\u00e8vement sans milieu de transport).<\/p>\n<p>\u2013 L&rsquo;urine doit \u00eatre envoy\u00e9e dans un tube st\u00e9rile \u00e0 l&rsquo;aide d&rsquo;un \u00e9couvillon avec milieu de transport ou d&rsquo;Uricult, en combinaison avec l&rsquo;\u00e9chantillon d&rsquo;urine. En cas d&rsquo;envoi d&rsquo;urine provenant d&rsquo;une cystocent\u00e8se, veuillez imp\u00e9rativement retirer la canule.<\/p>\n<p>\u2013 Les cheveux et\/ou les raclages cutan\u00e9s (sans scalpel !) destin\u00e9s au diagnostic des dermatophytes doivent \u00eatre envoy\u00e9s de pr\u00e9f\u00e9rence dans un r\u00e9cipient st\u00e9rile, un sac en papier ou une feuille d&rsquo;aluminium.<\/p>\n<p>\u2013 Pour l\u2019envoi de f\u00e8ces\/excr\u00e9ments, des tubes de transport sp\u00e9ciaux doivent \u00eatre utilis\u00e9s, pas de sacs ou des gants nou\u00e9s; de m\u00eame, il ne faut pas utiliser de r\u00e9cipients en verre.<\/p>\n<p>\u2013 Pour les pr\u00e9l\u00e8vements effectu\u00e9s dans des cavit\u00e9s corporelles principalement st\u00e9riles, il est recommand\u00e9 d&rsquo;utiliser le flacon d&rsquo;h\u00e9moculture Peds Plus\u2122 ; l&rsquo;\u00e9chantillon ne doit pas \u00eatre r\u00e9frig\u00e9r\u00e9.<\/p>\n<p><strong>Les flacons pour h\u00e9moculture sont disponibles sur commande \u00e9crite pr\u00e9alable (frais suppl\u00e9mentaires)<\/strong>. Vous trouverez des informations sur les diff\u00e9rents flacons pour h\u00e9moculture propos\u00e9s dans la rubrique Mat\u00e9riel pour pr\u00e9l\u00e8vements\/exp\u00e9dition.<\/p>\n<p>\u2013 Pour tous les frottis destin\u00e9s \u00e0 la bact\u00e9riologie, la localisation (lieu de pr\u00e9l\u00e8vement) et l&rsquo;esp\u00e8ce animale doivent \u00eatre indiqu\u00e9es dans la demande d&rsquo;analyse. Ces informations sont notamment n\u00e9cessaires pour l&rsquo;\u00e9valuation des antibiogrammes, mais aussi en cas de suspicion d&rsquo;agents pathog\u00e8nes respiratoires, tels que Bordetella bronchiseptica et Histophilus somni, car des milieux de culture sp\u00e9ciaux sont alors requis\u00a0!<br \/>\nPour la d\u00e9tection d&rsquo;Histophilus somni et de Mannheimia haemolytica, l&rsquo;\u00e9couvillon doit \u00eatre pr\u00e9lev\u00e9 en profondeur.<\/p>\n<p>&nbsp;<\/p>\n<p>[\/vc_column_text][\/vc_column][\/vc_row]<\/p>\n<\/div>","protected":false},"excerpt":{"rendered":"<p>[vc_row][vc_column][vc_column_text css=\u00a0\u00bb\u00a0\u00bb]\u2013 Il est important que le pr\u00e9l\u00e8vement soit effectu\u00e9 dans des conditions aussi st\u00e9riles que possible afin d&rsquo;\u00e9viter toute contamination par la flore physiologique et\/ou ubiquitaire. \u2013 Les frottis destin\u00e9s \u00e0 la bact\u00e9riologie (germes a\u00e9robies et ana\u00e9robies) et \u00e0 la mycologie doivent \u00eatre envoy\u00e9s avec un milieu de transport (\u00e9couvillon dans le milieu, TM)&hellip;<\/p>\n","protected":false},"author":1,"featured_media":0,"parent":1383542,"menu_order":3,"comment_status":"closed","ping_status":"closed","template":"","meta":{"_seopress_robots_primary_cat":"","_seopress_titles_title":"","_seopress_titles_desc":"","_seopress_robots_index":"","footnotes":""},"class_list":["post-1424124","page","type-page","status-publish","hentry","description-off"],"_links":{"self":[{"href":"https:\/\/laboklin.com\/fr\/wp-json\/wp\/v2\/pages\/1424124","targetHints":{"allow":["GET"]}}],"collection":[{"href":"https:\/\/laboklin.com\/fr\/wp-json\/wp\/v2\/pages"}],"about":[{"href":"https:\/\/laboklin.com\/fr\/wp-json\/wp\/v2\/types\/page"}],"author":[{"embeddable":true,"href":"https:\/\/laboklin.com\/fr\/wp-json\/wp\/v2\/users\/1"}],"replies":[{"embeddable":true,"href":"https:\/\/laboklin.com\/fr\/wp-json\/wp\/v2\/comments?post=1424124"}],"version-history":[{"count":5,"href":"https:\/\/laboklin.com\/fr\/wp-json\/wp\/v2\/pages\/1424124\/revisions"}],"predecessor-version":[{"id":1543051,"href":"https:\/\/laboklin.com\/fr\/wp-json\/wp\/v2\/pages\/1424124\/revisions\/1543051"}],"up":[{"embeddable":true,"href":"https:\/\/laboklin.com\/fr\/wp-json\/wp\/v2\/pages\/1383542"}],"wp:attachment":[{"href":"https:\/\/laboklin.com\/fr\/wp-json\/wp\/v2\/media?parent=1424124"}],"curies":[{"name":"wp","href":"https:\/\/api.w.org\/{rel}","templated":true}]}}