{"id":1423691,"date":"2021-11-12T07:36:52","date_gmt":"2021-11-12T06:36:52","guid":{"rendered":"https:\/\/staging-wp-int.laboklin.com\/products\/genetics\/genetic-combinations\/horse\/combination-paint-horse\/"},"modified":"2022-11-21T21:11:06","modified_gmt":"2022-11-21T20:11:06","slug":"combination-paint-horse","status":"publish","type":"page","link":"https:\/\/laboklin.com\/fr\/prestations\/genetique\/combinaison-genetique\/horse\/combination-paint-horse\/","title":{"rendered":"Combination Paint Horse"},"content":{"rendered":"<h3 class=\"csc-firstHeader\">Combination Paint Horse<\/h3><p><span>LABOKLIN Service ID: 8671<\/span><\/p><p class=\"bodytext\">The following tests are included in the combination: <br \/>\nEMH (Equine maligne Hyperthermie), GBED (Glycogen branching enzyme deficiency), HERDA (Hereditary equine regionale dermale asthenia), HYPP (Hyperkali\u00e4mische periodische Paralyse), OLWS (T\u00f6dlicher wei\u00dfer Overodefekt), PSSM (Polysaccharid-Speicher-Myopathie)<\/p><table class=\"tx-laboklinleistung-table contenttable contenttable-2\" style=\"margin-top: 35px;\"><tr><td class=\"td-0\"><strong>Method<\/strong><\/td><td class=\"td-1\"><p class=\"bodytext\">TaqMan SNP assay<\/p><\/td><\/tr><tr><td class=\"td-0\"><strong>Breed list<\/strong><\/td><td class=\"td-1\"><p class=\"bodytext\">Appaloosa, Paint Horse, Quarter Horse, Quarter pony<\/p><\/td><\/tr><tr><td class=\"td-0\"><strong>Heredity<\/strong><\/td><td class=\"td-1\"><p class=\"bodytext\">Further information could be found in the description of the corresponding genetic test<\/p><\/td><\/tr><tr><td class=\"td-0\"><strong>Duration<\/strong><\/td><td class=\"td-1\"><p class=\"bodytext\">3 - 5 days after arrival of the sample in the lab<\/p><\/td><\/tr><\/table>\n","protected":false},"excerpt":{"rendered":"<p>Combination Paint HorseLABOKLIN Service ID: 8671The following tests are included in the combination: EMH (Equine maligne Hyperthermie), GBED (Glycogen branching enzyme deficiency), HERDA (Hereditary equine regionale dermale asthenia), HYPP (Hyperkali\u00e4mische periodische Paralyse), OLWS (T\u00f6dlicher wei\u00dfer Overodefekt), PSSM (Polysaccharid-Speicher-Myopathie)MethodTaqMan SNP assayBreed listAppaloosa, Paint Horse, Quarter Horse, Quarter ponyHeredityFurther information could be found in the description of&hellip;<\/p>\n","protected":false},"author":1,"featured_media":0,"parent":1422647,"menu_order":3,"comment_status":"closed","ping_status":"closed","template":"","meta":{"_seopress_robots_primary_cat":"","_seopress_titles_title":"","_seopress_titles_desc":"","_seopress_robots_index":"","footnotes":""},"class_list":["post-1423691","page","type-page","status-publish","hentry","description-off"],"_links":{"self":[{"href":"https:\/\/laboklin.com\/fr\/wp-json\/wp\/v2\/pages\/1423691","targetHints":{"allow":["GET"]}}],"collection":[{"href":"https:\/\/laboklin.com\/fr\/wp-json\/wp\/v2\/pages"}],"about":[{"href":"https:\/\/laboklin.com\/fr\/wp-json\/wp\/v2\/types\/page"}],"author":[{"embeddable":true,"href":"https:\/\/laboklin.com\/fr\/wp-json\/wp\/v2\/users\/1"}],"replies":[{"embeddable":true,"href":"https:\/\/laboklin.com\/fr\/wp-json\/wp\/v2\/comments?post=1423691"}],"version-history":[{"count":0,"href":"https:\/\/laboklin.com\/fr\/wp-json\/wp\/v2\/pages\/1423691\/revisions"}],"up":[{"embeddable":true,"href":"https:\/\/laboklin.com\/fr\/wp-json\/wp\/v2\/pages\/1422647"}],"wp:attachment":[{"href":"https:\/\/laboklin.com\/fr\/wp-json\/wp\/v2\/media?parent=1423691"}],"curies":[{"name":"wp","href":"https:\/\/api.w.org\/{rel}","templated":true}]}}