{"id":1423175,"date":"2020-07-06T11:53:44","date_gmt":"2020-07-06T09:53:44","guid":{"rendered":"https:\/\/staging-wp-int.laboklin.com\/specialist-information\/preanalytics\/blood-plasma-serum-samples\/"},"modified":"2026-03-18T10:49:27","modified_gmt":"2026-03-18T09:49:27","slug":"echantillons-de-sang-de-plasma-et-de-serum","status":"publish","type":"page","link":"https:\/\/laboklin.com\/fr\/infotheque\/preanalytique\/echantillons-de-sang-de-plasma-et-de-serum\/","title":{"rendered":"\u00c9chantillons de sang, de plasma et de s\u00e9rum"},"content":{"rendered":"<div class=\"wpb-content-wrapper\"><p>[vc_row][vc_column][vc_tta_tour style=\u00a0\u00bbmodern\u00a0\u00bb shape=\u00a0\u00bbsquare\u00a0\u00bb active_section=\u00a0\u00bb1&Prime;][vc_tta_section title=\u00a0\u00bbPr\u00e9paration du patient\u00a0\u00bb tab_id=\u00a0\u00bb1581887762168-425b7db1-c4e02de7-add4&Prime;][vc_column_text css=\u00a0\u00bb\u00a0\u00bb]Avant le pr\u00e9l\u00e8vement sanguin, le patient ne devrait en r\u00e8gle g\u00e9n\u00e9rale pas avoir ing\u00e9r\u00e9 de nourriture pendant 10 \u00e0 12 heures, dans la mesure o\u00f9 la physiologie de l\u2019esp\u00e8ce animale concern\u00e9e le permet. \u00c0 d\u00e9faut, des r\u00e9sultats erron\u00e9s sont \u00e0 pr\u00e9voir, notamment pour le cholest\u00e9rol, le glucose et la TLI.<br \/>\nEn outre, des param\u00e8tres tels que l\u2019\u03b1-amylase, l\u2019ALT, l\u2019AST, la bilirubine, les prot\u00e9ines (prot\u00e9ines totales), les triglyc\u00e9rides, les acides biliaires s\u00e9riques, l\u2019ur\u00e9e, les leucocytes et le calcium peuvent \u00eatre influenc\u00e9s.<\/p>\n<p>Chez le cheval, les ruminants, les cam\u00e9lid\u00e9s du Nouveau Monde ainsi que les petits mammif\u00e8res, un je\u00fbne prolong\u00e9 n\u2019est pas recommand\u00e9 et les pr\u00e9l\u00e8vements sanguins \u00e0 jeun ne sont pas usuels.<br \/>\nPour certaines indications sp\u00e9cifiques (par ex. insuline et glucose pour l\u2019exploration du syndrome m\u00e9tabolique \u00e9quin), les chevaux ne devraient pas recevoir d\u2019aliments concentr\u00e9s, d\u2019avoine ni avoir acc\u00e8s au p\u00e2turage durant les 4 \u00e0 6 heures pr\u00e9c\u00e9dant le pr\u00e9l\u00e8vement, mais peuvent continuer \u00e0 consommer du foin.<br \/>\nDans le cadre du diagnostic de l\u2019insulinome, les furets ne devraient \u00eatre \u00e0 jeun que pendant 2 \u00e0 4 heures au maximum.<\/p>\n<p>Il est recommand\u00e9 d\u2019informer le propri\u00e9taire de l\u2019animal de l\u2019influence de l\u2019activit\u00e9 physique et\/ou du stress sur les r\u00e9sultats des analyses sanguines. Les enzymes musculaires telles que la CK, la LDH et l\u2019AST peuvent notamment \u00eatre retrouv\u00e9es en concentrations accrues dans le s\u00e9rum apr\u00e8s un effort physique. Des valeurs s\u00e9riques \u00e9lev\u00e9es sont \u00e9galement attendues pour le glucose et le lactate.<\/p>\n<p>Avant tout test allergologique, y compris les tests alimentaires, les corticost\u00e9ro\u00efdes doivent \u00eatre arr\u00eat\u00e9s. Les d\u00e9lais d\u2019arr\u00eat suivants sont recommand\u00e9s :<br \/>\n\u2013 Corticost\u00e9ro\u00efdes locaux\/topiques : 2 \u00e0 4 semaines<br \/>\n\u2013 Corticost\u00e9ro\u00efdes oraux (par ex. prednisolone) : jusqu\u2019\u00e0 8 semaines<br \/>\n\u2013 Pr\u00e9parations de cortisone retard (par ex. Voren\u00ae) : jusqu\u2019\u00e0 3 mois<\/p>\n<p>Si ces d\u00e9lais ne peuvent \u00eatre respect\u00e9s, des r\u00e9sultats faussement n\u00e9gatifs sont possibles. En cas de r\u00e9sultat positif, la classe de r\u00e9action doit \u00eatre interpr\u00e9t\u00e9e en tenant compte de l\u2019administration pr\u00e9alable de cortisone.<\/p>\n<p>Veuillez noter que d\u2019autres m\u00e9dicaments antiprurigineux peuvent \u00e9galement avoir une influence n\u00e9gative sur les tests allergologiques. Notre \u00e9quipe sp\u00e9cialis\u00e9e en allergologie se tient volontiers \u00e0 votre disposition pour tout conseil.<\/p>\n<p>Les tests allergologiques doivent \u00eatre r\u00e9alis\u00e9s pendant la saison ou \u00e0 la fin de la saison, et au plus t\u00f4t un mois apr\u00e8s l\u2019apparition des sympt\u00f4mes, car un test effectu\u00e9 hors saison peut donner un r\u00e9sultat faussement n\u00e9gatif.[\/vc_column_text][\/vc_tta_section][vc_tta_section title=\u00a0\u00bbQuel \u00e9chantillon ?\u00a0\u00bb tab_id=\u00a0\u00bb1581887762192-7e387ca9-50822de7-add4&Prime;][vc_column_text css=\u00a0\u00bb\u00a0\u00bb]Le type de mat\u00e9riel requis pour l\u2019examen souhait\u00e9 (sang, s\u00e9rum, plasma) est pr\u00e9cis\u00e9 dans les descriptions des prestations ou sur la demande d\u2019analyse.<br \/>\nL\u2019indication du type d\u2019\u00e9chantillon fait \u00e9galement partie de l\u2019identification de l\u2019\u00e9chantillon.<\/p>\n<p>&nbsp;<\/p>\n<h3>\u00c9chantillons de sang total<\/h3>\n<h5><strong>Sang EDTA (EB)<\/strong><\/h5>\n<p>Pour la r\u00e9alisation d\u2019un h\u00e9mogramme chez les mammif\u00e8res, le sang EDTA est le mat\u00e9riel le plus appropri\u00e9 (chez les oiseaux et les reptiles, le sang h\u00e9parin\u00e9 est \u00e0 privil\u00e9gier, voir ci-dessous).<br \/>\nLes cellules n\u2019\u00e9tant pas stables dans l\u2019\u00e9chantillon, les pr\u00e9l\u00e8vements EDTA destin\u00e9s aux examens h\u00e9matologiques ne doivent pas \u00eatre \u00e2g\u00e9s de plus de 48 heures.<br \/>\nLe sang total EDTA est \u00e9galement n\u00e9cessaire pour l\u2019analyse s\u00e9rologique des groupes sanguins.<\/p>\n<p>Pour la majorit\u00e9 des analyses PCR et des tests g\u00e9n\u00e9tiques, le sang EDTA est requis.<\/p>\n<p>Pour la d\u00e9termination de certains param\u00e8tres tels que l\u2019ACTHCPSE (prostate), le quotient norm\u00e9tan\u00e9phrine\/m\u00e9tan\u00e9phrine, la prot\u00e9ine apparent\u00e9e \u00e0 la parathormone*, la taurine ou le pro-BNP, seul le plasma EDTA rapidement centrifug\u00e9 et r\u00e9frig\u00e9r\u00e9 permet d\u2019obtenir des valeurs fiables.<\/p>\n<h5><strong>Sang h\u00e9parin\u00e9 (SH)<\/strong><\/h5>\n<p>Des tubes au lithium-h\u00e9parine (LiHep) sont disponibles pour l\u2019obtention d\u2019\u00e9chantillons h\u00e9parin\u00e9s.<\/p>\n<p>Chez les oiseaux et les reptiles, le sang au lithium-h\u00e9parine doit \u00eatre utilis\u00e9 de mani\u00e8re syst\u00e9matique pour la r\u00e9alisation d\u2019un h\u00e9mogramme.<\/p>\n<p>Chez les petits mammif\u00e8res, les reptiles et les oiseaux, les tubes au lithium-h\u00e9parine sont particuli\u00e8rement adapt\u00e9s en raison des faibles volumes sanguins souvent disponibles, car ils permettent \u00e0 la fois la r\u00e9alisation de l\u2019h\u00e9mogramme \u00e0 partir du sang total h\u00e9parin\u00e9 et la d\u00e9termination des param\u00e8tres de biochimie clinique ainsi que de la T4 \u00e0 partir du plasma h\u00e9parin\u00e9.<\/p>\n<p>Pour la PCR, le sang total au lithium-h\u00e9parine ne doit \u00eatre utilis\u00e9 qu\u2019\u00e0 titre exceptionnel, car le lithium-h\u00e9parine peut inhiber la PCR et entra\u00eener des r\u00e9sultats faussement n\u00e9gatifs.<\/p>\n<h5><strong>Sang citrat\u00e9 (SC)<\/strong><\/h5>\n<p>Pour la d\u00e9termination des param\u00e8tres de coagulation, seuls les tubes au citrate appropri\u00e9s doivent \u00eatre utilis\u00e9s. Leur date de p\u00e9remption ne doit pas \u00eatre d\u00e9pass\u00e9e afin de garantir des r\u00e9sultats corrects.<br \/>\nUn rapport de m\u00e9lange exact de 1:10 (1 part de citrate + 9 parts de sang) est indispensable.<\/p>\n<p>Pour la r\u00e9alisation correcte des tests de fonction plaquettaire, le sang total citrat\u00e9 est requis.<\/p>\n<h5><strong>Sang au fluorure de sodium (NaF)<\/strong><\/h5>\n<p>Le fluorure de sodium inhibe les activit\u00e9s enzymatiques responsables de la d\u00e9gradation de certains param\u00e8tres. Il doit \u00eatre utilis\u00e9 pour la d\u00e9termination correcte du glucose ou du lactate.<\/p>\n<p>Le niveau de remplissage des tubes au fluorure de sodium doit \u00e9galement \u00eatre respect\u00e9.<br \/>\nChez les petits mammif\u00e8res, compte tenu des faibles volumes attendus, l\u2019envoi de s\u00e9rum (centrifug\u00e9 et s\u00e9par\u00e9 apr\u00e8s 30 minutes) ou de plasma (imm\u00e9diatement centrifug\u00e9) est \u00e9galement possible.<\/p>\n<p>&nbsp;<\/p>\n<h3>Plasma<\/h3>\n<p>Pr\u00e9l\u00e8vement dans des tubes contenant un anticoagulant (h\u00e9parine, EDTA, citrate).<\/p>\n<p>Volume de remplissage : les tubes doivent \u00eatre remplis exactement jusqu\u2019au rep\u00e8re. Des volumes insuffisants ou excessifs peuvent entra\u00eener des r\u00e9sultats erron\u00e9s.<\/p>\n<p>La centrifugation peut \u00eatre r\u00e9alis\u00e9e imm\u00e9diatement apr\u00e8s le pr\u00e9l\u00e8vement (10 min, 2000 g).<br \/>\nLe surnageant est ensuite pipet\u00e9 et transf\u00e9r\u00e9 dans un r\u00e9cipient non trait\u00e9, lequel doit \u00eatre \u00e9tiquet\u00e9 avec l\u2019indication du type de mat\u00e9riau ou muni d\u2019un code-barres appropri\u00e9.<\/p>\n<p>Attention : les additifs limitent les possibilit\u00e9s analytiques.<\/p>\n<p>Le plasma h\u00e9parin\u00e9 (PH) est requis pour de nombreuses analyses de biochimie clinique. Le PH ne peut pas \u00eatre utilis\u00e9 pour les tests d\u2019agglutination.<\/p>\n<p>L\u2019obtention de plasma EDTA (PE) pour des param\u00e8tres de biochimie clinique et\/ou s\u00e9rologiques ne doit avoir lieu qu\u2019\u00e0 titre exceptionnel, car l\u2019EDTA peut interf\u00e9rer avec la mesure de certains param\u00e8tres tels que le calcium, le magn\u00e9sium et la phosphatase alcaline par divers m\u00e9canismes.<br \/>\nDe plus, le potassium ne peut pas \u00eatre d\u00e9termin\u00e9 \u00e0 partir de plasma EDTA, l\u2019EDTA \u00e9tant ajout\u00e9 sous forme de sel potassique (K-EDTA).<\/p>\n<p>Certains param\u00e8tres de coagulation ne peuvent \u00eatre analys\u00e9s qu\u2019\u00e0 partir de plasma citrat\u00e9 (PC). Les tests de fonction plaquettaire ne peuvent pas \u00eatre r\u00e9alis\u00e9s \u00e0 partir de plasma citrat\u00e9 centrifug\u00e9.<\/p>\n<p>&nbsp;<\/p>\n<h3>S\u00e9rum<\/h3>\n<p>Pr\u00e9l\u00e8vement dans des tubes sans anticoagulant.<\/p>\n<p>Laisser reposer 30 \u00e0 60 minutes, puis centrifuger 10 minutes \u00e0 2000 g.<br \/>\nPipeter le surnageant, le transf\u00e9rer dans un r\u00e9cipient non trait\u00e9 et \u00e9tiqueter ce dernier.<\/p>\n<p>Pour la d\u00e9termination correcte de certains param\u00e8tres, seul le s\u00e9rum doit \u00eatre utilis\u00e9 (voir la description d\u00e9taill\u00e9e des param\u00e8tres concern\u00e9s).<\/p>\n<p>L\u2019envoi d\u2019\u00e9chantillons non centrifug\u00e9s ne doit \u00eatre effectu\u00e9 qu\u2019\u00e0 titre exceptionnel (par ex. volume d\u2019\u00e9chantillon tr\u00e8s faible), car le transport peut entra\u00eener une lyse cellulaire et, par cons\u00e9quent, un s\u00e9rum h\u00e9molys\u00e9.<\/p>\n<p>&nbsp;<\/p>\n<p>An overview of the different tubes can be found in <a href=\"https:\/\/laboklin.com\/fr\/infotheque\/preanalytique\/sample-material-shipping-material\/\">here<\/a>.[\/vc_column_text][\/vc_tta_section][vc_tta_section title=\u00a0\u00bbFacteurs interf\u00e9rents lors<br \/>\nde l\u2019analyse\u00a0\u00bb tab_id=\u00a0\u00bb1584022935815-af26d501-7c432de7-add4&Prime;][vc_column_text css=\u00a0\u00bb\u00a0\u00bb]<\/p>\n<h5><strong>H\u00e9molyse<\/strong><\/h5>\n<p style=\"font-weight: 300;\">L\u2019h\u00e9molyse correspond \u00e0 la lib\u00e9ration de substances intra-\u00e9rythrocytaires suite \u00e0 une alt\u00e9ration de la membrane cellulaire. Outre le phosphate, le fer et le potassium, l\u2019h\u00e9moglobine est le principal constituant concern\u00e9.<br \/>\nLa coloration rouge du s\u00e9rum ou du plasma due \u00e0 l\u2019h\u00e9moglobine pose principalement des probl\u00e8mes lors des tests photom\u00e9triques en biochimie clinique.<\/p>\n<h5><strong>Lip\u00e9mie<\/strong><\/h5>\n<p>La lip\u00e9mie se caract\u00e9rise par une opalescence laiteuse du s\u00e9rum ou du plasma due aux triglyc\u00e9rides. Elle est le plus souvent li\u00e9e \u00e0 l\u2019alimentation ou au stress.<br \/>\nLa lip\u00e9mie peut \u00e9galement survenir dans le cadre de maladies endocriniennes telles que le syndrome de Cushing ou l\u2019hypothyro\u00efdie.<\/p>\n<p>Dans les \u00e9chantillons lip\u00e9miques, la mesure de certains param\u00e8tres cliniques, tels que la bilirubine, est souvent rendue difficile.<\/p>\n<h5><strong>Ict\u00e8re<\/strong><\/h5>\n<p>L\u2019ict\u00e8re correspond \u00e0 une coloration jaun\u00e2tre du s\u00e9rum ou du plasma. L\u2019accumulation excessive de bilirubine, \u00e0 l\u2019origine de cette coloration, est g\u00e9n\u00e9ralement d\u2019origine pathologique et non modifiable.<br \/>\nEn cas d\u2019ict\u00e8re tr\u00e8s marqu\u00e9, certains param\u00e8tres peuvent \u00eatre influenc\u00e9s.<\/p>\n<p>Chez le cheval, la coloration jaune est physiologique.<\/p>\n<h2><\/h2>\n<table width=\"95%\">\n<tbody>\n<tr>\n<td width=\"170\"><span style=\"color: #ff0000;\"><strong>Facteur perturbateur<\/strong><\/span><\/td>\n<td width=\"55%\"><span style=\"color: #ff0000;\"><strong>Param\u00e8tre<\/strong><\/span><\/td>\n<td width=\"180\"><span style=\"color: #ff0000;\"><strong>Niveau<\/strong><\/span><\/td>\n<\/tr>\n<tr>\n<td width=\"170\">H\u00e9molyse<\/td>\n<td width=\"295\">LDH, HBDH, CK, AST, bilirubin, creatinine, PO4, K, Fe, fructosamines<\/td>\n<td width=\"180\">elev\u00e9<\/td>\n<\/tr>\n<tr>\n<td width=\"170\">H\u00e9molyse<\/td>\n<td width=\"295\">Ca, glucose, Mg<\/td>\n<td width=\"180\">r\u00e9duit<\/td>\n<\/tr>\n<tr>\n<td width=\"170\">Lip\u00e9mie<\/td>\n<td width=\"295\">ALT, AST, GLDH, \u03b3-GT, AP, bilirubin, creatinine, haemoglobin<\/td>\n<td width=\"180\">r\u00e9duit<\/td>\n<\/tr>\n<tr>\n<td width=\"170\">Lip\u00e9mie<\/td>\n<td width=\"295\">amylase, Na, CI, K<\/td>\n<td width=\"180\">r\u00e9duit<\/td>\n<\/tr>\n<\/tbody>\n<\/table>\n<p>&nbsp;<\/p>\n<table width=\"95%\">\n<tbody>\n<tr>\n<td width=\"171\"><span style=\"color: #ff0000;\"><strong>M\u00e9decine<\/strong><\/span><\/td>\n<td width=\"55%\"><span style=\"color: #ff0000;\"><strong>Parameter<\/strong><\/span><\/td>\n<td width=\"180\"><span style=\"color: #ff0000;\"><strong>Level<\/strong><\/span><\/td>\n<\/tr>\n<tr>\n<td width=\"171\">P\u00e9nicilline G<\/td>\n<td width=\"295\">K<\/td>\n<td width=\"180\">elev\u00e9<\/td>\n<\/tr>\n<tr>\n<td width=\"171\">T\u00e9tracyclines<\/td>\n<td width=\"295\">PO4<\/td>\n<td width=\"180\">elev\u00e9<\/td>\n<\/tr>\n<tr>\n<td width=\"171\">T\u00e9tracyclines<\/td>\n<td width=\"295\">K<\/td>\n<td width=\"180\">r\u00e9duit<\/td>\n<\/tr>\n<tr>\n<td width=\"171\">Salicylates<\/td>\n<td width=\"295\">CK, AP, glucose, Na, total protein<\/td>\n<td width=\"180\">elev\u00e9<\/td>\n<\/tr>\n<tr>\n<td width=\"171\">Salicylates<\/td>\n<td width=\"295\">K, Ca<\/td>\n<td width=\"180\">r\u00e9duit<\/td>\n<\/tr>\n<tr>\n<td width=\"171\">Corticost\u00e9ro\u00efdes<\/td>\n<td width=\"295\">CK, AP, glucose, Na, total protein<\/td>\n<td width=\"180\">elev\u00e9<\/td>\n<\/tr>\n<tr>\n<td width=\"171\">Corticost\u00e9ro\u00efdes<\/td>\n<td width=\"295\">K, Ca<\/td>\n<td width=\"180\">r\u00e9duit<\/td>\n<\/tr>\n<tr>\n<td width=\"171\">Ph\u00e9nylbutazone<\/td>\n<td width=\"295\">Ca, Na<\/td>\n<td width=\"180\">elev\u00e9<\/td>\n<\/tr>\n<tr>\n<td width=\"171\">Barbituriques<\/td>\n<td width=\"295\">CK<\/td>\n<td width=\"180\">elev\u00e9<\/td>\n<\/tr>\n<tr>\n<td width=\"171\">Anesth\u00e9sie par halotane<\/td>\n<td width=\"295\">CK, PO4<\/td>\n<td width=\"180\">elev\u00e9<\/td>\n<\/tr>\n<tr>\n<td width=\"171\">Perfusion de glucose<\/td>\n<td width=\"295\">glucose<\/td>\n<td width=\"180\">elev\u00e9<\/td>\n<\/tr>\n<tr>\n<td width=\"171\">Perfusion de glucose<\/td>\n<td width=\"295\">PO4<\/td>\n<td width=\"180\">r\u00e9duit<\/td>\n<\/tr>\n<\/tbody>\n<\/table>\n<p>[\/vc_column_text][\/vc_tta_section][vc_tta_section title=\u00a0\u00bbParticularit\u00e9s\u00a0\u00bb tab_id=\u00a0\u00bb1594029369912-8a7ceed9-bab8&Prime;][vc_column_text css=\u00a0\u00bb\u00a0\u00bb]<\/p>\n<h5><strong>H\u00e9mogrammes<\/strong><\/h5>\n<ul>\n<li>Sang EDTA ou lithium-h\u00e9parine<\/li>\n<li>Lors du pr\u00e9l\u00e8vement, jeter si possible les 0,5 premiers ml de sang, car ils contiennent une concentration plus \u00e9lev\u00e9e de facteurs de coagulation, ou pr\u00e9lever d\u2019abord un \u00e9chantillon de s\u00e9rum<\/li>\n<li>Laisser le sang s\u2019\u00e9couler lentement le long de la paroi du tube<\/li>\n<li>Respecter le volume de remplissage : remplir si possible jusqu\u2019au rep\u00e8re ; un sous-remplissage peut modifier la morphologie cellulaire, un sur-remplissage peut entra\u00eener une coagulation<\/li>\n<li>Apr\u00e8s le pr\u00e9l\u00e8vement, m\u00e9langer d\u00e9licatement le tube par retournements, ne pas agiter<\/li>\n<li>En cas de demande d\u2019analyses h\u00e9matologiques, un frottis sanguin doit toujours \u00eatre joint au sang total<\/li>\n<li>Ne pas conserver les frottis sanguins au r\u00e9frig\u00e9rateur ni \u00e0 proximit\u00e9 de formol<\/li>\n<li>En hiver, prot\u00e9ger contre le gel ; en \u00e9t\u00e9, un refroidissement peut \u00eatre n\u00e9cessaire<\/li>\n<li>Des valeurs interpr\u00e9tables ne sont obtenues que pour des \u00e9chantillons \u00e2g\u00e9s de moins de 48 heures<\/li>\n<li>Tutoriel pour la r\u00e9alisation d\u2019un frottis sanguin : voir les tutoriels vid\u00e9o<\/li>\n<\/ul>\n<h5><strong>Biochimie clinique \u00e0 partir de s\u00e9rum ou de plasma h\u00e9parin\u00e9<\/strong><\/h5>\n<p>Une centrifugation rapide permet d\u2019obtenir de meilleurs r\u00e9sultats analytiques en r\u00e9duisant le risque d\u2019h\u00e9molyse li\u00e9e au transport.<br \/>\nLe s\u00e9rum doit toutefois reposer au moins 30 minutes afin de garantir une coagulation compl\u00e8te.<\/p>\n<p>Les \u00e9chantillons de s\u00e9rum peuvent \u00e9galement \u00eatre envoy\u00e9s congel\u00e9s ; ils arrivent alors r\u00e9frig\u00e9r\u00e9s au laboratoire. Les cycles r\u00e9p\u00e9t\u00e9s de cong\u00e9lation\/d\u00e9cong\u00e9lation doivent toutefois \u00eatre \u00e9vit\u00e9s imp\u00e9rativement.<\/p>\n<h5><strong>Dosage du glucose et du lactate<\/strong><\/h5>\n<ul>\n<li>Possible uniquement \u00e0 partir de sang au fluorure de sodium ou \u00e0 l\u2019oxalate de sodium, ou de s\u00e9rum centrifug\u00e9 rapidement<br \/>\n\u2022 Volume de remplissage : <strong>remplir le tube exactement jusqu\u2019au rep\u00e8re. <\/strong>Si la quantit\u00e9 est trop faible ou trop importante, les r\u00e9sultats peuvent \u00eatre incorrects.<\/li>\n<\/ul>\n<h5><strong>Param\u00e8tres de coagulation<\/strong><\/h5>\n<ul>\n<li>La d\u00e9termination est r\u00e9alis\u00e9e \u00e0 partir de plasma au citrate de sodium, obtenu \u00e0 partir de sang citrat\u00e9 avec un rapport de m\u00e9lange de 1:10 (1 part de citrate + 9 parts de sang). La centrifugation doit \u00eatre effectu\u00e9e rapidement (&lt; 1 heure) au cabinet. Pour l\u2019analyse de l\u2019antig\u00e8ne du facteur von Willebrand, la centrifugation doit imp\u00e9rativement \u00eatre r\u00e9alis\u00e9e imm\u00e9diatement apr\u00e8s le pr\u00e9l\u00e8vement. Pour plus d\u2019informations, voir \u00e9galement la section \u00ab Quel \u00e9chantillon ? \u00bb \u2013 \u00ab Plasma \u00bb.<br \/>\n\u2022 Lors de l\u2019utilisation de tubes commerciaux pr\u00e9-dos\u00e9s en citrate, la date de p\u00e9remption doit \u00eatre v\u00e9rifi\u00e9e avant le pr\u00e9l\u00e8vement ; les tubes p\u00e9rim\u00e9s ne doivent pas \u00eatre utilis\u00e9s, sous peine de r\u00e9sultats fauss\u00e9s. Le niveau de remplissage doit \u00eatre respect\u00e9 avec pr\u00e9cision (rep\u00e8re sur le tube).<br \/>\n\u2022 En l\u2019absence de tubes commerciaux, une solution de citrate de sodium \u00e0 3,13 % peut \u00eatre pr\u00e9charg\u00e9e dans une seringue.<br \/>\n\u2022 Aucune aiguille ni cath\u00e9ter h\u00e9parinis\u00e9 ne doit \u00eatre utilis\u00e9.<\/li>\n<\/ul>\n<h5><strong>Pr\u00e9l\u00e8vement pour la cytologie de la moelle osseuse<\/strong><\/h5>\n<ul>\n<li>Pour la r\u00e9alisation des frottis cytologiques, le mat\u00e9riel issu de la premi\u00e8re ponction doit \u00eatre utilis\u00e9 (afin d\u2019\u00e9viter une contamination par le sang p\u00e9riph\u00e9rique).<br \/>\n\u2022 La seringue utilis\u00e9e pour la ponction doit contenir un anticoagulant. Au plus tard imm\u00e9diatement apr\u00e8s la ponction, l\u2019aspirat doit \u00eatre transf\u00e9r\u00e9 dans un tube EDTA, lithium-h\u00e9parine ou citrate, puis m\u00e9lang\u00e9 soigneusement afin d\u2019\u00e9viter la formation de caillots.<br \/>\n\u2022 Pour la r\u00e9alisation d\u2019un frottis, l\u2019aspirat est d\u00e9pos\u00e9 dans une bo\u00eete de Petri et d\u00e9licatement agit\u00e9 afin de rep\u00e9rer les fragments de moelle osseuse.<br \/>\n\u2022 Les fragments sont d\u00e9pos\u00e9s individuellement sur des lames porte-objets et \u00e9tal\u00e9s avec pr\u00e9caution afin d\u2019obtenir une monocouche.<br \/>\n\u2022 Le reste de l\u2019aspirat est ensuite replac\u00e9 dans le tube (pr\u00e9trait\u00e9 avec le m\u00eame anticoagulant) et envoy\u00e9 au laboratoire.<br \/>\n\u2022 En compl\u00e9ment, un tube de sang p\u00e9riph\u00e9rique est pr\u00e9lev\u00e9, un frottis sanguin est r\u00e9alis\u00e9, et les deux sont \u00e9galement envoy\u00e9s au laboratoire.<\/li>\n<\/ul>\n<h5><strong>Mat\u00e9riel d\u2019\u00e9chantillonnage<\/strong><\/h5>\n<ul>\n<li><strong>Deux \u00e9chantillons du m\u00eame type de mat\u00e9riau<\/strong> sont requis en cas de demande de plusieurs analyses lorsque l\u2019une d\u2019entre elles n\u00e9cessite une cong\u00e9lation ou une exclusion de l\u2019air et qu\u2019il s\u2019agit simultan\u00e9ment d\u2019une analyse r\u00e9alis\u00e9e par un laboratoire partenaire (marqu\u00e9e d\u2019un *<em>).<br \/>\n<\/em>Ainsi, par exemple, en cas de demande de calcium ionis\u00e9* (emballage herm\u00e9tique et analyse r\u00e9alis\u00e9e par un laboratoire partenaire) et d\u2019un autre param\u00e8tre \u00e0 partir de s\u00e9rum, deux \u00e9chantillons de s\u00e9rum doivent \u00eatre envoy\u00e9s, car l\u2019un des \u00e9chantillons est transmis au laboratoire partenaire sans \u00eatre ouvert.<\/li>\n<\/ul>\n<h5><\/h5>\n<p>[\/vc_column_text][\/vc_tta_section][\/vc_tta_tour][\/vc_column][\/vc_row]<\/p>\n<\/div>","protected":false},"excerpt":{"rendered":"<p>[vc_row][vc_column][vc_tta_tour style=\u00a0\u00bbmodern\u00a0\u00bb shape=\u00a0\u00bbsquare\u00a0\u00bb active_section=\u00a0\u00bb1&Prime;][vc_tta_section title=\u00a0\u00bbPr\u00e9paration du patient\u00a0\u00bb tab_id=\u00a0\u00bb1581887762168-425b7db1-c4e02de7-add4&Prime;][vc_column_text css=\u00a0\u00bb\u00a0\u00bb]Avant le pr\u00e9l\u00e8vement sanguin, le patient ne devrait en r\u00e8gle g\u00e9n\u00e9rale pas avoir ing\u00e9r\u00e9 de nourriture pendant 10 \u00e0 12 heures, dans la mesure o\u00f9 la physiologie de l\u2019esp\u00e8ce animale concern\u00e9e le permet. \u00c0 d\u00e9faut, des r\u00e9sultats erron\u00e9s sont \u00e0 pr\u00e9voir, notamment pour le cholest\u00e9rol, le glucose&hellip;<\/p>\n","protected":false},"author":1,"featured_media":0,"parent":1383542,"menu_order":2,"comment_status":"closed","ping_status":"closed","template":"","meta":{"_seopress_robots_primary_cat":"","_seopress_titles_title":"","_seopress_titles_desc":"","_seopress_robots_index":"","footnotes":""},"class_list":["post-1423175","page","type-page","status-publish","hentry","description-off"],"_links":{"self":[{"href":"https:\/\/laboklin.com\/fr\/wp-json\/wp\/v2\/pages\/1423175","targetHints":{"allow":["GET"]}}],"collection":[{"href":"https:\/\/laboklin.com\/fr\/wp-json\/wp\/v2\/pages"}],"about":[{"href":"https:\/\/laboklin.com\/fr\/wp-json\/wp\/v2\/types\/page"}],"author":[{"embeddable":true,"href":"https:\/\/laboklin.com\/fr\/wp-json\/wp\/v2\/users\/1"}],"replies":[{"embeddable":true,"href":"https:\/\/laboklin.com\/fr\/wp-json\/wp\/v2\/comments?post=1423175"}],"version-history":[{"count":15,"href":"https:\/\/laboklin.com\/fr\/wp-json\/wp\/v2\/pages\/1423175\/revisions"}],"predecessor-version":[{"id":1543045,"href":"https:\/\/laboklin.com\/fr\/wp-json\/wp\/v2\/pages\/1423175\/revisions\/1543045"}],"up":[{"embeddable":true,"href":"https:\/\/laboklin.com\/fr\/wp-json\/wp\/v2\/pages\/1383542"}],"wp:attachment":[{"href":"https:\/\/laboklin.com\/fr\/wp-json\/wp\/v2\/media?parent=1423175"}],"curies":[{"name":"wp","href":"https:\/\/api.w.org\/{rel}","templated":true}]}}