{"id":1421898,"date":"2020-07-06T12:16:51","date_gmt":"2020-07-06T10:16:51","guid":{"rendered":"https:\/\/staging-wp-int.laboklin.com\/specialist-information\/preanalytics\/hygiene\/"},"modified":"2026-03-18T11:54:29","modified_gmt":"2026-03-18T10:54:29","slug":"hygiene","status":"publish","type":"page","link":"https:\/\/laboklin.com\/fr\/infotheque\/preanalytique\/hygiene\/","title":{"rendered":"Hygi\u00e8ne"},"content":{"rendered":"<div class=\"wpb-content-wrapper\"><p>[vc_row][vc_column][vc_column_text css=\u00a0\u00bb\u00a0\u00bb]Les <strong>mat\u00e9riaux \u00e0 tester<\/strong> vous seront envoy\u00e9s apr\u00e8s r\u00e9ception de votre demande d&rsquo;analyse, ainsi que des instructions.<\/p>\n<p>Vous disposez jusqu&rsquo;\u00e0 la date d&rsquo;expiration du kit de test pour pr\u00e9lever les \u00e9chantillons (3 jours maximum pour les kits de test destin\u00e9s aux appareils de nettoyage et de d\u00e9sinfection des instruments chirurgicaux), \u00e0 condition que ce kit soit conserv\u00e9 conform\u00e9ment aux instructions figurant dans les documents d&rsquo;accompagnement.<\/p>\n<p>Vous recevrez des plaques de pr\u00e9l\u00e8vement pour contr\u00f4ler <strong>la d\u00e9sinfection des surfaces<\/strong>. Les surfaces \u00e0 \u00e9chantillonner doivent \u00eatre nettoy\u00e9es et d\u00e9sinfect\u00e9es, puis bien s\u00e9ch\u00e9es avant le pr\u00e9l\u00e8vement. Les plaques de pr\u00e9l\u00e8vement \u00e9tiquet\u00e9es au sol doivent ensuite \u00eatre conserv\u00e9es \u00e0 temp\u00e9rature ambiante et renvoy\u00e9es au laboratoire dans les 24 heures avec le formulaire d&rsquo;accompagnement d\u00fbment rempli.<\/p>\n<p>Les bioindicateurs n\u00e9cessaires au contr\u00f4le du bon fonctionnement des <strong>st\u00e9rilisateurs<\/strong> peuvent \u00eatre utilis\u00e9s dans l&rsquo;appareil avec le mat\u00e9riel st\u00e9rilis\u00e9 quotidien. Apr\u00e8s le test, ces bioindicateurs et le contr\u00f4le positif doivent \u00eatre conserv\u00e9s \u00e0 temp\u00e9rature ambiante et envoy\u00e9s rapidement au laboratoire avec le formulaire d&rsquo;accompagnement d\u00fbment rempli.<\/p>\n<p>Pour contr\u00f4ler la d\u00e9sinfection des <strong>endoscopes<\/strong>, il faut deux \u00e9couvillons avec milieu, deux \u00e9chantillons de rin\u00e7age et un \u00e9chantillon d&rsquo;eau provenant du flacon de rin\u00e7age optique par endoscope. Apr\u00e8s le pr\u00e9l\u00e8vement des \u00e9chantillons, il est n\u00e9cessaire de les conserver \u00e0 temp\u00e9rature ambiante et de les renvoyer au laboratoire dans les 24 heures, conform\u00e9ment aux instructions.<\/p>\n<p>Pour contr\u00f4ler <strong>les appareils destin\u00e9s au nettoyage et \u00e0 la d\u00e9sinfection des instruments chirurgicaux<\/strong>, les composants du kit de test (bioindicateurs et contr\u00f4les de transport) doivent \u00eatre conserv\u00e9s \u00e0 une temp\u00e9rature entre 7 \u00b0C et 10 \u00b0C pendant 3 jours maximum avant utilisation, conform\u00e9ment aux exigences du laboratoire. Une fois les tests d&rsquo;hygi\u00e8ne termin\u00e9s, les composants doivent \u00eatre conserv\u00e9s \u00e0 temp\u00e9rature ambiante et renvoy\u00e9s au laboratoire dans les 24 heures, accompagn\u00e9s du formulaire d&rsquo;accompagnement d\u00fbment rempli.<\/p>\n<p>En participant r\u00e9guli\u00e8rement \u00e0 ces contr\u00f4les d&rsquo;hygi\u00e8ne (2 fois par an), vous recevrez un <strong>certificat <\/strong>attestant du contr\u00f4le annuel de votre appareil (st\u00e9rilisateur, endoscope, appareil de nettoyage et de d\u00e9sinfection des instruments chirurgicaux) ou du contr\u00f4le de d\u00e9sinfection des surfaces.[\/vc_column_text][\/vc_column][\/vc_row]<\/p>\n<\/div>","protected":false},"excerpt":{"rendered":"<p>[vc_row][vc_column][vc_column_text css=\u00a0\u00bb\u00a0\u00bb]Les mat\u00e9riaux \u00e0 tester vous seront envoy\u00e9s apr\u00e8s r\u00e9ception de votre demande d&rsquo;analyse, ainsi que des instructions. Vous disposez jusqu&rsquo;\u00e0 la date d&rsquo;expiration du kit de test pour pr\u00e9lever les \u00e9chantillons (3 jours maximum pour les kits de test destin\u00e9s aux appareils de nettoyage et de d\u00e9sinfection des instruments chirurgicaux), \u00e0 condition que ce&hellip;<\/p>\n","protected":false},"author":1,"featured_media":0,"parent":1383542,"menu_order":1,"comment_status":"closed","ping_status":"closed","template":"","meta":{"_seopress_robots_primary_cat":"","_seopress_titles_title":"","_seopress_titles_desc":"","_seopress_robots_index":"","footnotes":""},"class_list":["post-1421898","page","type-page","status-publish","hentry","description-off"],"_links":{"self":[{"href":"https:\/\/laboklin.com\/fr\/wp-json\/wp\/v2\/pages\/1421898","targetHints":{"allow":["GET"]}}],"collection":[{"href":"https:\/\/laboklin.com\/fr\/wp-json\/wp\/v2\/pages"}],"about":[{"href":"https:\/\/laboklin.com\/fr\/wp-json\/wp\/v2\/types\/page"}],"author":[{"embeddable":true,"href":"https:\/\/laboklin.com\/fr\/wp-json\/wp\/v2\/users\/1"}],"replies":[{"embeddable":true,"href":"https:\/\/laboklin.com\/fr\/wp-json\/wp\/v2\/comments?post=1421898"}],"version-history":[{"count":2,"href":"https:\/\/laboklin.com\/fr\/wp-json\/wp\/v2\/pages\/1421898\/revisions"}],"predecessor-version":[{"id":1543052,"href":"https:\/\/laboklin.com\/fr\/wp-json\/wp\/v2\/pages\/1421898\/revisions\/1543052"}],"up":[{"embeddable":true,"href":"https:\/\/laboklin.com\/fr\/wp-json\/wp\/v2\/pages\/1383542"}],"wp:attachment":[{"href":"https:\/\/laboklin.com\/fr\/wp-json\/wp\/v2\/media?parent=1421898"}],"curies":[{"name":"wp","href":"https:\/\/api.w.org\/{rel}","templated":true}]}}