{"id":1421075,"date":"2022-01-04T11:55:08","date_gmt":"2022-01-04T10:55:08","guid":{"rendered":"https:\/\/staging-wp-int.laboklin.com\/products\/haematology-clin-chemistry-endocrinology\/haematology\/coagulation\/"},"modified":"2026-02-19T08:54:23","modified_gmt":"2026-02-19T07:54:23","slug":"coagulation","status":"publish","type":"page","link":"https:\/\/laboklin.com\/fr\/prestations\/hematologie-chimie-clinique-endocrinologie\/hematologie\/coagulation\/","title":{"rendered":"Coagulation"},"content":{"rendered":"<div class=\"wpb-content-wrapper\"><p>[vc_row][vc_column][vc_column_text css=\u00a0\u00bb\u00a0\u00bb]<h3>Diagnostic spectrum<\/h3><div class=\"vc_tta-panels-container\"><div class=\"vc_tta-panels\"><li class=\"menu-item sub-page\"><a href=\"https:\/\/laboklin.com\/fr\/prestations\/hematologie-chimie-clinique-endocrinologie\/hematologie\/coagulation\/coagulation-status\/\">Coagulation Status<\/a><\/li><li class=\"menu-item sub-page\"><a href=\"https:\/\/laboklin.com\/fr\/prestations\/hematologie-chimie-clinique-endocrinologie\/hematologie\/coagulation\/d-dimers\/\">D-Dimers<\/a><\/li><li class=\"menu-item sub-page\"><a href=\"https:\/\/laboklin.com\/fr\/prestations\/hematologie-chimie-clinique-endocrinologie\/hematologie\/coagulation\/dic-profile\/\">DIC Profile<\/a><\/li><li class=\"menu-item sub-page\"><a href=\"https:\/\/laboklin.com\/fr\/prestations\/hematologie-chimie-clinique-endocrinologie\/hematologie\/coagulation\/factor-ix\/\">Factor IX<\/a><\/li><li class=\"menu-item sub-page\"><a href=\"https:\/\/laboklin.com\/fr\/prestations\/hematologie-chimie-clinique-endocrinologie\/hematologie\/coagulation\/factor-viii\/\">Factor VIII<\/a><\/li><li class=\"menu-item sub-page\"><a href=\"https:\/\/laboklin.com\/fr\/prestations\/hematologie-chimie-clinique-endocrinologie\/hematologie\/coagulation\/factor-xi\/\">Factor XI<\/a><\/li><li class=\"menu-item sub-page\"><a href=\"https:\/\/laboklin.com\/fr\/prestations\/hematologie-chimie-clinique-endocrinologie\/hematologie\/coagulation\/fibrinogen\/\">Fibrinogen<\/a><\/li><li class=\"menu-item sub-page\"><a href=\"https:\/\/laboklin.com\/fr\/prestations\/hematologie-chimie-clinique-endocrinologie\/hematologie\/coagulation\/partial-thromboplastin-time-ptt\/\">Partial Thromboplastin Time (PTT)<\/a><\/li><li class=\"menu-item sub-page\"><a href=\"https:\/\/laboklin.com\/fr\/prestations\/hematologie-chimie-clinique-endocrinologie\/hematologie\/coagulation\/prothrombin-time-pt\/\">Prothrombin Time (PT)<\/a><\/li><li class=\"menu-item sub-page\"><a href=\"https:\/\/laboklin.com\/fr\/prestations\/hematologie-chimie-clinique-endocrinologie\/hematologie\/coagulation\/thrombin-time\/\">Thrombin time<\/a><\/li><li class=\"menu-item sub-page\"><a href=\"https:\/\/laboklin.com\/fr\/prestations\/hematologie-chimie-clinique-endocrinologie\/hematologie\/coagulation\/thrombocyte-antibodies\/\">Thrombocyte Antibodies<\/a><\/li><li class=\"menu-item sub-page\"><a href=\"https:\/\/laboklin.com\/fr\/prestations\/hematologie-chimie-clinique-endocrinologie\/hematologie\/coagulation\/thrombocytopenia-profile-dog\/\">Thrombocytopenia Profile (dog)<\/a><\/li><li class=\"menu-item sub-page\"><a href=\"https:\/\/laboklin.com\/fr\/prestations\/hematologie-chimie-clinique-endocrinologie\/hematologie\/coagulation\/thromboelastography\/\">Thromboelastography<\/a><\/li><li class=\"menu-item sub-page\"><a href=\"https:\/\/laboklin.com\/fr\/prestations\/hematologie-chimie-clinique-endocrinologie\/hematologie\/coagulation\/von-willebrand-antigen\/\">Von Willebrand Antigen<\/a><\/li><\/div><\/div>\n<p>&nbsp;<\/p>\n<h3>Test r\u00e9alisable en cabinet<\/h3>\n<p><strong>Temps de coagulation activ\u00e9 (ACT)<\/strong><\/p>\n<p>Ce test peut \u00eatre effectu\u00e9 par les v\u00e9t\u00e9rinaires directement au cabinet. Les tubes appropri\u00e9s (tubes ACT) sont payants et peuvent \u00eatre command\u00e9s aupr\u00e8s de Laboklin. Veuillez respecter attentivement le mode d\u2019emploi d\u00e9taill\u00e9 fourni avec le mat\u00e9riel.[\/vc_column_text][\/vc_column][\/vc_row][vc_row][vc_column][vc_column_text css=\u00a0\u00bb\u00a0\u00bb]<div class=\"gap\" style=\"line-height: 20px; height: 20px;\"><\/div>\n<h3>Informations g\u00e9n\u00e9rales<\/h3>\n<p>Des r\u00e9sultats valides ne peuvent \u00eatre obtenus que si la date de p\u00e9remption du tube au citrate n\u2019est pas d\u00e9pass\u00e9e et si le niveau de remplissage apr\u00e8s pr\u00e9l\u00e8vement est correct (voir \u00e9galement la rubrique Pr\u00e9analytique \u00ab <a href=\"https:\/\/laboklin.com\/fr\/infotheque\/preanalytique\/blood-plasma-serum-samples\/#1581887762192-7e387ca9-50822de7-add4\">Quel \u00e9chantillon<\/a> \u00bb et \u00ab <a href=\"https:\/\/laboklin.com\/fr\/infotheque\/preanalytique\/blood-plasma-serum-samples\/#1594029369912-8a7ceed9-bab8\">Particularit\u00e9s sp\u00e9cifiques<\/a> \u00bb).<br \/>\nImportant : le plasma citrat\u00e9 centrifug\u00e9 doit \u00eatre plac\u00e9 dans un tube non rev\u00eatu sans anticoagulant.<\/p>\n<p>[\/vc_column_text][\/vc_column][\/vc_row]<\/p>\n<\/div>","protected":false},"excerpt":{"rendered":"<p>[vc_row][vc_column][vc_column_text css=\u00a0\u00bb\u00a0\u00bb] &nbsp; Test r\u00e9alisable en cabinet Temps de coagulation activ\u00e9 (ACT) Ce test peut \u00eatre effectu\u00e9 par les v\u00e9t\u00e9rinaires directement au cabinet. Les tubes appropri\u00e9s (tubes ACT) sont payants et peuvent \u00eatre command\u00e9s aupr\u00e8s de Laboklin. Veuillez respecter attentivement le mode d\u2019emploi d\u00e9taill\u00e9 fourni avec le mat\u00e9riel.[\/vc_column_text][\/vc_column][\/vc_row][vc_row][vc_column][vc_column_text css=\u00a0\u00bb\u00a0\u00bb] Informations g\u00e9n\u00e9rales Des r\u00e9sultats valides ne&hellip;<\/p>\n","protected":false},"author":1,"featured_media":0,"parent":1383115,"menu_order":1,"comment_status":"closed","ping_status":"closed","template":"","meta":{"_seopress_robots_primary_cat":"","_seopress_titles_title":"","_seopress_titles_desc":"","_seopress_robots_index":"","footnotes":""},"class_list":["post-1421075","page","type-page","status-publish","hentry","description-off"],"_links":{"self":[{"href":"https:\/\/laboklin.com\/fr\/wp-json\/wp\/v2\/pages\/1421075","targetHints":{"allow":["GET"]}}],"collection":[{"href":"https:\/\/laboklin.com\/fr\/wp-json\/wp\/v2\/pages"}],"about":[{"href":"https:\/\/laboklin.com\/fr\/wp-json\/wp\/v2\/types\/page"}],"author":[{"embeddable":true,"href":"https:\/\/laboklin.com\/fr\/wp-json\/wp\/v2\/users\/1"}],"replies":[{"embeddable":true,"href":"https:\/\/laboklin.com\/fr\/wp-json\/wp\/v2\/comments?post=1421075"}],"version-history":[{"count":3,"href":"https:\/\/laboklin.com\/fr\/wp-json\/wp\/v2\/pages\/1421075\/revisions"}],"predecessor-version":[{"id":1542466,"href":"https:\/\/laboklin.com\/fr\/wp-json\/wp\/v2\/pages\/1421075\/revisions\/1542466"}],"up":[{"embeddable":true,"href":"https:\/\/laboklin.com\/fr\/wp-json\/wp\/v2\/pages\/1383115"}],"wp:attachment":[{"href":"https:\/\/laboklin.com\/fr\/wp-json\/wp\/v2\/media?parent=1421075"}],"curies":[{"name":"wp","href":"https:\/\/api.w.org\/{rel}","templated":true}]}}