{"id":1417630,"date":"2022-09-29T12:03:53","date_gmt":"2022-09-29T10:03:53","guid":{"rendered":"https:\/\/staging-wp-int.laboklin.com\/specialist-information\/preanalytics\/water-examination\/"},"modified":"2026-03-18T12:06:54","modified_gmt":"2026-03-18T11:06:54","slug":"analyse-de-leau","status":"publish","type":"page","link":"https:\/\/laboklin.com\/fr\/infotheque\/preanalytique\/analyse-de-leau\/","title":{"rendered":"Analyse de l&rsquo;eau"},"content":{"rendered":"<div class=\"wpb-content-wrapper\"><p>[vc_row][vc_column][vc_column_text css=\u00a0\u00bb\u00a0\u00bb]Pour <strong>les analyses d&rsquo;eau<\/strong> conform\u00e9ment \u00e0 la <strong>r\u00e9glementation en vigueur sur l&rsquo;eau potable<\/strong> (TrinkwasserV) concernant les param\u00e8tres microbiologiques et la d\u00e9tection des l\u00e9gionelles, les \u00e9chantillons doivent \u00eatre pr\u00e9lev\u00e9s par un pr\u00e9leveur qualifi\u00e9 conform\u00e9ment aux sp\u00e9cifications en vigueur.<\/p>\n<p>Les r\u00e9cipients de transport les plus adapt\u00e9s sont des flacons en verre st\u00e9riles munis d&rsquo;un bouchon \u00e0 vis. Le transport vers le laboratoire doit \u00eatre effectu\u00e9 dans les 24 heures, le r\u00e9frig\u00e9ration \u00e9tant autoris\u00e9e, mais sans descendre en dessous de 0 \u00b0C.<\/p>\n<p>Pour les <strong>analyses de l&rsquo;eau d&rsquo;abreuvement<\/strong>, veuillez noter les points suivants :<\/p>\n<p>Pour les analyses microbiologiques, l&rsquo;\u00e9chantillonnage de l&rsquo;eau doit \u00eatre effectu\u00e9 dans des conditions st\u00e9riles.<\/p>\n<ul>\n<li>Avant le pr\u00e9l\u00e8vement, le point de pr\u00e9l\u00e8vement doit \u00eatre d\u00e9sinfect\u00e9 si possible en flambant l&rsquo;orifice de sortie. Il est \u00e9galement possible de placer le robinet dans une solution alcoolis\u00e9e pendant plusieurs minutes.<\/li>\n<li>Le r\u00e9cipient clairement marqu\u00e9 doit \u00eatre st\u00e9rile ; une bouteille d&rsquo;eau min\u00e9rale peut \u00e9galement convenir.<\/li>\n<li>Laisser couler l&rsquo;eau pendant 2 \u00e0 3 minutes avant de la pr\u00e9lever.<\/li>\n<li>\u00c9viter toute contamination : ne d\u00e9visser le couvercle qu&rsquo;imm\u00e9diatement avant le remplissage et le refermer imm\u00e9diatement apr\u00e8s, ne pas toucher l&rsquo;int\u00e9rieur, porter des gants si n\u00e9cessaire.<\/li>\n<li>Transport : r\u00e9frig\u00e9r\u00e9, \u00e0 l&rsquo;abri de la lumi\u00e8re, le plus rapidement possible.<\/li>\n<\/ul>\n<p>Laboklin met \u00e0 votre disposition des r\u00e9cipients st\u00e9riles (2 x 0,5 l) avec une glaci\u00e8re et des accumulateurs de froid pour le pr\u00e9l\u00e8vement et le transport des \u00e9chantillons. Les kits de pr\u00e9l\u00e8vement doivent \u00eatre renvoy\u00e9s \u00e0 Laboklin dans un d\u00e9lai de 3 semaines. Dans le cas contraire, une caution de 30 \u20ac sera factur\u00e9e pour les glaci\u00e8res. La demande de kits de pr\u00e9l\u00e8vement est gratuite.<\/p>\n<p>Pour l&rsquo;analyse chimique et physico-chimique de l&rsquo;eau d&rsquo;abreuvement, des flacons d&rsquo;\u00e9chantillonnage lavables au lave-vaisselle suffisent et il n&rsquo;est pas n\u00e9cessaire de d\u00e9sinfecter le point de pr\u00e9l\u00e8vement.<\/p>\n<p>Le transport doit \u00e9galement \u00eatre effectu\u00e9 dans des conditions r\u00e9frig\u00e9r\u00e9es dans la mesure du possible pour l&rsquo;analyse des param\u00e8tres chimiques (en particulier les nitrites et les nitrates).<\/p>\n<p>Pour pr\u00e9lever des \u00e9chantillons d&rsquo;eau dans <strong>des aquariums\/\u00e9tangs<\/strong> afin d&rsquo;analyser les param\u00e8tres <strong>chimiques de l&rsquo;eau<\/strong>, vous avez besoin d&rsquo;un r\u00e9cipient en verre ou en plastique non st\u00e9rile (par exemple une bouteille de 500 ml qui contenait auparavant de l&rsquo;eau). Afin d&rsquo;obtenir un \u00e9chantillon repr\u00e9sentatif sans inclusion d&rsquo;air, pr\u00e9levez un \u00e9chantillon \u00e0 peu pr\u00e8s au milieu de <strong>l&rsquo;aquarium<\/strong> et fermez le r\u00e9cipient sous l&rsquo;eau. Les \u00e9chantillons provenant <strong>d&rsquo;\u00e9tangs <\/strong>doivent \u00eatre pr\u00e9lev\u00e9s dans une zone de l&rsquo;\u00e9tang o\u00f9 le courant est faible, loin du filtre et pas directement sous la surface. Il faut \u00e9viter les impuret\u00e9s grossi\u00e8res dans l&rsquo;\u00e9chantillonautant que possible. Il est pr\u00e9f\u00e9rable de r\u00e9frig\u00e9rer les \u00e9chantillons avant de les envoyer. Il faut indiquer sur la demande d&rsquo;analyse s&rsquo;il s&rsquo;agit d&rsquo;un \u00e9chantillon d&rsquo;eau douce ou d&rsquo;eau sal\u00e9e.<\/p>\n<p>Vous disposez jusqu&rsquo;\u00e0 la date d&rsquo;expiration du kit de test pour pr\u00e9lever les \u00e9chantillons (3 jours maximum pour les kits de test destin\u00e9s aux appareils de nettoyage et de d\u00e9sinfection des instruments chirurgicaux), \u00e0 condition que ce kit soit conserv\u00e9 conform\u00e9ment aux instructions figurant dans les documents d&rsquo;accompagnement.<\/p>\n<p>Vous recevrez des plaques de pr\u00e9l\u00e8vement pour contr\u00f4ler <strong>la d\u00e9sinfection des surfaces<\/strong>. Les surfaces \u00e0 \u00e9chantillonner doivent \u00eatre nettoy\u00e9es et d\u00e9sinfect\u00e9es, puis bien s\u00e9ch\u00e9es avant le pr\u00e9l\u00e8vement. Les plaques de pr\u00e9l\u00e8vement \u00e9tiquet\u00e9es au sol doivent ensuite \u00eatre conserv\u00e9es \u00e0 temp\u00e9rature ambiante et renvoy\u00e9es au laboratoire dans les 24 heures avec le formulaire d&rsquo;accompagnement d\u00fbment rempli.<\/p>\n<p>Les bioindicateurs n\u00e9cessaires au contr\u00f4le du bon fonctionnement des <strong>st\u00e9rilisateurs<\/strong> peuvent \u00eatre utilis\u00e9s dans l&rsquo;appareil avec le mat\u00e9riel st\u00e9rilis\u00e9 quotidien. Apr\u00e8s le test, ces bioindicateurs et le contr\u00f4le positif doivent \u00eatre conserv\u00e9s \u00e0 temp\u00e9rature ambiante et envoy\u00e9s rapidement au laboratoire avec le formulaire d&rsquo;accompagnement d\u00fbment rempli.<\/p>\n<p>Pour contr\u00f4ler la d\u00e9sinfection des <strong>endoscopes<\/strong>, il faut deux \u00e9couvillons avec milieu, deux \u00e9chantillons de rin\u00e7age et un \u00e9chantillon d&rsquo;eau provenant du flacon de rin\u00e7age optique par endoscope. Apr\u00e8s le pr\u00e9l\u00e8vement des \u00e9chantillons, il est n\u00e9cessaire de les conserver \u00e0 temp\u00e9rature ambiante et de les renvoyer au laboratoire dans les 24 heures, conform\u00e9ment aux instructions.<\/p>\n<p>Pour contr\u00f4ler <strong>les appareils destin\u00e9s au nettoyage et \u00e0 la d\u00e9sinfection des instruments chirurgicaux<\/strong>, les composants du kit de test (bioindicateurs et contr\u00f4les de transport) doivent \u00eatre conserv\u00e9s \u00e0 une temp\u00e9rature entre 7 \u00b0C et 10 \u00b0C pendant 3 jours maximum avant utilisation, conform\u00e9ment aux exigences du laboratoire. Une fois les tests d&rsquo;hygi\u00e8ne termin\u00e9s, les composants doivent \u00eatre conserv\u00e9s \u00e0 temp\u00e9rature ambiante et renvoy\u00e9s au laboratoire dans les 24 heures, accompagn\u00e9s du formulaire d&rsquo;accompagnement d\u00fbment rempli.<\/p>\n<p>En participant r\u00e9guli\u00e8rement \u00e0 ces contr\u00f4les d&rsquo;hygi\u00e8ne (2 fois par an), vous recevrez un <strong>certificat <\/strong>attestant du contr\u00f4le annuel de votre appareil (st\u00e9rilisateur, endoscope, appareil de nettoyage et de d\u00e9sinfection des instruments chirurgicaux) ou du contr\u00f4le de d\u00e9sinfection des surfaces.[\/vc_column_text][\/vc_column][\/vc_row]<\/p>\n<\/div>","protected":false},"excerpt":{"rendered":"<p>[vc_row][vc_column][vc_column_text css=\u00a0\u00bb\u00a0\u00bb]Pour les analyses d&rsquo;eau conform\u00e9ment \u00e0 la r\u00e9glementation en vigueur sur l&rsquo;eau potable (TrinkwasserV) concernant les param\u00e8tres microbiologiques et la d\u00e9tection des l\u00e9gionelles, les \u00e9chantillons doivent \u00eatre pr\u00e9lev\u00e9s par un pr\u00e9leveur qualifi\u00e9 conform\u00e9ment aux sp\u00e9cifications en vigueur. Les r\u00e9cipients de transport les plus adapt\u00e9s sont des flacons en verre st\u00e9riles munis d&rsquo;un bouchon \u00e0&hellip;<\/p>\n","protected":false},"author":11,"featured_media":0,"parent":1383542,"menu_order":0,"comment_status":"closed","ping_status":"closed","template":"","meta":{"_seopress_robots_primary_cat":"","_seopress_titles_title":"","_seopress_titles_desc":"","_seopress_robots_index":"","footnotes":""},"class_list":["post-1417630","page","type-page","status-publish","hentry","description-off"],"_links":{"self":[{"href":"https:\/\/laboklin.com\/fr\/wp-json\/wp\/v2\/pages\/1417630","targetHints":{"allow":["GET"]}}],"collection":[{"href":"https:\/\/laboklin.com\/fr\/wp-json\/wp\/v2\/pages"}],"about":[{"href":"https:\/\/laboklin.com\/fr\/wp-json\/wp\/v2\/types\/page"}],"author":[{"embeddable":true,"href":"https:\/\/laboklin.com\/fr\/wp-json\/wp\/v2\/users\/11"}],"replies":[{"embeddable":true,"href":"https:\/\/laboklin.com\/fr\/wp-json\/wp\/v2\/comments?post=1417630"}],"version-history":[{"count":2,"href":"https:\/\/laboklin.com\/fr\/wp-json\/wp\/v2\/pages\/1417630\/revisions"}],"predecessor-version":[{"id":1543053,"href":"https:\/\/laboklin.com\/fr\/wp-json\/wp\/v2\/pages\/1417630\/revisions\/1543053"}],"up":[{"embeddable":true,"href":"https:\/\/laboklin.com\/fr\/wp-json\/wp\/v2\/pages\/1383542"}],"wp:attachment":[{"href":"https:\/\/laboklin.com\/fr\/wp-json\/wp\/v2\/media?parent=1417630"}],"curies":[{"name":"wp","href":"https:\/\/api.w.org\/{rel}","templated":true}]}}