{"id":1383542,"date":"2020-07-06T11:51:51","date_gmt":"2020-07-06T09:51:51","guid":{"rendered":"https:\/\/staging-wp-int.laboklin.com\/specialist-information\/preanalytics\/"},"modified":"2026-03-18T11:43:36","modified_gmt":"2026-03-18T10:43:36","slug":"preanalytique","status":"publish","type":"page","link":"https:\/\/laboklin.com\/fr\/infotheque\/preanalytique\/","title":{"rendered":"Pr\u00e9analytique"},"content":{"rendered":"<div class=\"wpb-content-wrapper\"><p>[vc_row][vc_column][vc_column_text css=\u00a0\u00bb\u00a0\u00bb]<strong>La premi\u00e8re \u00e9tape du processus d\u2019analyse d\u2019un \u00e9chantillon est la phase pr\u00e9analytique.<\/strong><\/p>\n<p>La pr\u00e9analytique comprend toutes les \u00e9tapes allant de la pr\u00e9paration du patient au pr\u00e9l\u00e8vement de l\u2019\u00e9chantillon et \u00e0 son transport au laboratoire, jusqu\u2019\u00e0 la pr\u00e9paration de l\u2019\u00e9chantillon pour l\u2019analyse.[\/vc_column_text][\/vc_column][\/vc_row]<\/p>\n<\/div>","protected":false},"excerpt":{"rendered":"<p>[vc_row][vc_column][vc_column_text css=\u00a0\u00bb\u00a0\u00bb]La premi\u00e8re \u00e9tape du processus d\u2019analyse d\u2019un \u00e9chantillon est la phase pr\u00e9analytique. La pr\u00e9analytique comprend toutes les \u00e9tapes allant de la pr\u00e9paration du patient au pr\u00e9l\u00e8vement de l\u2019\u00e9chantillon et \u00e0 son transport au laboratoire, jusqu\u2019\u00e0 la pr\u00e9paration de l\u2019\u00e9chantillon pour l\u2019analyse.[\/vc_column_text][\/vc_column][\/vc_row]<\/p>\n","protected":false},"author":1,"featured_media":0,"parent":1372539,"menu_order":11,"comment_status":"closed","ping_status":"closed","template":"","meta":{"_seopress_robots_primary_cat":"","_seopress_titles_title":"","_seopress_titles_desc":"","_seopress_robots_index":"","footnotes":""},"class_list":["post-1383542","page","type-page","status-publish","hentry","description-off"],"_links":{"self":[{"href":"https:\/\/laboklin.com\/fr\/wp-json\/wp\/v2\/pages\/1383542","targetHints":{"allow":["GET"]}}],"collection":[{"href":"https:\/\/laboklin.com\/fr\/wp-json\/wp\/v2\/pages"}],"about":[{"href":"https:\/\/laboklin.com\/fr\/wp-json\/wp\/v2\/types\/page"}],"author":[{"embeddable":true,"href":"https:\/\/laboklin.com\/fr\/wp-json\/wp\/v2\/users\/1"}],"replies":[{"embeddable":true,"href":"https:\/\/laboklin.com\/fr\/wp-json\/wp\/v2\/comments?post=1383542"}],"version-history":[{"count":4,"href":"https:\/\/laboklin.com\/fr\/wp-json\/wp\/v2\/pages\/1383542\/revisions"}],"predecessor-version":[{"id":1543049,"href":"https:\/\/laboklin.com\/fr\/wp-json\/wp\/v2\/pages\/1383542\/revisions\/1543049"}],"up":[{"embeddable":true,"href":"https:\/\/laboklin.com\/fr\/wp-json\/wp\/v2\/pages\/1372539"}],"wp:attachment":[{"href":"https:\/\/laboklin.com\/fr\/wp-json\/wp\/v2\/media?parent=1383542"}],"curies":[{"name":"wp","href":"https:\/\/api.w.org\/{rel}","templated":true}]}}