{"id":1383236,"date":"2020-10-16T11:36:27","date_gmt":"2020-10-16T09:36:27","guid":{"rendered":"https:\/\/staging-wp-int.laboklin.com\/products\/infectious-diseases-pathogens-and-antibody-detection\/fungi\/"},"modified":"2026-02-17T12:33:40","modified_gmt":"2026-02-17T11:33:40","slug":"champignons","status":"publish","type":"page","link":"https:\/\/laboklin.com\/fr\/prestations\/maladies-infectieuses-detection-dagents-pathogenes-et-danticorps\/champignons\/","title":{"rendered":"Champignons"},"content":{"rendered":"<div class=\"wpb-content-wrapper\"><p>[vc_row][vc_column][vc_column_text css=\u00a0\u00bb\u00a0\u00bb]<div class=\"vc_tta-panels-container\"><div class=\"vc_tta-panels\"><li class=\"menu-item sub-page\"><a href=\"https:\/\/laboklin.com\/fr\/prestations\/maladies-infectieuses-detection-dagents-pathogenes-et-danticorps\/champignons\/aspergillus\/\">Aspergillus<\/a><\/li><li class=\"menu-item sub-page\"><a href=\"https:\/\/laboklin.com\/fr\/prestations\/maladies-infectieuses-detection-dagents-pathogenes-et-danticorps\/champignons\/batrachochytrium\/\">Batrachochytrium<\/a><\/li><li class=\"menu-item sub-page\"><a href=\"https:\/\/laboklin.com\/fr\/prestations\/maladies-infectieuses-detection-dagents-pathogenes-et-danticorps\/champignons\/cryptococcus\/\">Cryptococcus<\/a><\/li><li class=\"menu-item sub-page\"><a href=\"https:\/\/laboklin.com\/fr\/prestations\/maladies-infectieuses-detection-dagents-pathogenes-et-danticorps\/champignons\/dermatophytes\/\">Dermatophytes<\/a><\/li><li class=\"menu-item sub-page\"><a href=\"https:\/\/laboklin.com\/fr\/prestations\/maladies-infectieuses-detection-dagents-pathogenes-et-danticorps\/champignons\/emydomyces-testavorans\/\">Emydomyces testavorans<\/a><\/li><li class=\"menu-item sub-page\"><a href=\"https:\/\/laboklin.com\/fr\/prestations\/maladies-infectieuses-detection-dagents-pathogenes-et-danticorps\/champignons\/encephalitozoon\/\">Encephalitozoon<\/a><\/li><li class=\"menu-item sub-page\"><a href=\"https:\/\/laboklin.com\/fr\/prestations\/maladies-infectieuses-detection-dagents-pathogenes-et-danticorps\/champignons\/macrorhabdus-ornithogaster\/\">Macrorhabdus ornithogaster<\/a><\/li><li class=\"menu-item sub-page\"><a href=\"https:\/\/laboklin.com\/fr\/prestations\/maladies-infectieuses-detection-dagents-pathogenes-et-danticorps\/champignons\/nannizziopsis\/\">Nannizziopsis<\/a><\/li><li class=\"menu-item sub-page\"><a href=\"https:\/\/laboklin.com\/fr\/prestations\/maladies-infectieuses-detection-dagents-pathogenes-et-danticorps\/champignons\/nosema\/\">Nosema<\/a><\/li><li class=\"menu-item sub-page\"><a href=\"https:\/\/laboklin.com\/fr\/prestations\/maladies-infectieuses-detection-dagents-pathogenes-et-danticorps\/champignons\/ophidiomyces\/\">Ophidiomyces<\/a><\/li><\/div><\/div>\n<div class=\"gap\" style=\"line-height: 20px; height: 20px;\"><\/div>\n<h2>Informations g\u00e9n\u00e9rales<\/h2>\n<p>Les tests r\u00e9pertori\u00e9s pour le diagnostic des infections fongiques prennent en compte la d\u00e9tection des anticorps et des antig\u00e8nes et, pour la d\u00e9tection des agents pathog\u00e8nes, les m\u00e9thodes culturelles et de biologie mol\u00e9culaire (PCR, PCR en temps r\u00e9el) ainsi que la microscopie.[\/vc_column_text][\/vc_column][\/vc_row]<\/p>\n<\/div>","protected":false},"excerpt":{"rendered":"<p>[vc_row][vc_column][vc_column_text css=\u00a0\u00bb\u00a0\u00bb] Informations g\u00e9n\u00e9rales Les tests r\u00e9pertori\u00e9s pour le diagnostic des infections fongiques prennent en compte la d\u00e9tection des anticorps et des antig\u00e8nes et, pour la d\u00e9tection des agents pathog\u00e8nes, les m\u00e9thodes culturelles et de biologie mol\u00e9culaire (PCR, PCR en temps r\u00e9el) ainsi que la microscopie.[\/vc_column_text][\/vc_column][\/vc_row]<\/p>\n","protected":false},"author":1,"featured_media":0,"parent":1379763,"menu_order":2,"comment_status":"closed","ping_status":"closed","template":"","meta":{"_seopress_robots_primary_cat":"","_seopress_titles_title":"","_seopress_titles_desc":"","_seopress_robots_index":"","footnotes":""},"class_list":["post-1383236","page","type-page","status-publish","hentry","description-off"],"_links":{"self":[{"href":"https:\/\/laboklin.com\/fr\/wp-json\/wp\/v2\/pages\/1383236","targetHints":{"allow":["GET"]}}],"collection":[{"href":"https:\/\/laboklin.com\/fr\/wp-json\/wp\/v2\/pages"}],"about":[{"href":"https:\/\/laboklin.com\/fr\/wp-json\/wp\/v2\/types\/page"}],"author":[{"embeddable":true,"href":"https:\/\/laboklin.com\/fr\/wp-json\/wp\/v2\/users\/1"}],"replies":[{"embeddable":true,"href":"https:\/\/laboklin.com\/fr\/wp-json\/wp\/v2\/comments?post=1383236"}],"version-history":[{"count":2,"href":"https:\/\/laboklin.com\/fr\/wp-json\/wp\/v2\/pages\/1383236\/revisions"}],"predecessor-version":[{"id":1542451,"href":"https:\/\/laboklin.com\/fr\/wp-json\/wp\/v2\/pages\/1383236\/revisions\/1542451"}],"up":[{"embeddable":true,"href":"https:\/\/laboklin.com\/fr\/wp-json\/wp\/v2\/pages\/1379763"}],"wp:attachment":[{"href":"https:\/\/laboklin.com\/fr\/wp-json\/wp\/v2\/media?parent=1383236"}],"curies":[{"name":"wp","href":"https:\/\/api.w.org\/{rel}","templated":true}]}}