{"id":1383227,"date":"2020-10-16T11:36:27","date_gmt":"2020-10-16T09:36:27","guid":{"rendered":"https:\/\/staging-wp-int.laboklin.com\/products\/infectious-diseases-pathogens-and-antibody-detection\/bacteria\/"},"modified":"2026-02-17T12:28:10","modified_gmt":"2026-02-17T11:28:10","slug":"bacteries","status":"publish","type":"page","link":"https:\/\/laboklin.com\/fr\/prestations\/maladies-infectieuses-detection-dagents-pathogenes-et-danticorps\/bacteries\/","title":{"rendered":"Bact\u00e9ries"},"content":{"rendered":"<div class=\"wpb-content-wrapper\"><p>[vc_row][vc_column][vc_column_text css=\u00a0\u00bb\u00a0\u00bb]Les tests propos\u00e9s pour le diagnostic des infections bact\u00e9riennes incluent la d\u00e9tection d\u2019anticorps et d\u2019antig\u00e8nes ainsi que, pour la mise en \u00e9vidence directe des agents pathog\u00e8nes, des m\u00e9thodes culturales et de biologie mol\u00e9culaire (PCR, PCR en temps r\u00e9el).<\/p>\n<p><strong>Remarque importante :<\/strong> lorsque la d\u00e9tection d\u2019un agent pathog\u00e8ne bact\u00e9rien repose exclusivement sur une analyse PCR, il n\u2019est pas possible d\u2019\u00e9tablir un antibiogramme.[\/vc_column_text][\/vc_column][\/vc_row]<\/p>\n<\/div>","protected":false},"excerpt":{"rendered":"<p>[vc_row][vc_column][vc_column_text css=\u00a0\u00bb\u00a0\u00bb]Les tests propos\u00e9s pour le diagnostic des infections bact\u00e9riennes incluent la d\u00e9tection d\u2019anticorps et d\u2019antig\u00e8nes ainsi que, pour la mise en \u00e9vidence directe des agents pathog\u00e8nes, des m\u00e9thodes culturales et de biologie mol\u00e9culaire (PCR, PCR en temps r\u00e9el). Remarque importante : lorsque la d\u00e9tection d\u2019un agent pathog\u00e8ne bact\u00e9rien repose exclusivement sur une analyse PCR,&hellip;<\/p>\n","protected":false},"author":1,"featured_media":0,"parent":1379763,"menu_order":1,"comment_status":"closed","ping_status":"closed","template":"","meta":{"_seopress_robots_primary_cat":"","_seopress_titles_title":"","_seopress_titles_desc":"","_seopress_robots_index":"","footnotes":""},"class_list":["post-1383227","page","type-page","status-publish","hentry","description-off"],"_links":{"self":[{"href":"https:\/\/laboklin.com\/fr\/wp-json\/wp\/v2\/pages\/1383227","targetHints":{"allow":["GET"]}}],"collection":[{"href":"https:\/\/laboklin.com\/fr\/wp-json\/wp\/v2\/pages"}],"about":[{"href":"https:\/\/laboklin.com\/fr\/wp-json\/wp\/v2\/types\/page"}],"author":[{"embeddable":true,"href":"https:\/\/laboklin.com\/fr\/wp-json\/wp\/v2\/users\/1"}],"replies":[{"embeddable":true,"href":"https:\/\/laboklin.com\/fr\/wp-json\/wp\/v2\/comments?post=1383227"}],"version-history":[{"count":1,"href":"https:\/\/laboklin.com\/fr\/wp-json\/wp\/v2\/pages\/1383227\/revisions"}],"predecessor-version":[{"id":1542449,"href":"https:\/\/laboklin.com\/fr\/wp-json\/wp\/v2\/pages\/1383227\/revisions\/1542449"}],"up":[{"embeddable":true,"href":"https:\/\/laboklin.com\/fr\/wp-json\/wp\/v2\/pages\/1379763"}],"wp:attachment":[{"href":"https:\/\/laboklin.com\/fr\/wp-json\/wp\/v2\/media?parent=1383227"}],"curies":[{"name":"wp","href":"https:\/\/api.w.org\/{rel}","templated":true}]}}