{"id":1383218,"date":"2020-10-16T11:36:27","date_gmt":"2020-10-16T09:36:27","guid":{"rendered":"https:\/\/staging-wp-int.laboklin.com\/products\/infectious-diseases-pathogens-and-antibody-detection\/viruses\/"},"modified":"2026-02-17T12:26:28","modified_gmt":"2026-02-17T11:26:28","slug":"virus","status":"publish","type":"page","link":"https:\/\/laboklin.com\/fr\/prestations\/maladies-infectieuses-detection-dagents-pathogenes-et-danticorps\/virus\/","title":{"rendered":"Virus"},"content":{"rendered":"<div class=\"wpb-content-wrapper\"><p>[vc_row type=\u00a0\u00bbvc_default\u00a0\u00bb css=\u00a0\u00bb.vc_custom_1603118041733{margin-bottom: 20px !important;}\u00a0\u00bb][vc_column][vc_column_text css=\u00a0\u00bb\u00a0\u00bb]Les tests propos\u00e9s pour le diagnostic des infections virales incluent la d\u00e9tection d\u2019anticorps et d\u2019antig\u00e8nes ainsi que, pour la mise en \u00e9vidence directe des agents pathog\u00e8nes, des m\u00e9thodes de biologie mol\u00e9culaire (PCR, PCR en temps r\u00e9el, droplet digital PCR). Des informations compl\u00e9mentaires sur les examens de pathologie (histologie, cytologie) sont \u00e9galement disponibles.<\/p>\n<p>Chez les reptiles, nous proposons en outre, lorsque les m\u00e9thodes diagnostiques mentionn\u00e9es ne peuvent pas \u00eatre mises en \u0153uvre ou n\u2019ont pas fourni de r\u00e9sultats compatibles avec le tableau clinique, une tentative d\u2019isolement viral par culture cellulaire. Pour cela, nous avons besoin de tissus ou d\u2019un \u00e9couvillon, \u00e0 envoyer dans un milieu de culture cellulaire (que nous mettons volontiers \u00e0 votre disposition) ou, \u00e0 d\u00e9faut, dans une petite quantit\u00e9 de solution physiologique st\u00e9rile.<\/p>\n<p>Pour la culture cellulaire, les \u00e9chantillons doivent \u00eatre exp\u00e9di\u00e9s sous r\u00e9frig\u00e9ration. La dur\u00e9e d\u2019analyse est d\u2019au minimum quatre semaines. Cette m\u00e9thode d\u2019examen n\u2019est pas mentionn\u00e9e de mani\u00e8re syst\u00e9matique dans les descriptions d\u00e9taill\u00e9es des analyses.[\/vc_column_text][\/vc_column][\/vc_row][vc_row type=\u00a0\u00bbvc_default\u00a0\u00bb disable_element=\u00a0\u00bbyes\u00a0\u00bb][vc_column][vc_column_text]<div class=\"vc_tta-panels-container\"><div class=\"vc_tta-panels\"><li class=\"menu-item sub-page\"><a href=\"https:\/\/laboklin.com\/fr\/prestations\/maladies-infectieuses-detection-dagents-pathogenes-et-danticorps\/virus\/adenoviruses\/\">Adenoviruses<\/a><\/li><li class=\"menu-item sub-page\"><a href=\"https:\/\/laboklin.com\/fr\/prestations\/maladies-infectieuses-detection-dagents-pathogenes-et-danticorps\/virus\/alongshan-virus\/\">Alongshan Virus<\/a><\/li><li class=\"menu-item sub-page\"><a href=\"https:\/\/laboklin.com\/fr\/products\/infectious-diseases-pathogens-and-antibody-detection\/viruses\/herpesviruses\/\">Aujeszky-Virus<\/a><\/li><li class=\"menu-item sub-page\"><a href=\"https:\/\/laboklin.com\/fr\/prestations\/maladies-infectieuses-detection-dagents-pathogenes-et-danticorps\/virus\/avipoxvirus\/\">Avipoxvirus<\/a><\/li><li class=\"menu-item sub-page\"><a href=\"https:\/\/laboklin.com\/fr\/prestations\/maladies-infectieuses-detection-dagents-pathogenes-et-danticorps\/virus\/blue-tongue-virus-btv\/\">Blue Tongue Virus (BTV)<\/a><\/li><li class=\"menu-item sub-page\"><a href=\"https:\/\/laboklin.com\/fr\/prestations\/maladies-infectieuses-detection-dagents-pathogenes-et-danticorps\/virus\/borna-disease-virus\/\">Borna Disease Virus<\/a><\/li><li class=\"menu-item sub-page\"><a href=\"https:\/\/laboklin.com\/fr\/prestations\/maladies-infectieuses-detection-dagents-pathogenes-et-danticorps\/virus\/bovine-respiratory-syncytial-virus-brsv\/\">Bovine Respiratory Syncytial Virus (BRSV)<\/a><\/li><li class=\"menu-item sub-page\"><a href=\"https:\/\/laboklin.com\/fr\/prestations\/maladies-infectieuses-detection-dagents-pathogenes-et-danticorps\/virus\/bovine-viral-diarrhoea-virus-bvdv\/\">Bovine Viral Diarrhoea Virus (BVDV)<\/a><\/li><li class=\"menu-item sub-page\"><a href=\"https:\/\/laboklin.com\/fr\/prestations\/maladies-infectieuses-detection-dagents-pathogenes-et-danticorps\/virus\/caliciviruses\/\">Caliciviruses<\/a><\/li><li class=\"menu-item sub-page\"><a href=\"https:\/\/laboklin.com\/fr\/products\/infectious-diseases-pathogens-and-antibody-detection\/viruses\/lentiviruses-cae-maedi-visna\/\">Caprine Arthritris Encephalitis Virus (CAEV)<\/a><\/li><li class=\"menu-item sub-page\"><a href=\"https:\/\/laboklin.com\/fr\/prestations\/maladies-infectieuses-detection-dagents-pathogenes-et-danticorps\/virus\/carp-edema-virus-cev\/\">Carp Edema Virus (CEV)<\/a><\/li><li class=\"menu-item sub-page\"><a href=\"https:\/\/laboklin.com\/fr\/prestations\/maladies-infectieuses-detection-dagents-pathogenes-et-danticorps\/virus\/chronic-bee-paralysis-virus-cbpv\/\">Chronic Bee Paralysis Virus (CBPV)<\/a><\/li><li class=\"menu-item sub-page\"><a href=\"https:\/\/laboklin.com\/fr\/prestations\/maladies-infectieuses-detection-dagents-pathogenes-et-danticorps\/virus\/circoviruses\/\">Circoviruses<\/a><\/li><li class=\"menu-item sub-page\"><a href=\"https:\/\/laboklin.com\/fr\/prestations\/maladies-infectieuses-detection-dagents-pathogenes-et-danticorps\/virus\/coronaviruses\/\">Coronaviruses<\/a><\/li><li class=\"menu-item sub-page\"><a href=\"https:\/\/laboklin.com\/fr\/prestations\/maladies-infectieuses-detection-dagents-pathogenes-et-danticorps\/virus\/cytomegalovirus\/\">Cytomegalovirus<\/a><\/li><li class=\"menu-item sub-page\"><a href=\"https:\/\/laboklin.com\/fr\/prestations\/maladies-infectieuses-detection-dagents-pathogenes-et-danticorps\/virus\/deformed-wing-virus-dwv\/\">Deformed Wing Virus (DWV)<\/a><\/li><li class=\"menu-item sub-page\"><a href=\"https:\/\/laboklin.com\/fr\/prestations\/maladies-infectieuses-detection-dagents-pathogenes-et-danticorps\/virus\/distemper-virus\/\">Distemper Virus<\/a><\/li><li class=\"menu-item sub-page\"><a href=\"https:\/\/laboklin.com\/fr\/prestations\/maladies-infectieuses-detection-dagents-pathogenes-et-danticorps\/virus\/epizootic-haemorrhagic-disease-virus-ehdv\/\">Epizootic Haemorrhagic Disease Virus (EHDV)<\/a><\/li><li class=\"menu-item sub-page\"><a href=\"https:\/\/laboklin.com\/fr\/prestations\/maladies-infectieuses-detection-dagents-pathogenes-et-danticorps\/virus\/equine-arteritis-virus-eav\/\">Equine Arteritis Virus (EAV)<\/a><\/li><li class=\"menu-item sub-page\"><a href=\"https:\/\/laboklin.com\/fr\/prestations\/maladies-infectieuses-detection-dagents-pathogenes-et-danticorps\/virus\/equine-hepacivirus-eqhv\/\">Equine Hepacivirus (EqHV)<\/a><\/li><li class=\"menu-item sub-page\"><a href=\"https:\/\/laboklin.com\/fr\/prestations\/maladies-infectieuses-detection-dagents-pathogenes-et-danticorps\/virus\/equine-infectious-anaemia-virus-eiav\/\">Equine Infectious Anaemia Virus (EIAV)<\/a><\/li><li class=\"menu-item sub-page\"><a href=\"https:\/\/laboklin.com\/fr\/prestations\/maladies-infectieuses-detection-dagents-pathogenes-et-danticorps\/virus\/european-brown-hare-syndrome-virus-ebhsv\/\">European Brown Hare Syndrome Virus (EBHSV)<\/a><\/li><li class=\"menu-item sub-page\"><a href=\"https:\/\/laboklin.com\/fr\/prestations\/maladies-infectieuses-detection-dagents-pathogenes-et-danticorps\/virus\/feline-immunodeficiency-virus-fiv\/\">Feline Immunodeficiency Virus (FIV)<\/a><\/li><li class=\"menu-item sub-page\"><a href=\"https:\/\/laboklin.com\/fr\/products\/infectious-diseases-pathogens-and-antibody-detection\/viruses\/coronaviruses\/\">Feline infectious Peritonitis (FIP)<\/a><\/li><li class=\"menu-item sub-page\"><a href=\"https:\/\/laboklin.com\/fr\/prestations\/maladies-infectieuses-detection-dagents-pathogenes-et-danticorps\/virus\/feline-leukaemia-virus-felv\/\">Feline Leukaemia Virus (FeLV)<\/a><\/li><li class=\"menu-item sub-page\"><a href=\"https:\/\/laboklin.com\/fr\/prestations\/maladies-infectieuses-detection-dagents-pathogenes-et-danticorps\/virus\/hantavirus\/\">Hantavirus<\/a><\/li><li class=\"menu-item sub-page\"><a href=\"https:\/\/laboklin.com\/fr\/prestations\/maladies-infectieuses-detection-dagents-pathogenes-et-danticorps\/virus\/herpesviruses\/\">Herpesviruses<\/a><\/li><li class=\"menu-item sub-page\"><a href=\"https:\/\/laboklin.com\/fr\/prestations\/maladies-infectieuses-detection-dagents-pathogenes-et-danticorps\/virus\/influenza-virus\/\">Influenza Virus<\/a><\/li><li class=\"menu-item sub-page\"><a href=\"https:\/\/laboklin.com\/fr\/prestations\/maladies-infectieuses-detection-dagents-pathogenes-et-danticorps\/virus\/iridovirus\/\">Iridovirus<\/a><\/li><li class=\"menu-item sub-page\"><a href=\"https:\/\/laboklin.com\/fr\/prestations\/maladies-infectieuses-detection-dagents-pathogenes-et-danticorps\/virus\/lentiviruses-cae-maedi-visna\/\">Lentiviruses (CAE\/Maedi-Visna)<\/a><\/li><li class=\"menu-item sub-page\"><a href=\"https:\/\/laboklin.com\/fr\/prestations\/maladies-infectieuses-detection-dagents-pathogenes-et-danticorps\/virus\/lymphocytic-choriomeningitis-virus-lcmv\/\">Lymphocytic Choriomeningitis Virus (LCMV)<\/a><\/li><li class=\"menu-item sub-page\"><a href=\"https:\/\/laboklin.com\/fr\/prestations\/maladies-infectieuses-detection-dagents-pathogenes-et-danticorps\/virus\/myxoma-virus\/\">Myxoma Virus<\/a><\/li><li class=\"menu-item sub-page\"><a href=\"https:\/\/laboklin.com\/fr\/products\/infectious-diseases-pathogens-and-antibody-detection\/viruses\/paramyxoviruses\/\">Newcastle Disease Virus (NDV)<\/a><\/li><li class=\"menu-item sub-page\"><a href=\"https:\/\/laboklin.com\/fr\/prestations\/maladies-infectieuses-detection-dagents-pathogenes-et-danticorps\/virus\/orthopoxviruses\/\">Orthopoxviruses<\/a><\/li><li class=\"menu-item sub-page\"><a href=\"https:\/\/laboklin.com\/fr\/products\/infectious-diseases-pathogens-and-antibody-detection\/viruses\/herpesviruses\/\">Pachecovirus<\/a><\/li><li class=\"menu-item sub-page\"><a href=\"https:\/\/laboklin.com\/fr\/prestations\/maladies-infectieuses-detection-dagents-pathogenes-et-danticorps\/virus\/papillomaviruses\/\">Papillomaviruses<\/a><\/li><li class=\"menu-item sub-page\"><a href=\"https:\/\/laboklin.com\/fr\/prestations\/maladies-infectieuses-detection-dagents-pathogenes-et-danticorps\/virus\/parainfluenza-viruses\/\">Parainfluenza Viruses<\/a><\/li><li class=\"menu-item sub-page\"><a href=\"https:\/\/laboklin.com\/fr\/prestations\/maladies-infectieuses-detection-dagents-pathogenes-et-danticorps\/virus\/paramyxoviruses\/\">Paramyxoviruses<\/a><\/li><li class=\"menu-item sub-page\"><a href=\"https:\/\/laboklin.com\/fr\/prestations\/maladies-infectieuses-detection-dagents-pathogenes-et-danticorps\/virus\/parvoviruses\/\">Parvoviruses<\/a><\/li><li class=\"menu-item sub-page\"><a href=\"https:\/\/laboklin.com\/fr\/prestations\/maladies-infectieuses-detection-dagents-pathogenes-et-danticorps\/virus\/picornaviruses\/\">Picornaviruses<\/a><\/li><li class=\"menu-item sub-page\"><a href=\"https:\/\/laboklin.com\/fr\/prestations\/maladies-infectieuses-detection-dagents-pathogenes-et-danticorps\/virus\/polyomaviruses\/\">Polyomaviruses<\/a><\/li><li class=\"menu-item sub-page\"><a href=\"https:\/\/laboklin.com\/fr\/prestations\/maladies-infectieuses-detection-dagents-pathogenes-et-danticorps\/virus\/porcine-respiratory-and-reproductive-syndrome-virus-prrsv\/\">Porcine Respiratory and Reproductive Syndrome Virus (PRRSV)<\/a><\/li><li class=\"menu-item sub-page\"><a href=\"https:\/\/laboklin.com\/fr\/products\/infectious-diseases-pathogens-and-antibody-detection\/viruses\/circoviruses\/\">Psittacine Beak and Feather Disease Virus (PBFD)<\/a><\/li><li class=\"menu-item sub-page\"><a href=\"https:\/\/laboklin.com\/fr\/prestations\/maladies-infectieuses-detection-dagents-pathogenes-et-danticorps\/virus\/rabbit-haemorrhagic-disease-virus-rhdv\/\">Rabbit Haemorrhagic Disease Virus (RHDV)<\/a><\/li><li class=\"menu-item sub-page\"><a href=\"https:\/\/laboklin.com\/fr\/prestations\/maladies-infectieuses-detection-dagents-pathogenes-et-danticorps\/virus\/rabies-virus\/\">Rabies Virus<\/a><\/li><li class=\"menu-item sub-page\"><a href=\"https:\/\/laboklin.com\/fr\/prestations\/maladies-infectieuses-detection-dagents-pathogenes-et-danticorps\/virus\/ranaviruses\/\">Ranaviruses<\/a><\/li><li class=\"menu-item sub-page\"><a href=\"https:\/\/laboklin.com\/fr\/prestations\/maladies-infectieuses-detection-dagents-pathogenes-et-danticorps\/virus\/reoviruses\/\">Reoviruses<\/a><\/li><li class=\"menu-item sub-page\"><a href=\"https:\/\/laboklin.com\/fr\/prestations\/maladies-infectieuses-detection-dagents-pathogenes-et-danticorps\/virus\/reptarenaviruses-ibd\/\">Reptarenaviruses\/IBD<\/a><\/li><li class=\"menu-item sub-page\"><a href=\"https:\/\/laboklin.com\/fr\/prestations\/maladies-infectieuses-detection-dagents-pathogenes-et-danticorps\/virus\/rotaviruses\/\">Rotaviruses<\/a><\/li><li class=\"menu-item sub-page\"><a href=\"https:\/\/laboklin.com\/fr\/prestations\/maladies-infectieuses-detection-dagents-pathogenes-et-danticorps\/virus\/rustrela-virus\/\">Rustrela Virus<\/a><\/li><li class=\"menu-item sub-page\"><a href=\"https:\/\/laboklin.com\/fr\/prestations\/maladies-infectieuses-detection-dagents-pathogenes-et-danticorps\/virus\/sacbrood-virus\/\">Sacbrood Virus<\/a><\/li><li class=\"menu-item sub-page\"><a href=\"https:\/\/laboklin.com\/fr\/prestations\/maladies-infectieuses-detection-dagents-pathogenes-et-danticorps\/virus\/sars-cov-2\/\">SARS-CoV-2<\/a><\/li><li class=\"menu-item sub-page\"><a href=\"https:\/\/laboklin.com\/fr\/prestations\/maladies-infectieuses-detection-dagents-pathogenes-et-danticorps\/virus\/schmallenberg-virus-sbv\/\">Schmallenberg Virus (SBV)<\/a><\/li><li class=\"menu-item sub-page\"><a href=\"https:\/\/laboklin.com\/fr\/prestations\/maladies-infectieuses-detection-dagents-pathogenes-et-danticorps\/virus\/sendai-virus\/\">Sendai Virus<\/a><\/li><li class=\"menu-item sub-page\"><a href=\"https:\/\/laboklin.com\/fr\/prestations\/maladies-infectieuses-detection-dagents-pathogenes-et-danticorps\/virus\/serpentoviruses-nidoviruses\/\">Serpentoviruses (Nidoviruses)<\/a><\/li><li class=\"menu-item sub-page\"><a href=\"https:\/\/laboklin.com\/fr\/prestations\/maladies-infectieuses-detection-dagents-pathogenes-et-danticorps\/virus\/sunshine-virus\/\">Sunshine Virus<\/a><\/li><li class=\"menu-item sub-page\"><a href=\"https:\/\/laboklin.com\/fr\/prestations\/maladies-infectieuses-detection-dagents-pathogenes-et-danticorps\/virus\/tick-borne-encephalitis-virus-tbe-virus\/\">Tick-borne Encephalitis Virus (TBE Virus)<\/a><\/li><li class=\"menu-item sub-page\"><a href=\"https:\/\/laboklin.com\/fr\/prestations\/maladies-infectieuses-detection-dagents-pathogenes-et-danticorps\/virus\/usutu-virus\/\">Usutu Virus<\/a><\/li><li class=\"menu-item sub-page\"><a href=\"https:\/\/laboklin.com\/fr\/prestations\/maladies-infectieuses-detection-dagents-pathogenes-et-danticorps\/virus\/west-nile-virus\/\">West Nile Virus<\/a><\/li><\/div><\/div>[\/vc_column_text][\/vc_column][\/vc_row]<\/p>\n<\/div>","protected":false},"excerpt":{"rendered":"<p>[vc_row type=\u00a0\u00bbvc_default\u00a0\u00bb css=\u00a0\u00bb.vc_custom_1603118041733{margin-bottom: 20px !important;}\u00a0\u00bb][vc_column][vc_column_text css=\u00a0\u00bb\u00a0\u00bb]Les tests propos\u00e9s pour le diagnostic des infections virales incluent la d\u00e9tection d\u2019anticorps et d\u2019antig\u00e8nes ainsi que, pour la mise en \u00e9vidence directe des agents pathog\u00e8nes, des m\u00e9thodes de biologie mol\u00e9culaire (PCR, PCR en temps r\u00e9el, droplet digital PCR). Des informations compl\u00e9mentaires sur les examens de pathologie (histologie, cytologie) sont&hellip;<\/p>\n","protected":false},"author":1,"featured_media":0,"parent":1379763,"menu_order":0,"comment_status":"closed","ping_status":"closed","template":"","meta":{"_seopress_robots_primary_cat":"","_seopress_titles_title":"","_seopress_titles_desc":"","_seopress_robots_index":"","footnotes":""},"class_list":["post-1383218","page","type-page","status-publish","hentry","description-off"],"_links":{"self":[{"href":"https:\/\/laboklin.com\/fr\/wp-json\/wp\/v2\/pages\/1383218","targetHints":{"allow":["GET"]}}],"collection":[{"href":"https:\/\/laboklin.com\/fr\/wp-json\/wp\/v2\/pages"}],"about":[{"href":"https:\/\/laboklin.com\/fr\/wp-json\/wp\/v2\/types\/page"}],"author":[{"embeddable":true,"href":"https:\/\/laboklin.com\/fr\/wp-json\/wp\/v2\/users\/1"}],"replies":[{"embeddable":true,"href":"https:\/\/laboklin.com\/fr\/wp-json\/wp\/v2\/comments?post=1383218"}],"version-history":[{"count":1,"href":"https:\/\/laboklin.com\/fr\/wp-json\/wp\/v2\/pages\/1383218\/revisions"}],"predecessor-version":[{"id":1542448,"href":"https:\/\/laboklin.com\/fr\/wp-json\/wp\/v2\/pages\/1383218\/revisions\/1542448"}],"up":[{"embeddable":true,"href":"https:\/\/laboklin.com\/fr\/wp-json\/wp\/v2\/pages\/1379763"}],"wp:attachment":[{"href":"https:\/\/laboklin.com\/fr\/wp-json\/wp\/v2\/media?parent=1383218"}],"curies":[{"name":"wp","href":"https:\/\/api.w.org\/{rel}","templated":true}]}}