{"id":1383179,"date":"2022-02-08T16:03:13","date_gmt":"2022-02-08T15:03:13","guid":{"rendered":"https:\/\/staging-wp-int.laboklin.com\/products\/vitamins-drug-levels-intoxications\/intoxication\/"},"modified":"2026-02-17T12:15:13","modified_gmt":"2026-02-17T11:15:13","slug":"preuve-dempoisonnement","status":"publish","type":"page","link":"https:\/\/laboklin.com\/fr\/prestations\/vitamines-taux-de-medicaments-intoxications\/preuve-dempoisonnement\/","title":{"rendered":"Preuve d&#8217;empoisonnement"},"content":{"rendered":"<div class=\"wpb-content-wrapper\"><p>[vc_row][vc_column][vc_column_text css=\u00a0\u00bb\u00a0\u00bb]<h3>Diagnostic spectrum<\/h3><div class=\"vc_tta-panels-container\"><div class=\"vc_tta-panels\"><li class=\"menu-item sub-page\"><a href=\"https:\/\/laboklin.com\/fr\/prestations\/vitamines-taux-de-medicaments-intoxications\/preuve-dempoisonnement\/alpha-chloralose\/\">\u03b1-Chloralose<\/a><\/li><li class=\"menu-item sub-page\"><a href=\"https:\/\/laboklin.com\/fr\/prestations\/vitamines-taux-de-medicaments-intoxications\/preuve-dempoisonnement\/cannabinoids\/\">Cannabis\/Cannabinoids<\/a><\/li><li class=\"menu-item sub-page\"><a href=\"https:\/\/laboklin.com\/fr\/prestations\/vitamines-taux-de-medicaments-intoxications\/preuve-dempoisonnement\/coumarin-activity\/\">Coumarin Activity<\/a><\/li><li class=\"menu-item sub-page\"><a href=\"https:\/\/laboklin.com\/fr\/prestations\/vitamines-taux-de-medicaments-intoxications\/preuve-dempoisonnement\/heavy-metal-toxicity-screening\/\">Heavy Metal Toxicity Screening<\/a><\/li><li class=\"menu-item sub-page\"><a href=\"https:\/\/laboklin.com\/fr\/prestations\/vitamines-taux-de-medicaments-intoxications\/preuve-dempoisonnement\/lead\/\">Lead<\/a><\/li><li class=\"menu-item sub-page\"><a href=\"https:\/\/laboklin.com\/fr\/prestations\/vitamines-taux-de-medicaments-intoxications\/preuve-dempoisonnement\/meadow-saffron-colchicine\/\">Meadow Saffron (Colchicine)<\/a><\/li><li class=\"menu-item sub-page\"><a href=\"https:\/\/laboklin.com\/fr\/prestations\/vitamines-taux-de-medicaments-intoxications\/preuve-dempoisonnement\/poison-screening\/\">Poison Screening<\/a><\/li><li class=\"menu-item sub-page\"><a href=\"https:\/\/laboklin.com\/fr\/prestations\/vitamines-taux-de-medicaments-intoxications\/preuve-dempoisonnement\/ragwort-senecionine\/\">Ragwort (Senecionine)<\/a><\/li><li class=\"menu-item sub-page\"><a href=\"https:\/\/laboklin.com\/fr\/prestations\/vitamines-taux-de-medicaments-intoxications\/preuve-dempoisonnement\/sycamore-hypoglycin-a\/\">Sycamore (Hypoglycin A)<\/a><\/li><li class=\"menu-item sub-page\"><a href=\"https:\/\/laboklin.com\/fr\/prestations\/vitamines-taux-de-medicaments-intoxications\/preuve-dempoisonnement\/thallium-rodenticide\/\">Thallium (Rodenticide)<\/a><\/li><\/div><\/div>\n<div class=\"gap\" style=\"line-height: 20px; height: 20px;\"><\/div>\n<p>*Laboratoire partenaire<\/p>\n<h2>Intoxications<\/h2>\n<p>Les intoxications chez les animaux sont souvent \u00e0 l&rsquo;origine d&rsquo;\u00e9tats mettant leur vie en danger. Les substances dangereuses pr\u00e9sentes dans les m\u00e9nages et les jardins, les toxines v\u00e9g\u00e9tales, les m\u00e9dicaments, les denr\u00e9es alimentaires et les produits de luxe ainsi que les pesticides et les rodenticides peuvent notamment jouer un r\u00f4le dans ce domaine.[\/vc_column_text][\/vc_column][\/vc_row]<\/p>\n<\/div>","protected":false},"excerpt":{"rendered":"<p>[vc_row][vc_column][vc_column_text css=\u00a0\u00bb\u00a0\u00bb] *Laboratoire partenaire Intoxications Les intoxications chez les animaux sont souvent \u00e0 l&rsquo;origine d&rsquo;\u00e9tats mettant leur vie en danger. Les substances dangereuses pr\u00e9sentes dans les m\u00e9nages et les jardins, les toxines v\u00e9g\u00e9tales, les m\u00e9dicaments, les denr\u00e9es alimentaires et les produits de luxe ainsi que les pesticides et les rodenticides peuvent notamment jouer un r\u00f4le&hellip;<\/p>\n","protected":false},"author":1,"featured_media":0,"parent":1379587,"menu_order":2,"comment_status":"closed","ping_status":"closed","template":"","meta":{"_seopress_robots_primary_cat":"","_seopress_titles_title":"","_seopress_titles_desc":"","_seopress_robots_index":"","footnotes":""},"class_list":["post-1383179","page","type-page","status-publish","hentry","description-off"],"_links":{"self":[{"href":"https:\/\/laboklin.com\/fr\/wp-json\/wp\/v2\/pages\/1383179","targetHints":{"allow":["GET"]}}],"collection":[{"href":"https:\/\/laboklin.com\/fr\/wp-json\/wp\/v2\/pages"}],"about":[{"href":"https:\/\/laboklin.com\/fr\/wp-json\/wp\/v2\/types\/page"}],"author":[{"embeddable":true,"href":"https:\/\/laboklin.com\/fr\/wp-json\/wp\/v2\/users\/1"}],"replies":[{"embeddable":true,"href":"https:\/\/laboklin.com\/fr\/wp-json\/wp\/v2\/comments?post=1383179"}],"version-history":[{"count":1,"href":"https:\/\/laboklin.com\/fr\/wp-json\/wp\/v2\/pages\/1383179\/revisions"}],"predecessor-version":[{"id":1542445,"href":"https:\/\/laboklin.com\/fr\/wp-json\/wp\/v2\/pages\/1383179\/revisions\/1542445"}],"up":[{"embeddable":true,"href":"https:\/\/laboklin.com\/fr\/wp-json\/wp\/v2\/pages\/1379587"}],"wp:attachment":[{"href":"https:\/\/laboklin.com\/fr\/wp-json\/wp\/v2\/media?parent=1383179"}],"curies":[{"name":"wp","href":"https:\/\/api.w.org\/{rel}","templated":true}]}}