{"id":1383170,"date":"2022-01-04T12:03:28","date_gmt":"2022-01-04T11:03:28","guid":{"rendered":"https:\/\/staging-wp-int.laboklin.com\/products\/vitamins-drug-levels-intoxications\/drug-levels\/"},"modified":"2026-02-17T12:11:00","modified_gmt":"2026-02-17T11:11:00","slug":"taux-de-medicament","status":"publish","type":"page","link":"https:\/\/laboklin.com\/fr\/prestations\/vitamines-taux-de-medicaments-intoxications\/taux-de-medicament\/","title":{"rendered":"Taux de m\u00e9dicament"},"content":{"rendered":"<div class=\"wpb-content-wrapper\"><p>[vc_row][vc_column][vc_column_text css=\u00a0\u00bb\u00a0\u00bb]<h3>Diagnostic spectrum<\/h3><div class=\"vc_tta-panels-container\"><div class=\"vc_tta-panels\"><li class=\"menu-item sub-page\"><a href=\"https:\/\/laboklin.com\/fr\/prestations\/vitamines-taux-de-medicaments-intoxications\/taux-de-medicament\/bromide\/\">Bromide<\/a><\/li><li class=\"menu-item sub-page\"><a href=\"https:\/\/laboklin.com\/fr\/prestations\/vitamines-taux-de-medicaments-intoxications\/taux-de-medicament\/ciclosporin\/\">Ciclosporin<\/a><\/li><li class=\"menu-item sub-page\"><a href=\"https:\/\/laboklin.com\/fr\/prestations\/vitamines-taux-de-medicaments-intoxications\/taux-de-medicament\/diazepam\/\">Diazepam<\/a><\/li><li class=\"menu-item sub-page\"><a href=\"https:\/\/laboklin.com\/fr\/prestations\/vitamines-taux-de-medicaments-intoxications\/taux-de-medicament\/digoxin\/\">Digoxin<\/a><\/li><li class=\"menu-item sub-page\"><a href=\"https:\/\/laboklin.com\/fr\/prestations\/vitamines-taux-de-medicaments-intoxications\/taux-de-medicament\/levetiracetam\/\">Levetiracetam<\/a><\/li><li class=\"menu-item sub-page\"><a href=\"https:\/\/laboklin.com\/fr\/prestations\/vitamines-taux-de-medicaments-intoxications\/taux-de-medicament\/phenobarbital\/\">Phenobarbital<\/a><\/li><\/div><\/div>\n<div class=\"gap\" style=\"line-height: 20px; height: 20px;\"><\/div>\n<h2>Informations g\u00e9n\u00e9rales<\/h2>\n<p>La surveillance des taux de m\u00e9dicaments est \u00e9galement un outil important pour contr\u00f4ler le traitement chez les animaux. Un ajustement m\u00e9dicamenteux individuel pr\u00e9cis augmente la s\u00e9curit\u00e9 des patients. De plus, les effets secondaires peuvent \u00eatre r\u00e9duits.<\/p>\n<p><strong>Une s\u00e9rie de tests de d\u00e9pistage de m\u00e9dicaments est disponible dans le cadre de l&rsquo;analyse antidopage, en particulier pour les chevaux.<br \/>\n<\/strong><strong>Nous nous tenons \u00e0 votre disposition pour toute question.<\/strong><\/p>\n<p>&nbsp;<\/p>\n<ul>\n<li>D\u00e9pistage des substances dopantes<\/li>\n<li>D\u00e9pistage des anti-inflammatoires<\/li>\n<li>D\u00e9pistage des glucocortico\u00efdes<\/li>\n<li>D\u00e9pistage des AINS<\/li>\n<li>S\u00e9datifs\/tranquillisants<\/li>\n<li>Stimulants<\/li>\n<li>Antid\u00e9presseurs tricycliques<\/li>\n<\/ul>\n<p>[\/vc_column_text][\/vc_column][\/vc_row]<\/p>\n<\/div>","protected":false},"excerpt":{"rendered":"<p>[vc_row][vc_column][vc_column_text css=\u00a0\u00bb\u00a0\u00bb] Informations g\u00e9n\u00e9rales La surveillance des taux de m\u00e9dicaments est \u00e9galement un outil important pour contr\u00f4ler le traitement chez les animaux. Un ajustement m\u00e9dicamenteux individuel pr\u00e9cis augmente la s\u00e9curit\u00e9 des patients. De plus, les effets secondaires peuvent \u00eatre r\u00e9duits. Une s\u00e9rie de tests de d\u00e9pistage de m\u00e9dicaments est disponible dans le cadre de l&rsquo;analyse&hellip;<\/p>\n","protected":false},"author":1,"featured_media":0,"parent":1379587,"menu_order":1,"comment_status":"closed","ping_status":"closed","template":"","meta":{"_seopress_robots_primary_cat":"","_seopress_titles_title":"","_seopress_titles_desc":"","_seopress_robots_index":"","footnotes":""},"class_list":["post-1383170","page","type-page","status-publish","hentry","description-off"],"_links":{"self":[{"href":"https:\/\/laboklin.com\/fr\/wp-json\/wp\/v2\/pages\/1383170","targetHints":{"allow":["GET"]}}],"collection":[{"href":"https:\/\/laboklin.com\/fr\/wp-json\/wp\/v2\/pages"}],"about":[{"href":"https:\/\/laboklin.com\/fr\/wp-json\/wp\/v2\/types\/page"}],"author":[{"embeddable":true,"href":"https:\/\/laboklin.com\/fr\/wp-json\/wp\/v2\/users\/1"}],"replies":[{"embeddable":true,"href":"https:\/\/laboklin.com\/fr\/wp-json\/wp\/v2\/comments?post=1383170"}],"version-history":[{"count":2,"href":"https:\/\/laboklin.com\/fr\/wp-json\/wp\/v2\/pages\/1383170\/revisions"}],"predecessor-version":[{"id":1542444,"href":"https:\/\/laboklin.com\/fr\/wp-json\/wp\/v2\/pages\/1383170\/revisions\/1542444"}],"up":[{"embeddable":true,"href":"https:\/\/laboklin.com\/fr\/wp-json\/wp\/v2\/pages\/1379587"}],"wp:attachment":[{"href":"https:\/\/laboklin.com\/fr\/wp-json\/wp\/v2\/media?parent=1383170"}],"curies":[{"name":"wp","href":"https:\/\/api.w.org\/{rel}","templated":true}]}}