{"id":1383115,"date":"2020-10-16T11:36:27","date_gmt":"2020-10-16T09:36:27","guid":{"rendered":"https:\/\/staging-wp-int.laboklin.com\/products\/haematology-clin-chemistry-endocrinology\/haematology\/"},"modified":"2026-02-19T08:46:29","modified_gmt":"2026-02-19T07:46:29","slug":"hematologie","status":"publish","type":"page","link":"https:\/\/laboklin.com\/fr\/prestations\/hematologie-chimie-clinique-endocrinologie\/hematologie\/","title":{"rendered":"H\u00e9matologie"},"content":{"rendered":"<div class=\"wpb-content-wrapper\"><p>[vc_row][vc_column][vc_column_text css=\u00a0\u00bb\u00a0\u00bb]<\/p>\n<h3>Analyses sanguines \/ s\u00e9riques<\/h3>\n<p>La m\u00e9decine de laboratoire clinique sert \u00e0 confirmer un diagnostic par l\u2019analyse d\u2019\u00e9chantillons de sang, d\u2019urine ainsi que de ponctions.<\/p>\n<p>Les domaines d\u2019activit\u00e9 comprennent la chimie clinique, qui permet la d\u00e9termination d\u2019enzymes, de substrats et de min\u00e9raux, l\u2019endocrinologie pour l\u2019analyse hormonale, l\u2019h\u00e9matologie ainsi que la s\u00e9rologie pour la d\u00e9tection d\u2019anticorps ou d\u2019antig\u00e8nes.[\/vc_column_text][\/vc_column][\/vc_row][vc_row type=\u00a0\u00bbvc_default\u00a0\u00bb disable_element=\u00a0\u00bbyes\u00a0\u00bb][vc_column width=\u00a0\u00bb2\/3&Prime;][vc_column_text css=\u00a0\u00bb.vc_custom_1603288628979{margin-left: 20px !important;padding-top: 30px !important;padding-right: 30px !important;padding-bottom: 30px !important;padding-left: 30px !important;}\u00a0\u00bb]<div class=\"vc_tta-panels-container\"><div class=\"vc_tta-panels\"><li class=\"menu-item sub-page\"><a href=\"https:\/\/laboklin.com\/fr\/prestations\/hematologie-chimie-clinique-endocrinologie\/hematologie\/blood-cells\/\">Blood Cells<\/a><\/li><li class=\"menu-item sub-page\"><a href=\"https:\/\/laboklin.com\/fr\/prestations\/hematologie-chimie-clinique-endocrinologie\/hematologie\/coagulation\/\">Coagulation<\/a><\/li><li class=\"menu-item sub-page\"><a href=\"https:\/\/laboklin.com\/fr\/prestations\/hematologie-chimie-clinique-endocrinologie\/hematologie\/blood-group-typing\/\">Blood Group Typing<\/a><\/li><li class=\"menu-item sub-page\"><a href=\"https:\/\/laboklin.com\/fr\/prestations\/hematologie-chimie-clinique-endocrinologie\/hematologie\/blood-parasites\/\">Blood Parasites<\/a><\/li><\/div><\/div>[\/vc_column_text][\/vc_column][vc_column width=\u00a0\u00bb1\/3&Prime;][\/vc_column][\/vc_row]<\/p>\n<\/div>","protected":false},"excerpt":{"rendered":"<p>[vc_row][vc_column][vc_column_text css=\u00a0\u00bb\u00a0\u00bb] Analyses sanguines \/ s\u00e9riques La m\u00e9decine de laboratoire clinique sert \u00e0 confirmer un diagnostic par l\u2019analyse d\u2019\u00e9chantillons de sang, d\u2019urine ainsi que de ponctions. Les domaines d\u2019activit\u00e9 comprennent la chimie clinique, qui permet la d\u00e9termination d\u2019enzymes, de substrats et de min\u00e9raux, l\u2019endocrinologie pour l\u2019analyse hormonale, l\u2019h\u00e9matologie ainsi que la s\u00e9rologie pour la d\u00e9tection&hellip;<\/p>\n","protected":false},"author":1,"featured_media":0,"parent":1379458,"menu_order":0,"comment_status":"closed","ping_status":"closed","template":"","meta":{"_seopress_robots_primary_cat":"","_seopress_titles_title":"","_seopress_titles_desc":"","_seopress_robots_index":"","footnotes":""},"class_list":["post-1383115","page","type-page","status-publish","hentry","description-off"],"_links":{"self":[{"href":"https:\/\/laboklin.com\/fr\/wp-json\/wp\/v2\/pages\/1383115","targetHints":{"allow":["GET"]}}],"collection":[{"href":"https:\/\/laboklin.com\/fr\/wp-json\/wp\/v2\/pages"}],"about":[{"href":"https:\/\/laboklin.com\/fr\/wp-json\/wp\/v2\/types\/page"}],"author":[{"embeddable":true,"href":"https:\/\/laboklin.com\/fr\/wp-json\/wp\/v2\/users\/1"}],"replies":[{"embeddable":true,"href":"https:\/\/laboklin.com\/fr\/wp-json\/wp\/v2\/comments?post=1383115"}],"version-history":[{"count":1,"href":"https:\/\/laboklin.com\/fr\/wp-json\/wp\/v2\/pages\/1383115\/revisions"}],"predecessor-version":[{"id":1542464,"href":"https:\/\/laboklin.com\/fr\/wp-json\/wp\/v2\/pages\/1383115\/revisions\/1542464"}],"up":[{"embeddable":true,"href":"https:\/\/laboklin.com\/fr\/wp-json\/wp\/v2\/pages\/1379458"}],"wp:attachment":[{"href":"https:\/\/laboklin.com\/fr\/wp-json\/wp\/v2\/media?parent=1383115"}],"curies":[{"name":"wp","href":"https:\/\/api.w.org\/{rel}","templated":true}]}}