{"id":1380348,"date":"2020-10-16T11:36:27","date_gmt":"2020-10-16T09:36:27","guid":{"rendered":"https:\/\/staging-wp-int.laboklin.com\/products\/genetics\/"},"modified":"2026-02-19T16:23:16","modified_gmt":"2026-02-19T15:23:16","slug":"genetique","status":"publish","type":"page","link":"https:\/\/laboklin.com\/fr\/prestations\/genetique\/","title":{"rendered":"G\u00e9n\u00e9tique"},"content":{"rendered":"<div class=\"wpb-content-wrapper\"><p>[vc_row][vc_column][vc_column_text css=\u00a0\u00bb\u00a0\u00bb]Dans de nombreux cas, les techniques de g\u00e9n\u00e9tique mol\u00e9culaire permettent d\u2019identifier des variants g\u00e9n\u00e9tiques associ\u00e9es \u00e0 des maladies h\u00e9r\u00e9ditaires. Il est ainsi possible de d\u00e9tecter \u00e0 la fois les individus homozygotes atteints et les porteurs sains d\u2019un caract\u00e8re. Laboklin propose un grand nombre d\u2019analyses pour diff\u00e9rentes races et esp\u00e8ces animales ; certains tests ont \u00e9t\u00e9 d\u00e9velopp\u00e9s en interne, d\u2019autres sont brevet\u00e9s. Sur cette page, les analyses sont r\u00e9pertori\u00e9es par esp\u00e8ce animale, class\u00e9es par ordre alphab\u00e9tique et accompagn\u00e9es d\u2019une description d\u00e9taill\u00e9e de chaque maladie.<\/p>\n<p>De nombreux caract\u00e8res ph\u00e9notypiques peuvent \u00e9galement \u00eatre d\u00e9termin\u00e9s par analyse g\u00e9n\u00e9tique, ce qui pr\u00e9sente un int\u00e9r\u00eat particulier en \u00e9levage. Cela inclut, par exemple, la couleur et les panachures du pelage ainsi que la longueur du poil. Ces analyses sont \u00e9galement class\u00e9es par ordre alphab\u00e9tique.<\/p>\n<p>Les autres domaines d\u2019activit\u00e9 en g\u00e9n\u00e9tique comprennent l\u2019analyse d\u2019identit\u00e9 et de filiation chez le chien, le chat et le cheval, la d\u00e9termination de race chez le chien et le chat, le sexage des oiseaux ainsi que la diff\u00e9renciation mol\u00e9culaire des esp\u00e8ces chez certains animaux domestiques et sauvages dans le cadre de diverses questions diagnostiques. Les analyses portant sur certaines caract\u00e9ristiques de performance chez les chevaux et les ruminants compl\u00e8tent notre offre de prestations.<\/p>\n<p><strong>Des informations relatives au pr\u00e9l\u00e8vement des \u00e9chantillons sont disponibles dans la section<\/strong> <a href=\"https:\/\/laboklin.com\/fr\/infotheque\/preanalytique\/\"><strong>Pr\u00e9analytique<\/strong><\/a> <strong>ainsi que dans la<\/strong> <a href=\"https:\/\/laboklin.com\/fr\/infotheque\/faq-general-questions\/\"><strong>FAQ<\/strong><\/a>.<\/p>\n<p>[\/vc_column_text][\/vc_column][\/vc_row][vc_row type=\u00a0\u00bbvc_default\u00a0\u00bb disable_element=\u00a0\u00bbyes\u00a0\u00bb][vc_column][vc_column_text css=\u00a0\u00bb.vc_custom_1603378797735{margin-left: 20px !important;padding-top: 30px !important;padding-right: 30px !important;padding-bottom: 30px !important;padding-left: 30px !important;}\u00a0\u00bb]<div class=\"vc_tta-panels-container\"><div class=\"vc_tta-panels\"><li class=\"menu-item sub-page\"><a href=\"https:\/\/laboklin.com\/fr\/prestations\/genetique\/maladies-hereditaires\/\">Maladies h\u00e9r\u00e9ditaires<\/a><\/li><li class=\"menu-item sub-page\"><a href=\"https:\/\/laboklin.com\/fr\/prestations\/genetique\/performance\/\">Performance<\/a><\/li><li class=\"menu-item sub-page\"><a href=\"https:\/\/laboklin.com\/fr\/prestations\/genetique\/couleur-du-pelage-structure-du-poil-longueur-du-pelage\/\">Couleur du pelage\/Structure du poil\/\/longueur du pelage<\/a><\/li><li class=\"menu-item sub-page\"><a href=\"https:\/\/laboklin.com\/fr\/prestations\/genetique\/combinaison-genetique\/\">Combinaison g\u00e9n\u00e9tique<\/a><\/li><li class=\"menu-item sub-page\"><a href=\"https:\/\/laboklin.com\/fr\/prestations\/genetique\/identite-ascendance\/\">Identit\u00e9 \/ Ascendance<\/a><\/li><li class=\"menu-item sub-page\"><a href=\"https:\/\/laboklin.com\/fr\/prestations\/genetique\/breed-classification\/\">Breed Classification<\/a><\/li><li class=\"menu-item sub-page\"><a href=\"https:\/\/laboklin.com\/fr\/prestations\/genetique\/molecular-biology-animal-species-differentiation\/\">Molecular Biological Animal Species Differentiation<\/a><\/li><li class=\"menu-item sub-page\"><a href=\"https:\/\/laboklin.com\/fr\/prestations\/genetique\/sex-determination\/\">Sex Determination<\/a><\/li><li class=\"menu-item sub-page\"><a href=\"https:\/\/laboklin.com\/fr\/prestations\/genetique\/heredities\/\">Heredities<\/a><\/li><\/div><\/div>[\/vc_column_text][\/vc_column][\/vc_row][vc_row type=\u00a0\u00bbvc_default\u00a0\u00bb disable_element=\u00a0\u00bbyes\u00a0\u00bb css=\u00a0\u00bb.vc_custom_1637849269274{margin-top: 30px !important;}\u00a0\u00bb][vc_column]<div class=\"dt-fancy-separator title-left h3-size accent-title-color\" style=\"width: 100%;\"><div class=\"dt-fancy-title\"><span class=\"separator-holder separator-left\"><\/span>Molecular biology - Contact person<span class=\"separator-holder separator-right\"><\/span><\/div><\/div>[\/vc_column][\/vc_row][vc_row type=\u00a0\u00bbvc_default\u00a0\u00bb disable_element=\u00a0\u00bbyes\u00a0\u00bb][vc_column][vc_column_text css=\u00a0\u00bb.vc_custom_1615303803557{margin-top: 30px !important;}\u00a0\u00bb][awsmteam id=\u00a0\u00bb1307406&Prime;][\/vc_column_text][\/vc_column][\/vc_row]<\/p>\n<\/div>","protected":false},"excerpt":{"rendered":"<p>[vc_row][vc_column][vc_column_text css=\u00a0\u00bb\u00a0\u00bb]Dans de nombreux cas, les techniques de g\u00e9n\u00e9tique mol\u00e9culaire permettent d\u2019identifier des variants g\u00e9n\u00e9tiques associ\u00e9es \u00e0 des maladies h\u00e9r\u00e9ditaires. Il est ainsi possible de d\u00e9tecter \u00e0 la fois les individus homozygotes atteints et les porteurs sains d\u2019un caract\u00e8re. Laboklin propose un grand nombre d\u2019analyses pour diff\u00e9rentes races et esp\u00e8ces animales ; certains tests ont&hellip;<\/p>\n","protected":false},"author":1,"featured_media":0,"parent":1371286,"menu_order":7,"comment_status":"closed","ping_status":"closed","template":"","meta":{"_seopress_robots_primary_cat":"","_seopress_titles_title":"","_seopress_titles_desc":"","_seopress_robots_index":"","footnotes":""},"class_list":["post-1380348","page","type-page","status-publish","hentry","description-off"],"_links":{"self":[{"href":"https:\/\/laboklin.com\/fr\/wp-json\/wp\/v2\/pages\/1380348","targetHints":{"allow":["GET"]}}],"collection":[{"href":"https:\/\/laboklin.com\/fr\/wp-json\/wp\/v2\/pages"}],"about":[{"href":"https:\/\/laboklin.com\/fr\/wp-json\/wp\/v2\/types\/page"}],"author":[{"embeddable":true,"href":"https:\/\/laboklin.com\/fr\/wp-json\/wp\/v2\/users\/1"}],"replies":[{"embeddable":true,"href":"https:\/\/laboklin.com\/fr\/wp-json\/wp\/v2\/comments?post=1380348"}],"version-history":[{"count":3,"href":"https:\/\/laboklin.com\/fr\/wp-json\/wp\/v2\/pages\/1380348\/revisions"}],"predecessor-version":[{"id":1542486,"href":"https:\/\/laboklin.com\/fr\/wp-json\/wp\/v2\/pages\/1380348\/revisions\/1542486"}],"up":[{"embeddable":true,"href":"https:\/\/laboklin.com\/fr\/wp-json\/wp\/v2\/pages\/1371286"}],"wp:attachment":[{"href":"https:\/\/laboklin.com\/fr\/wp-json\/wp\/v2\/media?parent=1380348"}],"curies":[{"name":"wp","href":"https:\/\/api.w.org\/{rel}","templated":true}]}}