{"id":1380219,"date":"2020-10-16T11:35:27","date_gmt":"2020-10-16T09:35:27","guid":{"rendered":"https:\/\/staging-wp-int.laboklin.com\/products\/pathology\/"},"modified":"2026-02-19T16:35:22","modified_gmt":"2026-02-19T15:35:22","slug":"pathologie","status":"publish","type":"page","link":"https:\/\/laboklin.com\/fr\/prestations\/pathologie\/","title":{"rendered":"Pathologie"},"content":{"rendered":"<div class=\"wpb-content-wrapper\"><p>[vc_row][vc_column][vc_column_text css=\u00a0\u00bb\u00a0\u00bb]Notre offre de prestations comprend l\u2019histopathologie classique ainsi que la cytologie. Ces examens peuvent faire \u00e9merger des questions compl\u00e9mentaires qui peuvent souvent \u00eatre explor\u00e9es directement \u00e0 partir du mat\u00e9riel soumis. Outre l\u2019immunohistologie dans le cadre des probl\u00e9matiques tumorales, l\u2019analyse de clonalit\u00e9 par biologie mol\u00e9culaire chez le chien et le chat peut contribuer au diagnostic des lymphomes. En cas de suspicion de carcinome de la vessie (carcinome transitionnel) chez le chien, le mat\u00e9riel contenant des cellules \u00e9pith\u00e9liales suspectes peut \u00eatre analys\u00e9 pour la mutation BRAF.<\/p>\n<p>Notre \u00e9quipe de pathologistes \u00e9tablit des rapports d\u2019analyse complets et se tient \u00e0 votre disposition pour toute question. Un traitement rapide des \u00e9chantillons va de soi pour nous, comme pour l\u2019ensemble de nos domaines d\u2019analyse.<\/p>\n<p>Nous vous prions \u00e9galement de tenir compte des recommandations d\u00e9taill\u00e9es concernant le mat\u00e9riel d\u2019\u00e9chantillonnage.<\/p>\n<p><strong>Des informations relatives au pr\u00e9l\u00e8vement des \u00e9chantillons sont disponibles dans la section<\/strong> <a href=\"https:\/\/laboklin.com\/fr\/infotheque\/preanalytique\/\"><strong>Pr\u00e9analytique<\/strong><\/a> <strong>ainsi que dans les<\/strong> <a href=\"https:\/\/laboklin.com\/fr\/infotheque\/faq-general-questions\/\"><strong>FAQ<\/strong>.<\/a>[\/vc_column_text][\/vc_column][\/vc_row][vc_row type=\u00a0\u00bbvc_default\u00a0\u00bb disable_element=\u00a0\u00bbyes\u00a0\u00bb][vc_column][vc_column_text css=\u00a0\u00bb.vc_custom_1603290927116{margin-left: 20px !important;padding-top: 30px !important;padding-right: 30px !important;padding-bottom: 30px !important;padding-left: 30px !important;}\u00a0\u00bb]<div class=\"vc_tta-panels-container\"><div class=\"vc_tta-panels\"><li class=\"menu-item sub-page\"><a href=\"https:\/\/laboklin.com\/fr\/prestations\/pathologie\/pathohistologie\/\">Pathohistologie<\/a><\/li><li class=\"menu-item sub-page\"><a href=\"https:\/\/laboklin.com\/fr\/prestations\/pathologie\/immunohistologie\/\">Immunohistologie<\/a><\/li><li class=\"menu-item sub-page\"><a href=\"https:\/\/laboklin.com\/fr\/prestations\/pathologie\/cytology\/\">Cytology<\/a><\/li><li class=\"menu-item sub-page\"><a href=\"https:\/\/laboklin.com\/fr\/prestations\/pathologie\/clonalite-lymphocytairee\/\">Clonalit\u00e9 lymphocytairee<\/a><\/li><li class=\"menu-item sub-page\"><a href=\"https:\/\/laboklin.com\/fr\/prestations\/pathologie\/tests-tumorigenetiques\/\">Tests tumorig\u00e9n\u00e9tiques<\/a><\/li><\/div><\/div>[\/vc_column_text][\/vc_column][\/vc_row]<\/p>\n<\/div>","protected":false},"excerpt":{"rendered":"<p>[vc_row][vc_column][vc_column_text css=\u00a0\u00bb\u00a0\u00bb]Notre offre de prestations comprend l\u2019histopathologie classique ainsi que la cytologie. Ces examens peuvent faire \u00e9merger des questions compl\u00e9mentaires qui peuvent souvent \u00eatre explor\u00e9es directement \u00e0 partir du mat\u00e9riel soumis. Outre l\u2019immunohistologie dans le cadre des probl\u00e9matiques tumorales, l\u2019analyse de clonalit\u00e9 par biologie mol\u00e9culaire chez le chien et le chat peut contribuer au diagnostic&hellip;<\/p>\n","protected":false},"author":1,"featured_media":0,"parent":1371286,"menu_order":6,"comment_status":"closed","ping_status":"closed","template":"","meta":{"_seopress_robots_primary_cat":"","_seopress_titles_title":"","_seopress_titles_desc":"","_seopress_robots_index":"","footnotes":""},"class_list":["post-1380219","page","type-page","status-publish","hentry","description-off"],"_links":{"self":[{"href":"https:\/\/laboklin.com\/fr\/wp-json\/wp\/v2\/pages\/1380219","targetHints":{"allow":["GET"]}}],"collection":[{"href":"https:\/\/laboklin.com\/fr\/wp-json\/wp\/v2\/pages"}],"about":[{"href":"https:\/\/laboklin.com\/fr\/wp-json\/wp\/v2\/types\/page"}],"author":[{"embeddable":true,"href":"https:\/\/laboklin.com\/fr\/wp-json\/wp\/v2\/users\/1"}],"replies":[{"embeddable":true,"href":"https:\/\/laboklin.com\/fr\/wp-json\/wp\/v2\/comments?post=1380219"}],"version-history":[{"count":5,"href":"https:\/\/laboklin.com\/fr\/wp-json\/wp\/v2\/pages\/1380219\/revisions"}],"predecessor-version":[{"id":1542492,"href":"https:\/\/laboklin.com\/fr\/wp-json\/wp\/v2\/pages\/1380219\/revisions\/1542492"}],"up":[{"embeddable":true,"href":"https:\/\/laboklin.com\/fr\/wp-json\/wp\/v2\/pages\/1371286"}],"wp:attachment":[{"href":"https:\/\/laboklin.com\/fr\/wp-json\/wp\/v2\/media?parent=1380219"}],"curies":[{"name":"wp","href":"https:\/\/api.w.org\/{rel}","templated":true}]}}