{"id":1379763,"date":"2020-10-16T11:36:27","date_gmt":"2020-10-16T09:36:27","guid":{"rendered":"https:\/\/staging-wp-int.laboklin.com\/products\/infectious-diseases-pathogens-and-antibody-detection\/"},"modified":"2026-02-17T12:19:38","modified_gmt":"2026-02-17T11:19:38","slug":"maladies-infectieuses-detection-dagents-pathogenes-et-danticorps","status":"publish","type":"page","link":"https:\/\/laboklin.com\/fr\/prestations\/maladies-infectieuses-detection-dagents-pathogenes-et-danticorps\/","title":{"rendered":"Maladies infectieuses : d\u00e9tection d\u2019agents pathog\u00e8nes et d\u2019anticorps"},"content":{"rendered":"<div class=\"wpb-content-wrapper\"><p>[vc_row type=\u00a0\u00bbvc_default\u00a0\u00bb content_placement=\u00a0\u00bbtop\u00a0\u00bb][vc_column][vc_column_text css=\u00a0\u00bb\u00a0\u00bb]Nous sommes en mesure de d\u00e9tecter des anticorps ainsi que des agents pathog\u00e8nes chez les animaux de compagnie et les animaux d\u2019\u00e9levage. Conform\u00e9ment \u00e0 la classification biologique, les agents pathog\u00e8nes sont class\u00e9s par type (virus, bact\u00e9ries, champignons et parasites), puis par ordre alphab\u00e9tique. Vous trouverez \u00e9galement de nombreuses informations concernant les maladies associ\u00e9es, les sp\u00e9cificit\u00e9s des m\u00e9thodes de d\u00e9tection ainsi que l\u2019interpr\u00e9tation des r\u00e9sultats.<\/p>\n<p>La gamme de tests est compl\u00e9t\u00e9e par une s\u00e9lection de panels PCR cibl\u00e9s en fonction des sympt\u00f4mes.<\/p>\n<p>Des informations concernant les modalit\u00e9s de pr\u00e9l\u00e8vement sont disponibles dans la section \u00ab <strong>Informations techniques \u2013 Pr\u00e9analytique<\/strong> \u00bb ainsi que dans les <strong>FAQ<\/strong>.[\/vc_column_text][\/vc_column][\/vc_row][vc_row type=\u00a0\u00bbvc_default\u00a0\u00bb disable_element=\u00a0\u00bbyes\u00a0\u00bb][vc_column][vc_column_text css=\u00a0\u00bb.vc_custom_1603370129252{margin-left: 20px !important;padding-top: 30px !important;padding-right: 30px !important;padding-bottom: 30px !important;padding-left: 30px !important;}\u00a0\u00bb]<div class=\"vc_tta-panels-container\"><div class=\"vc_tta-panels\"><li class=\"menu-item sub-page\"><a href=\"https:\/\/laboklin.com\/fr\/prestations\/maladies-infectieuses-detection-dagents-pathogenes-et-danticorps\/virus\/\">Virus<\/a><\/li><li class=\"menu-item sub-page\"><a href=\"https:\/\/laboklin.com\/fr\/prestations\/maladies-infectieuses-detection-dagents-pathogenes-et-danticorps\/bacteries\/\">Bact\u00e9ries<\/a><\/li><li class=\"menu-item sub-page\"><a href=\"https:\/\/laboklin.com\/fr\/prestations\/maladies-infectieuses-detection-dagents-pathogenes-et-danticorps\/champignons\/\">Champignons<\/a><\/li><li class=\"menu-item sub-page\"><a href=\"https:\/\/laboklin.com\/fr\/prestations\/maladies-infectieuses-detection-dagents-pathogenes-et-danticorps\/parasites\/\">Parasites<\/a><\/li><\/div><\/div>[\/vc_column_text][\/vc_column][\/vc_row]<\/p>\n<\/div>","protected":false},"excerpt":{"rendered":"<p>[vc_row type=\u00a0\u00bbvc_default\u00a0\u00bb content_placement=\u00a0\u00bbtop\u00a0\u00bb][vc_column][vc_column_text css=\u00a0\u00bb\u00a0\u00bb]Nous sommes en mesure de d\u00e9tecter des anticorps ainsi que des agents pathog\u00e8nes chez les animaux de compagnie et les animaux d\u2019\u00e9levage. Conform\u00e9ment \u00e0 la classification biologique, les agents pathog\u00e8nes sont class\u00e9s par type (virus, bact\u00e9ries, champignons et parasites), puis par ordre alphab\u00e9tique. Vous trouverez \u00e9galement de nombreuses informations concernant les maladies&hellip;<\/p>\n","protected":false},"author":1,"featured_media":0,"parent":1371286,"menu_order":4,"comment_status":"closed","ping_status":"closed","template":"","meta":{"_seopress_robots_primary_cat":"","_seopress_titles_title":"Infectious Diseases: Pathogen and Antibody Detection","_seopress_titles_desc":"","_seopress_robots_index":"","footnotes":""},"class_list":["post-1379763","page","type-page","status-publish","hentry","description-off"],"_links":{"self":[{"href":"https:\/\/laboklin.com\/fr\/wp-json\/wp\/v2\/pages\/1379763","targetHints":{"allow":["GET"]}}],"collection":[{"href":"https:\/\/laboklin.com\/fr\/wp-json\/wp\/v2\/pages"}],"about":[{"href":"https:\/\/laboklin.com\/fr\/wp-json\/wp\/v2\/types\/page"}],"author":[{"embeddable":true,"href":"https:\/\/laboklin.com\/fr\/wp-json\/wp\/v2\/users\/1"}],"replies":[{"embeddable":true,"href":"https:\/\/laboklin.com\/fr\/wp-json\/wp\/v2\/comments?post=1379763"}],"version-history":[{"count":4,"href":"https:\/\/laboklin.com\/fr\/wp-json\/wp\/v2\/pages\/1379763\/revisions"}],"predecessor-version":[{"id":1542447,"href":"https:\/\/laboklin.com\/fr\/wp-json\/wp\/v2\/pages\/1379763\/revisions\/1542447"}],"up":[{"embeddable":true,"href":"https:\/\/laboklin.com\/fr\/wp-json\/wp\/v2\/pages\/1371286"}],"wp:attachment":[{"href":"https:\/\/laboklin.com\/fr\/wp-json\/wp\/v2\/media?parent=1379763"}],"curies":[{"name":"wp","href":"https:\/\/api.w.org\/{rel}","templated":true}]}}