{"id":1379716,"date":"2020-10-16T11:36:27","date_gmt":"2020-10-16T09:36:27","guid":{"rendered":"https:\/\/staging-wp-int.laboklin.com\/products\/allergy\/"},"modified":"2026-02-17T11:11:12","modified_gmt":"2026-02-17T10:11:12","slug":"allergies","status":"publish","type":"page","link":"https:\/\/laboklin.com\/fr\/prestations\/allergies\/","title":{"rendered":"Allergies"},"content":{"rendered":"<div class=\"wpb-content-wrapper\"><p>[vc_row][vc_column][vc_column_text css=\u00a0\u00bb\u00a0\u00bb]Nous offrons aux v\u00e9t\u00e9rinaires des tests d&rsquo;allergie de haute qualit\u00e9, un accompagnement sp\u00e9cialis\u00e9 pour les patients dermatologiques et une offre th\u00e9rapeutique d\u2019immunoth\u00e9rapie allerg\u00e9nique sp\u00e9cifique (ASIT), le tout aupr\u00e8s d\u2019un seul prestataire. L\u2019identification des allerg\u00e8nes responsables de l\u2019atopie repose sur la technologie des r\u00e9cepteurs Fc\u03b5.<\/p>\n<p>D&rsquo;une part, nous proposons un diagnostic par \u00e9tapes comprenant un test de d\u00e9pistage suivi d\u2019une diff\u00e9renciation cibl\u00e9e des allerg\u00e8nes individuels en groupes tels que pollens, insectes, hym\u00e9nopt\u00e8res et allerg\u00e8nes de l\u2019environnement domestique.<br \/>\nD\u2019autre part, nous avons \u00e9labor\u00e9 des bilans permettant un diagnostic rapide et complet, tels que des de d\u00e9mangeaisons pour le chien et le chat ou des bilans respiratoire et cutan\u00e9 pour le cheval.<\/p>\n<p>Pour la prise en charge des intol\u00e9rances alimentaires, nous proposons des tests alimentaires portant sur un grand nombre de composants pour le chien, le chat et le cheval, servant de base au choix d\u2019un r\u00e9gime \u00e0 composition d\u00e9finie.<\/p>\n<p>Veuillez \u00e9galement consulter les informations sp\u00e9cialis\u00e9es dans la rubrique <strong><a href=\"https:\/\/laboklin.com\/fr\/infotheque\/allergy-dermatology\/\">Allergie\/Dermatologie<\/a><\/strong> ainsi que les <strong><a href=\"https:\/\/laboklin.com\/fr\/faq-allergy-general\/\">FAQ<\/a><\/strong>. Vous y trouverez des informations d\u00e9taill\u00e9es sur les allergies et sur certains aspects sp\u00e9cifiques du diagnostic et du traitement.<\/p>\n<p>[\/vc_column_text][\/vc_column][\/vc_row][vc_row type=\u00a0\u00bbvc_default\u00a0\u00bb disable_element=\u00a0\u00bbyes\u00a0\u00bb][vc_column][vc_column_text css=\u00a0\u00bb.vc_custom_1603369402668{margin-left: 20px !important;padding-top: 30px !important;padding-right: 30px !important;padding-bottom: 30px !important;padding-left: 30px !important;}\u00a0\u00bb]<div class=\"vc_tta-panels-container\"><div class=\"vc_tta-panels\"><li class=\"menu-item sub-page\"><a href=\"https:\/\/laboklin.com\/fr\/prestations\/allergies\/allergen-specific-immunotherapy\/\">Allergen-specific Immunotherapy<\/a><\/li><li class=\"menu-item sub-page\"><a href=\"https:\/\/laboklin.com\/fr\/prestations\/allergies\/allergy-testing\/\">Allergy Testing<\/a><\/li><\/div><\/div>[\/vc_column_text][\/vc_column][\/vc_row]<\/p>\n<\/div>","protected":false},"excerpt":{"rendered":"<p>[vc_row][vc_column][vc_column_text css=\u00a0\u00bb\u00a0\u00bb]Nous offrons aux v\u00e9t\u00e9rinaires des tests d&rsquo;allergie de haute qualit\u00e9, un accompagnement sp\u00e9cialis\u00e9 pour les patients dermatologiques et une offre th\u00e9rapeutique d\u2019immunoth\u00e9rapie allerg\u00e9nique sp\u00e9cifique (ASIT), le tout aupr\u00e8s d\u2019un seul prestataire. L\u2019identification des allerg\u00e8nes responsables de l\u2019atopie repose sur la technologie des r\u00e9cepteurs Fc\u03b5. D&rsquo;une part, nous proposons un diagnostic par \u00e9tapes comprenant un&hellip;<\/p>\n","protected":false},"author":1,"featured_media":0,"parent":1371286,"menu_order":3,"comment_status":"closed","ping_status":"closed","template":"","meta":{"_seopress_robots_primary_cat":"","_seopress_titles_title":"","_seopress_titles_desc":"","_seopress_robots_index":"","footnotes":""},"class_list":["post-1379716","page","type-page","status-publish","hentry","description-off"],"_links":{"self":[{"href":"https:\/\/laboklin.com\/fr\/wp-json\/wp\/v2\/pages\/1379716","targetHints":{"allow":["GET"]}}],"collection":[{"href":"https:\/\/laboklin.com\/fr\/wp-json\/wp\/v2\/pages"}],"about":[{"href":"https:\/\/laboklin.com\/fr\/wp-json\/wp\/v2\/types\/page"}],"author":[{"embeddable":true,"href":"https:\/\/laboklin.com\/fr\/wp-json\/wp\/v2\/users\/1"}],"replies":[{"embeddable":true,"href":"https:\/\/laboklin.com\/fr\/wp-json\/wp\/v2\/comments?post=1379716"}],"version-history":[{"count":3,"href":"https:\/\/laboklin.com\/fr\/wp-json\/wp\/v2\/pages\/1379716\/revisions"}],"predecessor-version":[{"id":1542429,"href":"https:\/\/laboklin.com\/fr\/wp-json\/wp\/v2\/pages\/1379716\/revisions\/1542429"}],"up":[{"embeddable":true,"href":"https:\/\/laboklin.com\/fr\/wp-json\/wp\/v2\/pages\/1371286"}],"wp:attachment":[{"href":"https:\/\/laboklin.com\/fr\/wp-json\/wp\/v2\/media?parent=1379716"}],"curies":[{"name":"wp","href":"https:\/\/api.w.org\/{rel}","templated":true}]}}