{"id":1379587,"date":"2020-10-16T11:36:27","date_gmt":"2020-10-16T09:36:27","guid":{"rendered":"https:\/\/staging-wp-int.laboklin.com\/products\/vitamins-drug-levels-intoxications\/"},"modified":"2026-02-17T12:06:29","modified_gmt":"2026-02-17T11:06:29","slug":"vitamines-taux-de-medicaments-intoxications","status":"publish","type":"page","link":"https:\/\/laboklin.com\/fr\/prestations\/vitamines-taux-de-medicaments-intoxications\/","title":{"rendered":"Vitamines, taux de m\u00e9dicaments, intoxications"},"content":{"rendered":"<div class=\"wpb-content-wrapper\"><p>[vc_row][vc_column][vc_column_text css=\u00a0\u00bb\u00a0\u00bb]Notre offre comprend la d\u00e9termination des concentrations sanguines de nombreuses vitamines et de m\u00e9dicaments, ainsi que la d\u00e9tection de certaines intoxications. Veuillez tenir compte des indications relatives au type d\u2019\u00e9chantillon. Pour toute question \u00e0 ce sujet, n\u2019h\u00e9sitez pas \u00e0 nous contacter avant le pr\u00e9l\u00e8vement[\/vc_column_text][\/vc_column][\/vc_row][vc_row type=\u00a0\u00bbvc_default\u00a0\u00bb disable_element=\u00a0\u00bbyes\u00a0\u00bb][vc_column][vc_column_text css=\u00a0\u00bb.vc_custom_1603292098480{margin-left: 20px !important;padding-top: 30px !important;padding-right: 30px !important;padding-bottom: 30px !important;padding-left: 30px !important;}\u00a0\u00bb]<div class=\"vc_tta-panels-container\"><div class=\"vc_tta-panels\"><li class=\"menu-item sub-page\"><a href=\"https:\/\/laboklin.com\/fr\/prestations\/vitamines-taux-de-medicaments-intoxications\/vitamins\/\">Vitamins<\/a><\/li><li class=\"menu-item sub-page\"><a href=\"https:\/\/laboklin.com\/fr\/prestations\/vitamines-taux-de-medicaments-intoxications\/taux-de-medicament\/\">Taux de m\u00e9dicament<\/a><\/li><li class=\"menu-item sub-page\"><a href=\"https:\/\/laboklin.com\/fr\/prestations\/vitamines-taux-de-medicaments-intoxications\/preuve-dempoisonnement\/\">Preuve d'empoisonnement<\/a><\/li><\/div><\/div>[\/vc_column_text][\/vc_column][\/vc_row]<\/p>\n<\/div>","protected":false},"excerpt":{"rendered":"<p>[vc_row][vc_column][vc_column_text css=\u00a0\u00bb\u00a0\u00bb]Notre offre comprend la d\u00e9termination des concentrations sanguines de nombreuses vitamines et de m\u00e9dicaments, ainsi que la d\u00e9tection de certaines intoxications. Veuillez tenir compte des indications relatives au type d\u2019\u00e9chantillon. Pour toute question \u00e0 ce sujet, n\u2019h\u00e9sitez pas \u00e0 nous contacter avant le pr\u00e9l\u00e8vement[\/vc_column_text][\/vc_column][\/vc_row][vc_row type=\u00a0\u00bbvc_default\u00a0\u00bb disable_element=\u00a0\u00bbyes\u00a0\u00bb][vc_column][vc_column_text css=\u00a0\u00bb.vc_custom_1603292098480{margin-left: 20px !important;padding-top: 30px !important;padding-right: 30px !important;padding-bottom: 30px&hellip;<\/p>\n","protected":false},"author":1,"featured_media":0,"parent":1371286,"menu_order":2,"comment_status":"closed","ping_status":"closed","template":"","meta":{"_seopress_robots_primary_cat":"","_seopress_titles_title":"","_seopress_titles_desc":"","_seopress_robots_index":"","footnotes":""},"class_list":["post-1379587","page","type-page","status-publish","hentry","description-off"],"_links":{"self":[{"href":"https:\/\/laboklin.com\/fr\/wp-json\/wp\/v2\/pages\/1379587","targetHints":{"allow":["GET"]}}],"collection":[{"href":"https:\/\/laboklin.com\/fr\/wp-json\/wp\/v2\/pages"}],"about":[{"href":"https:\/\/laboklin.com\/fr\/wp-json\/wp\/v2\/types\/page"}],"author":[{"embeddable":true,"href":"https:\/\/laboklin.com\/fr\/wp-json\/wp\/v2\/users\/1"}],"replies":[{"embeddable":true,"href":"https:\/\/laboklin.com\/fr\/wp-json\/wp\/v2\/comments?post=1379587"}],"version-history":[{"count":2,"href":"https:\/\/laboklin.com\/fr\/wp-json\/wp\/v2\/pages\/1379587\/revisions"}],"predecessor-version":[{"id":1542442,"href":"https:\/\/laboklin.com\/fr\/wp-json\/wp\/v2\/pages\/1379587\/revisions\/1542442"}],"up":[{"embeddable":true,"href":"https:\/\/laboklin.com\/fr\/wp-json\/wp\/v2\/pages\/1371286"}],"wp:attachment":[{"href":"https:\/\/laboklin.com\/fr\/wp-json\/wp\/v2\/media?parent=1379587"}],"curies":[{"name":"wp","href":"https:\/\/api.w.org\/{rel}","templated":true}]}}