{"id":1379458,"date":"2020-10-16T11:36:27","date_gmt":"2020-10-16T09:36:27","guid":{"rendered":"https:\/\/staging-wp-int.laboklin.com\/products\/haematology-clin-chemistry-endocrinology\/"},"modified":"2026-02-19T08:33:11","modified_gmt":"2026-02-19T07:33:11","slug":"hematologie-chimie-clinique-endocrinologie","status":"publish","type":"page","link":"https:\/\/laboklin.com\/fr\/prestations\/hematologie-chimie-clinique-endocrinologie\/","title":{"rendered":"H\u00e9matologie, chimie clinique, endocrinologie"},"content":{"rendered":"<div class=\"wpb-content-wrapper\"><p>[vc_row][vc_column][vc_column_text css=\u00a0\u00bb\u00a0\u00bb]Des param\u00e8tres de l\u2019h\u00e9mogramme, de l\u2019urine, des enzymes ou des substrats jusqu\u2019aux examens endocrinologiques, aux marqueurs de l\u2019inflammation, aux oligo-\u00e9l\u00e9ments et bien plus encore. Des informations d\u00e9taill\u00e9es concernant les diff\u00e9rents param\u00e8tres ainsi que les principaux tests fonctionnels sont \u00e9galement fournies.<\/p>\n<p>Chaque r\u00e9sultat est valid\u00e9 par un v\u00e9t\u00e9rinaire avant transmission. Pour toute question, nos v\u00e9t\u00e9rinaires sont \u00e0 votre disposition pour conseil.[\/vc_column_text][\/vc_column][\/vc_row][vc_row type=\u00a0\u00bbvc_default\u00a0\u00bb disable_element=\u00a0\u00bbyes\u00a0\u00bb][vc_column][vc_column_text css=\u00a0\u00bb.vc_custom_1603377146765{margin-left: 20px !important;padding-top: 30px !important;padding-right: 30px !important;padding-bottom: 30px !important;padding-left: 30px !important;}\u00a0\u00bb]<div class=\"vc_tta-panels-container\"><div class=\"vc_tta-panels\"><li class=\"menu-item sub-page\"><a href=\"https:\/\/laboklin.com\/fr\/prestations\/hematologie-chimie-clinique-endocrinologie\/hematologie\/\">H\u00e9matologie<\/a><\/li><li class=\"menu-item sub-page\"><a href=\"https:\/\/laboklin.com\/fr\/prestations\/hematologie-chimie-clinique-endocrinologie\/clinical-chemistry\/\">Clinical Chemistry<\/a><\/li><li class=\"menu-item sub-page\"><a href=\"https:\/\/laboklin.com\/fr\/prestations\/hematologie-chimie-clinique-endocrinologie\/urinalysis\/\">Urinalysis<\/a><\/li><li class=\"menu-item sub-page\"><a href=\"https:\/\/laboklin.com\/fr\/prestations\/hematologie-chimie-clinique-endocrinologie\/immunological-tests-markers-for-inflammation\/\">Immunological Tests \/ Markers for Inflammation<\/a><\/li><li class=\"menu-item sub-page\"><a href=\"https:\/\/laboklin.com\/fr\/prestations\/hematologie-chimie-clinique-endocrinologie\/endocrinology-tumour-markers\/\">Endocrinology \/ Tumour Markers<\/a><\/li><li class=\"menu-item sub-page\"><a href=\"https:\/\/laboklin.com\/fr\/prestations\/hematologie-chimie-clinique-endocrinologie\/function-tests-calculation-formulas\/\">Function Tests \/\u00a0Calculation Formulas<\/a><\/li><\/div><\/div>[\/vc_column_text][\/vc_column][\/vc_row][vc_row type=\u00a0\u00bbvc_default\u00a0\u00bb disable_element=\u00a0\u00bbyes\u00a0\u00bb css=\u00a0\u00bb.vc_custom_1637842833119{margin-top: 30px !important;}\u00a0\u00bb][vc_column]<div class=\"dt-fancy-separator title-left h3-size accent-title-color\" style=\"width: 100%;\"><div class=\"dt-fancy-title\"><span class=\"separator-holder separator-left\"><\/span>Clinical Laboratory Diagnostics - Contact Persons<span class=\"separator-holder separator-right\"><\/span><\/div><\/div>[\/vc_column][\/vc_row][vc_row type=\u00a0\u00bbvc_default\u00a0\u00bb disable_element=\u00a0\u00bbyes\u00a0\u00bb][vc_column][vc_column_text][awsmteam id=\u00a0\u00bb1307403&Prime;][\/vc_column_text][\/vc_column][\/vc_row]<\/p>\n<\/div>","protected":false},"excerpt":{"rendered":"<p>[vc_row][vc_column][vc_column_text css=\u00a0\u00bb\u00a0\u00bb]Des param\u00e8tres de l\u2019h\u00e9mogramme, de l\u2019urine, des enzymes ou des substrats jusqu\u2019aux examens endocrinologiques, aux marqueurs de l\u2019inflammation, aux oligo-\u00e9l\u00e9ments et bien plus encore. Des informations d\u00e9taill\u00e9es concernant les diff\u00e9rents param\u00e8tres ainsi que les principaux tests fonctionnels sont \u00e9galement fournies. Chaque r\u00e9sultat est valid\u00e9 par un v\u00e9t\u00e9rinaire avant transmission. Pour toute question, nos v\u00e9t\u00e9rinaires&hellip;<\/p>\n","protected":false},"author":1,"featured_media":0,"parent":1371286,"menu_order":1,"comment_status":"closed","ping_status":"closed","template":"","meta":{"_seopress_robots_primary_cat":"","_seopress_titles_title":"","_seopress_titles_desc":"","_seopress_robots_index":"","footnotes":""},"class_list":["post-1379458","page","type-page","status-publish","hentry","description-off"],"_links":{"self":[{"href":"https:\/\/laboklin.com\/fr\/wp-json\/wp\/v2\/pages\/1379458","targetHints":{"allow":["GET"]}}],"collection":[{"href":"https:\/\/laboklin.com\/fr\/wp-json\/wp\/v2\/pages"}],"about":[{"href":"https:\/\/laboklin.com\/fr\/wp-json\/wp\/v2\/types\/page"}],"author":[{"embeddable":true,"href":"https:\/\/laboklin.com\/fr\/wp-json\/wp\/v2\/users\/1"}],"replies":[{"embeddable":true,"href":"https:\/\/laboklin.com\/fr\/wp-json\/wp\/v2\/comments?post=1379458"}],"version-history":[{"count":2,"href":"https:\/\/laboklin.com\/fr\/wp-json\/wp\/v2\/pages\/1379458\/revisions"}],"predecessor-version":[{"id":1542462,"href":"https:\/\/laboklin.com\/fr\/wp-json\/wp\/v2\/pages\/1379458\/revisions\/1542462"}],"up":[{"embeddable":true,"href":"https:\/\/laboklin.com\/fr\/wp-json\/wp\/v2\/pages\/1371286"}],"wp:attachment":[{"href":"https:\/\/laboklin.com\/fr\/wp-json\/wp\/v2\/media?parent=1379458"}],"curies":[{"name":"wp","href":"https:\/\/api.w.org\/{rel}","templated":true}]}}