{"id":1379209,"date":"2020-10-16T11:36:26","date_gmt":"2020-10-16T09:36:26","guid":{"rendered":"https:\/\/staging-wp-int.laboklin.com\/products\/profiles\/"},"modified":"2026-02-17T11:44:21","modified_gmt":"2026-02-17T10:44:21","slug":"bilans","status":"publish","type":"page","link":"https:\/\/laboklin.com\/fr\/prestations\/bilans\/","title":{"rendered":"Bilans"},"content":{"rendered":"<div class=\"wpb-content-wrapper\"><p>[vc_row][vc_column][vc_column_text css=\u00a0\u00bb\u00a0\u00bb]Laboklin offre de nombreux bilans et d\u00e9pistages avec des param\u00e8tres compl\u00e9mentaires.<\/p>\n<p>Vous trouverez ici, sous des titres concis et class\u00e9s par ordre alphab\u00e9tique (en anglais), les bilans et d\u00e9pistages clinico-chimiques, les bilans s\u00e9rologiques, les bilans d&rsquo;agents pathog\u00e8nes ax\u00e9s sur les sympt\u00f4mes et les profils de voyage, des d\u00e9pistages de toxines et de m\u00e9taux lourds, etc. Ils permettent de demander de mani\u00e8re compacte de nombreux param\u00e8tres dans le cadre de questions cliniques complexes, par exemple en combinant dans un bilan des param\u00e8tres de chimie clinique avec le diagnostic s\u00e9rologique des agents pathog\u00e8nes et\/ou la d\u00e9tection directe des agents pathog\u00e8nes par PCR.<\/p>\n<p>La composition des bilans et des d\u00e9pistages est r\u00e9guli\u00e8rement adapt\u00e9e aux nouvelles connaissances.[\/vc_column_text][\/vc_column][\/vc_row][vc_row type=\u00a0\u00bbvc_default\u00a0\u00bb disable_element=\u00a0\u00bbyes\u00a0\u00bb][vc_column width=\u00a0\u00bb2\/3&Prime;][vc_column_text css=\u00a0\u00bb.vc_custom_1602853156359{margin-left: 20px !important;padding-top: 30px !important;padding-right: 30px !important;padding-bottom: 30px !important;padding-left: 30px !important;background-color: #e7e7e7 !important;}\u00a0\u00bb]<div class=\"vc_tta-panels-container\"><div class=\"vc_tta-panels\"><li class=\"menu-item sub-page\"><a href=\"https:\/\/laboklin.com\/fr\/prestations\/bilans\/bilans-depistages-petits-animaux\/\">Bilans\/d\u00e9pistages \u2013 petits animaux<\/a><\/li><li class=\"menu-item sub-page\"><a href=\"https:\/\/laboklin.com\/fr\/prestations\/bilans\/bilans-depistages-petits-mammiferes-oiseaux-reptiles-poissons\/\">Bilans\/d\u00e9pistages \u2013 petits mammif\u00e8res, oiseaux, reptiles, poissons<\/a><\/li><li class=\"menu-item sub-page\"><a href=\"https:\/\/laboklin.com\/fr\/prestations\/bilans\/bilans-depistages-chevaux\/\">Bilans\/d\u00e9pistages \u2013 chevaux<\/a><\/li><li class=\"menu-item sub-page\"><a href=\"https:\/\/laboklin.com\/fr\/prestations\/bilans\/bilans-depistages-ruminants\/\">Bilans\/d\u00e9pistages \u2013 ruminants<\/a><\/li><li class=\"menu-item sub-page\"><a href=\"https:\/\/laboklin.com\/fr\/prestations\/bilans\/bilans-lamas-alpagas\/\">Bilans \u2013 lamas, alpagas<\/a><\/li><li class=\"menu-item sub-page\"><a href=\"https:\/\/laboklin.com\/fr\/prestations\/bilans\/bilans-depistages-porcs\/\">Bilans\/d\u00e9pistages \u2013 porcs<\/a><\/li><li class=\"menu-item sub-page\"><a href=\"https:\/\/laboklin.com\/fr\/prestations\/bilans\/bilans-hygiene\/\">Bilans \u2013 hygi\u00e8ne<\/a><\/li><\/div><\/div>[\/vc_column_text][\/vc_column][vc_column width=\u00a0\u00bb1\/3&Prime;][\/vc_column][\/vc_row]<\/p>\n<\/div>","protected":false},"excerpt":{"rendered":"<p>[vc_row][vc_column][vc_column_text css=\u00a0\u00bb\u00a0\u00bb]Laboklin offre de nombreux bilans et d\u00e9pistages avec des param\u00e8tres compl\u00e9mentaires. Vous trouverez ici, sous des titres concis et class\u00e9s par ordre alphab\u00e9tique (en anglais), les bilans et d\u00e9pistages clinico-chimiques, les bilans s\u00e9rologiques, les bilans d&rsquo;agents pathog\u00e8nes ax\u00e9s sur les sympt\u00f4mes et les profils de voyage, des d\u00e9pistages de toxines et de m\u00e9taux lourds,&hellip;<\/p>\n","protected":false},"author":1,"featured_media":0,"parent":1371286,"menu_order":0,"comment_status":"closed","ping_status":"closed","template":"","meta":{"_seopress_robots_primary_cat":"","_seopress_titles_title":"","_seopress_titles_desc":"","_seopress_robots_index":"","footnotes":""},"class_list":["post-1379209","page","type-page","status-publish","hentry","description-off"],"_links":{"self":[{"href":"https:\/\/laboklin.com\/fr\/wp-json\/wp\/v2\/pages\/1379209","targetHints":{"allow":["GET"]}}],"collection":[{"href":"https:\/\/laboklin.com\/fr\/wp-json\/wp\/v2\/pages"}],"about":[{"href":"https:\/\/laboklin.com\/fr\/wp-json\/wp\/v2\/types\/page"}],"author":[{"embeddable":true,"href":"https:\/\/laboklin.com\/fr\/wp-json\/wp\/v2\/users\/1"}],"replies":[{"embeddable":true,"href":"https:\/\/laboklin.com\/fr\/wp-json\/wp\/v2\/comments?post=1379209"}],"version-history":[{"count":161,"href":"https:\/\/laboklin.com\/fr\/wp-json\/wp\/v2\/pages\/1379209\/revisions"}],"predecessor-version":[{"id":1542431,"href":"https:\/\/laboklin.com\/fr\/wp-json\/wp\/v2\/pages\/1379209\/revisions\/1542431"}],"up":[{"embeddable":true,"href":"https:\/\/laboklin.com\/fr\/wp-json\/wp\/v2\/pages\/1371286"}],"wp:attachment":[{"href":"https:\/\/laboklin.com\/fr\/wp-json\/wp\/v2\/media?parent=1379209"}],"curies":[{"name":"wp","href":"https:\/\/api.w.org\/{rel}","templated":true}]}}