{"id":1377220,"date":"2020-12-03T12:06:46","date_gmt":"2020-12-03T11:06:46","guid":{"rendered":"https:\/\/staging-wp-int.laboklin.com\/career-at-laboklin\/"},"modified":"2025-10-06T09:21:47","modified_gmt":"2025-10-06T07:21:47","slug":"carriere-chez-laboklin","status":"publish","type":"page","link":"https:\/\/laboklin.com\/fr\/carriere-chez-laboklin\/","title":{"rendered":"Carri\u00e8re chez LABOKLIN"},"content":{"rendered":"<div class=\"wpb-content-wrapper\"><p>[vc_row][vc_column][vc_column_text css=\u00a0\u00bb.vc_custom_1759735272033{margin-bottom: 20px !important;}\u00a0\u00bb]<\/p>\n<h2>Carri\u00e8re chez LABOKLIN<\/h2>\n<p>Pour nous, la r\u00e9ussite de l&rsquo;entreprise repose sur des collaborateurs engag\u00e9s, hautement qualifi\u00e9s, qui s&rsquo;identifient \u00e0 leurs t\u00e2ches et aiment leur travail. Appr\u00e9cier nos coll\u00e8gues et leurs m\u00e9rites est notre priorit\u00e9 absolue, car nous savons que, car nous savons que la r\u00e9ussite d&rsquo;une entreprise ne peut \u00eatre atteinte qu&rsquo;avec une \u00e9quipe motiv\u00e9e et bien form\u00e9e.<\/p>\n<p>C&rsquo;est pourquoi nous sommes constamment \u00e0 la recherche de nouveaux coll\u00e8gues motiv\u00e9s et engag\u00e9s qui nous aideront \u00e0 d\u00e9velopper notre entreprise![\/vc_column_text][\/vc_column][\/vc_row][vc_row type=\u00a0\u00bbvc_default\u00a0\u00bb disable_element=\u00a0\u00bbyes\u00a0\u00bb css=\u00a0\u00bb.vc_custom_1651740044331{margin-left: 5px !important;padding-top: 20px !important;padding-right: 20px !important;padding-bottom: 20px !important;padding-left: 5px !important;background-color: #c4c4c4 !important;}\u00a0\u00bb][vc_column]<style type=\"text\/css\" data-type=\"the7_shortcodes-inline-css\">.icon-with-text-shortcode.icon-text-id-fe66ffa5de2c24599a651ebb5c156e24 .text-icon {\n  width: 60px;\n  height: 60px;\n  line-height: 60px;\n  font-size: 45px;\n  border-radius: 5px;\n  margin: 0px 10px 0px 0px;\n}\n.icon-with-text-shortcode.icon-text-id-fe66ffa5de2c24599a651ebb5c156e24 .text-icon .icon-inner {\n  min-width: 60px;\n  min-height: 60px;\n  border-radius: 5px;\n}\n@media all and (-ms-high-contrast: none) {\n  .icon-with-text-shortcode.icon-text-id-fe66ffa5de2c24599a651ebb5c156e24 .text-icon .icon-inner {\n    height: 60px;\n  }\n}\n.icon-with-text-shortcode.icon-text-id-fe66ffa5de2c24599a651ebb5c156e24 .text-icon .dt-hover-icon {\n  line-height: 60px;\n}\n.icon-with-text-shortcode.icon-text-id-fe66ffa5de2c24599a651ebb5c156e24 .text-icon:before,\n.icon-with-text-shortcode.icon-text-id-fe66ffa5de2c24599a651ebb5c156e24 .text-icon:after,\n.icon-with-text-shortcode.icon-text-id-fe66ffa5de2c24599a651ebb5c156e24 .text-icon .icon-inner:before,\n.icon-with-text-shortcode.icon-text-id-fe66ffa5de2c24599a651ebb5c156e24 .text-icon .icon-inner:after {\n  min-width: 100%;\n  min-height: 100%;\n  padding: inherit;\n  border-radius: inherit;\n}\n.icon-with-text-shortcode.icon-text-id-fe66ffa5de2c24599a651ebb5c156e24 .text-icon.dt-icon-border-on:before {\n  border-width: 2px;\n  border-style: solid;\n}\n.dt-icon-border-dashed.icon-with-text-shortcode.icon-text-id-fe66ffa5de2c24599a651ebb5c156e24 .text-icon.dt-icon-border-on:before {\n  border-style: dashed;\n}\n.dt-icon-border-dotted.icon-with-text-shortcode.icon-text-id-fe66ffa5de2c24599a651ebb5c156e24 .text-icon.dt-icon-border-on:before {\n  border-style: dotted;\n}\n.dt-icon-border-double.icon-with-text-shortcode.icon-text-id-fe66ffa5de2c24599a651ebb5c156e24 .text-icon.dt-icon-border-on:before {\n  border-style: double;\n}\n.icon-with-text-shortcode.icon-text-id-fe66ffa5de2c24599a651ebb5c156e24 .text-icon.dt-icon-border-dashed.dt-icon-border-on:before {\n  border-style: dashed;\n}\n.icon-with-text-shortcode.icon-text-id-fe66ffa5de2c24599a651ebb5c156e24 .text-icon.dt-icon-border-dotted.dt-icon-border-on:before {\n  border-style: dotted;\n}\n.icon-with-text-shortcode.icon-text-id-fe66ffa5de2c24599a651ebb5c156e24 .text-icon.dt-icon-border-double.dt-icon-border-on:before {\n  border-style: double;\n}\n.icon-with-text-shortcode.icon-text-id-fe66ffa5de2c24599a651ebb5c156e24 .text-icon.dt-icon-hover-border-on:after {\n  border-width: 2px;\n  border-style: solid;\n}\n.icon-with-text-shortcode.icon-text-id-fe66ffa5de2c24599a651ebb5c156e24 .text-icon.dt-icon-border-dashed.dt-icon-hover-border-on:after {\n  border-style: dashed;\n}\n.icon-with-text-shortcode.icon-text-id-fe66ffa5de2c24599a651ebb5c156e24 .text-icon.dt-icon-border-dotted.dt-icon-hover-border-on:after {\n  border-style: dotted;\n}\n.icon-with-text-shortcode.icon-text-id-fe66ffa5de2c24599a651ebb5c156e24 .text-icon.dt-icon-border-double.dt-icon-hover-border-on:after {\n  border-style: double;\n}\n.icon-with-text-shortcode.icon-text-id-fe66ffa5de2c24599a651ebb5c156e24 .text-icon.dt-icon-hover-on:hover {\n  font-size: 45px;\n}\n#page .icon-with-text-shortcode.icon-text-id-fe66ffa5de2c24599a651ebb5c156e24 .text-icon.dt-icon-hover-on:hover .soc-font-icon,\n#phantom .icon-with-text-shortcode.icon-text-id-fe66ffa5de2c24599a651ebb5c156e24 .text-icon.dt-icon-hover-on:hover .soc-font-icon,\n#page .icon-with-text-shortcode.icon-text-id-fe66ffa5de2c24599a651ebb5c156e24 .text-icon.dt-icon-hover-on:hover .soc-icon,\n#phantom .icon-with-text-shortcode.icon-text-id-fe66ffa5de2c24599a651ebb5c156e24 .text-icon.dt-icon-hover-on:hover .soc-icon {\n  color: #fff;\n  background: none;\n}\n#page .icon-with-text-shortcode.icon-text-id-fe66ffa5de2c24599a651ebb5c156e24 .text-icon.dt-icon-hover-on:not(:hover) .soc-font-icon,\n#phantom .icon-with-text-shortcode.icon-text-id-fe66ffa5de2c24599a651ebb5c156e24 .text-icon.dt-icon-hover-on:not(:hover) .soc-font-icon,\n#page .icon-with-text-shortcode.icon-text-id-fe66ffa5de2c24599a651ebb5c156e24 .text-icon.dt-icon-hover-on:not(:hover) .soc-icon,\n#phantom .icon-with-text-shortcode.icon-text-id-fe66ffa5de2c24599a651ebb5c156e24 .text-icon.dt-icon-hover-on:not(:hover) .soc-icon,\n#page .icon-with-text-shortcode.icon-text-id-fe66ffa5de2c24599a651ebb5c156e24 .text-icon.dt-icon-hover-off .soc-font-icon,\n#phantom .icon-with-text-shortcode.icon-text-id-fe66ffa5de2c24599a651ebb5c156e24 .text-icon.dt-icon-hover-off .soc-font-icon,\n#page .icon-with-text-shortcode.icon-text-id-fe66ffa5de2c24599a651ebb5c156e24 .text-icon.dt-icon-hover-off .soc-icon,\n#phantom .icon-with-text-shortcode.icon-text-id-fe66ffa5de2c24599a651ebb5c156e24 .text-icon.dt-icon-hover-off .soc-icon {\n  color: #e51e1e;\n  background: none;\n}\n.icon-with-text-shortcode.icon-text-id-fe66ffa5de2c24599a651ebb5c156e24.layout-1 {\n  grid-template-columns: 60px minmax(0,1fr);\n  grid-column-gap: 10px;\n}\n.icon-with-text-shortcode.icon-text-id-fe66ffa5de2c24599a651ebb5c156e24.layout-2 {\n  grid-template-columns: minmax(0,1fr) 60px;\n  grid-column-gap: 0px;\n}\n.icon-with-text-shortcode.icon-text-id-fe66ffa5de2c24599a651ebb5c156e24.layout-2 .text-icon {\n  margin-left: 0;\n}\n.icon-with-text-shortcode.icon-text-id-fe66ffa5de2c24599a651ebb5c156e24.layout-3 {\n  grid-template-columns: 60px minmax(0,1fr);\n}\n.icon-with-text-shortcode.icon-text-id-fe66ffa5de2c24599a651ebb5c156e24.layout-3 .dt-text-title {\n  margin-left: 10px;\n}\n.icon-with-text-shortcode.icon-text-id-fe66ffa5de2c24599a651ebb5c156e24 .dt-text-title,\n.icon-with-text-shortcode.icon-text-id-fe66ffa5de2c24599a651ebb5c156e24 .dt-text-title a {\n  font-weight: bold;\n}\n.icon-with-text-shortcode.icon-text-id-fe66ffa5de2c24599a651ebb5c156e24 .dt-text-title {\n  margin-bottom: 0px;\n}\n.icon-with-text-shortcode.icon-text-id-fe66ffa5de2c24599a651ebb5c156e24 .dt-text-desc {\n  color: #000000;\n  background: none;\n  margin-bottom: 0px;\n  font-size: 14px;\n  line-height: 22px;\n}<\/style><div class=\"icon-with-text-shortcode  icon-text-id-fe66ffa5de2c24599a651ebb5c156e24 layout-1  \" ><span   class=\"text-icon dt-icon-bg-off dt-icon-hover-off\" ><span class=\"icon-inner\"><i class=\"dt-regular-icon soc-icon fas fa-info-circle\"><\/i><i class=\"dt-hover-icon soc-icon fas fa-info-circle\"><\/i><\/span><\/span><h4 class=\"dt-text-title\"  >Note:<\/h4><div class=\"dt-text-desc\">For reasons of readability, the masculine form has been chosen in the text; nevertheless, the information refers to members of all genders.<\/div><\/div>[\/vc_column][\/vc_row]<\/p>\n<\/div>","protected":false},"excerpt":{"rendered":"<p>[vc_row][vc_column][vc_column_text css=\u00a0\u00bb.vc_custom_1759735272033{margin-bottom: 20px !important;}\u00a0\u00bb] Carri\u00e8re chez LABOKLIN Pour nous, la r\u00e9ussite de l&rsquo;entreprise repose sur des collaborateurs engag\u00e9s, hautement qualifi\u00e9s, qui s&rsquo;identifient \u00e0 leurs t\u00e2ches et aiment leur travail. Appr\u00e9cier nos coll\u00e8gues et leurs m\u00e9rites est notre priorit\u00e9 absolue, car nous savons que, car nous savons que la r\u00e9ussite d&rsquo;une entreprise ne peut \u00eatre atteinte&hellip;<\/p>\n","protected":false},"author":1,"featured_media":0,"parent":0,"menu_order":8,"comment_status":"closed","ping_status":"closed","template":"","meta":{"_seopress_robots_primary_cat":"","_seopress_titles_title":"","_seopress_titles_desc":"","_seopress_robots_index":"","footnotes":""},"class_list":["post-1377220","page","type-page","status-publish","hentry","description-off"],"_links":{"self":[{"href":"https:\/\/laboklin.com\/fr\/wp-json\/wp\/v2\/pages\/1377220","targetHints":{"allow":["GET"]}}],"collection":[{"href":"https:\/\/laboklin.com\/fr\/wp-json\/wp\/v2\/pages"}],"about":[{"href":"https:\/\/laboklin.com\/fr\/wp-json\/wp\/v2\/types\/page"}],"author":[{"embeddable":true,"href":"https:\/\/laboklin.com\/fr\/wp-json\/wp\/v2\/users\/1"}],"replies":[{"embeddable":true,"href":"https:\/\/laboklin.com\/fr\/wp-json\/wp\/v2\/comments?post=1377220"}],"version-history":[{"count":4,"href":"https:\/\/laboklin.com\/fr\/wp-json\/wp\/v2\/pages\/1377220\/revisions"}],"predecessor-version":[{"id":1534093,"href":"https:\/\/laboklin.com\/fr\/wp-json\/wp\/v2\/pages\/1377220\/revisions\/1534093"}],"wp:attachment":[{"href":"https:\/\/laboklin.com\/fr\/wp-json\/wp\/v2\/media?parent=1377220"}],"curies":[{"name":"wp","href":"https:\/\/api.w.org\/{rel}","templated":true}]}}