{"id":1371286,"date":"2020-10-16T11:36:26","date_gmt":"2020-10-16T09:36:26","guid":{"rendered":"https:\/\/staging-wp-int.laboklin.com\/products\/"},"modified":"2025-10-06T08:54:17","modified_gmt":"2025-10-06T06:54:17","slug":"prestations","status":"publish","type":"page","link":"https:\/\/laboklin.com\/fr\/prestations\/","title":{"rendered":"Prestations"},"content":{"rendered":"<div class=\"wpb-content-wrapper\"><p>[vc_row type=\u00a0\u00bbvc_default\u00a0\u00bb css=\u00a0\u00bb.vc_custom_1608023467533{margin-bottom: 30px !important;}\u00a0\u00bb][vc_column][vc_column_text css=\u00a0\u00bb\u00a0\u00bb]Laboklin propose de nombreux bilans et d\u00e9pistages avec des param\u00e8tres compl\u00e9mentaires.<\/p>\n<p>Vous trouverez ici \u00e9galement de plus amples informations sur les tests, notamment sur les \u00e9chantillons requis et les d\u00e9lais de traitement actuels de vos \u00e9chantillons \u00e0 partir de leur arriv\u00e9e au laboratoire.<\/p>\n<p>N&rsquo;h\u00e9sitez pas \u00e0 nous contacter si vous avez des questions concernant les tests.<\/p>\n<p>En un clic, vous trouverez toutes les informations importantes dont vous avez besoin pour votre cabinet. Vous pouvez ici examiner en d\u00e9tail notre gamme de services, commander gratuitement du mat\u00e9riel d&rsquo;exp\u00e9dition, v\u00e9rifier l&rsquo;\u00e9tat actuel de l&rsquo;analyse de vos \u00e9chantillons (uniquement possible apr\u00e8s inscription), utiliser nos archives d&rsquo;informations t\u00e9l\u00e9chargeables et bien plus encore.[\/vc_column_text][\/vc_column][\/vc_row][vc_row type=\u00a0\u00bbvc_default\u00a0\u00bb disable_element=\u00a0\u00bbyes\u00a0\u00bb][vc_column][vc_row_inner css=\u00a0\u00bb.vc_custom_1642060158794{margin-left: 0px !important;padding-top: 25px !important;padding-right: 0px !important;padding-left: 0px !important;background-color: #e5e5e9 !important;}\u00a0\u00bb][vc_column_inner width=\u00a0\u00bb1\/3&Prime; offset=\u00a0\u00bbvc_col-xs-4\/5&Prime;]\n<div tabindex=\"0\" id=\"interactive-banner-1-wrap-7450\" class=\"ult-banner-block ult-adjust-bottom-margin ult-bb-box ult-banner-block-custom-height banner-style01 \"   style=\"height:200px;\">\n\t<img decoding=\"async\" src=\"https:\/\/laboklin.com\/wp-content\/uploads\/2020\/07\/PICTO_Heamatologie02.jpg\" alt=\"null\">\n\t<h6  data-ultimate-target='#interactive-banner-1-wrap-7450 .bb-top-title '  data-responsive-json-new='{\"font-size\":\"\",\"line-height\":\"\"}'  class=\"title-left bb-top-title ult-responsive\" style=\"font-family:&#039;Open Sans&#039;;font-weight:600;background:#e51e1e;color:#ffffff;\">PROFILES<i class=\"dt-icon-the7-arrow-532\"  style= \"color:#ffffff;\"><\/i><\/h6>\n\t<div class=\"mask opaque-background\" style=\"background:rgba(36,36,36,0.61);\">\n\t\t<div  data-ultimate-target='#interactive-banner-1-wrap-7450 .bb-description'  data-responsive-json-new='{\"font-size\":\"\",\"line-height\":\"\"}'  class=\"bb-description ult-responsive\" style=\"font-family:&#039;Open Sans&#039;;font-weight:normal;color:#ffffff;\">Laboklin offers numerous profiles, most of which are compiled on a symptom-oriented basis<\/div>\n\t<\/div><a class=\"bb-link\" href=\"https:\/\/staging.laboklin.com\/int\/en\/products\/profiles\/\" ><\/a>\n<\/div>[\/vc_column_inner][vc_column_inner width=\u00a0\u00bb1\/3&Prime; offset=\u00a0\u00bbvc_col-xs-4\/5&Prime;]\n<div tabindex=\"0\" id=\"interactive-banner-1-wrap-4768\" class=\"ult-banner-block ult-adjust-bottom-margin ult-bb-box ult-banner-block-custom-height banner-style01 \"   style=\"height:200px;\">\n\t<img decoding=\"async\" src=\"https:\/\/laboklin.com\/wp-content\/uploads\/2020\/07\/Leistungen_Heamatologie.jpg\" alt=\"null\">\n\t<h6  data-ultimate-target='#interactive-banner-1-wrap-4768 .bb-top-title '  data-responsive-json-new='{\"font-size\":\"\",\"line-height\":\"\"}'  class=\"title-left bb-top-title ult-responsive\" style=\"font-family:&#039;Open Sans&#039;;font-weight:600;background:#e51e1e;color:#ffffff;\">HAEMATOLOGY,<br \/>\nCLIN. CHEMISTRY, ENDOCRINOLOGY<i class=\"dt-icon-the7-arrow-532\"  style= \"color:#ffffff;\"><\/i><\/h6>\n\t<div class=\"mask opaque-background\" style=\"background:rgba(36,36,36,0.61);\">\n\t\t<div  data-ultimate-target='#interactive-banner-1-wrap-4768 .bb-description'  data-responsive-json-new='{\"font-size\":\"\",\"line-height\":\"\"}'  class=\"bb-description ult-responsive\" style=\"font-family:&#039;Open Sans&#039;;font-weight:normal;color:#ffffff;\">We offer a wide range of examination options...<\/div>\n\t<\/div><a class=\"bb-link\" href=\"https:\/\/staging.laboklin.com\/int\/en\/products\/haematology-clin-chemistry-endocrinology\/\" ><\/a>\n<\/div>[\/vc_column_inner][vc_column_inner width=\u00a0\u00bb1\/3&Prime; offset=\u00a0\u00bbvc_col-xs-4\/5&Prime;]\n<div tabindex=\"0\" id=\"interactive-banner-1-wrap-1559\" class=\"ult-banner-block ult-adjust-bottom-margin ult-bb-box ult-banner-block-custom-height banner-style01 \"   style=\"height:200px;\">\n\t<img decoding=\"async\" src=\"https:\/\/laboklin.com\/wp-content\/uploads\/2020\/04\/MEDIKAMENTEN_01.jpg\" alt=\"null\">\n\t<h6  data-ultimate-target='#interactive-banner-1-wrap-1559 .bb-top-title '  data-responsive-json-new='{\"font-size\":\"\",\"line-height\":\"\"}'  class=\"title-left bb-top-title ult-responsive\" style=\"font-family:&#039;Open Sans&#039;;font-weight:600;background:#e51e1e;color:#ffffff;\">VITAMINS, DRUG LEVELS, INTOXICATION<i class=\"dt-icon-the7-arrow-532\"  style= \"color:#ffffff;\"><\/i><\/h6>\n\t<div class=\"mask opaque-background\" style=\"background:rgba(36,36,36,0.61);\">\n\t\t<div  data-ultimate-target='#interactive-banner-1-wrap-1559 .bb-description'  data-responsive-json-new='{\"font-size\":\"\",\"line-height\":\"\"}'  class=\"bb-description ult-responsive\" style=\"font-family:&#039;Open Sans&#039;;font-weight:normal;color:#ffffff;\">We offer a wide range of examination options...<\/div>\n\t<\/div><a class=\"bb-link\" href=\"\/int\/en\/products\/vitamin-drug-level-intoxications\/\" ><\/a>\n<\/div>[\/vc_column_inner][\/vc_row_inner][vc_row_inner css=\u00a0\u00bb.vc_custom_1642060130478{margin-left: 0px !important;padding-right: 0px !important;padding-left: 0px !important;background-color: #e5e5e9 !important;}\u00a0\u00bb][vc_column_inner width=\u00a0\u00bb1\/3&Prime; offset=\u00a0\u00bbvc_col-xs-4\/5&Prime;]\n<div tabindex=\"0\" id=\"interactive-banner-1-wrap-9827\" class=\"ult-banner-block ult-adjust-bottom-margin ult-bb-box ult-banner-block-custom-height banner-style01 \"   style=\"height:200px;\">\n\t<img decoding=\"async\" src=\"https:\/\/laboklin.com\/wp-content\/uploads\/2020\/07\/dsc_5960.jpg\" alt=\"null\">\n\t<h6  data-ultimate-target='#interactive-banner-1-wrap-9827 .bb-top-title '  data-responsive-json-new='{\"font-size\":\"\",\"line-height\":\"\"}'  class=\"title-left bb-top-title ult-responsive\" style=\"font-family:&#039;Open Sans&#039;;font-weight:600;background:#e51e1e;color:#ffffff;\">ALLERGY<i class=\"dt-icon-the7-arrow-532\"  style= \"color:#ffffff;\"><\/i><\/h6>\n\t<div class=\"mask opaque-background\" style=\"background:rgba(36,36,36,0.61);\">\n\t\t<div  data-ultimate-target='#interactive-banner-1-wrap-9827 .bb-description'  data-responsive-json-new='{\"font-size\":\"\",\"line-height\":\"\"}'  class=\"bb-description ult-responsive\" style=\"font-family:&#039;Open Sans&#039;;font-weight:normal;color:#ffffff;\">For you as a veterinarian, we combine high-quality allergy tests<\/div>\n\t<\/div><a class=\"bb-link\" href=\"https:\/\/staging.laboklin.com\/int\/en\/products\/profiles\/\" ><\/a>\n<\/div>[\/vc_column_inner][vc_column_inner width=\u00a0\u00bb1\/3&Prime; offset=\u00a0\u00bbvc_col-xs-4\/5&Prime;]\n<div tabindex=\"0\" id=\"interactive-banner-1-wrap-7817\" class=\"ult-banner-block ult-adjust-bottom-margin ult-bb-box ult-banner-block-custom-height banner-style01 \"   style=\"height:200px;\">\n\t<img decoding=\"async\" src=\"https:\/\/laboklin.com\/wp-content\/uploads\/2021\/01\/ICON_WasNoch.jpg\" alt=\"1234\">\n\t<h6  data-ultimate-target='#interactive-banner-1-wrap-7817 .bb-top-title '  data-responsive-json-new='{\"font-size\":\"\",\"line-height\":\"\"}'  class=\"title-left bb-top-title ult-responsive\" style=\"font-family:&#039;Open Sans&#039;;font-weight:600;background:#e51e1e;color:#ffffff;\">INFECTIOUS DISEASES: PATHOGEN AND ANTIBODY DETECTION<i class=\"dt-icon-the7-arrow-532\"  style= \"color:#ffffff;\"><\/i><\/h6>\n\t<div class=\"mask opaque-background\" style=\"background:rgba(36,36,36,0.61);\">\n\t\t<div  data-ultimate-target='#interactive-banner-1-wrap-7817 .bb-description'  data-responsive-json-new='{\"font-size\":\"\",\"line-height\":\"\"}'  class=\"bb-description ult-responsive\" style=\"font-family:&#039;Open Sans&#039;;font-weight:normal;color:#ffffff;\">For the infectious agents of our pets and livestock summarized here...<\/div>\n\t<\/div><a class=\"bb-link\" href=\"https:\/\/staging.laboklin.com\/int\/en\/products\/infectious-diseases-pathogens-and-antibody-detection\/\" ><\/a>\n<\/div>[\/vc_column_inner][vc_column_inner width=\u00a0\u00bb1\/3&Prime; offset=\u00a0\u00bbvc_col-xs-4\/5&Prime;]\n<div tabindex=\"0\" id=\"interactive-banner-1-wrap-4685\" class=\"ult-banner-block ult-adjust-bottom-margin ult-bb-box ult-banner-block-custom-height banner-style01 \"   style=\"height:200px;\">\n\t<img decoding=\"async\" src=\"https:\/\/laboklin.com\/wp-content\/uploads\/2020\/07\/Leistungen_Mikrobiologie.jpg\" alt=\"null\">\n\t<h6  data-ultimate-target='#interactive-banner-1-wrap-4685 .bb-top-title '  data-responsive-json-new='{\"font-size\":\"\",\"line-height\":\"\"}'  class=\"title-left bb-top-title ult-responsive\" style=\"font-family:&#039;Open Sans&#039;;font-weight:600;background:#e51e1e;color:#ffffff;\">MIKROBIOLOGY\/ PARASITOLOGY<i class=\"dt-icon-the7-arrow-532\"  style= \"color:#ffffff;\"><\/i><\/h6>\n\t<div class=\"mask opaque-background\" style=\"background:rgba(36,36,36,0.61);\">\n\t\t<div  data-ultimate-target='#interactive-banner-1-wrap-4685 .bb-description'  data-responsive-json-new='{\"font-size\":\"\",\"line-height\":\"\"}'  class=\"bb-description ult-responsive\" style=\"font-family:&#039;Open Sans&#039;;font-weight:normal;color:#ffffff;\">Our services in microbiology and parasitology include classical cultural cultivation with sensitivity testing...<\/div>\n\t<\/div><a class=\"bb-link\" href=\"https:\/\/staging.laboklin.com\/int\/en\/products\/microbiology-parasitology\/\" ><\/a>\n<\/div>[\/vc_column_inner][\/vc_row_inner][vc_row_inner css=\u00a0\u00bb.vc_custom_1642060130478{margin-left: 0px !important;padding-right: 0px !important;padding-left: 0px !important;background-color: #e5e5e9 !important;}\u00a0\u00bb][vc_column_inner width=\u00a0\u00bb1\/3&Prime; offset=\u00a0\u00bbvc_col-xs-4\/5&Prime;]\n<div tabindex=\"0\" id=\"interactive-banner-1-wrap-8997\" class=\"ult-banner-block ult-adjust-bottom-margin ult-bb-box ult-banner-block-custom-height banner-style01 \"   style=\"height:200px;\">\n\t<img decoding=\"async\" src=\"https:\/\/laboklin.com\/wp-content\/uploads\/2020\/07\/Leistungen_Patologie.jpg\" alt=\"null\">\n\t<h6  data-ultimate-target='#interactive-banner-1-wrap-8997 .bb-top-title '  data-responsive-json-new='{\"font-size\":\"\",\"line-height\":\"\"}'  class=\"title-left bb-top-title ult-responsive\" style=\"font-family:&#039;Open Sans&#039;;font-weight:600;background:#e51e1e;color:#ffffff;\">PATHOLOGY<i class=\"dt-icon-the7-arrow-532\"  style= \"color:#ffffff;\"><\/i><\/h6>\n\t<div class=\"mask opaque-background\" style=\"background:rgba(36,36,36,0.61);\">\n\t\t<div  data-ultimate-target='#interactive-banner-1-wrap-8997 .bb-description'  data-responsive-json-new='{\"font-size\":\"\",\"line-height\":\"\"}'  class=\"bb-description ult-responsive\" style=\"font-family:&#039;Open Sans&#039;;font-weight:normal;color:#ffffff;\">Our range of services includes classical pathohistology and cytology.<\/div>\n\t<\/div><a class=\"bb-link\" href=\"https:\/\/staging.laboklin.com\/int\/en\/products\/pathology\/\" ><\/a>\n<\/div>[\/vc_column_inner][vc_column_inner width=\u00a0\u00bb1\/3&Prime; offset=\u00a0\u00bbvc_col-xs-4\/5&Prime;]\n<div tabindex=\"0\" id=\"interactive-banner-1-wrap-3599\" class=\"ult-banner-block ult-adjust-bottom-margin ult-bb-box ult-banner-block-custom-height banner-style01 \"   style=\"height:200px;\">\n\t<img decoding=\"async\" src=\"https:\/\/laboklin.com\/wp-content\/uploads\/2020\/07\/LABOKLIN_07.2020_55.jpg\" alt=\"null\">\n\t<h6  data-ultimate-target='#interactive-banner-1-wrap-3599 .bb-top-title '  data-responsive-json-new='{\"font-size\":\"\",\"line-height\":\"\"}'  class=\"title-left bb-top-title ult-responsive\" style=\"font-family:&#039;Open Sans&#039;;font-weight:600;background:#e51e1e;color:#ffffff;\">GENETICS<i class=\"dt-icon-the7-arrow-532\"  style= \"color:#ffffff;\"><\/i><\/h6>\n\t<div class=\"mask opaque-background\" style=\"background:rgba(36,36,36,0.61);\">\n\t\t<div  data-ultimate-target='#interactive-banner-1-wrap-3599 .bb-description'  data-responsive-json-new='{\"font-size\":\"\",\"line-height\":\"\"}'  class=\"bb-description ult-responsive\" style=\"font-family:&#039;Open Sans&#039;;font-weight:normal;color:#ffffff;\">In many cases, molecular genetic techniques can be used to identify genetic variants...<\/div>\n\t<\/div><a class=\"bb-link\" href=\"https:\/\/staging.laboklin.com\/int\/en\/products\/genetics\/\" ><\/a>\n<\/div>[\/vc_column_inner][vc_column_inner width=\u00a0\u00bb1\/3&Prime; offset=\u00a0\u00bbvc_col-xs-4\/5&Prime;]\n<div tabindex=\"0\" id=\"interactive-banner-1-wrap-2336\" class=\"ult-banner-block ult-adjust-bottom-margin ult-bb-box ult-banner-block-custom-height banner-style01 \"   style=\"height:200px;\">\n\t<img decoding=\"async\" src=\"https:\/\/laboklin.com\/wp-content\/uploads\/2020\/07\/PICTO_Infektion_01.jpg\" alt=\"null\">\n\t<h6  data-ultimate-target='#interactive-banner-1-wrap-2336 .bb-top-title '  data-responsive-json-new='{\"font-size\":\"\",\"line-height\":\"\"}'  class=\"title-left bb-top-title ult-responsive\" style=\"font-family:&#039;Open Sans&#039;;font-weight:600;background:#e51e1e;color:#ffffff;\">HYGIENE EXAMINATIONS<i class=\"dt-icon-the7-arrow-532\"  style= \"color:#ffffff;\"><\/i><\/h6>\n\t<div class=\"mask opaque-background\" style=\"background:rgba(36,36,36,0.61);\">\n\t\t<div  data-ultimate-target='#interactive-banner-1-wrap-2336 .bb-description'  data-responsive-json-new='{\"font-size\":\"\",\"line-height\":\"\"}'  class=\"bb-description ult-responsive\" style=\"font-family:&#039;Open Sans&#039;;font-weight:normal;color:#ffffff;\">In the veterinary practice, hygiene is one decisive prerequisite for successful treatment.<\/div>\n\t<\/div><a class=\"bb-link\" href=\"https:\/\/staging.laboklin.com\/int\/en\/products\/hygiene-examinations\/\" ><\/a>\n<\/div>[\/vc_column_inner][\/vc_row_inner][vc_row_inner css=\u00a0\u00bb.vc_custom_1642060130478{margin-left: 0px !important;padding-right: 0px !important;padding-left: 0px !important;background-color: #e5e5e9 !important;}\u00a0\u00bb][vc_column_inner width=\u00a0\u00bb1\/3&Prime; offset=\u00a0\u00bbvc_col-xs-4\/5&Prime;]\n<div tabindex=\"0\" id=\"interactive-banner-1-wrap-8921\" class=\"ult-banner-block ult-adjust-bottom-margin ult-bb-box ult-banner-block-custom-height banner-style01 \"   style=\"height:200px;\">\n\t<img decoding=\"async\" src=\"https:\/\/laboklin.com\/wp-content\/uploads\/2021\/08\/LABOKLIN_Buero_01.jpg\" alt=\"null\">\n\t<h6  data-ultimate-target='#interactive-banner-1-wrap-8921 .bb-top-title '  data-responsive-json-new='{\"font-size\":\"\",\"line-height\":\"\"}'  class=\"title-left bb-top-title ult-responsive\" style=\"font-family:&#039;Open Sans&#039;;font-weight:600;background:#e51e1e;color:#ffffff;\">ABBVERATION<i class=\"dt-icon-the7-arrow-532\"  style= \"color:#ffffff;\"><\/i><\/h6>\n\t<div class=\"mask opaque-background\" style=\"background:rgba(36,36,36,0.61);\">\n\t\t<div  data-ultimate-target='#interactive-banner-1-wrap-8921 .bb-description'  data-responsive-json-new='{\"font-size\":\"\",\"line-height\":\"\"}'  class=\"bb-description ult-responsive\" style=\"font-family:&#039;Open Sans&#039;;font-weight:normal;color:#ffffff;\">Abbreviations \/ Notes on the test descriptions<\/div>\n\t<\/div><a class=\"bb-link\" href=\"https:\/\/staging.laboklin.com\/int\/en\/products\/abbreviations\/\" ><\/a>\n<\/div>[\/vc_column_inner][vc_column_inner width=\u00a0\u00bb1\/3&Prime; offset=\u00a0\u00bbvc_col-xs-4\/5&Prime;][\/vc_column_inner][vc_column_inner width=\u00a0\u00bb1\/3&Prime; offset=\u00a0\u00bbvc_col-xs-4\/5&Prime;][\/vc_column_inner][\/vc_row_inner][vc_column_inner width=\u00a0\u00bb1\/3&Prime; offset=\u00a0\u00bbvc_col-xs-4\/5&Prime;][\/vc_column_inner][vc_column_text css=\u00a0\u00bb.vc_custom_1638436933834{margin-top: -10px !important;margin-bottom: 20px !important;}\u00a0\u00bb][\/vc_column_text][\/vc_column][\/vc_row]<\/p>\n<\/div>","protected":false},"excerpt":{"rendered":"<p>[vc_row type=\u00a0\u00bbvc_default\u00a0\u00bb css=\u00a0\u00bb.vc_custom_1608023467533{margin-bottom: 30px !important;}\u00a0\u00bb][vc_column][vc_column_text css=\u00a0\u00bb\u00a0\u00bb]Laboklin propose de nombreux bilans et d\u00e9pistages avec des param\u00e8tres compl\u00e9mentaires. Vous trouverez ici \u00e9galement de plus amples informations sur les tests, notamment sur les \u00e9chantillons requis et les d\u00e9lais de traitement actuels de vos \u00e9chantillons \u00e0 partir de leur arriv\u00e9e au laboratoire. N&rsquo;h\u00e9sitez pas \u00e0 nous contacter si vous&hellip;<\/p>\n","protected":false},"author":1,"featured_media":0,"parent":0,"menu_order":9,"comment_status":"closed","ping_status":"closed","template":"","meta":{"_seopress_robots_primary_cat":"","_seopress_titles_title":"","_seopress_titles_desc":"","_seopress_robots_index":"","footnotes":""},"class_list":["post-1371286","page","type-page","status-publish","hentry","description-off"],"_links":{"self":[{"href":"https:\/\/laboklin.com\/fr\/wp-json\/wp\/v2\/pages\/1371286","targetHints":{"allow":["GET"]}}],"collection":[{"href":"https:\/\/laboklin.com\/fr\/wp-json\/wp\/v2\/pages"}],"about":[{"href":"https:\/\/laboklin.com\/fr\/wp-json\/wp\/v2\/types\/page"}],"author":[{"embeddable":true,"href":"https:\/\/laboklin.com\/fr\/wp-json\/wp\/v2\/users\/1"}],"replies":[{"embeddable":true,"href":"https:\/\/laboklin.com\/fr\/wp-json\/wp\/v2\/comments?post=1371286"}],"version-history":[{"count":19,"href":"https:\/\/laboklin.com\/fr\/wp-json\/wp\/v2\/pages\/1371286\/revisions"}],"predecessor-version":[{"id":1534084,"href":"https:\/\/laboklin.com\/fr\/wp-json\/wp\/v2\/pages\/1371286\/revisions\/1534084"}],"wp:attachment":[{"href":"https:\/\/laboklin.com\/fr\/wp-json\/wp\/v2\/media?parent=1371286"}],"curies":[{"name":"wp","href":"https:\/\/api.w.org\/{rel}","templated":true}]}}