{"id":1542379,"date":"2023-03-18T16:52:07","date_gmt":"2023-03-18T15:52:07","guid":{"rendered":"https:\/\/laboklin.com\/products\/allergy\/allergen-specific-immunotherapy\/asit-pharmacy-denmark\/"},"modified":"2026-02-18T10:22:40","modified_gmt":"2026-02-18T09:22:40","slug":"asit-pharmacy-finland","status":"publish","type":"page","link":"https:\/\/laboklin.com\/fi\/asit-pharmacy-finland\/","title":{"rendered":"ASIT \/ Pharmacy Finland"},"content":{"rendered":"<div class=\"wpb-content-wrapper\"><p>[vc_row type=&#8221;vc_default&#8221; gap=&#8221;10&#8243;][vc_column width=&#8221;1\/4&#8243;]<style type=\"text\/css\" data-type=\"the7_shortcodes-inline-css\">#default-btn-80d53901b96377c76bfcc158f1f01022.ico-right-side > i {\n  margin-right: 0px;\n  margin-left: 8px;\n}\n#default-btn-80d53901b96377c76bfcc158f1f01022 > i {\n  margin-right: 8px;\n}<\/style><div class=\"btn-align-center\"><a href=\"https:\/\/laboklin.com\/wp-content\/uploads\/2026\/02\/Order_form_ASIT_Nextmune_DK_FI_NO_SE.pdf\" class=\"default-btn-shortcode dt-btn dt-btn-m link-hover-off full-width-btn  vc_custom_1770897916560\" target=\"_blank\" id=\"default-btn-80d53901b96377c76bfcc158f1f01022\" rel=\"noopener\"><span>Order form<br \/>\n(For DK, NO, SE and FI only)<\/span><\/a><\/div>[\/vc_column][vc_column width=&#8221;3\/4&#8243;][vc_column_text css=&#8221;&#8221;]<\/p>\n<h3>ASIT-hoidon (allergeenispesifinen immunoterapia, sied\u00e4tyshoito) tilaaminen LABOKLINin kautta<\/h3>\n<p>&nbsp;<\/p>\n<p>1)\u00a0\u00a0\u00a0 Erityisluvan hakeminen Fimeasta<\/p>\n<ul>\n<li>El\u00e4inl\u00e4\u00e4k\u00e4rin tai klinikan on haettava joko el\u00e4inkohtainen tai klinikkakohtainen erityislupa Fimeasta sied\u00e4tyshoitoja varten.<\/li>\n<li>Hakemus t\u00e4ytet\u00e4\u00e4n ERKKA-pavelussa eli erityislupahakemuksen s\u00e4hk\u00f6isess\u00e4 asiointipalvelussa (<a href=\"http:\/\/erityisluvat.easiointi.fimea.fi\" target=\"_blank\" rel=\"noopener\">erityisluvat.easiointi.fimea.fi<\/a>)<\/li>\n<li>Jos tarvitset apua tai tietoa, ota meihin yhteytt\u00e4 osoitteessa <a href=\"mailto:finland@laboklin.com\" target=\"_blank\" rel=\"noopener\">finland@laboklin.com<\/a><\/li>\n<\/ul>\n<p>&nbsp;<\/p>\n<p>2)\u00a0\u00a0\u00a0 ASIT-tilauslomakkeen t\u00e4ytt\u00f6<\/p>\n<ul>\n<li>ASIT-tilauslomakkeen saa MyLab-palvelusta, s\u00e4hk\u00f6postitse pyyt\u00e4m\u00e4ll\u00e4 osoitteista <a href=\"mailto:finland@laboklin.com\" target=\"_blank\" rel=\"noopener\">finland@laboklin.com<\/a> (suomenkielinen palvelu) tai puhelimitse 0505052020 (suomenkielinen palvelu)<\/li>\n<li>Lomake t\u00e4ytet\u00e4\u00e4n huolellisesti, leimataan ja allekirjoitetaan el\u00e4inl\u00e4\u00e4k\u00e4rin toimesta.<\/li>\n<li>jos tarvitset apua lomakkeen t\u00e4yt\u00f6ss\u00e4, voit ottaa yhteytt\u00e4 yll\u00e4oleviin yhteystietoihin<\/li>\n<\/ul>\n<p>&nbsp;<\/p>\n<p>3)\u00a0\u00a0\u00a0 T\u00e4ytetty tilauslomake ja kopio erityisluvasta l\u00e4hetet\u00e4\u00e4n s\u00e4hk\u00f6postitse osoitteeseen <a href=\"mailto:allergie@laboklin.com\" target=\"_blank\" rel=\"noopener\">allergie@laboklin.com<\/a> (englanninkielinen\/ saksankielinen palvelu)<\/p>\n<p>&nbsp;<\/p>\n<p>4)\u00a0\u00a0\u00a0 Kun tilauksesi on k\u00e4sitelty, saat LABOKLINilta tilausnumeron.<\/p>\n<p>&nbsp;<\/p>\n<p>5)\u00a0\u00a0\u00a0 toimita LABOKLINilta saamasi tilausnumero Prevettille joko s\u00e4hk\u00f6postilla, puhelimitse tai heid\u00e4n verkkokauppansa kautta<\/p>\n<p>&nbsp;<\/p>\n<p>Tilattu Artuvetrin\u00ae -sied\u00e4tyshoitovalmiste toimitetaan LABOKLINin kautta Prevettiin, toimitus kest\u00e4\u00e4 noin 3 viikkoa. Prevett laskuttaa tilatun sied\u00e4tyshoitovalmisteen teilt\u00e4.<\/p>\n<p>Ota yhteytt\u00e4 osoitteeseen <a href=\"mailto:derma@laboklin.com\" target=\"_blank\" rel=\"nofollow noopener\">derma@laboklin.com<\/a> (englanninkielinen\/ saksankielinen palvelu), jos sinulla on kysymyksi\u00e4 ihotautil\u00e4\u00e4k\u00e4reillemme, tai osoitteeseen <a href=\"mailto:finland@laboklin.com\" target=\"_blank\" rel=\"nofollow noopener\">finland@laboklin.com<\/a> (suomenkielinen palvelu), jos sinulla on kysytt\u00e4v\u00e4\u00e4 tilauksesta.<\/p>\n<p>&nbsp;<\/p>\n<p>Yst\u00e4v\u00e4llisin terveisin<\/p>\n<p>&nbsp;<\/p>\n<p>LABOKLIN-tiimisi[\/vc_column_text][\/vc_column][\/vc_row][vc_row type=&#8221;vc_default&#8221; disable_element=&#8221;yes&#8221;][vc_column width=&#8221;1\/4&#8243;][\/vc_column][vc_column width=&#8221;3\/4&#8243;][vc_column_text]<\/p>\n<h3>S\u00e5dan bestiller du din ASIT (allergen-specifikke immunterapi)<\/h3>\n<ol>\n<li>Ans\u00f8g F\u00f8devarestyrelsen om udleveringstilladelse til allergen-specifik immunterapi for dine patienter (her anbefales det at s\u00f8ge for 1 \u00e5rstilladelse).Beh\u00f8ver du nogen form for hj\u00e6lp eller information til dette, da kontakt os gerne p\u00e5 danmark@laboklin.com.Straks du har udleveringstilladelse, kan du g\u00e5 videre til punkt 2<\/li>\n<\/ol>\n<ol start=\"2\">\n<li>Kontakt apoteket VetApo med din ASIT bestilling p\u00e5 info[at]vetapo.dk eller fax: 4422 4279 med angivelse af flg.:\n<ul>\n<li style=\"list-style-type: none;\">\n<ul>\n<li>Dyrl\u00e6gens navn og aut.nr.<\/li>\n<li>Jnr. udleveringstilladelse<\/li>\n<li>Praksis navn og adresse<\/li>\n<li>Patients dyreart og navn<\/li>\n<li>Angivelse af LABOKLINs laboratorienummer for den udf\u00f8rte allergitest (report number)<\/li>\n<li>Angivelse om der \u00f8nskes et \u201dStarter Set\u201d eller \u201dRe-order Set\u201d<\/li>\n<\/ul>\n<\/li>\n<\/ul>\n<\/li>\n<li>ASIT-bestillingen faxes til 4422 4279 eller sendes per mail til info[at]vetapo.dk<\/li>\n<\/ol>\n<p>Herefter g\u00e5r der ca. 3 uger, hvorefter VetApo sender jer den bestilte ASIT direkte.<\/p>\n<p>Den leverede ASIT faktureres direkte fra Apoteket (LABOKLINs pris &amp; fragt samt apotekets fastsatte avance)<\/p>\n<p>Kontakt os gerne p\u00e5 danmark@laboklin.com, hvis I har sp\u00f8rgsm\u00e5l til bestillingen, eller derma@laboklin.com, hvis I har sp\u00f8rgsm\u00e5l til vore dermatologer.<\/p>\n<p>&nbsp;<\/p>\n<p>Med venlig hilsen<\/p>\n<p>Dit LABOKLIN Team[\/vc_column_text][\/vc_column][\/vc_row]<\/p>\n<\/div>","protected":false},"excerpt":{"rendered":"<p>[vc_row type=&#8221;vc_default&#8221; gap=&#8221;10&#8243;][vc_column width=&#8221;1\/4&#8243;][\/vc_column][vc_column width=&#8221;3\/4&#8243;][vc_column_text css=&#8221;&#8221;] ASIT-hoidon (allergeenispesifinen immunoterapia, sied\u00e4tyshoito) tilaaminen LABOKLINin kautta &nbsp; 1)\u00a0\u00a0\u00a0 Erityisluvan hakeminen Fimeasta El\u00e4inl\u00e4\u00e4k\u00e4rin tai klinikan on haettava joko el\u00e4inkohtainen tai klinikkakohtainen erityislupa Fimeasta sied\u00e4tyshoitoja varten. Hakemus t\u00e4ytet\u00e4\u00e4n ERKKA-pavelussa eli erityislupahakemuksen s\u00e4hk\u00f6isess\u00e4 asiointipalvelussa (erityisluvat.easiointi.fimea.fi) Jos tarvitset apua tai tietoa, ota meihin yhteytt\u00e4 osoitteessa finland@laboklin.com &nbsp; 2)\u00a0\u00a0\u00a0 ASIT-tilauslomakkeen t\u00e4ytt\u00f6 ASIT-tilauslomakkeen saa&hellip;<\/p>\n","protected":false},"author":11,"featured_media":0,"parent":0,"menu_order":2,"comment_status":"closed","ping_status":"closed","template":"","meta":{"_seopress_robots_primary_cat":"","_seopress_titles_title":"","_seopress_titles_desc":"","_seopress_robots_index":"","footnotes":""},"class_list":["post-1542379","page","type-page","status-publish","hentry","description-off"],"_links":{"self":[{"href":"https:\/\/laboklin.com\/fi\/wp-json\/wp\/v2\/pages\/1542379","targetHints":{"allow":["GET"]}}],"collection":[{"href":"https:\/\/laboklin.com\/fi\/wp-json\/wp\/v2\/pages"}],"about":[{"href":"https:\/\/laboklin.com\/fi\/wp-json\/wp\/v2\/types\/page"}],"author":[{"embeddable":true,"href":"https:\/\/laboklin.com\/fi\/wp-json\/wp\/v2\/users\/11"}],"replies":[{"embeddable":true,"href":"https:\/\/laboklin.com\/fi\/wp-json\/wp\/v2\/comments?post=1542379"}],"version-history":[{"count":19,"href":"https:\/\/laboklin.com\/fi\/wp-json\/wp\/v2\/pages\/1542379\/revisions"}],"predecessor-version":[{"id":1542461,"href":"https:\/\/laboklin.com\/fi\/wp-json\/wp\/v2\/pages\/1542379\/revisions\/1542461"}],"wp:attachment":[{"href":"https:\/\/laboklin.com\/fi\/wp-json\/wp\/v2\/media?parent=1542379"}],"curies":[{"name":"wp","href":"https:\/\/api.w.org\/{rel}","templated":true}]}}