{"id":247,"date":"2020-02-16T18:16:26","date_gmt":"2020-02-16T17:16:26","guid":{"rendered":"https:\/\/the7.io\/g-business\/?page_id=247"},"modified":"2023-03-22T08:03:20","modified_gmt":"2023-03-22T07:03:20","slug":"about-us","status":"publish","type":"page","link":"https:\/\/laboklin.com\/en\/about-us\/","title":{"rendered":"About us"},"content":{"rendered":"<div class=\"wpb-content-wrapper\"><p>[vc_row][vc_column width=&#8221;1\/2&#8243;][vc_column_text css=&#8221;.vc_custom_1679468570470{margin-bottom: 30px !important;}&#8221;]<\/p>\n<h2>Competence through cooperation<\/h2>\n<p>In addition to analysis as a classic laboratory service, the fields of consultation, service and communication play an important role in LABOKLIN&#8217;s overall concept. Well-known and popular in veterinary practices are the information leaflets of the Rat &amp; Tat series, which have been informing pet owners about the most important diseases of their pets since 1996 and thus help the veterinarian to retain his clients. In addition, of course, they also benefit the patients themselves, because the patient-owner should also think along, recognise signs of diseases and go to the vet in time. The series is constantly being expanded and continued, and not only that: it has also inspired many other laboratories to do something similar&#8230; Of course, LABOKLIN also communicates directly with vets. The counterpart to Rat &amp; Tat is the doctors&#8217; service LABOKLIN aktuell.<\/p>\n<p>In addition, LABOKLIN staff are regularly present at training events for veterinarians and veterinary assistants. As a representative of a large laboratory, which after all makes its living from examinations for veterinarians, why do you train your customers? Elisabeth M\u00fcller is not afraid that this will make her less busy: &#8220;On the contrary &#8211; the appetite comes with eating. If you don&#8217;t know the possibilities of a modern laboratory, you won&#8217;t send anything away for examination. And only the veterinarian who is informed about laboratory medicine recognises the point where it makes more sense for cost or material reasons to use a specialised laboratory instead of examining in the practice. But there are definitely parameters that are designed as in-house tests and can be determined in the practice on site with excellent quality.&#8221;<\/p>\n<p>[\/vc_column_text][\/vc_column][vc_column width=&#8221;1\/2&#8243;][vc_column_text css=&#8221;.vc_custom_1679468596222{margin-top: 40px !important;margin-bottom: 30px !important;}&#8221;]However, the managing director also sees that many veterinary practices put themselves under pressure when they offer to do a laboratory test within minutes and to inform the client of the result immediately: &#8220;The veterinarian often lets himself be forced to have his diagnosis ready within minutes. In many cases, there is nothing to be said against sending the sample away and informing the client of the result two days later. This has the advantage for the veterinarian that he gains time to reconsider the diagnosis, perhaps to read up on something or to discuss it with a colleague if all the findings don&#8217;t fit together so well.&#8221; The LABOKLIN people are of the opinion that a healthy mix of their own and the external large laboratory best conveys the veterinarian&#8217;s competence to the clients. The veterinarian can demonstrate that he or she can do a certain number of tests well in the office, but that he or she has the more advanced capabilities of the large laboratory behind him or her just as well in other cases. Every patient owner understands this much better than if someone wants to be able to do everything on his own.<\/p>\n<p>[\/vc_column_text][\/vc_column][\/vc_row][vc_row type=&#8221;vc_default&#8221; disable_element=&#8221;yes&#8221;][vc_column width=&#8221;1\/2&#8243;][vc_column_text css=&#8221;.vc_custom_1678965592392{margin-bottom: 30px !important;}&#8221;]<\/p>\n<h2>Competence through cooperation<\/h2>\n<p>Neben der Analytik als klassischer Labor-Dienstleistung spielen im Gesamtkonzept von LABOKLIN die Felder Beratung, Service und Kommunikation eine wichtige Rolle. Bekannt und beliebt in den Tierarztpraxen sind Info-Schriften der Reihe Rat &amp; Tat, die seit 1996 Tierbesitzer \u00fcber die wichtigsten Erkrankungen ihrer Lieblinge informieren und so dem Tierarzt helfen, seine Klienten zu binden. Au\u00dferdem kommen sie nat\u00fcrlich auch den Patienten selbst zugute, denn auch der Patientenbesitzer soll mitdenken, Anzeichen von Erkrankungen erkennen und rechtzeitig zum Tierarzt gehen. Die Reihe wird laufend erg\u00e4nzt und fortgef\u00e4hrt und nicht nur das: sie regte auch so manches andere Labor zu etwas \u00c4hnlichem an&#8230; LABOKLIN kommuniziert nat\u00fcrlich auch direkt mit den Tier\u00e4rzten. Gegenst\u00fcck zu Rat &amp; Tat ist der \u00c4rzte-Service LABOKLIN aktuell.<\/p>\n<p>Dar\u00fcber hinaus sind die Mitarbeiter von LABOKLIN regelm\u00e4\u00dfig auf Fortbildungsveranstaltungen f\u00fcr Tier\u00e4rzte und Tierarzthelferinnen pr\u00e4sent. Warum schult man als Vertreter eines gro\u00dfen Labors, das doch von Untersuchungen f\u00fcr Tier\u00e4rzte lebt, die Kunden? Elisabeth M\u00fcller hat keine Angst, dass sie dadurch weniger zu tun haben k\u00f6nnte: &#8220;Im Gegenteil &#8211; der Appetit kommt beim Essen. Wer die M\u00f6glichkeiten eines modernen Labors nicht kennt, schickt auch nichts zur Untersuchung weg. Und nur der \u00fcber Labormedizin informierte Tierarzt erkennt den Punkt, wo es aus Kosten- oder Sachgr\u00fcnden sinnvoller ist, ein Speziallabor in Anspruch zu nehmen, statt in der Praxis zu untersuchen. Es gibt aber durchaus Parameter, die als Inhouse-Test konzipiert sind und in der Praxis vor Ort mit hervorragender Qualit\u00e4t bestimmt werden k\u00f6nnen.&#8221;[\/vc_column_text][\/vc_column][vc_column width=&#8221;1\/2&#8243;][vc_column_text css=&#8221;.vc_custom_1678187319508{margin-top: 40px !important;margin-bottom: 30px !important;}&#8221;]Die Gesch\u00e4ftsf\u00fchrerin sieht allerdings auch, dass sich viele Tierarztpraxen unter Zugzwang setzen lassen, wenn sie anbieten, einen Labortest innerhalb von Minuten zu machen und dem Klienten umgehend das Ergebnis mitzuteilen: &#8220;Der Tierarzt l\u00e4sst sich dadurch oft zwingen, seine Diagnose innerhalb von Minuten fertig zu haben. In vielen F\u00e4llen spricht doch nichts dagegen, die Probe wegzuschicken und dem Klienten nach zwei Tagen das Ergebnis mitzuteilen. Das hat f\u00fcr den Tierarzt den Vorteil, dass er Zeit gewinnt, um die Diagnose noch einmal zu \u00fcberdenken, vielleicht etwas nachzulesen oder mit einem Kollegen zu besprechen, wenn einmal nicht alle Befunde so gut zusammenpassen.&#8221; Die LABOKLIN-Leute vertreten die Ansicht, dass ein gesunder Mix aus eigenem und dem externen Gro\u00dflabor den Klienten am besten die Kompetenz des Tierarztes vermittelt. Der Tierarzt kann demonstrieren, dass er eine gewisse Anzahl von Untersuchungen in der Praxis gut durchf\u00fchren kann, aber dass er genau so gut in anderen F\u00e4llen die weitergehenden M\u00f6glichkeiten des Gro\u00dflabors im R\u00fccken hat. Jeder Patientenbesitzer versteht das viel besser als wenn jemand alles allein k\u00f6nnen will.[\/vc_column_text][\/vc_column][\/vc_row]<\/p>\n<\/div>","protected":false},"excerpt":{"rendered":"<p>[vc_row][vc_column width=&#8221;1\/2&#8243;][vc_column_text css=&#8221;.vc_custom_1679468570470{margin-bottom: 30px !important;}&#8221;] Competence through cooperation In addition to analysis as a classic laboratory service, the fields of consultation, service and communication play an important role in LABOKLIN&#8217;s overall concept. Well-known and popular in veterinary practices are the information leaflets of the Rat &amp; Tat series, which have been informing pet owners about&hellip;<\/p>\n","protected":false},"author":1,"featured_media":0,"parent":0,"menu_order":2,"comment_status":"closed","ping_status":"closed","template":"","meta":{"_seopress_robots_primary_cat":"","_seopress_titles_title":"","_seopress_titles_desc":"","_seopress_robots_index":"","footnotes":""},"class_list":["post-247","page","type-page","status-publish","hentry","description-off"],"_links":{"self":[{"href":"https:\/\/laboklin.com\/en\/wp-json\/wp\/v2\/pages\/247","targetHints":{"allow":["GET"]}}],"collection":[{"href":"https:\/\/laboklin.com\/en\/wp-json\/wp\/v2\/pages"}],"about":[{"href":"https:\/\/laboklin.com\/en\/wp-json\/wp\/v2\/types\/page"}],"author":[{"embeddable":true,"href":"https:\/\/laboklin.com\/en\/wp-json\/wp\/v2\/users\/1"}],"replies":[{"embeddable":true,"href":"https:\/\/laboklin.com\/en\/wp-json\/wp\/v2\/comments?post=247"}],"version-history":[{"count":7,"href":"https:\/\/laboklin.com\/en\/wp-json\/wp\/v2\/pages\/247\/revisions"}],"predecessor-version":[{"id":1460901,"href":"https:\/\/laboklin.com\/en\/wp-json\/wp\/v2\/pages\/247\/revisions\/1460901"}],"wp:attachment":[{"href":"https:\/\/laboklin.com\/en\/wp-json\/wp\/v2\/media?parent=247"}],"curies":[{"name":"wp","href":"https:\/\/api.w.org\/{rel}","templated":true}]}}