{"id":1307829,"date":"2021-03-29T11:03:47","date_gmt":"2021-03-29T09:03:47","guid":{"rendered":"https:\/\/staging.laboklin.com\/int\/en\/?page_id=1307829"},"modified":"2021-04-15T15:34:09","modified_gmt":"2021-04-15T13:34:09","slug":"fvo-tagung","status":"publish","type":"page","link":"https:\/\/laboklin.com\/en\/fvo-tagung\/","title":{"rendered":"FVO Tagung"},"content":{"rendered":"<h3>FVO-Tagung, 17.04.2021<\/h3>\n<p>&nbsp;<\/p>\n<p>Spannende Vortr\u00e4ge! Trotzdem noch wissensdurstig?<\/p>\n<p>Zumindest in Sachen Labordiagnostik rund ums Auge k\u00f6nnen wir Ihnen da behilflich sein:<\/p>\n<p>Wir haben Informationsmaterial f\u00fcr die Praxis zusammengestellt, bestimmt ist etwas N\u00fctzliches f\u00fcr Sie dabei:<\/p>\n<p>Unsere Mappe \u201eLabordiagnostik bei Erkrankungen des Auges\u201c beschreibt die labordiagnostischen Untersuchungsm\u00f6glichkeiten des Organs Auge: von der Mikrobiologie \u00fcber PCR-Profile hin zu den Untersuchungen auf erblich bedingte Erkrankungen.<\/p>\n<p>&nbsp;<\/p>\n<p><a href=\"https:\/\/laboklin.com\/wp-content\/uploads\/sites\/2\/2021\/04\/Labordiagnostik_Auge.png\"><img loading=\"lazy\" decoding=\"async\" class=\"alignnone wp-image-1308248 size-medium\" src=\"https:\/\/laboklin.com\/wp-content\/uploads\/sites\/2\/2021\/04\/Labordiagnostik_Auge-300x292.png\" alt=\"\" width=\"300\" height=\"292\" srcset=\"https:\/\/laboklin.com\/wp-content\/uploads\/2021\/04\/Labordiagnostik_Auge-300x292.png 300w, https:\/\/laboklin.com\/wp-content\/uploads\/2021\/04\/Labordiagnostik_Auge-768x748.png 768w, https:\/\/laboklin.com\/wp-content\/uploads\/2021\/04\/Labordiagnostik_Auge.png 937w\" sizes=\"auto, (max-width: 300px) 100vw, 300px\" \/><\/a><\/p>\n<p>&nbsp;<\/p>\n<p>Einen schnellen \u00dcberblick speziell \u00fcber die Tests genetisch bedingten Augenerkrankungen verschaffen Sie sich anhand unserer tabellarischen Auflistung.<\/p>\n<p>Und zur Auslage in Ihrer Praxis f\u00fcr die Tierhalter haben wir unseren Rat&amp;Tat-Folder \u201eUntersuchungen bei Augenkrankheiten\u201c auf den neuesten Stand gebracht.<\/p>\n<p>&nbsp;<\/p>\n<p><a href=\"https:\/\/laboklin.com\/wp-content\/uploads\/sites\/2\/2021\/04\/rat_und_tat.png\"><img loading=\"lazy\" decoding=\"async\" class=\"alignnone wp-image-1308247 size-medium\" src=\"https:\/\/laboklin.com\/wp-content\/uploads\/sites\/2\/2021\/04\/rat_und_tat-300x213.png\" alt=\"\" width=\"300\" height=\"213\" srcset=\"https:\/\/laboklin.com\/wp-content\/uploads\/2021\/04\/rat_und_tat-300x213.png 300w, https:\/\/laboklin.com\/wp-content\/uploads\/2021\/04\/rat_und_tat-1024x728.png 1024w, https:\/\/laboklin.com\/wp-content\/uploads\/2021\/04\/rat_und_tat-768x546.png 768w, https:\/\/laboklin.com\/wp-content\/uploads\/2021\/04\/rat_und_tat.png 1280w\" sizes=\"auto, (max-width: 300px) 100vw, 300px\" \/><\/a><\/p>\n<p>&nbsp;<\/p>\n<p>Auf Wunsch schicken wir Ihnen diese Unterlagen gerne einzeln oder als Gesamtpaket zu.<\/p>\n<p><strong>Dokumente als PDF anfordern:<\/strong><br \/>\n<style type=\"text\/css\">.super-form:not(.super-initialized) *:not(.super-load-icon) { visibility: hidden !important; }<\/style><div id=\"super-form-1308155\" style=\"margin:0px 0px 0px 0px;\" class=\"super-form super-form-1308155  super-default-squared super-field-size-medium super-adaptive\" data-clear=\"true\" data-overlay=\"true\" data-disable-enter=\"true\" data-field-size=\"medium\" data-i18n=\"de_DE_formal\"><span class=\"super-load-icon\"><\/span><form tabindex=\"0\" autocomplete=\"on\" enctype=\"multipart\/form-data\"><input type=\"hidden\" name=\"sf_nonce\" value=\"\" \/><input type=\"text\" name=\"super_hp\" size=\"25\" value=\"\" \/><div class=\"super-shortcode super-field super-hidden\"><input class=\"super-shortcode-field\" type=\"hidden\" value=\"1308155\" name=\"hidden_form_id\" \/><\/div><div class=\"super-grid super-shortcode\"><div class=\"super-shortcode super_one_full super-column grid-level-0 column-number-1 first-column \"><div class=\"super-grid super-shortcode\"><div class=\"super-shortcode super_one_half super-column grid-level-1 column-number-1 first-column \"><div class=\"super-shortcode super-field super-text   super-ungrouped  \"><div class=\"super-field-wrapper \"><input tabindex=\"-1\" class=\"super-shortcode-field\" type=\"text\" name=\"first_name\" data-oname=\"first_name\" data-validation=\"empty\" data-email=\"Vorname:\" data-exclude=\"0\" data-absolute-default=\"\" data-default-value=\"\" \/><span class=\"super-adaptive-placeholder\" data-placeholder=\"Vorname\" data-placeholderFilled=\"Vorname\"><span>Vorname<\/span><\/span><\/div><div class=\"super-error-msg\">Field is required!<\/div><div class=\"super-empty-error-msg\">Field is required!<\/div><\/div><\/div><div class=\"super-shortcode super_one_half super-column grid-level-1 column-number-2  \"><div class=\"super-shortcode super-field super-text   super-ungrouped  \"><div class=\"super-field-wrapper \"><input tabindex=\"-1\" class=\"super-shortcode-field\" type=\"text\" name=\"last_name\" data-oname=\"last_name\" data-validation=\"empty\" data-email=\"Nachname:\" data-exclude=\"0\" data-absolute-default=\"\" data-default-value=\"\" \/><span class=\"super-adaptive-placeholder\" data-placeholder=\"Nachname\" data-placeholderFilled=\"Familienname, Nachname\"><span>Nachname<\/span><\/span><\/div><div class=\"super-error-msg\">Field is required!<\/div><div class=\"super-empty-error-msg\">Field is required!<\/div><\/div><\/div><\/div><div class=\"super-shortcode super-field super-text   super-ungrouped  \"><div class=\"super-field-wrapper \"><input tabindex=\"-1\" class=\"super-shortcode-field\" type=\"email\" name=\"email\" data-oname=\"email\" data-validation=\"email\" data-email=\"E-mail address:\" data-exclude=\"0\" data-absolute-default=\"\" data-default-value=\"\" \/><span class=\"super-adaptive-placeholder\" data-placeholder=\"Emailadresse\" data-placeholderFilled=\"E-Mail-Addresse\"><span>Emailadresse<\/span><\/span><\/div><div class=\"super-error-msg\">Field is required!<\/div><div class=\"super-empty-error-msg\">Field is required!<\/div><\/div><\/div><\/div><div data-color=\"#e51e1e\" data-light=\"#f93232\" data-dark=\"#c70000\" data-hover-color=\"#444444\" data-hover-light=\"#585858\" data-hover-dark=\"#262626\" data-font=\"#ffffff\" data-font-hover=\"#ffffff\" data-radius=\"square\" data-type=\"flat\" class=\"super-extra-shortcode super-shortcode super-field super-button super-clear-none super-form-button super-radius-square super-type-flat super-button-medium super-button-align-left super-button-width-auto\"><div data-href=\"\" class=\"super-button-wrap no_link\"><div class=\"super-button-name\" data-action=\"submit\" data-normal=\"Senden\" data-loading=\"Loading...\">Senden<\/div><span class=\"super-after\"><\/span><\/div><\/div><\/form><\/div>\n<p>&nbsp;<\/p>\n<p><strong>Dokumente per Post anfordern:<\/strong><\/p>\n<style type=\"text\/css\">.super-form:not(.super-initialized) *:not(.super-load-icon) { visibility: hidden !important; }<\/style><div id=\"super-form-1308276\" style=\"margin:0px 0px 0px 0px;\" class=\"super-form super-form-1308276  super-default-squared super-field-size-medium super-adaptive\" data-clear=\"true\" data-overlay=\"true\" data-disable-enter=\"true\" data-field-size=\"medium\" data-i18n=\"de_DE_formal\"><span class=\"super-load-icon\"><\/span><form tabindex=\"0\" autocomplete=\"on\" enctype=\"multipart\/form-data\"><input type=\"hidden\" name=\"sf_nonce\" value=\"\" \/><input type=\"text\" name=\"super_hp\" size=\"25\" value=\"\" \/><div class=\"super-shortcode super-field super-hidden\"><input class=\"super-shortcode-field\" type=\"hidden\" value=\"1308276\" name=\"hidden_form_id\" \/><\/div><div class=\"super-grid super-shortcode\"><div class=\"super-shortcode super_one_full super-column grid-level-0 column-number-1 first-column \"><div class=\"super-grid super-shortcode\"><div class=\"super-shortcode super_one_half super-column grid-level-1 column-number-1 first-column \"><div class=\"super-shortcode super-field super-text   super-ungrouped  \"><div class=\"super-field-wrapper \"><input tabindex=\"-1\" class=\"super-shortcode-field\" type=\"text\" name=\"first_name\" data-oname=\"first_name\" data-validation=\"empty\" data-email=\"Vorname:\" data-exclude=\"0\" data-absolute-default=\"\" data-default-value=\"\" \/><span class=\"super-adaptive-placeholder\" data-placeholder=\"Vorname\" data-placeholderFilled=\"Vorname\"><span>Vorname<\/span><\/span><\/div><div class=\"super-error-msg\">Field is required!<\/div><div class=\"super-empty-error-msg\">Field is required!<\/div><\/div><\/div><div class=\"super-shortcode super_one_half super-column grid-level-1 column-number-2  \"><div class=\"super-shortcode super-field super-text   super-ungrouped  \"><div class=\"super-field-wrapper \"><input tabindex=\"-1\" class=\"super-shortcode-field\" type=\"text\" name=\"last_name\" data-oname=\"last_name\" data-validation=\"empty\" data-email=\"Nachname:\" data-exclude=\"0\" data-absolute-default=\"\" data-default-value=\"\" \/><span class=\"super-adaptive-placeholder\" data-placeholder=\"Nachname\" data-placeholderFilled=\"Familienname, Nachname\"><span>Nachname<\/span><\/span><\/div><div class=\"super-error-msg\">Field is required!<\/div><div class=\"super-empty-error-msg\">Field is required!<\/div><\/div><\/div><\/div><div class=\"super-shortcode super-field super-text   super-ungrouped  \"><div class=\"super-field-wrapper \"><input tabindex=\"-1\" class=\"super-shortcode-field\" type=\"text\" name=\"Adresse\" data-oname=\"Adresse\" data-validation=\"empty\" data-email=\"Adresse:\" data-exclude=\"0\" data-absolute-default=\"\" data-default-value=\"\" \/><span class=\"super-adaptive-placeholder\" data-placeholder=\"Adresse\" data-placeholderFilled=\"Adresse\"><span>Adresse<\/span><\/span><\/div><div class=\"super-error-msg\">Field is required!<\/div><div class=\"super-empty-error-msg\">Field is required!<\/div><\/div><div class=\"super-grid super-shortcode\"><div class=\"super-shortcode super_one_third super-column grid-level-1 column-number-1 first-column \"><div class=\"super-shortcode super-field super-text   super-ungrouped  \"><div class=\"super-field-wrapper \"><input tabindex=\"-1\" class=\"super-shortcode-field\" type=\"text\" name=\"zipcode\" data-oname=\"zipcode\" data-validation=\"empty\" data-email=\"Postleitzahl:\" data-exclude=\"0\" data-absolute-default=\"\" data-default-value=\"\" data-minlength=\"4\" \/><span class=\"super-adaptive-placeholder\" data-placeholder=\"Postleitzahl\" data-placeholderFilled=\"Postleitzahl\"><span>Postleitzahl<\/span><\/span><\/div><div class=\"super-error-msg\">Field is required!<\/div><div class=\"super-empty-error-msg\">Field is required!<\/div><\/div><\/div><div class=\"super-shortcode super_one_third super-column grid-level-1 column-number-2  \"><div class=\"super-shortcode super-field super-text   super-ungrouped  \"><div class=\"super-field-wrapper \"><input tabindex=\"-1\" class=\"super-shortcode-field\" type=\"text\" name=\"city\" data-oname=\"city\" data-validation=\"empty\" data-email=\"Stadt:\" data-exclude=\"0\" data-absolute-default=\"\" data-default-value=\"\" \/><span class=\"super-adaptive-placeholder\" data-placeholder=\"Stadt\" data-placeholderFilled=\"Stadt\"><span>Stadt<\/span><\/span><\/div><div class=\"super-error-msg\">Field is required!<\/div><div class=\"super-empty-error-msg\">Field is required!<\/div><\/div><\/div><div class=\"super-shortcode super_one_third super-column grid-level-1 column-number-3  \"><div class=\"super-shortcode super-field super-dropdown   super-ungrouped  \"><div class=\"super-field-wrapper \"><input type=\"hidden\" class=\"super-shortcode-field\" name=\"land\" value=\"\" data-oname=\"land\" data-email=\"Land\" data-exclude=\"0\" data-absolute-default=\"\" data-default-value=\"\" \/><input tabindex=\"-1\" type=\"text\" name=\"super-dropdown-search\" value=\"\" data-logic=\"contains\" \/><ul class=\"super-dropdown-list\"><li data-value=\"\" class=\"super-item super-placeholder\">Land<\/li><li class=\"super-item\" data-value=\"Deutschland\" data-search-value=\"Deutschland\"><div>Deutschland<\/div><\/li><li class=\"super-item\" data-value=\"\u00d6sterreich\" data-search-value=\"\u00d6sterreich\"><div>\u00d6sterreich<\/div><\/li><li class=\"super-item\" data-value=\"Schweiz\" data-search-value=\"Schweiz\"><div>Schweiz<\/div><\/li><\/ul><span class=\"super-dropdown-arrow\"><span class=\"super-after\"><i class=\"fas fa-caret-down\"><\/i><\/span><\/span><span class=\"super-adaptive-placeholder\" data-placeholder=\"Land\" data-placeholderFilled=\"- W\u00e4hlen Sie eine Option -\"><span>Land<\/span><\/span><\/div><div class=\"super-error-msg\">Field is required!<\/div><div class=\"super-empty-error-msg\">Field is required!<\/div><\/div><\/div><\/div><div class=\"super-shortcode super-field super-text   super-ungrouped  \"><div class=\"super-field-wrapper \"><input tabindex=\"-1\" class=\"super-shortcode-field\" type=\"email\" name=\"email\" data-oname=\"email\" data-validation=\"email\" data-email=\"E-mail address:\" data-exclude=\"0\" data-absolute-default=\"\" data-default-value=\"\" \/><span class=\"super-adaptive-placeholder\" data-placeholder=\"Emailadresse\" data-placeholderFilled=\"E-Mail-Addresse\"><span>Emailadresse<\/span><\/span><\/div><div class=\"super-error-msg\">Field is required!<\/div><div class=\"super-empty-error-msg\">Field is required!<\/div><\/div><\/div><\/div><div data-color=\"#e51e1e\" data-light=\"#f93232\" data-dark=\"#c70000\" data-hover-color=\"#444444\" data-hover-light=\"#585858\" data-hover-dark=\"#262626\" data-font=\"#ffffff\" data-font-hover=\"#ffffff\" data-radius=\"square\" data-type=\"flat\" class=\"super-extra-shortcode super-shortcode super-field super-button super-clear-none super-form-button super-radius-square super-type-flat super-button-medium super-button-align-left super-button-width-auto\"><div data-href=\"\" class=\"super-button-wrap no_link\"><div class=\"super-button-name\" data-action=\"submit\" data-normal=\"Senden\" data-loading=\"Loading...\">Senden<\/div><span class=\"super-after\"><\/span><\/div><\/div><\/form><\/div>\n<p>&nbsp;<\/p>\n<div style=\"color: white;padding: 15px\">\n<strong>Zus\u00e4tzlich w\u00fcrden wir Sie gerne zu einem englischsprachigen Webinar der ECVO am 22.4. um 21:00 Uhr mit dem Titel: Hereditary Eye Diseases in Italian breeds von und mit dem Referenten Adolfo Guandalini einladen. Unser Engagement bei der ECVO macht es uns m\u00f6glich, Ihnen eine Teilnahme anzubieten.<\/strong><\/p>\n<p><strong>Interesse? Registrieren Sie sich kostenfrei unter folgendem Link: <a style=\"color: #344251\" href=\"https:\/\/laboklin.zoom.us\/webinar\/register\/WN_86B8JH5wQzeCeZqDGs9QEg\" target=\"_blank\" rel=\"noopener\">https:\/\/laboklin.zoom.us\/webinar\/register\/WN_86B8JH5wQzeCeZqDGs9QEg<\/a><\/strong>\n<\/div>\n","protected":false},"excerpt":{"rendered":"<p>FVO-Tagung, 17.04.2021 &nbsp; Spannende Vortr\u00e4ge! Trotzdem noch wissensdurstig? Zumindest in Sachen Labordiagnostik rund ums Auge k\u00f6nnen wir Ihnen da behilflich sein: Wir haben Informationsmaterial f\u00fcr die Praxis zusammengestellt, bestimmt ist etwas N\u00fctzliches f\u00fcr Sie dabei: Unsere Mappe \u201eLabordiagnostik bei Erkrankungen des Auges\u201c beschreibt die labordiagnostischen Untersuchungsm\u00f6glichkeiten des Organs Auge: von der Mikrobiologie \u00fcber PCR-Profile hin&hellip;<\/p>\n","protected":false},"author":5,"featured_media":0,"parent":0,"menu_order":14,"comment_status":"closed","ping_status":"closed","template":"","meta":{"_seopress_robots_primary_cat":"","_seopress_titles_title":"","_seopress_titles_desc":"","_seopress_robots_index":"","footnotes":""},"class_list":["post-1307829","page","type-page","status-publish","hentry","description-off"],"_links":{"self":[{"href":"https:\/\/laboklin.com\/en\/wp-json\/wp\/v2\/pages\/1307829","targetHints":{"allow":["GET"]}}],"collection":[{"href":"https:\/\/laboklin.com\/en\/wp-json\/wp\/v2\/pages"}],"about":[{"href":"https:\/\/laboklin.com\/en\/wp-json\/wp\/v2\/types\/page"}],"author":[{"embeddable":true,"href":"https:\/\/laboklin.com\/en\/wp-json\/wp\/v2\/users\/5"}],"replies":[{"embeddable":true,"href":"https:\/\/laboklin.com\/en\/wp-json\/wp\/v2\/comments?post=1307829"}],"version-history":[{"count":0,"href":"https:\/\/laboklin.com\/en\/wp-json\/wp\/v2\/pages\/1307829\/revisions"}],"wp:attachment":[{"href":"https:\/\/laboklin.com\/en\/wp-json\/wp\/v2\/media?parent=1307829"}],"curies":[{"name":"wp","href":"https:\/\/api.w.org\/{rel}","templated":true}]}}