{"id":1458977,"date":"2023-03-18T16:52:07","date_gmt":"2023-03-18T15:52:07","guid":{"rendered":"https:\/\/staging-wp-int.laboklin.com\/?page_id=1458977"},"modified":"2026-02-12T12:59:07","modified_gmt":"2026-02-12T11:59:07","slug":"asit-pharmacy-denmark","status":"publish","type":"page","link":"https:\/\/laboklin.com\/dk\/asit-pharmacy-denmark\/","title":{"rendered":"ASIT \/ Pharmacy Denmark"},"content":{"rendered":"<div class=\"wpb-content-wrapper\"><p>[vc_row type=&#8221;vc_default&#8221; gap=&#8221;10&#8243;][vc_column width=&#8221;1\/4&#8243;]<style type=\"text\/css\" data-type=\"the7_shortcodes-inline-css\">#default-btn-5fba510d9120c44225459eb256fe619c.ico-right-side > i {\n  margin-right: 0px;\n  margin-left: 8px;\n}\n#default-btn-5fba510d9120c44225459eb256fe619c > i {\n  margin-right: 8px;\n}<\/style><div class=\"btn-align-center\"><a href=\"https:\/\/laboklin.com\/wp-content\/uploads\/2026\/02\/Order_form_ASIT_Nextmune_DK_FI_NO_SE.pdf\" class=\"default-btn-shortcode dt-btn dt-btn-m link-hover-off full-width-btn  vc_custom_1770897544499\" target=\"_blank\" id=\"default-btn-5fba510d9120c44225459eb256fe619c\" rel=\"noopener\"><span>Order form<br \/>\n(For DK, NO, SE and FI only)<\/span><\/a><\/div>[\/vc_column][vc_column width=&#8221;3\/4&#8243;][vc_column_text css=&#8221;&#8221;]<\/p>\n<h3>S\u00e5dan bestiller du din ASIT (allergen-specifikke immunterapi) via LABOKLIN<\/h3>\n<p>Ans\u00f8g F\u00f8devarestyrelsen om udleveringstilladelse til allergen-specifik immunterapi for dine patienter (her anbefales det at s\u00f8ge 1 \u00e5rstilladelse).<\/p>\n<p>Beh\u00f8ver du nogen form for hj\u00e6lp eller information til dette, da kontakt os gerne p\u00e5 <strong><a href=\"mailto:danmark@laboklin.com\">danmark@laboklin.com<\/a>.<\/strong><\/p>\n<p>Straks du har udleveringstilladelse, kan du g\u00e5 videre til selve bestillingen.<\/p>\n<p>Bestillingssedlen udfyldes grundigt, stemples og underskrives, og mailes derp\u00e5 til allergie@laboklin.com<\/p>\n<p>Herefter g\u00e5r der ca. 3 uger, hvorefter dit valgte apotek modtager den bestilte ASIT via Nextmune.<br \/>\nLevering er mulig til f\u00f8lgende apoteker:<\/p>\n<ul>\n<li>Skanderborg Apotek<\/li>\n<li>Glostrup Apotek<\/li>\n<li>VetApo<\/li>\n<li>Vepidan<\/li>\n<\/ul>\n<p>Den leverede ASIT faktureres direkte fra dit apotek.<\/p>\n<p>Kontakt os gerne p\u00e5 <a href=\"mailto:danmark@laboklin.com\"><strong>danmark@laboklin.com<\/strong><\/a>, hvis I har sp\u00f8rgsm\u00e5l til bestillingen, eller <a href=\"mailto:derma@laboklin.com\"><strong>derma@laboklin.com<\/strong><\/a>, hvis I har sp\u00f8rgsm\u00e5l til vore dermatologer.<\/p>\n<p>Med venlig hilsen<br \/>\nDit LABOKLIN Team[\/vc_column_text][\/vc_column][\/vc_row][vc_row type=&#8221;vc_default&#8221; disable_element=&#8221;yes&#8221;][vc_column width=&#8221;1\/4&#8243;][\/vc_column][vc_column width=&#8221;3\/4&#8243;][vc_column_text]<\/p>\n<h3>S\u00e5dan bestiller du din ASIT (allergen-specifikke immunterapi)<\/h3>\n<ol>\n<li>Ans\u00f8g F\u00f8devarestyrelsen om udleveringstilladelse til allergen-specifik immunterapi for dine patienter (her anbefales det at s\u00f8ge for 1 \u00e5rstilladelse).Beh\u00f8ver du nogen form for hj\u00e6lp eller information til dette, da kontakt os gerne p\u00e5 danmark@laboklin.com.Straks du har udleveringstilladelse, kan du g\u00e5 videre til punkt 2<\/li>\n<\/ol>\n<ol start=\"2\">\n<li>Kontakt apoteket VetApo med din ASIT bestilling p\u00e5 info[at]vetapo.dk eller fax: 4422 4279 med angivelse af flg.:\n<ul>\n<li style=\"list-style-type: none;\">\n<ul>\n<li>Dyrl\u00e6gens navn og aut.nr.<\/li>\n<li>Jnr. udleveringstilladelse<\/li>\n<li>Praksis navn og adresse<\/li>\n<li>Patients dyreart og navn<\/li>\n<li>Angivelse af LABOKLINs laboratorienummer for den udf\u00f8rte allergitest (report number)<\/li>\n<li>Angivelse om der \u00f8nskes et \u201dStarter Set\u201d eller \u201dRe-order Set\u201d<\/li>\n<\/ul>\n<\/li>\n<\/ul>\n<\/li>\n<li>ASIT-bestillingen faxes til 4422 4279 eller sendes per mail til info[at]vetapo.dk<\/li>\n<\/ol>\n<p>Herefter g\u00e5r der ca. 3 uger, hvorefter VetApo sender jer den bestilte ASIT direkte.<\/p>\n<p>Den leverede ASIT faktureres direkte fra Apoteket (LABOKLINs pris &amp; fragt samt apotekets fastsatte avance)<\/p>\n<p>Kontakt os gerne p\u00e5 danmark@laboklin.com, hvis I har sp\u00f8rgsm\u00e5l til bestillingen, eller derma@laboklin.com, hvis I har sp\u00f8rgsm\u00e5l til vore dermatologer.<\/p>\n<p>&nbsp;<\/p>\n<p>Med venlig hilsen<\/p>\n<p>Dit LABOKLIN Team[\/vc_column_text][\/vc_column][\/vc_row]<\/p>\n<\/div>","protected":false},"excerpt":{"rendered":"<p>[vc_row type=&#8221;vc_default&#8221; gap=&#8221;10&#8243;][vc_column width=&#8221;1\/4&#8243;][\/vc_column][vc_column width=&#8221;3\/4&#8243;][vc_column_text css=&#8221;&#8221;] S\u00e5dan bestiller du din ASIT (allergen-specifikke immunterapi) via LABOKLIN Ans\u00f8g F\u00f8devarestyrelsen om udleveringstilladelse til allergen-specifik immunterapi for dine patienter (her anbefales det at s\u00f8ge 1 \u00e5rstilladelse). Beh\u00f8ver du nogen form for hj\u00e6lp eller information til dette, da kontakt os gerne p\u00e5 danmark@laboklin.com. Straks du har udleveringstilladelse, kan du g\u00e5&hellip;<\/p>\n","protected":false},"author":11,"featured_media":0,"parent":0,"menu_order":2,"comment_status":"closed","ping_status":"closed","template":"","meta":{"_seopress_robots_primary_cat":"","_seopress_titles_title":"","_seopress_titles_desc":"","_seopress_robots_index":"","footnotes":""},"class_list":["post-1458977","page","type-page","status-publish","hentry","description-off"],"_links":{"self":[{"href":"https:\/\/laboklin.com\/dk\/wp-json\/wp\/v2\/pages\/1458977","targetHints":{"allow":["GET"]}}],"collection":[{"href":"https:\/\/laboklin.com\/dk\/wp-json\/wp\/v2\/pages"}],"about":[{"href":"https:\/\/laboklin.com\/dk\/wp-json\/wp\/v2\/types\/page"}],"author":[{"embeddable":true,"href":"https:\/\/laboklin.com\/dk\/wp-json\/wp\/v2\/users\/11"}],"replies":[{"embeddable":true,"href":"https:\/\/laboklin.com\/dk\/wp-json\/wp\/v2\/comments?post=1458977"}],"version-history":[{"count":24,"href":"https:\/\/laboklin.com\/dk\/wp-json\/wp\/v2\/pages\/1458977\/revisions"}],"predecessor-version":[{"id":1542413,"href":"https:\/\/laboklin.com\/dk\/wp-json\/wp\/v2\/pages\/1458977\/revisions\/1542413"}],"wp:attachment":[{"href":"https:\/\/laboklin.com\/dk\/wp-json\/wp\/v2\/media?parent=1458977"}],"curies":[{"name":"wp","href":"https:\/\/api.w.org\/{rel}","templated":true}]}}