{"id":1431912,"date":"2021-01-22T08:42:20","date_gmt":"2021-01-22T07:42:20","guid":{"rendered":"https:\/\/staging-wp-int.laboklin.com\/impressum\/"},"modified":"2022-11-25T13:43:12","modified_gmt":"2022-11-25T12:43:12","slug":"impressum","status":"publish","type":"page","link":"https:\/\/laboklin.com\/dk\/impressum\/","title":{"rendered":"Impressum"},"content":{"rendered":"<div class=\"wpb-content-wrapper\"><p>[vc_row][vc_column][vc_column_text]<\/p>\n<h1>Impressum DK<\/h1>\n<h4>Verantwortlich f\u00fcr den Inhalt\u00a0nach \u00a7 5 TMG und nach \u00a7 55 Abs. 2 RStV:<\/h4>\n<p>LABOKLIN GMBH &amp; CO.KG<br \/>\nLABOR F\u00dcR KLINISCHE DIAGNOSTIK<br \/>\nDr. Elisabeth M\u00fcller (Firmenleitung)<br \/>\nSteubenstra\u00dfe 4<br \/>\n97688 Bad Kissingen<\/p>\n<p>Telefon +49 971\/72020<br \/>\nFax +49 971\/68546<br \/>\nE-Mail info[at]laboklin.com<\/p>\n<div class=\"hr-thin\"><\/div>\n<p><strong>Amtsgericht Schweinfurt<\/strong> HRA 3631<br \/>\n<strong>Ust-ID<\/strong> DE206897824<br \/>\n<strong>Ust-ID<\/strong> ATU56477529<br \/>\n<strong>UID-CH<\/strong> CHE-101.955.149<br \/>\n<strong>CH-ID<\/strong> CH27090010764<\/p>\n<div class=\"hr-thin\"><\/div>\n<h3>Hinweis gem\u00e4\u00df Telemediengesetz<\/h3>\n<p class=\"bodytext\">F\u00fcr Websites Dritter, auf die der Herausgeber durch so genannte Links verweist, tragen die jeweiligen Anbieter die Verantwortung. Der Herausgeber ist f\u00fcr den Inhalt solcher Sites Dritter nicht verantwortlich. Des Weiteren kann die Website des Herausgebers ohne dessen Wissen von anderen Websites mittels so genannter Links angelinkt werden. Der Herausgeber \u00fcbernimmt keine Verantwortung f\u00fcr Darstellungen, Inhalt oder irgendeine Verbindung zur Parteigliederung des Herausgebers in Websites Dritter. F\u00fcr fremde Inhalte ist der Herausgeber nur dann verantwortlich, wenn er von ihnen (d.h. auch von einem rechtswidrigen oder strafbaren Inhalt) positive Kenntnis hat und es dem Herausgeber technisch m\u00f6glich und zumutbar ist, deren Nutzung zu verhindern. Der Herausgeber ist nach dem Telemediengesetz jedoch nicht verpflichtet, die fremden Inhalte st\u00e4ndig zu \u00fcberpr\u00fcfen.<\/p>\n<div class=\"hr-thick\"><\/div>\n<div id=\"c9\" class=\"csc-default\">\n<h2><div class=\"gap\" style=\"line-height: 10px; height: 10px;\"><\/div><\/h2>\n<h2>Disclaimer<\/h2>\n<h4>1. content of the online offer<\/h4>\n<p>The author reserves the right not to be responsible for the topicality, correctness, completeness or quality of the information provided. Liability claims against the author relating to material or non-material damage caused by the use or non-use of the information provided or by the use of incorrect or incomplete information are excluded, unless the author can be proven to have acted with intent or gross negligence.<\/p>\n<p>All offers are subject to change and non-binding. The author expressly reserves the right to change, supplement or delete parts of the pages or the entire offer without prior notice or to discontinue publication temporarily or permanently.<\/p>\n<h4>2. references and links<\/h4>\n<p>The author is not responsible for any contents linked or referred to from his pages &#8211; unless he has full knowledge of illegal contents and would be able to prevent the visitors of his site fromviewing those pages.<\/p>\n<p>The author hereby expressly declares that at the time the links were created, no illegal content was discernible on the linked pages. The author has no influence on the current and future design, content or authorship of the linked pages. For this reason, he hereby expressly distances himself from all content of all linked pages that were changed after the link was created. This statement applies to all links and references set within the author&#8217;s own website as well as to external entries in guest books, discussion forums and mailing lists set up by the author. Liability for illegal, incorrect or incomplete content and in particular for damage arising from the use or non-use of such information lies solely with the provider of the site to which reference is made, and not with the party who merely refers to the publication in question via links.<\/p>\n<h4>3. copyright and trademark law<\/h4>\n<p>The author endeavours to observe the copyrights of the graphics, sound documents, video sequences and texts used in all publications, to use graphics, sound documents, video sequences and texts created by himself or to use licence-free graphics, sound documents, video sequences and texts.<\/p>\n<p>All brand names and trademarks mentioned on the website and possibly protected by third parties are subject without restriction to the provisions of the applicable trademark law and the ownership rights of the respective registered owners. The mere mention of a trademark does not imply that it is not protected by the rights of third parties!<\/p>\n<p>The copyright for published objects created by the author himself remains solely with the author of the pages. Any duplication or use of objects such as diagrams, sounds or texts in other electronic or printed publications is not permitted without the author&#8217;s agreement.<\/p>\n<h4>4. data protection<\/h4>\n<p>If the opportunity for the input of personal or business data (email addresses, name, addresses) is given, the input of these data takes place voluntarily. The use and payment of all offered services are permitted &#8211; if and so far technically possible and reasonable &#8211; without specification of any personal data or under specification of anonymised data or an alias.<\/p>\n<h4>5. legal validity of this disclaimer<\/h4>\n<p>This disclaimer is to be regarded as part of the internet publication which you were referred from. If sections or individual terms of this statement are not legal or correct, the content or validity of the other parts remain uninfluenced by this fact.<\/p>\n<\/div>\n<p>[\/vc_column_text][\/vc_column][\/vc_row]<\/p>\n<\/div>","protected":false},"excerpt":{"rendered":"<p>[vc_row][vc_column][vc_column_text] Impressum DK Verantwortlich f\u00fcr den Inhalt\u00a0nach \u00a7 5 TMG und nach \u00a7 55 Abs. 2 RStV: LABOKLIN GMBH &amp; CO.KG LABOR F\u00dcR KLINISCHE DIAGNOSTIK Dr. Elisabeth M\u00fcller (Firmenleitung) Steubenstra\u00dfe 4 97688 Bad Kissingen Telefon +49 971\/72020 Fax +49 971\/68546 E-Mail info[at]laboklin.com Amtsgericht Schweinfurt HRA 3631 Ust-ID DE206897824 Ust-ID ATU56477529 UID-CH CHE-101.955.149 CH-ID CH27090010764 Hinweis&hellip;<\/p>\n","protected":false},"author":1,"featured_media":0,"parent":0,"menu_order":44,"comment_status":"closed","ping_status":"closed","template":"","meta":{"_seopress_robots_primary_cat":"","_seopress_titles_title":"","_seopress_titles_desc":"","_seopress_robots_index":"","footnotes":""},"class_list":["post-1431912","page","type-page","status-publish","hentry","description-off"],"_links":{"self":[{"href":"https:\/\/laboklin.com\/dk\/wp-json\/wp\/v2\/pages\/1431912","targetHints":{"allow":["GET"]}}],"collection":[{"href":"https:\/\/laboklin.com\/dk\/wp-json\/wp\/v2\/pages"}],"about":[{"href":"https:\/\/laboklin.com\/dk\/wp-json\/wp\/v2\/types\/page"}],"author":[{"embeddable":true,"href":"https:\/\/laboklin.com\/dk\/wp-json\/wp\/v2\/users\/1"}],"replies":[{"embeddable":true,"href":"https:\/\/laboklin.com\/dk\/wp-json\/wp\/v2\/comments?post=1431912"}],"version-history":[{"count":1,"href":"https:\/\/laboklin.com\/dk\/wp-json\/wp\/v2\/pages\/1431912\/revisions"}],"predecessor-version":[{"id":1435874,"href":"https:\/\/laboklin.com\/dk\/wp-json\/wp\/v2\/pages\/1431912\/revisions\/1435874"}],"wp:attachment":[{"href":"https:\/\/laboklin.com\/dk\/wp-json\/wp\/v2\/media?parent=1431912"}],"curies":[{"name":"wp","href":"https:\/\/api.w.org\/{rel}","templated":true}]}}