{"id":1438287,"date":"2023-01-27T15:53:55","date_gmt":"2023-01-27T14:53:55","guid":{"rendered":"https:\/\/staging-wp-int.laboklin.com\/?page_id=1438287"},"modified":"2024-10-23T11:00:42","modified_gmt":"2024-10-23T09:00:42","slug":"about-us-2","status":"publish","type":"page","link":"https:\/\/laboklin.com\/ch-it\/about-us-2\/","title":{"rendered":"About us"},"content":{"rendered":"<div class=\"wpb-content-wrapper\"><p>[vc_row][vc_column][vc_column_text css=&#8221;.vc_custom_1611228691741{margin-bottom: 30px !important;}&#8221;]<\/p>\n<h3>Kompetenz durch Kooperation<\/h3>\n<p>Neben der Analytik als klassischer Labor-Dienstleistung spielen im Gesamtkonzept von LABOKLIN die Felder Beratung, Service und Kommunikation eine wichtige Rolle. Bekannt und beliebt in den Tierarztpraxen sind Info-Schriften der Reihe Rat &amp; Tat, die seit 1996 Tierbesitzer \u00fcber die wichtigsten Erkrankungen ihrer Lieblinge informieren und so dem Tierarzt helfen, seine Klienten zu binden. Au\u00dferdem kommen sie nat\u00fcrlich auch den Patienten selbst zugute, denn auch der Patientenbesitzer soll mitdenken, Anzeichen von Erkrankungen erkennen und rechtzeitig zum Tierarzt gehen. Die Reihe wird laufend erg\u00e4nzt und fortgef\u00e4hrt und nicht nur das: sie regte auch so manches andere Labor zu etwas \u00c4hnlichem an&#8230; LABOKLIN kommuniziert nat\u00fcrlich auch direkt mit den Tier\u00e4rzten. Gegenst\u00fcck zu Rat &amp; Tat ist der \u00c4rzte-Service LABOKLIN aktuell.<br \/>\nDar\u00fcber hinaus sind die Mitarbeiter von LABOKLIN regelm\u00e4\u00dfig auf Fortbildungsveranstaltungen f\u00fcr Tier\u00e4rzte und Tierarzthelferinnen pr\u00e4sent. Warum schult man als Vertreter eines gro\u00dfen Labors, das doch von Untersuchungen f\u00fcr Tier\u00e4rzte lebt, die Kunden? Elisabeth M\u00fcller hat keine Angst, dass sie dadurch weniger zu tun haben k\u00f6nnte: &#8220;Im Gegenteil &#8211; der Appetit kommt beim Essen. Wer die M\u00f6glichkeiten eines modernen Labors nicht kennt, schickt auch nichts zur Untersuchung weg. Und nur der \u00fcber Labormedizin informierte Tierarzt erkennt den Punkt, wo es aus Kosten- oder Sachgr\u00fcnden sinnvoller ist, ein Speziallabor in Anspruch zu nehmen, statt in der Praxis zu untersuchen. Es gibt aber durchaus Parameter, die als Inhouse-Test konzipiert sind und in der Praxis vor Ort mit hervorragender Qualit\u00e4t bestimmt werden k\u00f6nnen.&#8221;<br \/>\nDie Gesch\u00e4ftsf\u00fchrerin sieht allerdings auch, dass sich viele Tierarztpraxen unter Zugzwang setzen lassen, wenn sie anbieten, einen Labortest innerhalb von Minuten zu machen und dem Klienten umgehend das Ergebnis mitzuteilen: &#8220;Der Tierarzt l\u00e4sst sich dadurch oft zwingen, seine Diagnose innerhalb von Minuten fertig zu haben. In vielen F\u00e4llen spricht doch nichts dagegen, die Probe wegzuschicken und dem Klienten nach zwei Tagen das Ergebnis mitzuteilen. Das hat f\u00fcr den Tierarzt den Vorteil, dass er Zeit gewinnt, um die Diagnose noch einmal zu \u00fcberdenken, vielleicht etwas nachzulesen oder mit einem Kollegen zu besprechen, wenn einmal nicht alle Befunde so gut zusammenpassen.&#8221; Die LABOKLIN-Leute vertreten die Ansicht, dass ein gesunder Mix aus eigenem und dem externen Gro\u00dflabor den Klienten am besten die Kompetenz des Tierarztes vermittelt. Der Tierarzt kann demonstrieren, dass er eine gewisse Anzahl von Untersuchungen in der Praxis gut durchf\u00fchren kann, aber dass er genau so gut in anderen F\u00e4llen die weitergehenden M\u00f6glichkeiten des Gro\u00dflabors im R\u00fccken hat. Jeder Patientenbesitzer versteht das viel besser als wenn jemand alles allein k\u00f6nnen will.[\/vc_column_text][\/vc_column][\/vc_row][vc_row type=&#8221;vc_default&#8221; css=&#8221;.vc_custom_1605619161750{margin-top: 30px !important;}&#8221;][vc_column][vc_column_text]<\/p>\n<h3>Akkreditierung<\/h3>\n<p class=\"bodytext\"><img loading=\"lazy\" decoding=\"async\" class=\"alignright wp-image-1302407\" src=\"https:\/\/laboklin.com\/wp-content\/uploads\/sites\/2\/2020\/11\/DAkkS_Symbol_ILAC_RGB_2.2-300x131.jpg\" alt=\"\" width=\"400\" height=\"175\" srcset=\"https:\/\/laboklin.com\/wp-content\/uploads\/2020\/11\/DAkkS_Symbol_ILAC_RGB_2.2-300x131.jpg 300w, https:\/\/laboklin.com\/wp-content\/uploads\/2020\/11\/DAkkS_Symbol_ILAC_RGB_2.2-600x262.jpg 600w, https:\/\/laboklin.com\/wp-content\/uploads\/2020\/11\/DAkkS_Symbol_ILAC_RGB_2.2-1024x447.jpg 1024w, https:\/\/laboklin.com\/wp-content\/uploads\/2020\/11\/DAkkS_Symbol_ILAC_RGB_2.2-768x335.jpg 768w, https:\/\/laboklin.com\/wp-content\/uploads\/2020\/11\/DAkkS_Symbol_ILAC_RGB_2.2.jpg 1200w\" sizes=\"auto, (max-width: 400px) 100vw, 400px\" \/>LABOKLIN ist ein akkreditiertes Labor nach DIN EN ISO 17025:2018. Das hei\u00dft f\u00fcr Sie, dass unsere Untersuchungen nach einem verl\u00e4sslichen und jederzeit \u00fcberpr\u00fcfbaren Procedere ablaufen.<\/p>\n<p class=\"bodytext\">Wir unterliegen damit nicht nur einem strengen Ablauf t\u00e4glicher interner, sondern auch regelm\u00e4\u00dfiger externer Kontrollen in Form von Ringversuchen.<\/p>\n<p class=\"bodytext\">Wir haben uns auch festen Ablauf-, Pr\u00fcf- und Schulungsabl\u00e4ufen unterworfen. Und diese werden regelm\u00e4\u00dfig von einer Akkreditierungsstelle vor Ort \u00fcberpr\u00fcft. Damit vertrauen Sie Ihre Proben einem Laborpartner an, der sich mit Kompetenz und Herz gr\u00f6\u00dftm\u00f6glicher Qualit\u00e4t verschrieben hat.<\/p>\n<p class=\"bodytext\">Kein Labor kann alles allein&#8230;<\/p>\n<p class=\"bodytext\">Die Kunst liegt wie \u00fcberall auch bei uns in der Beschr\u00e4nkung. Wo immer Tests von Partnern besser durchgef\u00fchrt werden, da arbeiten wir mit international spezialisierten Diagnostiklabors zusammen. Oberstes Ziel bleibt dabei: wir wollen Ihnen ein Ergebnis mit gr\u00f6\u00dftm\u00f6glicher Qualit\u00e4t liefern. Daher obliegt es uns aufgrund unseres Akkreditierungstatus&#8217;, von allen Partnern Angaben \u00fcber die Qualit\u00e4t der Abarbeitung einzuholen &#8211; das Ergebnis ist in seiner Aussage daher &#8220;wie von uns gemacht&#8221;.<\/p>\n<p class=\"bodytext\">LABOKLIN hat europaweit eines der gr\u00f6\u00dften Spektren an selbst durchgef\u00fchrten und akkreditierten tiermedizinischen Tests. Da eine Akkreditierung ausschlie\u00dflich testbezogene G\u00fcltigkeit hat und Aktualisierungen \u00fcblicherweise maximal j\u00e4hrlich unternommen werden, kann es vorkommen, dass ein neu etabliertes Verfahren noch nicht einer \u00dcberwachung unterzogen ist. Wenn es beispielsweise aufgrund von Exportbestimmungen f\u00fcr Sie notwendig ist, den Akkreditierungsstand eines bestimmten Tests zu erfahren, wenden Sie sich bitte an unsere Qualit\u00e4tsmanagement-Abteilung.<\/p>\n<p>[\/vc_column_text][\/vc_column][\/vc_row]<\/p>\n<\/div>","protected":false},"excerpt":{"rendered":"<p>[vc_row][vc_column][vc_column_text css=&#8221;.vc_custom_1611228691741{margin-bottom: 30px !important;}&#8221;] Kompetenz durch Kooperation Neben der Analytik als klassischer Labor-Dienstleistung spielen im Gesamtkonzept von LABOKLIN die Felder Beratung, Service und Kommunikation eine wichtige Rolle. Bekannt und beliebt in den Tierarztpraxen sind Info-Schriften der Reihe Rat &amp; Tat, die seit 1996 Tierbesitzer \u00fcber die wichtigsten Erkrankungen ihrer Lieblinge informieren und so dem Tierarzt&hellip;<\/p>\n","protected":false},"author":5,"featured_media":0,"parent":0,"menu_order":2,"comment_status":"closed","ping_status":"closed","template":"","meta":{"_seopress_robots_primary_cat":"","_seopress_titles_title":"","_seopress_titles_desc":"","_seopress_robots_index":"","footnotes":""},"class_list":["post-1438287","page","type-page","status-publish","hentry","description-off"],"_links":{"self":[{"href":"https:\/\/laboklin.com\/ch-it\/wp-json\/wp\/v2\/pages\/1438287","targetHints":{"allow":["GET"]}}],"collection":[{"href":"https:\/\/laboklin.com\/ch-it\/wp-json\/wp\/v2\/pages"}],"about":[{"href":"https:\/\/laboklin.com\/ch-it\/wp-json\/wp\/v2\/types\/page"}],"author":[{"embeddable":true,"href":"https:\/\/laboklin.com\/ch-it\/wp-json\/wp\/v2\/users\/5"}],"replies":[{"embeddable":true,"href":"https:\/\/laboklin.com\/ch-it\/wp-json\/wp\/v2\/comments?post=1438287"}],"version-history":[{"count":3,"href":"https:\/\/laboklin.com\/ch-it\/wp-json\/wp\/v2\/pages\/1438287\/revisions"}],"predecessor-version":[{"id":1522478,"href":"https:\/\/laboklin.com\/ch-it\/wp-json\/wp\/v2\/pages\/1438287\/revisions\/1522478"}],"wp:attachment":[{"href":"https:\/\/laboklin.com\/ch-it\/wp-json\/wp\/v2\/media?parent=1438287"}],"curies":[{"name":"wp","href":"https:\/\/api.w.org\/{rel}","templated":true}]}}