{"id":1467970,"date":"2023-04-14T09:17:20","date_gmt":"2023-04-14T07:17:20","guid":{"rendered":"https:\/\/laboklin.com\/?page_id=1467970"},"modified":"2026-03-20T15:03:48","modified_gmt":"2026-03-20T14:03:48","slug":"catalogue-genetique-suisse","status":"publish","type":"page","link":"https:\/\/laboklin.com\/ch-fr\/catalogue-genetique-suisse\/","title":{"rendered":"Catalogue g\u00e9n\u00e9tique Suisse"},"content":{"rendered":"<div class=\"wpb-content-wrapper\"><p>[vc_row][vc_column]<div class=\"dt-fancy-separator title-left h3-size accent-title-color\" style=\"width: 100%;\"><div class=\"dt-fancy-title bg-on\"><span class=\"separator-holder separator-left\"><\/span>Catalogue g\u00e9n\u00e9tique Suisse pour les propri\u00e9taires et les \u00e9leveurs | Janvier 2026<span class=\"separator-holder separator-right\"><\/span><\/div><\/div>[\/vc_column][\/vc_row][vc_row type=&#8221;vc_default&#8221; bg_type=&#8221;grad&#8221; css=&#8221;.vc_custom_1681455387028{margin-top: 30px !important;margin-right: 5px !important;margin-left: 5px !important;}&#8221; bg_grad=&#8221;background: -webkit-gradient(linear, left top, left bottom, color-stop(0%, #E3E3E3), color-stop(65%, #FFFFFF));background: -moz-linear-gradient(top,#E3E3E3 0%,#FFFFFF 65%);background: -webkit-linear-gradient(top,#E3E3E3 0%,#FFFFFF 65%);background: -o-linear-gradient(top,#E3E3E3 0%,#FFFFFF 65%);background: -ms-linear-gradient(top,#E3E3E3 0%,#FFFFFF 65%);background: linear-gradient(top,#E3E3E3 0%,#FFFFFF 65%);&#8221;][vc_column width=&#8221;2\/3&#8243;][vc_column_text css=&#8221;.vc_custom_1727853684608{margin-top: 30px !important;}&#8221;]\n<!-- ipages begin -->\n<div class=\"ipgs-flipbook ipgs-17\" data-json-src=\"https:\/\/laboklin.com\/wp-content\/uploads\/ipages_flipbook\/17\/config.json?ver=1774015210\"  data-item-id=\"17\" style=\"display:none;background-color:rgba(255,255,255,0);\">\n<\/div>\n<!-- ipages end -->\n[\/vc_column_text][\/vc_column][vc_column width=&#8221;1\/3&#8243;][vc_column_text css=&#8221;.vc_custom_1681456866211{margin-top: 30px !important;margin-bottom: 30px !important;}&#8221;]<\/p>\n<h5 style=\"text-align: left;\"><strong>Catalogue g\u00e9n\u00e9tique t\u00e9l\u00e9charger.<\/strong><\/h5>\n<p>[\/vc_column_text]<style type=\"text\/css\" data-type=\"the7_shortcodes-inline-css\">#default-btn-50dc8e461ff7557114159c56fbded547.ico-right-side > i {\n  margin-right: 0px;\n  margin-left: 9px;\n}\n#default-btn-50dc8e461ff7557114159c56fbded547 > i {\n  margin-right: 9px;\n}<\/style><a href=\"https:\/\/laboklin.com\/wp-content\/uploads\/2026\/03\/Preiskatalog_Genetik_A5_CHF_Januar2026_WEB.pdf\" class=\"default-btn-shortcode dt-btn dt-btn-l link-hover-off full-width-btn btn-inline-left  vc_custom_1774015406957\" target=\"_blank\" id=\"default-btn-50dc8e461ff7557114159c56fbded547\" title=\"Catalogue g\u00e9n\u00e9tique Suisse Janvier 2026\" rel=\"noopener\"><i class=\"Defaults-download\"><\/i><span>Catalogue g\u00e9n\u00e9tique Suisse Janvier 2026<\/span><\/a>[\/vc_column][\/vc_row][vc_row type=&#8221;vc_default&#8221; disable_element=&#8221;yes&#8221;][vc_column]<style type=\"text\/css\" data-type=\"the7_shortcodes-inline-css\">#default-btn-b5056b35f340131e5b44b6d37df5cc80.ico-right-side > i {\n  margin-right: 0px;\n  margin-left: 9px;\n}\n#default-btn-b5056b35f340131e5b44b6d37df5cc80 > i {\n  margin-right: 9px;\n}<\/style><a href=\"https:\/\/laboklin.com\/wp-content\/uploads\/2023\/06\/ua_genetics_ch_f-1.pdf\" class=\"default-btn-shortcode dt-btn dt-btn-l link-hover-off full-width-btn btn-inline-left  vc_custom_1688482378199\" target=\"_blank\" id=\"default-btn-b5056b35f340131e5b44b6d37df5cc80\" title=\"Demande d\u00b4analyses G\u00e9n\u00e9tique\" rel=\"noopener\"><i class=\"Defaults-download\"><\/i><span>Demande d\u00b4analyses G\u00e9n\u00e9tique<\/span><\/a>[\/vc_column][\/vc_row]<\/p>\n<\/div>","protected":false},"excerpt":{"rendered":"<p>[vc_row][vc_column][\/vc_column][\/vc_row][vc_row type=&#8221;vc_default&#8221; bg_type=&#8221;grad&#8221; css=&#8221;.vc_custom_1681455387028{margin-top: 30px !important;margin-right: 5px !important;margin-left: 5px !important;}&#8221; bg_grad=&#8221;background: -webkit-gradient(linear, left top, left bottom, color-stop(0%, #E3E3E3), color-stop(65%, #FFFFFF));background: -moz-linear-gradient(top,#E3E3E3 0%,#FFFFFF 65%);background: -webkit-linear-gradient(top,#E3E3E3 0%,#FFFFFF 65%);background: -o-linear-gradient(top,#E3E3E3 0%,#FFFFFF 65%);background: -ms-linear-gradient(top,#E3E3E3 0%,#FFFFFF 65%);background: linear-gradient(top,#E3E3E3 0%,#FFFFFF 65%);&#8221;][vc_column width=&#8221;2\/3&#8243;][vc_column_text css=&#8221;.vc_custom_1727853684608{margin-top: 30px !important;}&#8221;][\/vc_column_text][\/vc_column][vc_column width=&#8221;1\/3&#8243;][vc_column_text css=&#8221;.vc_custom_1681456866211{margin-top: 30px !important;margin-bottom: 30px !important;}&#8221;] Catalogue g\u00e9n\u00e9tique t\u00e9l\u00e9charger. [\/vc_column_text][\/vc_column][\/vc_row][vc_row type=&#8221;vc_default&#8221; disable_element=&#8221;yes&#8221;][vc_column][\/vc_column][\/vc_row]<\/p>\n","protected":false},"author":1,"featured_media":0,"parent":0,"menu_order":0,"comment_status":"closed","ping_status":"closed","template":"","meta":{"_seopress_robots_primary_cat":"","_seopress_titles_title":"","_seopress_titles_desc":"","_seopress_robots_index":"","footnotes":""},"class_list":["post-1467970","page","type-page","status-publish","hentry","description-off"],"_links":{"self":[{"href":"https:\/\/laboklin.com\/ch-fr\/wp-json\/wp\/v2\/pages\/1467970","targetHints":{"allow":["GET"]}}],"collection":[{"href":"https:\/\/laboklin.com\/ch-fr\/wp-json\/wp\/v2\/pages"}],"about":[{"href":"https:\/\/laboklin.com\/ch-fr\/wp-json\/wp\/v2\/types\/page"}],"author":[{"embeddable":true,"href":"https:\/\/laboklin.com\/ch-fr\/wp-json\/wp\/v2\/users\/1"}],"replies":[{"embeddable":true,"href":"https:\/\/laboklin.com\/ch-fr\/wp-json\/wp\/v2\/comments?post=1467970"}],"version-history":[{"count":19,"href":"https:\/\/laboklin.com\/ch-fr\/wp-json\/wp\/v2\/pages\/1467970\/revisions"}],"predecessor-version":[{"id":1543364,"href":"https:\/\/laboklin.com\/ch-fr\/wp-json\/wp\/v2\/pages\/1467970\/revisions\/1543364"}],"wp:attachment":[{"href":"https:\/\/laboklin.com\/ch-fr\/wp-json\/wp\/v2\/media?parent=1467970"}],"curies":[{"name":"wp","href":"https:\/\/api.w.org\/{rel}","templated":true}]}}