{"id":1347009,"date":"2018-10-30T18:17:52","date_gmt":"2018-10-30T17:17:52","guid":{"rendered":"https:\/\/staging-wp-int.laboklin.com\/specialist-information\/"},"modified":"2023-03-30T09:56:29","modified_gmt":"2023-03-30T07:56:29","slug":"specialist-information","status":"publish","type":"page","link":"https:\/\/laboklin.com\/ch-fr\/specialist-information\/","title":{"rendered":"Specialist information"},"content":{"rendered":"<div class=\"wpb-content-wrapper\"><p>[vc_row][vc_column]<div class=\"dt-fancy-separator title-left h3-size accent-title-color\" style=\"width: 100%;\"><div class=\"dt-fancy-title\"><span class=\"separator-holder separator-left\"><\/span>Specialist information<span class=\"separator-holder separator-right\"><\/span><\/div><\/div>[vc_column_text css=&#8221;.vc_custom_1680162976875{margin-top: 50px !important;}&#8221;]Here, information on sample collection and dispatch (preanalytics), <a href=\"https:\/\/laboklin.com\/ch-fr\/specialist-information\/video-tutorials\/\"><strong>videos on sample collection<\/strong><\/a>, photos of test findings, reference values and special information on individual tests are compiled.<\/p>\n<p>This section also shows the areas in which Laboklin conducts research, develops new tests or scientifically evaluates routine findings. Laboklin contributions at congresses can be found either under &#8220;Publications&#8221; or under &#8220;Posters&#8221;.<\/p>\n<p>The &#8220;Posters&#8221; section also contains the Laboklin posters on haematology, parasites, etc. as well as FECAVA posters on practice hygiene and flowcharts\/tables on the use of antibiotics.<\/p>\n<p>Laboklin offers you information on many topics in the &#8220;<strong><a href=\"https:\/\/laboklin.com\/ch-fr\/specialist-information\/aide-conseils\/\">Help &amp; Advice<\/a><\/strong>&#8221; series, which you can hand out to animal owners with your practice stamp.<\/p>\n<p class=\"bodytext\">Our monthly technical articles, which we send to interested veterinarians, can be found in our own section &#8220;Laboklin aktuell&#8221;.<\/p>\n<p>[\/vc_column_text][\/vc_column][\/vc_row][vc_row type=&#8221;vc_default&#8221; disable_element=&#8221;yes&#8221; css=&#8221;.vc_custom_1592212637664{margin-top: 50px !important;}&#8221;][vc_column]<style type=\"text\/css\" data-type=\"the7_shortcodes-inline-css\">.portfolio-shortcode.portfolio-masonry-shortcode-id-a2551d28a25bbc21ce39e80dd2c5abf2.bottom-overlap-layout-list .post-entry-content {\n  margin-top: -150px;\n  width: 75%;\n}\n.portfolio-shortcode.portfolio-masonry-shortcode-id-a2551d28a25bbc21ce39e80dd2c5abf2.bottom-overlap-layout-list:not(.mode-list) .no-img .post-entry-content {\n  margin-top: 0;\n  width: 100%;\n}\n.portfolio-shortcode.portfolio-masonry-shortcode-id-a2551d28a25bbc21ce39e80dd2c5abf2.bottom-overlap-layout-list.mode-list .no-img .post-entry-content {\n  margin-top: 0;\n}\n.portfolio-shortcode.portfolio-masonry-shortcode-id-a2551d28a25bbc21ce39e80dd2c5abf2 .filter {\n  margin-bottom: 50px;\n}\n.portfolio-shortcode.portfolio-masonry-shortcode-id-a2551d28a25bbc21ce39e80dd2c5abf2 .filter-bg-decoration .filter-categories a.act {\n  color: #fff;\n}\n.portfolio-shortcode.portfolio-masonry-shortcode-id-a2551d28a25bbc21ce39e80dd2c5abf2:not(.mode-masonry) article:first-of-type,\n.portfolio-shortcode.portfolio-masonry-shortcode-id-a2551d28a25bbc21ce39e80dd2c5abf2:not(.mode-masonry) article.visible.first {\n  margin-top: 0;\n}\n.portfolio-shortcode.portfolio-masonry-shortcode-id-a2551d28a25bbc21ce39e80dd2c5abf2.dividers-on:not(.mode-masonry) article {\n  margin-top: 0;\n}\n.portfolio-shortcode.portfolio-masonry-shortcode-id-a2551d28a25bbc21ce39e80dd2c5abf2.dividers-on:not(.mode-masonry) article:first-of-type,\n.portfolio-shortcode.portfolio-masonry-shortcode-id-a2551d28a25bbc21ce39e80dd2c5abf2.dividers-on:not(.mode-masonry) article.visible.first {\n  margin-top: 0;\n  padding-top: 0;\n}\n.portfolio-shortcode.portfolio-masonry-shortcode-id-a2551d28a25bbc21ce39e80dd2c5abf2.hover-scale article:after {\n  background: rgba(0,0,0,0.4);\n  -webkit-box-shadow: none;\n  box-shadow: none;\n  background: -webkit-linear-gradient();\n  background: linear-gradient();\n}\n.portfolio-shortcode.portfolio-masonry-shortcode-id-a2551d28a25bbc21ce39e80dd2c5abf2.gradient-overlay-layout-list article {\n  border-radius: 0px;\n}\n.portfolio-shortcode.portfolio-masonry-shortcode-id-a2551d28a25bbc21ce39e80dd2c5abf2 .post-thumbnail-wrap {\n  padding: 0px 0px 0px 0px;\n  border-radius: 0px;\n}\n.portfolio-shortcode.portfolio-masonry-shortcode-id-a2551d28a25bbc21ce39e80dd2c5abf2 .post-thumbnail-wrap *,\n.portfolio-shortcode.portfolio-masonry-shortcode-id-a2551d28a25bbc21ce39e80dd2c5abf2 .post-thumbnail-rollover:after {\n  border-radius: 0px;\n}\n.portfolio-shortcode.portfolio-masonry-shortcode-id-a2551d28a25bbc21ce39e80dd2c5abf2.enable-bg-rollover .post-thumbnail-rollover:after {\n  background: rgba(0,0,0,0.4);\n  -webkit-box-shadow: none;\n  box-shadow: none;\n  background: -webkit-linear-gradient();\n  background: linear-gradient();\n}\n.bottom-overlap-layout-list.portfolio-shortcode.portfolio-masonry-shortcode-id-a2551d28a25bbc21ce39e80dd2c5abf2 .project-links-container {\n  height: calc(100% - 150px);\n}\n.portfolio-shortcode.portfolio-masonry-shortcode-id-a2551d28a25bbc21ce39e80dd2c5abf2 .project-links-container a {\n  width: 60px;\n  height: 60px;\n  line-height: 60px;\n  border-radius: 100px;\n  margin: 10px 5px 10px;\n}\n.content-rollover-layout-list:not(.content-align-center).portfolio-shortcode.portfolio-masonry-shortcode-id-a2551d28a25bbc21ce39e80dd2c5abf2 .project-links-container a,\n.gradient-overlay-layout-list:not(.content-align-center).portfolio-shortcode.portfolio-masonry-shortcode-id-a2551d28a25bbc21ce39e80dd2c5abf2 .project-links-container a {\n  margin: 10px 10px 10px 0;\n}\n.dt-icon-border-on.portfolio-shortcode.portfolio-masonry-shortcode-id-a2551d28a25bbc21ce39e80dd2c5abf2 .project-links-container a:before {\n  border-width: 0px;\n  border-style: solid;\n}\n.dt-icon-hover-border-on.portfolio-shortcode.portfolio-masonry-shortcode-id-a2551d28a25bbc21ce39e80dd2c5abf2 .project-links-container a:after {\n  border-width: 0px;\n  border-style: solid;\n}\n.portfolio-shortcode.portfolio-masonry-shortcode-id-a2551d28a25bbc21ce39e80dd2c5abf2 .project-links-container a > span,\n.portfolio-shortcode.portfolio-masonry-shortcode-id-a2551d28a25bbc21ce39e80dd2c5abf2 .project-links-container a > span:before {\n  font-size: 32px;\n  line-height: 60px;\n}\n.portfolio-shortcode.portfolio-masonry-shortcode-id-a2551d28a25bbc21ce39e80dd2c5abf2 .project-links-container a:not(:hover) > span {\n  color: #ffffff;\n}\n.dt-icon-hover-off.portfolio-shortcode.portfolio-masonry-shortcode-id-a2551d28a25bbc21ce39e80dd2c5abf2 .project-links-container a > span,\n.dt-icon-hover-off.portfolio-shortcode.portfolio-masonry-shortcode-id-a2551d28a25bbc21ce39e80dd2c5abf2 .project-links-container a:hover > span {\n  color: #ffffff;\n}\n.dt-icon-hover-on.portfolio-shortcode.portfolio-masonry-shortcode-id-a2551d28a25bbc21ce39e80dd2c5abf2 .project-links-container a:hover > span {\n  color: #ffffff;\n}\n.portfolio-shortcode.portfolio-masonry-shortcode-id-a2551d28a25bbc21ce39e80dd2c5abf2 .entry-title,\n.portfolio-shortcode.portfolio-masonry-shortcode-id-a2551d28a25bbc21ce39e80dd2c5abf2.owl-carousel .entry-title {\n  margin-bottom: 5px;\n  font-size: 24px;\n  line-height: 34px;\n  font-weight: bold;\n  text-transform: uppercase;\n}\n.portfolio-shortcode.portfolio-masonry-shortcode-id-a2551d28a25bbc21ce39e80dd2c5abf2 .entry-meta {\n  margin-bottom: 15px;\n}\n.portfolio-shortcode.portfolio-masonry-shortcode-id-a2551d28a25bbc21ce39e80dd2c5abf2 .entry-meta * {\n  color: #93c248;\n}\n.portfolio-shortcode.portfolio-masonry-shortcode-id-a2551d28a25bbc21ce39e80dd2c5abf2 .portfolio-categories {\n  margin-bottom: 15px;\n}\n.portfolio-shortcode.portfolio-masonry-shortcode-id-a2551d28a25bbc21ce39e80dd2c5abf2 .entry-meta > a:after,\n.portfolio-shortcode.portfolio-masonry-shortcode-id-a2551d28a25bbc21ce39e80dd2c5abf2 .entry-meta > span:after {\n  background: #93c248;\n  -webkit-box-shadow: none;\n  box-shadow: none;\n}\n.portfolio-shortcode.portfolio-masonry-shortcode-id-a2551d28a25bbc21ce39e80dd2c5abf2 .entry-excerpt {\n  margin-bottom: 5px;\n}\n.portfolio-shortcode.portfolio-masonry-shortcode-id-a2551d28a25bbc21ce39e80dd2c5abf2:not(.centered-layout-list) .post-entry-content {\n  padding: 25px 30px 30px 30px;\n}\n.portfolio-shortcode.portfolio-masonry-shortcode-id-a2551d28a25bbc21ce39e80dd2c5abf2:not(.centered-layout-list):not(\n      .content-bg-on\n    ):not(.mode-list)\n    .no-img\n    .post-entry-content {\n  padding: 0;\n}\n.portfolio-shortcode.portfolio-masonry-shortcode-id-a2551d28a25bbc21ce39e80dd2c5abf2.content-bg-on:not(.classic-layout-list):not(\n      .centered-layout-list\n    ):not(.gradient-overlay-layout-list)\n    .post-entry-content {\n  background: #f4f4f4;\n  -webkit-box-shadow: none;\n  box-shadow: none;\n}\n.portfolio-shortcode.portfolio-masonry-shortcode-id-a2551d28a25bbc21ce39e80dd2c5abf2.gradient-overlay-layout-list .post-entry-content {\n  border-radius: 0px;\n}\n@media screen and (max-width: ) {\n  .portfolio-shortcode.portfolio-masonry-shortcode-id-a2551d28a25bbc21ce39e80dd2c5abf2 article {\n    -webkit-flex-flow: column nowrap;\n    -moz-flex-flow: column nowrap;\n    -ms-flex-flow: column nowrap;\n    flex-flow: column nowrap;\n    margin-top: 20px;\n  }\n  .portfolio-shortcode.portfolio-masonry-shortcode-id-a2551d28a25bbc21ce39e80dd2c5abf2.dividers-on article {\n    border: none;\n  }\n  .portfolio-shortcode.portfolio-masonry-shortcode-id-a2551d28a25bbc21ce39e80dd2c5abf2.content-bg-on.centered-layout-list article {\n    padding: 0;\n  }\n  #page .portfolio-shortcode.portfolio-masonry-shortcode-id-a2551d28a25bbc21ce39e80dd2c5abf2 .post-thumbnail-wrap,\n  #page .portfolio-shortcode.portfolio-masonry-shortcode-id-a2551d28a25bbc21ce39e80dd2c5abf2 .post-entry-content {\n    width: 100%;\n    margin: 0;\n    top: 0;\n  }\n  #page .portfolio-shortcode.portfolio-masonry-shortcode-id-a2551d28a25bbc21ce39e80dd2c5abf2 .post-thumbnail-wrap {\n    padding: 0;\n  }\n  #page .portfolio-shortcode.portfolio-masonry-shortcode-id-a2551d28a25bbc21ce39e80dd2c5abf2 .post-entry-content:after {\n    display: none;\n  }\n  #page .portfolio-shortcode.portfolio-masonry-shortcode-id-a2551d28a25bbc21ce39e80dd2c5abf2 .project-even .post-thumbnail-wrap,\n  #page .portfolio-shortcode.portfolio-masonry-shortcode-id-a2551d28a25bbc21ce39e80dd2c5abf2.centered-layout-list .post-thumbnail-wrap {\n    -webkit-order: 0;\n    -moz-order: 0;\n    -ms-flex-order: 0;\n    order: 0;\n  }\n  #page .portfolio-shortcode.portfolio-masonry-shortcode-id-a2551d28a25bbc21ce39e80dd2c5abf2.centered-layout-list .post-entry-title-content {\n    -webkit-order: 1;\n    -moz-order: 1;\n    -ms-flex-order: 1;\n    order: 1;\n    width: 100%;\n    padding: 20px 20px 0;\n  }\n  #page .portfolio-shortcode.portfolio-masonry-shortcode-id-a2551d28a25bbc21ce39e80dd2c5abf2.centered-layout-list .post-entry-content {\n    -webkit-order: 2;\n    -moz-order: 2;\n    -ms-flex-order: 2;\n    order: 2;\n    padding-top: 0;\n  }\n  #page .portfolio-shortcode.portfolio-masonry-shortcode-id-a2551d28a25bbc21ce39e80dd2c5abf2 .post-entry-content {\n    padding: 20px;\n  }\n  #page .portfolio-shortcode.portfolio-masonry-shortcode-id-a2551d28a25bbc21ce39e80dd2c5abf2 .entry-title {\n    margin: 3px 0 5px;\n    font-size: 20px;\n    line-height: 26px;\n  }\n  #page .portfolio-shortcode.portfolio-masonry-shortcode-id-a2551d28a25bbc21ce39e80dd2c5abf2 .entry-meta {\n    margin: 5px 0 5px;\n  }\n  #page .portfolio-shortcode.portfolio-masonry-shortcode-id-a2551d28a25bbc21ce39e80dd2c5abf2 .entry-excerpt {\n    margin: 15px 0 0;\n  }\n  #page .portfolio-shortcode.portfolio-masonry-shortcode-id-a2551d28a25bbc21ce39e80dd2c5abf2 .post-details {\n    margin: 5px 0 10px;\n  }\n  #page .portfolio-shortcode.portfolio-masonry-shortcode-id-a2551d28a25bbc21ce39e80dd2c5abf2 .post-details.details-type-link {\n    margin-bottom: 2px;\n  }\n}\n.portfolio-shortcode.portfolio-masonry-shortcode-id-a2551d28a25bbc21ce39e80dd2c5abf2:not(.resize-by-browser-width) .dt-css-grid {\n  grid-row-gap: 50px;\n  grid-column-gap: 50px;\n  grid-template-columns: repeat(auto-fill,minmax(,1fr));\n}\n.portfolio-shortcode.portfolio-masonry-shortcode-id-a2551d28a25bbc21ce39e80dd2c5abf2:not(.resize-by-browser-width) .dt-css-grid .double-width {\n  grid-column: span 2;\n}\n.cssgridlegacy.no-cssgrid .portfolio-shortcode.portfolio-masonry-shortcode-id-a2551d28a25bbc21ce39e80dd2c5abf2:not(.resize-by-browser-width) .dt-css-grid,\n.no-cssgridlegacy.no-cssgrid .portfolio-shortcode.portfolio-masonry-shortcode-id-a2551d28a25bbc21ce39e80dd2c5abf2:not(.resize-by-browser-width) .dt-css-grid {\n  display: flex;\n  flex-flow: row wrap;\n  margin: -25px;\n}\n.cssgridlegacy.no-cssgrid .portfolio-shortcode.portfolio-masonry-shortcode-id-a2551d28a25bbc21ce39e80dd2c5abf2:not(.resize-by-browser-width) .dt-css-grid .wf-cell,\n.no-cssgridlegacy.no-cssgrid .portfolio-shortcode.portfolio-masonry-shortcode-id-a2551d28a25bbc21ce39e80dd2c5abf2:not(.resize-by-browser-width) .dt-css-grid .wf-cell {\n  flex: 1 0 ;\n  max-width: 100%;\n  padding: 25px;\n  box-sizing: border-box;\n}\n.portfolio-shortcode.portfolio-masonry-shortcode-id-a2551d28a25bbc21ce39e80dd2c5abf2.resize-by-browser-width .dt-css-grid {\n  grid-template-columns: repeat(2,1fr);\n  grid-template-rows: auto;\n  grid-column-gap: 50px;\n  grid-row-gap: 50px;\n}\n.portfolio-shortcode.portfolio-masonry-shortcode-id-a2551d28a25bbc21ce39e80dd2c5abf2.resize-by-browser-width .dt-css-grid .double-width {\n  grid-column: span 2;\n}\n.cssgridlegacy.no-cssgrid .portfolio-shortcode.portfolio-masonry-shortcode-id-a2551d28a25bbc21ce39e80dd2c5abf2.resize-by-browser-width .dt-css-grid {\n  margin: -25px;\n}\n.cssgridlegacy.no-cssgrid .portfolio-shortcode.portfolio-masonry-shortcode-id-a2551d28a25bbc21ce39e80dd2c5abf2.resize-by-browser-width .dt-css-grid .wf-cell {\n  width: 50%;\n  padding: 25px;\n}\n.cssgridlegacy.no-cssgrid .portfolio-shortcode.portfolio-masonry-shortcode-id-a2551d28a25bbc21ce39e80dd2c5abf2.resize-by-browser-width .dt-css-grid .wf-cell.double-width {\n  width: calc(50%) * 2;\n}\n.portfolio-shortcode.portfolio-masonry-shortcode-id-a2551d28a25bbc21ce39e80dd2c5abf2.resize-by-browser-width:not(.centered-layout-list):not(.content-bg-on) .dt-css-grid {\n  grid-row-gap: 20px;\n}\n@media screen and (max-width: 1199px) {\n  .portfolio-shortcode.portfolio-masonry-shortcode-id-a2551d28a25bbc21ce39e80dd2c5abf2.resize-by-browser-width .dt-css-grid {\n    grid-template-columns: repeat(2,1fr);\n  }\n  .cssgridlegacy.no-cssgrid .portfolio-shortcode.portfolio-masonry-shortcode-id-a2551d28a25bbc21ce39e80dd2c5abf2.resize-by-browser-width .dt-css-grid .wf-cell,\n  .no-cssgridlegacy.no-cssgrid .portfolio-shortcode.portfolio-masonry-shortcode-id-a2551d28a25bbc21ce39e80dd2c5abf2.resize-by-browser-width .dt-css-grid .wf-cell {\n    width: 50%;\n  }\n  .cssgridlegacy.no-cssgrid .portfolio-shortcode.portfolio-masonry-shortcode-id-a2551d28a25bbc21ce39e80dd2c5abf2.resize-by-browser-width .dt-css-grid .wf-cell.double-width,\n  .no-cssgridlegacy.no-cssgrid .portfolio-shortcode.portfolio-masonry-shortcode-id-a2551d28a25bbc21ce39e80dd2c5abf2.resize-by-browser-width .dt-css-grid .wf-cell.double-width {\n    width: calc(50%)*2;\n  }\n}\n@media screen and (max-width: 991px) {\n  .portfolio-shortcode.portfolio-masonry-shortcode-id-a2551d28a25bbc21ce39e80dd2c5abf2.resize-by-browser-width .dt-css-grid {\n    grid-template-columns: repeat(1,1fr);\n  }\n  .cssgridlegacy.no-cssgrid .portfolio-shortcode.portfolio-masonry-shortcode-id-a2551d28a25bbc21ce39e80dd2c5abf2.resize-by-browser-width .dt-css-grid .wf-cell,\n  .no-cssgridlegacy.no-cssgrid .portfolio-shortcode.portfolio-masonry-shortcode-id-a2551d28a25bbc21ce39e80dd2c5abf2.resize-by-browser-width .dt-css-grid .wf-cell {\n    width: 100%;\n  }\n  .cssgridlegacy.no-cssgrid .portfolio-shortcode.portfolio-masonry-shortcode-id-a2551d28a25bbc21ce39e80dd2c5abf2.resize-by-browser-width .dt-css-grid .wf-cell.double-width,\n  .no-cssgridlegacy.no-cssgrid .portfolio-shortcode.portfolio-masonry-shortcode-id-a2551d28a25bbc21ce39e80dd2c5abf2.resize-by-browser-width .dt-css-grid .wf-cell.double-width {\n    width: calc(100%)*2;\n  }\n}\n@media screen and (max-width: 767px) {\n  .portfolio-shortcode.portfolio-masonry-shortcode-id-a2551d28a25bbc21ce39e80dd2c5abf2.resize-by-browser-width .dt-css-grid {\n    grid-template-columns: repeat(1,1fr);\n  }\n  .portfolio-shortcode.portfolio-masonry-shortcode-id-a2551d28a25bbc21ce39e80dd2c5abf2.resize-by-browser-width .dt-css-grid .double-width {\n    grid-column: span 1;\n  }\n  .cssgridlegacy.no-cssgrid .portfolio-shortcode.portfolio-masonry-shortcode-id-a2551d28a25bbc21ce39e80dd2c5abf2.resize-by-browser-width .dt-css-grid .wf-cell,\n  .no-cssgridlegacy.no-cssgrid .portfolio-shortcode.portfolio-masonry-shortcode-id-a2551d28a25bbc21ce39e80dd2c5abf2.resize-by-browser-width .dt-css-grid .wf-cell {\n    width: 100%;\n  }\n  .cssgridlegacy.no-cssgrid .portfolio-shortcode.portfolio-masonry-shortcode-id-a2551d28a25bbc21ce39e80dd2c5abf2.resize-by-browser-width .dt-css-grid .wf-cell.double-width,\n  .no-cssgridlegacy.no-cssgrid .portfolio-shortcode.portfolio-masonry-shortcode-id-a2551d28a25bbc21ce39e80dd2c5abf2.resize-by-browser-width .dt-css-grid .wf-cell.double-width {\n    width: calc(100%)*2;\n  }\n}<\/style><div class=\"portfolio-shortcode portfolio-masonry-shortcode-id-a2551d28a25bbc21ce39e80dd2c5abf2 mode-grid bottom-overlap-layout-list content-bg-on jquery-filter content-align-center dt-icon-bg-on dt-icon-border-on dt-icon-hover-on dt-icon-hover-border-on dt-icon-hover-bg-on dt-css-grid-wrap enable-bg-rollover resize-by-browser-width  loading-effect-none description-under-image \" data-padding=\"25px\" data-cur-page=\"1\" data-post-limit=\"6\" data-pagination-mode=\"pages\" aria-live=\"assertive\" data-desktop-columns-num=\"2\" data-v-tablet-columns-num=\"1\" data-h-tablet-columns-num=\"2\" data-phone-columns-num=\"1\" data-width=\"0px\" data-columns=\"0\"><div class=\"dt-css-grid\" ><div class=\"visible wf-cell category-427\" data-post-id=\"1467478\" data-date=\"2023-03-31T09:28:18+02:00\" data-name=\"V\u00e9t\u00e9rinaire (h\/f\/d) \u00e0 temps partiel 50-60 % au service externe en Suisse romande\"><article class=\"post visible post-1467478 dt_portfolio type-dt_portfolio status-publish has-post-thumbnail hentry dt_portfolio_category-basel-ch-fr dt_portfolio_category-427\" data-name=\"V\u00e9t\u00e9rinaire (h\/f\/d) \u00e0 temps partiel 50-60 % au service externe en Suisse romande\" data-date=\"2023-03-31T09:28:18+02:00\">\n\n<div class=\"post-thumbnail-wrap rollover-active \">\n\t<div class=\"post-thumbnail\">\n\n\t\t<a href=\"https:\/\/laboklin.com\/ch-fr\/laboklin_offene_stellen\/veterinaire-au-service-externe-en-suisse-romande\/\" class=\"post-thumbnail-rollover layzr-bg\" target=\"\"  aria-label=\"Post image\"><img fetchpriority=\"high\" decoding=\"async\" class=\"iso-lazy-load preload-me iso-lazy-load aspect\" src=\"data:image\/svg+xml,%3Csvg%20xmlns%3D&#39;http%3A%2F%2Fwww.w3.org%2F2000%2Fsvg&#39;%20viewBox%3D&#39;0%200%20550%20366&#39;%2F%3E\" data-src=\"https:\/\/laboklin.com\/wp-content\/uploads\/2021\/08\/LABOKLIN_Tieraerztin_01-550x366.jpg\" data-srcset=\"https:\/\/laboklin.com\/wp-content\/uploads\/2021\/08\/LABOKLIN_Tieraerztin_01-550x366.jpg 550w\" loading=\"eager\" style=\"--ratio: 550 \/ 366\" sizes=\"(max-width: 550px) 100vw, 550px\" alt=\"\" title=\"LABOKLIN_Tieraerztin_01\" width=\"550\" height=\"366\"  \/><\/a><div class=\"project-links-container\"><a href=\"https:\/\/laboklin.com\/ch-fr\/laboklin_offene_stellen\/veterinaire-au-service-externe-en-suisse-romande\/\" target=\"\" class=\"project-details\" aria-label=\"Details link\"><span class=\"icon-portfolio-p205\"><\/span><\/a><\/div>\n\t<\/div>\n<\/div>\n\n\n<div class=\"post-entry-content\">\n\n\t<h3 class=\"entry-title\">\n\t\t<a href=\"https:\/\/laboklin.com\/ch-fr\/laboklin_offene_stellen\/veterinaire-au-service-externe-en-suisse-romande\/\" target=\"\" title=\"V\u00e9t\u00e9rinaire (h\/f\/d) \u00e0 temps partiel 50-60 % au service externe en Suisse romande\" rel=\"bookmark\">V\u00e9t\u00e9rinaire (h\/f\/d) \u00e0 temps partiel 50-60 % au service externe en Suisse romande<\/a>\n\t<\/h3>\n\n\t<div class=\"entry-meta portfolio-categories\"><span class=\"category-link\"><a href=\"https:\/\/laboklin.com\/ch-fr\/project-category\/basel-ch-fr\/\" >Basel<\/a><\/span><\/div>\n\t<div class=\"entry-excerpt\"><p>[vc_row][vc_column][vc_column_text]LABOKLIN est un laboratoire sp\u00e9cialis\u00e9 dans le diagnostic v\u00e9t\u00e9rinaire qui emploie plus de 700 collaborateurs au niveau international. Notre gamme s&#8217;\u00e9tend des analyses dans le domaine de la microbiologie, du diagnostic clinique de laboratoire et de l&#8217;allergie jusqu&#8217;\u00e0 la pathologie et la g\u00e9n\u00e9tique. Pour renforcer notre \u00e9quipe de la filiale de B\u00e2le, nous recherchons d\u00e8s&hellip;<\/p>\n<\/div>\n\t<a class=\"dt-btn-s dt-btn post-details details-type-btn\" href=\"https:\/\/laboklin.com\/ch-fr\/laboklin_offene_stellen\/veterinaire-au-service-externe-en-suisse-romande\/\" target=\"\">Details<i class=\"dt-icon-the7-arrow-03\" aria-hidden=\"true\"><\/i><\/a>\n<\/div><\/article><\/div><\/div><!-- iso-container|iso-grid --><div class=\"paginator\" role=\"navigation\"><\/div><\/div>[\/vc_column][\/vc_row]<\/p>\n<\/div>","protected":false},"excerpt":{"rendered":"<p>[vc_row][vc_column][vc_column_text css=&#8221;.vc_custom_1680162976875{margin-top: 50px !important;}&#8221;]Here, information on sample collection and dispatch (preanalytics), videos on sample collection, photos of test findings, reference values and special information on individual tests are compiled. This section also shows the areas in which Laboklin conducts research, develops new tests or scientifically evaluates routine findings. Laboklin contributions at congresses can be found&hellip;<\/p>\n","protected":false},"author":1,"featured_media":0,"parent":0,"menu_order":7,"comment_status":"closed","ping_status":"closed","template":"","meta":{"_seopress_robots_primary_cat":"","_seopress_titles_title":"%%sitetitle%%","_seopress_titles_desc":"","_seopress_robots_index":"","footnotes":""},"class_list":["post-1347009","page","type-page","status-publish","hentry","description-off"],"_links":{"self":[{"href":"https:\/\/laboklin.com\/ch-fr\/wp-json\/wp\/v2\/pages\/1347009","targetHints":{"allow":["GET"]}}],"collection":[{"href":"https:\/\/laboklin.com\/ch-fr\/wp-json\/wp\/v2\/pages"}],"about":[{"href":"https:\/\/laboklin.com\/ch-fr\/wp-json\/wp\/v2\/types\/page"}],"author":[{"embeddable":true,"href":"https:\/\/laboklin.com\/ch-fr\/wp-json\/wp\/v2\/users\/1"}],"replies":[{"embeddable":true,"href":"https:\/\/laboklin.com\/ch-fr\/wp-json\/wp\/v2\/comments?post=1347009"}],"version-history":[{"count":4,"href":"https:\/\/laboklin.com\/ch-fr\/wp-json\/wp\/v2\/pages\/1347009\/revisions"}],"predecessor-version":[{"id":1466496,"href":"https:\/\/laboklin.com\/ch-fr\/wp-json\/wp\/v2\/pages\/1347009\/revisions\/1466496"}],"wp:attachment":[{"href":"https:\/\/laboklin.com\/ch-fr\/wp-json\/wp\/v2\/media?parent=1347009"}],"curies":[{"name":"wp","href":"https:\/\/api.w.org\/{rel}","templated":true}]}}